{"id":8248,"date":"2023-11-29T21:18:45","date_gmt":"2023-11-29T19:18:45","guid":{"rendered":"https:\/\/littleeater.eu\/lv\/?post_type=product&#038;p=8248"},"modified":"2026-04-07T13:24:07","modified_gmt":"2026-04-07T11:24:07","slug":"little-eater-bernu-glazite-light-blue","status":"publish","type":"product","link":"https:\/\/littleeater.eu\/lv\/produkts\/little-eater-bernu-glazite-light-blue\/","title":{"rendered":"Little Eater b\u0113rnu gl\u0101z\u012bte Light Blue"},"content":{"rendered":"<h1>Little Eater &#8211; B\u0113rnu gl\u0101z\u012bte<\/h1>\n<h2>M\u0101c\u012bbu kr\u016bz\u012bte<\/h2>\n<p>Little Eater <strong>b\u0113rnu gl\u0101z\u012bte<\/strong> \u2014 \u0161\u012b m\u0101c\u012bbu gl\u0101z\u012bte ir paredz\u0113ta z\u012bdai\u0146iem un maziem b\u0113rniem, un t\u0101 ir lieliska izv\u0113le tiem b\u0113rniem, kuri p\u0101riet no kr\u016bt\u012bm vai pudeles uz kr\u016bz\u012bt\u0113m.<\/p>\n<p>Mazu\u013ca mudin\u0101\u0161ana dzert \u016bdeni no atv\u0113rtas kr\u016bzes, s\u0101kot no se\u0161iem m\u0113ne\u0161iem, veicina pozit\u012bvu ieradumu veido\u0161anos. Tas ne tikai palielina vi\u0146u patst\u0101v\u012bbu, bet ar\u012b pal\u012bdz aizsarg\u0101t zobus, veicina pareiza sakodiena veido\u0161anos, dzerot no atv\u0113rtas kr\u016bzes, ar\u012b mutes musku\u013ci str\u0101d\u0101 pareizi, kas v\u0113l\u0101k pal\u012bdz run\u0101t un, protams, uzlabo s\u012bko motoriku un koordin\u0101ciju.<\/p>\n<h2>Pirm\u0101 b\u0113rnu gl\u0101z\u012bte<\/h2>\n<p>Funkcijas:<\/p>\n<p><strong>\u0112rts dizains: <\/strong>elast\u012bga un iztur\u012bga, silikona gl\u0101z\u012btes mala ir maiga pret j\u016bsu mazu\u013ca zobiem, sal\u012bdzinot ar ciet\u0101kiem materi\u0101liem, piem\u0113ram, ner\u016bs\u0113jo\u0161o t\u0113raudu vai plastmasu.<\/p>\n<p><strong>Kompakts izm\u0113rs maz\u0101m roci\u0146\u0101m:<\/strong> \u0161\u012bs kr\u016bz\u012btes mazais dizains \u013cauj mazu\u013ciem to viegli pa\u0146emt un lietot. Nesl\u012bdo\u0161ais silikons nodro\u0161ina, lai j\u016bsu mazulis var viegli satvert kr\u016bz\u012bti.<\/p>\n<p><strong>Dro\u0161\u012bba<\/strong>: pitm\u0101 b\u0113rnu gl\u0101z\u012bte var b\u016bt izmantota gan aukstiem, gan siltiem \u0161\u0137idrumiem.<\/p>\n<p>\u012apa\u0161\u012bbas:<\/p>\n<p>Silikona gl\u0101z\u012btes izm\u0113rs 5,9\u00d76,7\u00d77 cm, tilpums 180 ml;<br \/>\nB\u0113rnu gl\u0101z\u012bti var mazg\u0101t trauku mazg\u0101jam\u0101 ma\u0161\u012bn\u0101, lietot cepe\u0161kr\u0101sn\u012b vai mikrovi\u013c\u0146u kr\u0101sn\u012b.<br \/>\nIzgatavots no 100% p\u0101rtikas kvalit\u0101tes silikona, atbilst EN71 standartam.<br \/>\nNesatur BPA, nesatur ftal\u0101tus, nav toksisks.<\/p>\n<h2>B\u0113rnu kr\u016bzes un to kop\u0161ana<\/h2>\n<p>Pirms pirm\u0101s lieto\u0161anas nomazg\u0101jiet ar siltu ziepj\u016bdeni un \u013caujiet kr\u016bzei no\u017e\u016bt, p\u0113c tam kopjiet kr\u016bzi t\u0101d\u0101 pa\u0161\u0101 veid\u0101. <strong>Uzman\u012bbu<\/strong>! Produktu dr\u012bkst lietot tikai pieaugu\u0161o uzraudz\u012bb\u0101, neatst\u0101jiet b\u0113rnu bez uzraudz\u012bbas. Pirms do\u0161anas b\u0113rnam vienm\u0113r p\u0101rbaudiet dz\u0113riena temperat\u016bru. P\u0101rbaudiet produktu pirms katras lieto\u0161anas reizes. Izmetiet, kad par\u0101d\u0101s pirm\u0101s boj\u0101juma vai nodiluma paz\u012bmes. Piem\u0113rots mazg\u0101\u0161anai trauku mazg\u0101jamaj\u0101 ma\u0161\u012bn\u0101, izmantojiet bez smar\u017eas vai maigus mazg\u0101\u0161anas l\u012bdzek\u013cus, neatst\u0101jiet kr\u016bz\u012bti iem\u0113rktu.<\/p>\n","protected":false},"excerpt":{"rendered":"<p>Little Eater <strong>b\u0113rnu gl\u0101z\u012bte<\/strong> \u2014 \u0161\u012b <strong>m\u0101c\u012bbu gl\u0101z\u012bte<\/strong> ir paredz\u0113ta z\u012bdai\u0146iem un maziem b\u0113rniem, un t\u0101 ir lieliska izv\u0113le tiem b\u0113rniem, kuri p\u0101riet no kr\u016bt\u012bm vai pudeles uz kr\u016bz\u012bt\u0113m.<\/p>\n","protected":false},"featured_media":8254,"comment_status":"open","ping_status":"closed","template":"","meta":{"_acf_changed":false},"product_brand":[218],"product_cat":[119],"product_tag":[168],"class_list":{"0":"post-8248","1":"product","2":"type-product","3":"status-publish","4":"has-post-thumbnail","6":"product_brand-little-eater","7":"product_cat-bernu-kruzites","8":"product_tag-promo","10":"first","11":"instock","12":"sale","13":"taxable","14":"shipping-taxable","15":"purchasable","16":"product-type-simple"},"acf":[],"yoast_head":"<!-- This site is optimized with the Yoast SEO plugin v27.4 - https:\/\/yoast.com\/product\/yoast-seo-wordpress\/ -->\n<title>Little Eater: gl\u0101z\u012bte b\u0113rniem | b\u0113rnu gl\u0101z\u012bte<\/title>\n<meta name=\"description\" content=\"Gl\u0101z\u012btes b\u0113rniem - izgatavotas no silikona, piln\u012bgi dro\u0161as z\u012bdai\u0146iem un b\u0113rniem. M\u0101c\u012bbu gl\u0101z\u012btes pal\u012bdz veidot pareizu sakodienu.\" \/>\n<meta name=\"robots\" content=\"index, follow, max-snippet:-1, max-image-preview:large, max-video-preview:-1\" \/>\n<link rel=\"canonical\" href=\"https:\/\/littleeater.eu\/lv\/produkts\/little-eater-bernu-glazite-light-blue\/\" \/>\n<meta property=\"og:locale\" content=\"lv_LV\" \/>\n<meta property=\"og:type\" content=\"article\" \/>\n<meta property=\"og:title\" content=\"Little Eater: gl\u0101z\u012bte b\u0113rniem | b\u0113rnu gl\u0101z\u012bte\" \/>\n<meta property=\"og:description\" content=\"Gl\u0101z\u012btes b\u0113rniem - izgatavotas no silikona, piln\u012bgi dro\u0161as z\u012bdai\u0146iem un b\u0113rniem. M\u0101c\u012bbu gl\u0101z\u012btes pal\u012bdz veidot pareizu sakodienu.\" \/>\n<meta property=\"og:url\" content=\"https:\/\/littleeater.eu\/lv\/produkts\/little-eater-bernu-glazite-light-blue\/\" \/>\n<meta property=\"og:site_name\" content=\"Little Eater (LV)\" \/>\n<meta property=\"article:modified_time\" content=\"2026-04-07T11:24:07+00:00\" \/>\n<meta property=\"og:image\" content=\"https:\/\/littleeater.eu\/lv\/wp-content\/uploads\/sites\/3\/2023\/11\/403651256_698064925804034_4460258135923004459_n-e1701285405577.png\" \/>\n\t<meta property=\"og:image:width\" content=\"274\" \/>\n\t<meta property=\"og:image:height\" content=\"313\" \/>\n\t<meta property=\"og:image:type\" content=\"image\/png\" \/>\n<meta name=\"twitter:card\" content=\"summary_large_image\" \/>\n<meta name=\"twitter:label1\" content=\"Est. reading time\" \/>\n\t<meta name=\"twitter:data1\" content=\"2 min\u016btes\" \/>\n<script type=\"application\/ld+json\" class=\"yoast-schema-graph\">{\"@context\":\"https:\\\/\\\/schema.org\",\"@graph\":[{\"@type\":\"WebPage\",\"@id\":\"https:\\\/\\\/littleeater.eu\\\/lv\\\/produkts\\\/little-eater-bernu-glazite-light-blue\\\/\",\"url\":\"https:\\\/\\\/littleeater.eu\\\/lv\\\/produkts\\\/little-eater-bernu-glazite-light-blue\\\/\",\"name\":\"Little Eater: gl\u0101z\u012bte b\u0113rniem | b\u0113rnu gl\u0101z\u012bte\",\"isPartOf\":{\"@id\":\"https:\\\/\\\/littleeater.eu\\\/lv\\\/#website\"},\"primaryImageOfPage\":{\"@id\":\"https:\\\/\\\/littleeater.eu\\\/lv\\\/produkts\\\/little-eater-bernu-glazite-light-blue\\\/#primaryimage\"},\"image\":{\"@id\":\"https:\\\/\\\/littleeater.eu\\\/lv\\\/produkts\\\/little-eater-bernu-glazite-light-blue\\\/#primaryimage\"},\"thumbnailUrl\":\"https:\\\/\\\/littleeater.eu\\\/lv\\\/wp-content\\\/uploads\\\/sites\\\/3\\\/2023\\\/11\\\/403651256_698064925804034_4460258135923004459_n-e1701285405577.png\",\"datePublished\":\"2023-11-29T19:18:45+00:00\",\"dateModified\":\"2026-04-07T11:24:07+00:00\",\"description\":\"Gl\u0101z\u012btes b\u0113rniem - izgatavotas no silikona, piln\u012bgi dro\u0161as z\u012bdai\u0146iem un b\u0113rniem. M\u0101c\u012bbu gl\u0101z\u012btes pal\u012bdz veidot pareizu sakodienu.\",\"breadcrumb\":{\"@id\":\"https:\\\/\\\/littleeater.eu\\\/lv\\\/produkts\\\/little-eater-bernu-glazite-light-blue\\\/#breadcrumb\"},\"inLanguage\":\"lv-LV\",\"potentialAction\":[{\"@type\":\"ReadAction\",\"target\":[\"https:\\\/\\\/littleeater.eu\\\/lv\\\/produkts\\\/little-eater-bernu-glazite-light-blue\\\/\"]}]},{\"@type\":\"ImageObject\",\"inLanguage\":\"lv-LV\",\"@id\":\"https:\\\/\\\/littleeater.eu\\\/lv\\\/produkts\\\/little-eater-bernu-glazite-light-blue\\\/#primaryimage\",\"url\":\"https:\\\/\\\/littleeater.eu\\\/lv\\\/wp-content\\\/uploads\\\/sites\\\/3\\\/2023\\\/11\\\/403651256_698064925804034_4460258135923004459_n-e1701285405577.png\",\"contentUrl\":\"https:\\\/\\\/littleeater.eu\\\/lv\\\/wp-content\\\/uploads\\\/sites\\\/3\\\/2023\\\/11\\\/403651256_698064925804034_4460258135923004459_n-e1701285405577.png\",\"width\":274,\"height\":313},{\"@type\":\"BreadcrumbList\",\"@id\":\"https:\\\/\\\/littleeater.eu\\\/lv\\\/produkts\\\/little-eater-bernu-glazite-light-blue\\\/#breadcrumb\",\"itemListElement\":[{\"@type\":\"ListItem\",\"position\":1,\"name\":\"M\u0101jas\",\"item\":\"https:\\\/\\\/littleeater.eu\\\/lv\\\/\"},{\"@type\":\"ListItem\",\"position\":2,\"name\":\"Veikals\",\"item\":\"https:\\\/\\\/littleeater.eu\\\/lv\\\/veikals\\\/\"},{\"@type\":\"ListItem\",\"position\":3,\"name\":\"Little Eater b\u0113rnu gl\u0101z\u012bte Light Blue\"}]},{\"@type\":\"WebSite\",\"@id\":\"https:\\\/\\\/littleeater.eu\\\/lv\\\/#website\",\"url\":\"https:\\\/\\\/littleeater.eu\\\/lv\\\/\",\"name\":\"Little Eater (LV)\",\"description\":\"Little Eater\",\"publisher\":{\"@id\":\"https:\\\/\\\/littleeater.eu\\\/lv\\\/#organization\"},\"potentialAction\":[{\"@type\":\"SearchAction\",\"target\":{\"@type\":\"EntryPoint\",\"urlTemplate\":\"https:\\\/\\\/littleeater.eu\\\/lv\\\/?s={search_term_string}\"},\"query-input\":{\"@type\":\"PropertyValueSpecification\",\"valueRequired\":true,\"valueName\":\"search_term_string\"}}],\"inLanguage\":\"lv-LV\"},{\"@type\":\"Organization\",\"@id\":\"https:\\\/\\\/littleeater.eu\\\/lv\\\/#organization\",\"name\":\"Little Eater (LV)\",\"url\":\"https:\\\/\\\/littleeater.eu\\\/lv\\\/\",\"logo\":{\"@type\":\"ImageObject\",\"inLanguage\":\"lv-LV\",\"@id\":\"https:\\\/\\\/littleeater.eu\\\/lv\\\/#\\\/schema\\\/logo\\\/image\\\/\",\"url\":\"https:\\\/\\\/littleeater.eu\\\/lv\\\/wp-content\\\/uploads\\\/sites\\\/3\\\/2023\\\/05\\\/little-eater-logo.jpg\",\"contentUrl\":\"https:\\\/\\\/littleeater.eu\\\/lv\\\/wp-content\\\/uploads\\\/sites\\\/3\\\/2023\\\/05\\\/little-eater-logo.jpg\",\"width\":819,\"height\":810,\"caption\":\"Little Eater (LV)\"},\"image\":{\"@id\":\"https:\\\/\\\/littleeater.eu\\\/lv\\\/#\\\/schema\\\/logo\\\/image\\\/\"}}]}<\/script>\n<!-- \/ Yoast SEO plugin. -->","yoast_head_json":{"title":"Little Eater: gl\u0101z\u012bte b\u0113rniem | b\u0113rnu gl\u0101z\u012bte","description":"Gl\u0101z\u012btes b\u0113rniem - izgatavotas no silikona, piln\u012bgi dro\u0161as z\u012bdai\u0146iem un b\u0113rniem. M\u0101c\u012bbu gl\u0101z\u012btes pal\u012bdz veidot pareizu sakodienu.","robots":{"index":"index","follow":"follow","max-snippet":"max-snippet:-1","max-image-preview":"max-image-preview:large","max-video-preview":"max-video-preview:-1"},"canonical":"https:\/\/littleeater.eu\/lv\/produkts\/little-eater-bernu-glazite-light-blue\/","og_locale":"lv_LV","og_type":"article","og_title":"Little Eater: gl\u0101z\u012bte b\u0113rniem | b\u0113rnu gl\u0101z\u012bte","og_description":"Gl\u0101z\u012btes b\u0113rniem - izgatavotas no silikona, piln\u012bgi dro\u0161as z\u012bdai\u0146iem un b\u0113rniem. M\u0101c\u012bbu gl\u0101z\u012btes pal\u012bdz veidot pareizu sakodienu.","og_url":"https:\/\/littleeater.eu\/lv\/produkts\/little-eater-bernu-glazite-light-blue\/","og_site_name":"Little Eater (LV)","article_modified_time":"2026-04-07T11:24:07+00:00","og_image":[{"width":274,"height":313,"url":"https:\/\/littleeater.eu\/lv\/wp-content\/uploads\/sites\/3\/2023\/11\/403651256_698064925804034_4460258135923004459_n-e1701285405577.png","type":"image\/png"}],"twitter_card":"summary_large_image","twitter_misc":{"Est. reading time":"2 min\u016btes"},"schema":{"@context":"https:\/\/schema.org","@graph":[{"@type":"WebPage","@id":"https:\/\/littleeater.eu\/lv\/produkts\/little-eater-bernu-glazite-light-blue\/","url":"https:\/\/littleeater.eu\/lv\/produkts\/little-eater-bernu-glazite-light-blue\/","name":"Little Eater: gl\u0101z\u012bte b\u0113rniem | b\u0113rnu gl\u0101z\u012bte","isPartOf":{"@id":"https:\/\/littleeater.eu\/lv\/#website"},"primaryImageOfPage":{"@id":"https:\/\/littleeater.eu\/lv\/produkts\/little-eater-bernu-glazite-light-blue\/#primaryimage"},"image":{"@id":"https:\/\/littleeater.eu\/lv\/produkts\/little-eater-bernu-glazite-light-blue\/#primaryimage"},"thumbnailUrl":"https:\/\/littleeater.eu\/lv\/wp-content\/uploads\/sites\/3\/2023\/11\/403651256_698064925804034_4460258135923004459_n-e1701285405577.png","datePublished":"2023-11-29T19:18:45+00:00","dateModified":"2026-04-07T11:24:07+00:00","description":"Gl\u0101z\u012btes b\u0113rniem - izgatavotas no silikona, piln\u012bgi dro\u0161as z\u012bdai\u0146iem un b\u0113rniem. M\u0101c\u012bbu gl\u0101z\u012btes pal\u012bdz veidot pareizu sakodienu.","breadcrumb":{"@id":"https:\/\/littleeater.eu\/lv\/produkts\/little-eater-bernu-glazite-light-blue\/#breadcrumb"},"inLanguage":"lv-LV","potentialAction":[{"@type":"ReadAction","target":["https:\/\/littleeater.eu\/lv\/produkts\/little-eater-bernu-glazite-light-blue\/"]}]},{"@type":"ImageObject","inLanguage":"lv-LV","@id":"https:\/\/littleeater.eu\/lv\/produkts\/little-eater-bernu-glazite-light-blue\/#primaryimage","url":"https:\/\/littleeater.eu\/lv\/wp-content\/uploads\/sites\/3\/2023\/11\/403651256_698064925804034_4460258135923004459_n-e1701285405577.png","contentUrl":"https:\/\/littleeater.eu\/lv\/wp-content\/uploads\/sites\/3\/2023\/11\/403651256_698064925804034_4460258135923004459_n-e1701285405577.png","width":274,"height":313},{"@type":"BreadcrumbList","@id":"https:\/\/littleeater.eu\/lv\/produkts\/little-eater-bernu-glazite-light-blue\/#breadcrumb","itemListElement":[{"@type":"ListItem","position":1,"name":"M\u0101jas","item":"https:\/\/littleeater.eu\/lv\/"},{"@type":"ListItem","position":2,"name":"Veikals","item":"https:\/\/littleeater.eu\/lv\/veikals\/"},{"@type":"ListItem","position":3,"name":"Little Eater b\u0113rnu gl\u0101z\u012bte Light Blue"}]},{"@type":"WebSite","@id":"https:\/\/littleeater.eu\/lv\/#website","url":"https:\/\/littleeater.eu\/lv\/","name":"Little Eater (LV)","description":"Little Eater","publisher":{"@id":"https:\/\/littleeater.eu\/lv\/#organization"},"potentialAction":[{"@type":"SearchAction","target":{"@type":"EntryPoint","urlTemplate":"https:\/\/littleeater.eu\/lv\/?s={search_term_string}"},"query-input":{"@type":"PropertyValueSpecification","valueRequired":true,"valueName":"search_term_string"}}],"inLanguage":"lv-LV"},{"@type":"Organization","@id":"https:\/\/littleeater.eu\/lv\/#organization","name":"Little Eater (LV)","url":"https:\/\/littleeater.eu\/lv\/","logo":{"@type":"ImageObject","inLanguage":"lv-LV","@id":"https:\/\/littleeater.eu\/lv\/#\/schema\/logo\/image\/","url":"https:\/\/littleeater.eu\/lv\/wp-content\/uploads\/sites\/3\/2023\/05\/little-eater-logo.jpg","contentUrl":"https:\/\/littleeater.eu\/lv\/wp-content\/uploads\/sites\/3\/2023\/05\/little-eater-logo.jpg","width":819,"height":810,"caption":"Little Eater (LV)"},"image":{"@id":"https:\/\/littleeater.eu\/lv\/#\/schema\/logo\/image\/"}}]}},"_links":{"self":[{"href":"https:\/\/littleeater.eu\/lv\/wp-json\/wp\/v2\/product\/8248","targetHints":{"allow":["GET"]}}],"collection":[{"href":"https:\/\/littleeater.eu\/lv\/wp-json\/wp\/v2\/product"}],"about":[{"href":"https:\/\/littleeater.eu\/lv\/wp-json\/wp\/v2\/types\/product"}],"replies":[{"embeddable":true,"href":"https:\/\/littleeater.eu\/lv\/wp-json\/wp\/v2\/comments?post=8248"}],"wp:featuredmedia":[{"embeddable":true,"href":"https:\/\/littleeater.eu\/lv\/wp-json\/wp\/v2\/media\/8254"}],"wp:attachment":[{"href":"https:\/\/littleeater.eu\/lv\/wp-json\/wp\/v2\/media?parent=8248"}],"wp:term":[{"taxonomy":"product_brand","embeddable":true,"href":"https:\/\/littleeater.eu\/lv\/wp-json\/wp\/v2\/product_brand?post=8248"},{"taxonomy":"product_cat","embeddable":true,"href":"https:\/\/littleeater.eu\/lv\/wp-json\/wp\/v2\/product_cat?post=8248"},{"taxonomy":"product_tag","embeddable":true,"href":"https:\/\/littleeater.eu\/lv\/wp-json\/wp\/v2\/product_tag?post=8248"}],"curies":[{"name":"wp","href":"https:\/\/api.w.org\/{rel}","templated":true}]}}