{"id":8098,"date":"2023-11-21T20:27:50","date_gmt":"2023-11-21T18:27:50","guid":{"rendered":"https:\/\/littleeater.eu\/lv\/?post_type=product&#038;p=8098"},"modified":"2026-04-07T13:24:07","modified_gmt":"2026-04-07T11:24:07","slug":"little-eater-silikona-prieksautins-beige-2","status":"publish","type":"product","link":"https:\/\/littleeater.eu\/lv\/produkts\/little-eater-silikona-prieksautins-beige-2\/","title":{"rendered":"Little eater Silikona priek\u0161auti\u0146\u0161 Beige"},"content":{"rendered":"<h1>Silikona priek\u0161auti\u0146\u0161<\/h1>\n<h2><strong>Priek\u0161auti\u0146i<\/strong><\/h2>\n<p>Pajaut\u0101jiet jebkurai mammai, kas ir vissvar\u012bg\u0101kais, uzs\u0101kot mazu\u013ca baro\u0161anas pirmo posmu? Viennoz\u012bm\u012bgi &#8211; <strong>priek\u0161auti\u0146\u0161<\/strong>!!! Vec\u0101ki v\u0113las pasarg\u0101t no nek\u0101rt\u012bbas ne tikai savu mazuli, bet ar\u012b m\u0101ju. Un ne viena mamma vai t\u0113tis, dro\u0161i vien, nestr\u012bd\u012bsies, ka p\u0113c b\u0113rna \u0113\u0161anas, vieta apk\u0101rt vi\u0146u izskat\u0101s k\u0101 p\u0113c &#8220;viesu\u013cv\u0113tras&#8221; \ud83d\ude42<\/p>\n<p>Little Eater &#8211; paredz\u0113ts vec\u0101kiem, lai pal\u012bdz\u0113tu nov\u0113rst nek\u0101rt\u012bbu un b\u0113rniem, lai p\u0113c iesp\u0113jas vair\u0101k izbaud\u012bt malt\u012bti. K\u0101rt\u012bba un jautr\u012bba ir savienojamas, <strong>silikona priek\u0161auti\u0146\u0161<\/strong> ar lielu kabatu pal\u012bdz\u0113s sav\u0101kt visas pazudu\u0161\u0101s putras gabali\u0146us vai drupatas \ud83d\ude42 <strong>Priek\u0161auti\u0146i<\/strong> ir veidoti t\u0101, lai b\u016btu maksim\u0101li \u0113rti b\u0113rniem: izgatavots no \u012bpa\u0161i m\u012bksta p\u0101rtikas silikona, pie kura ir pat\u012bkams pieskarties un regul\u0113jamais izm\u0113rs nodro\u0161in\u0101s, ka priek\u0161auti\u0146u var\u0113s lietot no baro\u0161anas s\u0101kuma l\u012bdz vajadz\u012bgam laikam cik nepiecie\u0161ams un v\u0113l atst\u0101t jaun\u0101kajam br\u0101lim vai m\u0101sai.<\/p>\n<h2><strong>Priek\u0161auti\u0146\u0161 z\u012bdainim<\/strong><\/h2>\n<p><strong>Silikona priek\u0161auti\u0146\u0161<\/strong> ir piem\u0113rots lieto\u0161anai no 6 m\u0113ne\u0161iem, \u013coti \u0113rti, ka to var pa\u0146emt l\u012bdzi, piem\u0113ram, uz kafejn\u012bc\u0101m vai pie vecvec\u0101kiem un k\u0101rt\u012bgi uzkost prom no m\u0101j\u0101m. <strong>Silikona priek\u0161auti\u0146i<\/strong> ir \u013coti popul\u0101ri to \u0113rt\u0101s apkopes un lieto\u0161anas vienk\u0101r\u0161\u012bbas d\u0113\u013c. Pat visnepaciet\u012bg\u0101kajam mazajam \u0113d\u0101jam viegli uzvilksiet priek\u0161auti\u0146u \ud83d\ude42 P\u0113c \u0113\u0161anas <strong>priek\u0161auti\u0146u<\/strong> j\u0101nomazg\u0101 ar siltu ziepj\u016bdeni, j\u0101iz\u017e\u0101v\u0113 un j\u0101gaida n\u0101kam\u0101s \u0113dienreizes.<\/p>\n<p><strong>Priek\u0161auti\u0146i z\u012bdai\u0146iem<\/strong> ir izgatavoti no 100% p\u0101rtikas silikona. Nesatur BPA, nesatur ftal\u0101tus, nav toksiski.<\/p>\n<p>Izm\u0113rs 30&#215;21 cm, svars 105 g.<\/p>\n<p>Atbilst Eiropas Savien\u012bbas standartam EN71.<\/p>\n<h2><strong>Priek\u0161auti\u0146\u0161 un t\u0101 kop\u0161ana<\/strong><\/h2>\n<p>Pirms pirm\u0101s lieto\u0161anas izmazg\u0101jiet priek\u0161auti\u0146u. UZMAN\u012aBU! Lietojiet produktu tikai pieaugu\u0161o uzraudz\u012bb\u0101. P\u0101rbaudiet produktu pirms katras lieto\u0161anas reizes. Ja par\u0101d\u0101s pirm\u0101s boj\u0101juma vai nodiluma paz\u012bmes &#8211; izmetiet. Var mazg\u0101t trauku mazg\u0101jam\u0101 ma\u0161\u012bn\u0101.<\/p>\n","protected":false},"excerpt":{"rendered":"<p>Little Eater &#8211; paredz\u0113ts vec\u0101kiem, lai pal\u012bdz\u0113tu nov\u0113rst nek\u0101rt\u012bbu un b\u0113rniem, lai p\u0113c iesp\u0113jas vair\u0101k izbaud\u012bt malt\u012bti. K\u0101rt\u012bba un jautr\u012bba ir savienojamas, <strong>silikona priek\u0161auti\u0146\u0161<\/strong> ar lielu kabatu pal\u012bdz\u0113s sav\u0101kt visas pazudu\u0161\u0101s putras gabali\u0146us vai drupatas \ud83d\ude42<\/p>\n","protected":false},"featured_media":8089,"comment_status":"open","ping_status":"closed","template":"","meta":{"_acf_changed":false},"product_brand":[218],"product_cat":[27],"product_tag":[168],"class_list":{"0":"post-8098","1":"product","2":"type-product","3":"status-publish","4":"has-post-thumbnail","6":"product_brand-little-eater","7":"product_cat-prieksautini","8":"product_tag-promo","10":"first","11":"instock","12":"sale","13":"taxable","14":"shipping-taxable","15":"purchasable","16":"product-type-simple"},"acf":[],"yoast_head":"<!-- This site is optimized with the Yoast SEO plugin v27.4 - https:\/\/yoast.com\/product\/yoast-seo-wordpress\/ -->\n<title>Little eater: b\u0113rnu priek\u0161auti\u0146i | lac\u012bte | lac\u012btes | lac\u012btes b\u0113rniem<\/title>\n<meta name=\"description\" content=\"Priek\u0161auti\u0146i ir veidoti t\u0101, lai b\u016btu maksim\u0101li \u0113rti b\u0113rniem: izgatavots no \u012bpa\u0161i m\u012bksta p\u0101rtikas silikona.Priek\u0161auti\u0146\u0161 ir piem\u0113rots lieto\u0161anai no 6 m\u0113ne\u0161iem\" \/>\n<meta name=\"robots\" content=\"index, follow, max-snippet:-1, max-image-preview:large, max-video-preview:-1\" \/>\n<link rel=\"canonical\" href=\"https:\/\/littleeater.eu\/lv\/produkts\/little-eater-silikona-prieksautins-beige-2\/\" \/>\n<meta property=\"og:locale\" content=\"lv_LV\" \/>\n<meta property=\"og:type\" content=\"article\" \/>\n<meta property=\"og:title\" content=\"Little eater: b\u0113rnu priek\u0161auti\u0146i | lac\u012bte | lac\u012btes | lac\u012btes b\u0113rniem\" \/>\n<meta property=\"og:description\" content=\"Priek\u0161auti\u0146i ir veidoti t\u0101, lai b\u016btu maksim\u0101li \u0113rti b\u0113rniem: izgatavots no \u012bpa\u0161i m\u012bksta p\u0101rtikas silikona.Priek\u0161auti\u0146\u0161 ir piem\u0113rots lieto\u0161anai no 6 m\u0113ne\u0161iem\" \/>\n<meta property=\"og:url\" content=\"https:\/\/littleeater.eu\/lv\/produkts\/little-eater-silikona-prieksautins-beige-2\/\" \/>\n<meta property=\"og:site_name\" content=\"Little Eater (LV)\" \/>\n<meta property=\"article:modified_time\" content=\"2026-04-07T11:24:07+00:00\" \/>\n<meta property=\"og:image\" content=\"https:\/\/littleeater.eu\/lv\/wp-content\/uploads\/sites\/3\/2023\/06\/littleeater_silikoninis_seilinukas_5-copy.png\" \/>\n\t<meta property=\"og:image:width\" content=\"448\" \/>\n\t<meta property=\"og:image:height\" content=\"495\" \/>\n\t<meta property=\"og:image:type\" content=\"image\/png\" \/>\n<meta name=\"twitter:card\" content=\"summary_large_image\" \/>\n<meta name=\"twitter:label1\" content=\"Est. reading time\" \/>\n\t<meta name=\"twitter:data1\" content=\"2 min\u016btes\" \/>\n<script type=\"application\/ld+json\" class=\"yoast-schema-graph\">{\"@context\":\"https:\\\/\\\/schema.org\",\"@graph\":[{\"@type\":\"WebPage\",\"@id\":\"https:\\\/\\\/littleeater.eu\\\/lv\\\/produkts\\\/little-eater-silikona-prieksautins-beige-2\\\/\",\"url\":\"https:\\\/\\\/littleeater.eu\\\/lv\\\/produkts\\\/little-eater-silikona-prieksautins-beige-2\\\/\",\"name\":\"Little eater: b\u0113rnu priek\u0161auti\u0146i | lac\u012bte | lac\u012btes | lac\u012btes b\u0113rniem\",\"isPartOf\":{\"@id\":\"https:\\\/\\\/littleeater.eu\\\/lv\\\/#website\"},\"primaryImageOfPage\":{\"@id\":\"https:\\\/\\\/littleeater.eu\\\/lv\\\/produkts\\\/little-eater-silikona-prieksautins-beige-2\\\/#primaryimage\"},\"image\":{\"@id\":\"https:\\\/\\\/littleeater.eu\\\/lv\\\/produkts\\\/little-eater-silikona-prieksautins-beige-2\\\/#primaryimage\"},\"thumbnailUrl\":\"https:\\\/\\\/littleeater.eu\\\/lv\\\/wp-content\\\/uploads\\\/sites\\\/3\\\/2023\\\/06\\\/littleeater_silikoninis_seilinukas_5-copy.png\",\"datePublished\":\"2023-11-21T18:27:50+00:00\",\"dateModified\":\"2026-04-07T11:24:07+00:00\",\"description\":\"Priek\u0161auti\u0146i ir veidoti t\u0101, lai b\u016btu maksim\u0101li \u0113rti b\u0113rniem: izgatavots no \u012bpa\u0161i m\u012bksta p\u0101rtikas silikona.Priek\u0161auti\u0146\u0161 ir piem\u0113rots lieto\u0161anai no 6 m\u0113ne\u0161iem\",\"breadcrumb\":{\"@id\":\"https:\\\/\\\/littleeater.eu\\\/lv\\\/produkts\\\/little-eater-silikona-prieksautins-beige-2\\\/#breadcrumb\"},\"inLanguage\":\"lv-LV\",\"potentialAction\":[{\"@type\":\"ReadAction\",\"target\":[\"https:\\\/\\\/littleeater.eu\\\/lv\\\/produkts\\\/little-eater-silikona-prieksautins-beige-2\\\/\"]}]},{\"@type\":\"ImageObject\",\"inLanguage\":\"lv-LV\",\"@id\":\"https:\\\/\\\/littleeater.eu\\\/lv\\\/produkts\\\/little-eater-silikona-prieksautins-beige-2\\\/#primaryimage\",\"url\":\"https:\\\/\\\/littleeater.eu\\\/lv\\\/wp-content\\\/uploads\\\/sites\\\/3\\\/2023\\\/06\\\/littleeater_silikoninis_seilinukas_5-copy.png\",\"contentUrl\":\"https:\\\/\\\/littleeater.eu\\\/lv\\\/wp-content\\\/uploads\\\/sites\\\/3\\\/2023\\\/06\\\/littleeater_silikoninis_seilinukas_5-copy.png\",\"width\":448,\"height\":495},{\"@type\":\"BreadcrumbList\",\"@id\":\"https:\\\/\\\/littleeater.eu\\\/lv\\\/produkts\\\/little-eater-silikona-prieksautins-beige-2\\\/#breadcrumb\",\"itemListElement\":[{\"@type\":\"ListItem\",\"position\":1,\"name\":\"M\u0101jas\",\"item\":\"https:\\\/\\\/littleeater.eu\\\/lv\\\/\"},{\"@type\":\"ListItem\",\"position\":2,\"name\":\"Veikals\",\"item\":\"https:\\\/\\\/littleeater.eu\\\/lv\\\/veikals\\\/\"},{\"@type\":\"ListItem\",\"position\":3,\"name\":\"Little eater Silikona priek\u0161auti\u0146\u0161 Beige\"}]},{\"@type\":\"WebSite\",\"@id\":\"https:\\\/\\\/littleeater.eu\\\/lv\\\/#website\",\"url\":\"https:\\\/\\\/littleeater.eu\\\/lv\\\/\",\"name\":\"Little Eater (LV)\",\"description\":\"Little Eater\",\"publisher\":{\"@id\":\"https:\\\/\\\/littleeater.eu\\\/lv\\\/#organization\"},\"potentialAction\":[{\"@type\":\"SearchAction\",\"target\":{\"@type\":\"EntryPoint\",\"urlTemplate\":\"https:\\\/\\\/littleeater.eu\\\/lv\\\/?s={search_term_string}\"},\"query-input\":{\"@type\":\"PropertyValueSpecification\",\"valueRequired\":true,\"valueName\":\"search_term_string\"}}],\"inLanguage\":\"lv-LV\"},{\"@type\":\"Organization\",\"@id\":\"https:\\\/\\\/littleeater.eu\\\/lv\\\/#organization\",\"name\":\"Little Eater (LV)\",\"url\":\"https:\\\/\\\/littleeater.eu\\\/lv\\\/\",\"logo\":{\"@type\":\"ImageObject\",\"inLanguage\":\"lv-LV\",\"@id\":\"https:\\\/\\\/littleeater.eu\\\/lv\\\/#\\\/schema\\\/logo\\\/image\\\/\",\"url\":\"https:\\\/\\\/littleeater.eu\\\/lv\\\/wp-content\\\/uploads\\\/sites\\\/3\\\/2023\\\/05\\\/little-eater-logo.jpg\",\"contentUrl\":\"https:\\\/\\\/littleeater.eu\\\/lv\\\/wp-content\\\/uploads\\\/sites\\\/3\\\/2023\\\/05\\\/little-eater-logo.jpg\",\"width\":819,\"height\":810,\"caption\":\"Little Eater (LV)\"},\"image\":{\"@id\":\"https:\\\/\\\/littleeater.eu\\\/lv\\\/#\\\/schema\\\/logo\\\/image\\\/\"}}]}<\/script>\n<!-- \/ Yoast SEO plugin. -->","yoast_head_json":{"title":"Little eater: b\u0113rnu priek\u0161auti\u0146i | lac\u012bte | lac\u012btes | lac\u012btes b\u0113rniem","description":"Priek\u0161auti\u0146i ir veidoti t\u0101, lai b\u016btu maksim\u0101li \u0113rti b\u0113rniem: izgatavots no \u012bpa\u0161i m\u012bksta p\u0101rtikas silikona.Priek\u0161auti\u0146\u0161 ir piem\u0113rots lieto\u0161anai no 6 m\u0113ne\u0161iem","robots":{"index":"index","follow":"follow","max-snippet":"max-snippet:-1","max-image-preview":"max-image-preview:large","max-video-preview":"max-video-preview:-1"},"canonical":"https:\/\/littleeater.eu\/lv\/produkts\/little-eater-silikona-prieksautins-beige-2\/","og_locale":"lv_LV","og_type":"article","og_title":"Little eater: b\u0113rnu priek\u0161auti\u0146i | lac\u012bte | lac\u012btes | lac\u012btes b\u0113rniem","og_description":"Priek\u0161auti\u0146i ir veidoti t\u0101, lai b\u016btu maksim\u0101li \u0113rti b\u0113rniem: izgatavots no \u012bpa\u0161i m\u012bksta p\u0101rtikas silikona.Priek\u0161auti\u0146\u0161 ir piem\u0113rots lieto\u0161anai no 6 m\u0113ne\u0161iem","og_url":"https:\/\/littleeater.eu\/lv\/produkts\/little-eater-silikona-prieksautins-beige-2\/","og_site_name":"Little Eater (LV)","article_modified_time":"2026-04-07T11:24:07+00:00","og_image":[{"width":448,"height":495,"url":"https:\/\/littleeater.eu\/lv\/wp-content\/uploads\/sites\/3\/2023\/06\/littleeater_silikoninis_seilinukas_5-copy.png","type":"image\/png"}],"twitter_card":"summary_large_image","twitter_misc":{"Est. reading time":"2 min\u016btes"},"schema":{"@context":"https:\/\/schema.org","@graph":[{"@type":"WebPage","@id":"https:\/\/littleeater.eu\/lv\/produkts\/little-eater-silikona-prieksautins-beige-2\/","url":"https:\/\/littleeater.eu\/lv\/produkts\/little-eater-silikona-prieksautins-beige-2\/","name":"Little eater: b\u0113rnu priek\u0161auti\u0146i | lac\u012bte | lac\u012btes | lac\u012btes b\u0113rniem","isPartOf":{"@id":"https:\/\/littleeater.eu\/lv\/#website"},"primaryImageOfPage":{"@id":"https:\/\/littleeater.eu\/lv\/produkts\/little-eater-silikona-prieksautins-beige-2\/#primaryimage"},"image":{"@id":"https:\/\/littleeater.eu\/lv\/produkts\/little-eater-silikona-prieksautins-beige-2\/#primaryimage"},"thumbnailUrl":"https:\/\/littleeater.eu\/lv\/wp-content\/uploads\/sites\/3\/2023\/06\/littleeater_silikoninis_seilinukas_5-copy.png","datePublished":"2023-11-21T18:27:50+00:00","dateModified":"2026-04-07T11:24:07+00:00","description":"Priek\u0161auti\u0146i ir veidoti t\u0101, lai b\u016btu maksim\u0101li \u0113rti b\u0113rniem: izgatavots no \u012bpa\u0161i m\u012bksta p\u0101rtikas silikona.Priek\u0161auti\u0146\u0161 ir piem\u0113rots lieto\u0161anai no 6 m\u0113ne\u0161iem","breadcrumb":{"@id":"https:\/\/littleeater.eu\/lv\/produkts\/little-eater-silikona-prieksautins-beige-2\/#breadcrumb"},"inLanguage":"lv-LV","potentialAction":[{"@type":"ReadAction","target":["https:\/\/littleeater.eu\/lv\/produkts\/little-eater-silikona-prieksautins-beige-2\/"]}]},{"@type":"ImageObject","inLanguage":"lv-LV","@id":"https:\/\/littleeater.eu\/lv\/produkts\/little-eater-silikona-prieksautins-beige-2\/#primaryimage","url":"https:\/\/littleeater.eu\/lv\/wp-content\/uploads\/sites\/3\/2023\/06\/littleeater_silikoninis_seilinukas_5-copy.png","contentUrl":"https:\/\/littleeater.eu\/lv\/wp-content\/uploads\/sites\/3\/2023\/06\/littleeater_silikoninis_seilinukas_5-copy.png","width":448,"height":495},{"@type":"BreadcrumbList","@id":"https:\/\/littleeater.eu\/lv\/produkts\/little-eater-silikona-prieksautins-beige-2\/#breadcrumb","itemListElement":[{"@type":"ListItem","position":1,"name":"M\u0101jas","item":"https:\/\/littleeater.eu\/lv\/"},{"@type":"ListItem","position":2,"name":"Veikals","item":"https:\/\/littleeater.eu\/lv\/veikals\/"},{"@type":"ListItem","position":3,"name":"Little eater Silikona priek\u0161auti\u0146\u0161 Beige"}]},{"@type":"WebSite","@id":"https:\/\/littleeater.eu\/lv\/#website","url":"https:\/\/littleeater.eu\/lv\/","name":"Little Eater (LV)","description":"Little Eater","publisher":{"@id":"https:\/\/littleeater.eu\/lv\/#organization"},"potentialAction":[{"@type":"SearchAction","target":{"@type":"EntryPoint","urlTemplate":"https:\/\/littleeater.eu\/lv\/?s={search_term_string}"},"query-input":{"@type":"PropertyValueSpecification","valueRequired":true,"valueName":"search_term_string"}}],"inLanguage":"lv-LV"},{"@type":"Organization","@id":"https:\/\/littleeater.eu\/lv\/#organization","name":"Little Eater (LV)","url":"https:\/\/littleeater.eu\/lv\/","logo":{"@type":"ImageObject","inLanguage":"lv-LV","@id":"https:\/\/littleeater.eu\/lv\/#\/schema\/logo\/image\/","url":"https:\/\/littleeater.eu\/lv\/wp-content\/uploads\/sites\/3\/2023\/05\/little-eater-logo.jpg","contentUrl":"https:\/\/littleeater.eu\/lv\/wp-content\/uploads\/sites\/3\/2023\/05\/little-eater-logo.jpg","width":819,"height":810,"caption":"Little Eater (LV)"},"image":{"@id":"https:\/\/littleeater.eu\/lv\/#\/schema\/logo\/image\/"}}]}},"_links":{"self":[{"href":"https:\/\/littleeater.eu\/lv\/wp-json\/wp\/v2\/product\/8098","targetHints":{"allow":["GET"]}}],"collection":[{"href":"https:\/\/littleeater.eu\/lv\/wp-json\/wp\/v2\/product"}],"about":[{"href":"https:\/\/littleeater.eu\/lv\/wp-json\/wp\/v2\/types\/product"}],"replies":[{"embeddable":true,"href":"https:\/\/littleeater.eu\/lv\/wp-json\/wp\/v2\/comments?post=8098"}],"wp:featuredmedia":[{"embeddable":true,"href":"https:\/\/littleeater.eu\/lv\/wp-json\/wp\/v2\/media\/8089"}],"wp:attachment":[{"href":"https:\/\/littleeater.eu\/lv\/wp-json\/wp\/v2\/media?parent=8098"}],"wp:term":[{"taxonomy":"product_brand","embeddable":true,"href":"https:\/\/littleeater.eu\/lv\/wp-json\/wp\/v2\/product_brand?post=8098"},{"taxonomy":"product_cat","embeddable":true,"href":"https:\/\/littleeater.eu\/lv\/wp-json\/wp\/v2\/product_cat?post=8098"},{"taxonomy":"product_tag","embeddable":true,"href":"https:\/\/littleeater.eu\/lv\/wp-json\/wp\/v2\/product_tag?post=8098"}],"curies":[{"name":"wp","href":"https:\/\/api.w.org\/{rel}","templated":true}]}}