{"id":7945,"date":"2023-11-17T20:21:48","date_gmt":"2023-11-17T18:21:48","guid":{"rendered":"https:\/\/littleeater.eu\/lv\/?post_type=product&#038;p=7945"},"modified":"2025-11-03T14:36:19","modified_gmt":"2025-11-03T12:36:19","slug":"miniland-lelle-meitene-ar-drebem-21cm","status":"publish","type":"product","link":"https:\/\/littleeater.eu\/lv\/produkts\/miniland-lelle-meitene-ar-drebem-21cm\/","title":{"rendered":"Miniland lelle meitene ar dr\u0113b\u0113m (21 cm)"},"content":{"rendered":"<h1>Little Eater &#8211; Lelle<\/h1>\n<h2>Lelles meiten\u0113m<\/h2>\n<p>Miniland <strong>lelles<\/strong> \u2013 ra\u017eotas Sp\u0101nij\u0101, \u0161\u012bs anatomiski pareiz\u0101s lelles ir iet\u0113rptas apak\u0161ve\u013c\u0101 un aromatiz\u0113tas ar vani\u013cu, lai smar\u017eotu k\u0101 jaundzimu\u0161ais. Lelle ir ar skaidri noteikt\u0101m etnisk\u0101m paz\u012bm\u0113m, kas pal\u012bdz atpaz\u012bt da\u017e\u0101das rases.<\/p>\n<p>Lelle &#8211; izgatavota no vinila bez ftal\u0101tiem, t\u0101 ir m\u012bksta un pat\u012bkama pieskarties. Bez BPA. \u0160\u012bs <strong>lelles meiten\u0113m<\/strong> r lielisks izgl\u012btojo\u0161s resurss, kas pal\u012bdz izprast dzimumu, rasi un \u013cauj b\u0113rniem model\u0113t savu uzved\u012bbu un attiec\u012bbas. Dr\u0113bes var ieg\u0101d\u0101ties atsevi\u0161\u0137i.<\/p>\n<p><img decoding=\"async\" class=\"\" src=\"https:\/\/minilandgroup.com\/pub\/media\/iconos\/inteligencia-destacada-social.svg\" alt=\"logo inteligencia destacada social\" width=\"119\" height=\"60\" \/>\u00a0 \u00a0 \u00a0<img decoding=\"async\" class=\"\" src=\"https:\/\/minilandgroup.com\/pub\/media\/iconos\/inteligencia-emocional.svg\" alt=\"logo inteligencia emocional\" width=\"159\" height=\"54\" \/>\u00a0 \u00a0 \u00a0<img decoding=\"async\" class=\"alignnone\" src=\"https:\/\/minilandgroup.com\/pub\/media\/iconos\/inteligencia-lenguaje.svg\" alt=\"logo inteligencia del lenguaje\" width=\"184\" height=\"50\" \/><\/p>\n<p>&nbsp;<\/p>\n<p>\u012apa\u0161\u012bbas:<\/p>\n<p>Anatomiski pareiza lelle ar re\u0101listisk\u0101m at\u0161\u0137ir\u012bb\u0101m starp z\u0113nu un meite\u0146u lell\u0113m;<\/p>\n<p>Izgatavots no augstas kvalit\u0101tes m\u012bksta vinila ar vieglu vani\u013cas smar\u017eu, nesatur BPA;<\/p>\n<p>Savienota galva, rokas un k\u0101jas, kas var piln\u012bb\u0101 griezties, lai lelle var\u0113tu s\u0113d\u0113t, st\u0101v\u0113t vai apgulties;<\/p>\n<p>Ra\u017eots Sp\u0101nij\u0101;<br \/>\nIzm\u0113ri: 21 cm;<br \/>\nLelle ir atv\u0113rt\u0101 kast\u0113 ar apak\u0161ve\u013cu;<br \/>\nPiem\u0113rots no 10 m\u0113ne\u0161iem.<\/p>\n","protected":false},"excerpt":{"rendered":"<p>Miniland <strong>lelles<\/strong> \u2013 ra\u017eotas Sp\u0101nij\u0101, \u0161\u012bs anatomiski pareiz\u0101s lelles ir iet\u0113rptas apak\u0161ve\u013c\u0101 un aromatiz\u0113tas ar vani\u013cu, lai smar\u017eotu k\u0101 jaundzimu\u0161ais. Lelle ir ar skaidri noteikt\u0101m etnisk\u0101m paz\u012bm\u0113m, kas pal\u012bdz atpaz\u012bt da\u017e\u0101das rases.<\/p>\n","protected":false},"featured_media":7935,"comment_status":"open","ping_status":"closed","template":"","meta":{"_acf_changed":false},"product_brand":[219],"product_cat":[131],"product_tag":[],"class_list":{"0":"post-7945","1":"product","2":"type-product","3":"status-publish","4":"has-post-thumbnail","6":"product_brand-miniland","7":"product_cat-bernu-rotallietas","9":"first","10":"instock","11":"sale","12":"taxable","13":"shipping-taxable","14":"purchasable","15":"product-type-simple"},"acf":[],"yoast_head":"<!-- This site is optimized with the Yoast SEO plugin v27.4 - https:\/\/yoast.com\/product\/yoast-seo-wordpress\/ -->\n<title>Little eater: lelle | lelles meiten\u0113m | lelle z\u012bdainis<\/title>\n<meta name=\"description\" content=\"Miniland Dolls \u2013 Ra\u017eotas Sp\u0101nij\u0101, \u0161\u012bs anatomiski pareiz\u0101s lelles ir iet\u0113rptas apak\u0161ve\u013c\u0101 un aromatiz\u0113tas ar vani\u013cu, lai smar\u017eotu k\u0101 jaundzimu\u0161ais.\" \/>\n<meta name=\"robots\" content=\"index, follow, max-snippet:-1, max-image-preview:large, max-video-preview:-1\" \/>\n<link rel=\"canonical\" href=\"https:\/\/littleeater.eu\/lv\/produkts\/miniland-lelle-meitene-ar-drebem-21cm\/\" \/>\n<meta property=\"og:locale\" content=\"lv_LV\" \/>\n<meta property=\"og:type\" content=\"article\" \/>\n<meta property=\"og:title\" content=\"Little eater: lelle | lelles meiten\u0113m | lelle z\u012bdainis\" \/>\n<meta property=\"og:description\" content=\"Miniland Dolls \u2013 Ra\u017eotas Sp\u0101nij\u0101, \u0161\u012bs anatomiski pareiz\u0101s lelles ir iet\u0113rptas apak\u0161ve\u013c\u0101 un aromatiz\u0113tas ar vani\u013cu, lai smar\u017eotu k\u0101 jaundzimu\u0161ais.\" \/>\n<meta property=\"og:url\" content=\"https:\/\/littleeater.eu\/lv\/produkts\/miniland-lelle-meitene-ar-drebem-21cm\/\" \/>\n<meta property=\"og:site_name\" content=\"Little Eater (LV)\" \/>\n<meta property=\"article:modified_time\" content=\"2025-11-03T12:36:19+00:00\" \/>\n<meta property=\"og:image\" content=\"https:\/\/littleeater.eu\/lv\/wp-content\/uploads\/sites\/3\/2023\/11\/littleeater_lele_19.jpg\" \/>\n\t<meta property=\"og:image:width\" content=\"800\" \/>\n\t<meta property=\"og:image:height\" content=\"800\" \/>\n\t<meta property=\"og:image:type\" content=\"image\/jpeg\" \/>\n<meta name=\"twitter:card\" content=\"summary_large_image\" \/>\n<meta name=\"twitter:label1\" content=\"Est. reading time\" \/>\n\t<meta name=\"twitter:data1\" content=\"2 min\u016btes\" \/>\n<script type=\"application\/ld+json\" class=\"yoast-schema-graph\">{\"@context\":\"https:\\\/\\\/schema.org\",\"@graph\":[{\"@type\":\"WebPage\",\"@id\":\"https:\\\/\\\/littleeater.eu\\\/lv\\\/produkts\\\/miniland-lelle-meitene-ar-drebem-21cm\\\/\",\"url\":\"https:\\\/\\\/littleeater.eu\\\/lv\\\/produkts\\\/miniland-lelle-meitene-ar-drebem-21cm\\\/\",\"name\":\"Little eater: lelle | lelles meiten\u0113m | lelle z\u012bdainis\",\"isPartOf\":{\"@id\":\"https:\\\/\\\/littleeater.eu\\\/lv\\\/#website\"},\"primaryImageOfPage\":{\"@id\":\"https:\\\/\\\/littleeater.eu\\\/lv\\\/produkts\\\/miniland-lelle-meitene-ar-drebem-21cm\\\/#primaryimage\"},\"image\":{\"@id\":\"https:\\\/\\\/littleeater.eu\\\/lv\\\/produkts\\\/miniland-lelle-meitene-ar-drebem-21cm\\\/#primaryimage\"},\"thumbnailUrl\":\"https:\\\/\\\/littleeater.eu\\\/lv\\\/wp-content\\\/uploads\\\/sites\\\/3\\\/2023\\\/11\\\/littleeater_lele_19.jpg\",\"datePublished\":\"2023-11-17T18:21:48+00:00\",\"dateModified\":\"2025-11-03T12:36:19+00:00\",\"description\":\"Miniland Dolls \u2013 Ra\u017eotas Sp\u0101nij\u0101, \u0161\u012bs anatomiski pareiz\u0101s lelles ir iet\u0113rptas apak\u0161ve\u013c\u0101 un aromatiz\u0113tas ar vani\u013cu, lai smar\u017eotu k\u0101 jaundzimu\u0161ais.\",\"breadcrumb\":{\"@id\":\"https:\\\/\\\/littleeater.eu\\\/lv\\\/produkts\\\/miniland-lelle-meitene-ar-drebem-21cm\\\/#breadcrumb\"},\"inLanguage\":\"lv-LV\",\"potentialAction\":[{\"@type\":\"ReadAction\",\"target\":[\"https:\\\/\\\/littleeater.eu\\\/lv\\\/produkts\\\/miniland-lelle-meitene-ar-drebem-21cm\\\/\"]}]},{\"@type\":\"ImageObject\",\"inLanguage\":\"lv-LV\",\"@id\":\"https:\\\/\\\/littleeater.eu\\\/lv\\\/produkts\\\/miniland-lelle-meitene-ar-drebem-21cm\\\/#primaryimage\",\"url\":\"https:\\\/\\\/littleeater.eu\\\/lv\\\/wp-content\\\/uploads\\\/sites\\\/3\\\/2023\\\/11\\\/littleeater_lele_19.jpg\",\"contentUrl\":\"https:\\\/\\\/littleeater.eu\\\/lv\\\/wp-content\\\/uploads\\\/sites\\\/3\\\/2023\\\/11\\\/littleeater_lele_19.jpg\",\"width\":800,\"height\":800},{\"@type\":\"BreadcrumbList\",\"@id\":\"https:\\\/\\\/littleeater.eu\\\/lv\\\/produkts\\\/miniland-lelle-meitene-ar-drebem-21cm\\\/#breadcrumb\",\"itemListElement\":[{\"@type\":\"ListItem\",\"position\":1,\"name\":\"M\u0101jas\",\"item\":\"https:\\\/\\\/littleeater.eu\\\/lv\\\/\"},{\"@type\":\"ListItem\",\"position\":2,\"name\":\"Veikals\",\"item\":\"https:\\\/\\\/littleeater.eu\\\/lv\\\/veikals\\\/\"},{\"@type\":\"ListItem\",\"position\":3,\"name\":\"Miniland lelle meitene ar dr\u0113b\u0113m (21 cm)\"}]},{\"@type\":\"WebSite\",\"@id\":\"https:\\\/\\\/littleeater.eu\\\/lv\\\/#website\",\"url\":\"https:\\\/\\\/littleeater.eu\\\/lv\\\/\",\"name\":\"Little Eater (LV)\",\"description\":\"Little Eater\",\"publisher\":{\"@id\":\"https:\\\/\\\/littleeater.eu\\\/lv\\\/#organization\"},\"potentialAction\":[{\"@type\":\"SearchAction\",\"target\":{\"@type\":\"EntryPoint\",\"urlTemplate\":\"https:\\\/\\\/littleeater.eu\\\/lv\\\/?s={search_term_string}\"},\"query-input\":{\"@type\":\"PropertyValueSpecification\",\"valueRequired\":true,\"valueName\":\"search_term_string\"}}],\"inLanguage\":\"lv-LV\"},{\"@type\":\"Organization\",\"@id\":\"https:\\\/\\\/littleeater.eu\\\/lv\\\/#organization\",\"name\":\"Little Eater (LV)\",\"url\":\"https:\\\/\\\/littleeater.eu\\\/lv\\\/\",\"logo\":{\"@type\":\"ImageObject\",\"inLanguage\":\"lv-LV\",\"@id\":\"https:\\\/\\\/littleeater.eu\\\/lv\\\/#\\\/schema\\\/logo\\\/image\\\/\",\"url\":\"https:\\\/\\\/littleeater.eu\\\/lv\\\/wp-content\\\/uploads\\\/sites\\\/3\\\/2023\\\/05\\\/little-eater-logo.jpg\",\"contentUrl\":\"https:\\\/\\\/littleeater.eu\\\/lv\\\/wp-content\\\/uploads\\\/sites\\\/3\\\/2023\\\/05\\\/little-eater-logo.jpg\",\"width\":819,\"height\":810,\"caption\":\"Little Eater (LV)\"},\"image\":{\"@id\":\"https:\\\/\\\/littleeater.eu\\\/lv\\\/#\\\/schema\\\/logo\\\/image\\\/\"}}]}<\/script>\n<!-- \/ Yoast SEO plugin. -->","yoast_head_json":{"title":"Little eater: lelle | lelles meiten\u0113m | lelle z\u012bdainis","description":"Miniland Dolls \u2013 Ra\u017eotas Sp\u0101nij\u0101, \u0161\u012bs anatomiski pareiz\u0101s lelles ir iet\u0113rptas apak\u0161ve\u013c\u0101 un aromatiz\u0113tas ar vani\u013cu, lai smar\u017eotu k\u0101 jaundzimu\u0161ais.","robots":{"index":"index","follow":"follow","max-snippet":"max-snippet:-1","max-image-preview":"max-image-preview:large","max-video-preview":"max-video-preview:-1"},"canonical":"https:\/\/littleeater.eu\/lv\/produkts\/miniland-lelle-meitene-ar-drebem-21cm\/","og_locale":"lv_LV","og_type":"article","og_title":"Little eater: lelle | lelles meiten\u0113m | lelle z\u012bdainis","og_description":"Miniland Dolls \u2013 Ra\u017eotas Sp\u0101nij\u0101, \u0161\u012bs anatomiski pareiz\u0101s lelles ir iet\u0113rptas apak\u0161ve\u013c\u0101 un aromatiz\u0113tas ar vani\u013cu, lai smar\u017eotu k\u0101 jaundzimu\u0161ais.","og_url":"https:\/\/littleeater.eu\/lv\/produkts\/miniland-lelle-meitene-ar-drebem-21cm\/","og_site_name":"Little Eater (LV)","article_modified_time":"2025-11-03T12:36:19+00:00","og_image":[{"width":800,"height":800,"url":"https:\/\/littleeater.eu\/lv\/wp-content\/uploads\/sites\/3\/2023\/11\/littleeater_lele_19.jpg","type":"image\/jpeg"}],"twitter_card":"summary_large_image","twitter_misc":{"Est. reading time":"2 min\u016btes"},"schema":{"@context":"https:\/\/schema.org","@graph":[{"@type":"WebPage","@id":"https:\/\/littleeater.eu\/lv\/produkts\/miniland-lelle-meitene-ar-drebem-21cm\/","url":"https:\/\/littleeater.eu\/lv\/produkts\/miniland-lelle-meitene-ar-drebem-21cm\/","name":"Little eater: lelle | lelles meiten\u0113m | lelle z\u012bdainis","isPartOf":{"@id":"https:\/\/littleeater.eu\/lv\/#website"},"primaryImageOfPage":{"@id":"https:\/\/littleeater.eu\/lv\/produkts\/miniland-lelle-meitene-ar-drebem-21cm\/#primaryimage"},"image":{"@id":"https:\/\/littleeater.eu\/lv\/produkts\/miniland-lelle-meitene-ar-drebem-21cm\/#primaryimage"},"thumbnailUrl":"https:\/\/littleeater.eu\/lv\/wp-content\/uploads\/sites\/3\/2023\/11\/littleeater_lele_19.jpg","datePublished":"2023-11-17T18:21:48+00:00","dateModified":"2025-11-03T12:36:19+00:00","description":"Miniland Dolls \u2013 Ra\u017eotas Sp\u0101nij\u0101, \u0161\u012bs anatomiski pareiz\u0101s lelles ir iet\u0113rptas apak\u0161ve\u013c\u0101 un aromatiz\u0113tas ar vani\u013cu, lai smar\u017eotu k\u0101 jaundzimu\u0161ais.","breadcrumb":{"@id":"https:\/\/littleeater.eu\/lv\/produkts\/miniland-lelle-meitene-ar-drebem-21cm\/#breadcrumb"},"inLanguage":"lv-LV","potentialAction":[{"@type":"ReadAction","target":["https:\/\/littleeater.eu\/lv\/produkts\/miniland-lelle-meitene-ar-drebem-21cm\/"]}]},{"@type":"ImageObject","inLanguage":"lv-LV","@id":"https:\/\/littleeater.eu\/lv\/produkts\/miniland-lelle-meitene-ar-drebem-21cm\/#primaryimage","url":"https:\/\/littleeater.eu\/lv\/wp-content\/uploads\/sites\/3\/2023\/11\/littleeater_lele_19.jpg","contentUrl":"https:\/\/littleeater.eu\/lv\/wp-content\/uploads\/sites\/3\/2023\/11\/littleeater_lele_19.jpg","width":800,"height":800},{"@type":"BreadcrumbList","@id":"https:\/\/littleeater.eu\/lv\/produkts\/miniland-lelle-meitene-ar-drebem-21cm\/#breadcrumb","itemListElement":[{"@type":"ListItem","position":1,"name":"M\u0101jas","item":"https:\/\/littleeater.eu\/lv\/"},{"@type":"ListItem","position":2,"name":"Veikals","item":"https:\/\/littleeater.eu\/lv\/veikals\/"},{"@type":"ListItem","position":3,"name":"Miniland lelle meitene ar dr\u0113b\u0113m (21 cm)"}]},{"@type":"WebSite","@id":"https:\/\/littleeater.eu\/lv\/#website","url":"https:\/\/littleeater.eu\/lv\/","name":"Little Eater (LV)","description":"Little Eater","publisher":{"@id":"https:\/\/littleeater.eu\/lv\/#organization"},"potentialAction":[{"@type":"SearchAction","target":{"@type":"EntryPoint","urlTemplate":"https:\/\/littleeater.eu\/lv\/?s={search_term_string}"},"query-input":{"@type":"PropertyValueSpecification","valueRequired":true,"valueName":"search_term_string"}}],"inLanguage":"lv-LV"},{"@type":"Organization","@id":"https:\/\/littleeater.eu\/lv\/#organization","name":"Little Eater (LV)","url":"https:\/\/littleeater.eu\/lv\/","logo":{"@type":"ImageObject","inLanguage":"lv-LV","@id":"https:\/\/littleeater.eu\/lv\/#\/schema\/logo\/image\/","url":"https:\/\/littleeater.eu\/lv\/wp-content\/uploads\/sites\/3\/2023\/05\/little-eater-logo.jpg","contentUrl":"https:\/\/littleeater.eu\/lv\/wp-content\/uploads\/sites\/3\/2023\/05\/little-eater-logo.jpg","width":819,"height":810,"caption":"Little Eater (LV)"},"image":{"@id":"https:\/\/littleeater.eu\/lv\/#\/schema\/logo\/image\/"}}]}},"_links":{"self":[{"href":"https:\/\/littleeater.eu\/lv\/wp-json\/wp\/v2\/product\/7945","targetHints":{"allow":["GET"]}}],"collection":[{"href":"https:\/\/littleeater.eu\/lv\/wp-json\/wp\/v2\/product"}],"about":[{"href":"https:\/\/littleeater.eu\/lv\/wp-json\/wp\/v2\/types\/product"}],"replies":[{"embeddable":true,"href":"https:\/\/littleeater.eu\/lv\/wp-json\/wp\/v2\/comments?post=7945"}],"wp:featuredmedia":[{"embeddable":true,"href":"https:\/\/littleeater.eu\/lv\/wp-json\/wp\/v2\/media\/7935"}],"wp:attachment":[{"href":"https:\/\/littleeater.eu\/lv\/wp-json\/wp\/v2\/media?parent=7945"}],"wp:term":[{"taxonomy":"product_brand","embeddable":true,"href":"https:\/\/littleeater.eu\/lv\/wp-json\/wp\/v2\/product_brand?post=7945"},{"taxonomy":"product_cat","embeddable":true,"href":"https:\/\/littleeater.eu\/lv\/wp-json\/wp\/v2\/product_cat?post=7945"},{"taxonomy":"product_tag","embeddable":true,"href":"https:\/\/littleeater.eu\/lv\/wp-json\/wp\/v2\/product_tag?post=7945"}],"curies":[{"name":"wp","href":"https:\/\/api.w.org\/{rel}","templated":true}]}}