{"id":7863,"date":"2023-11-15T13:00:22","date_gmt":"2023-11-15T11:00:22","guid":{"rendered":"https:\/\/littleeater.eu\/lv\/?post_type=product&#038;p=7863"},"modified":"2026-04-07T13:24:07","modified_gmt":"2026-04-07T11:24:07","slug":"little-eater-silikona-pieliposais-skivis-light-blue","status":"publish","type":"product","link":"https:\/\/littleeater.eu\/lv\/produkts\/little-eater-silikona-pieliposais-skivis-light-blue\/","title":{"rendered":"Little Eater Silikona pielipo\u0161ais \u0161\u0137\u012bvis Light Blue"},"content":{"rendered":"<h1>Little Eater &#8211; Silikona pielipo\u0161ais \u0161\u0137\u012bvis<\/h1>\n<h2>Silikona trauki b\u0113rniem<\/h2>\n<p>Kad ir pien\u0101cis laiks s\u0101kt piebarot mazuli, vec\u0101kiem rodas daudz jaut\u0101jumu: ar k\u0101du produktu s\u0101kt baro\u0161anu, cik daudz dot pirm\u0101s reiz\u0113s \u0113dienu un visbeidzot, k\u0101di <strong>b\u0113rnu trauki<\/strong> ir nepiecie\u0161ami?<\/p>\n<p>M\u0113s saprotam jauna posma s\u0101k\u0161anas nenoteikt\u012bbu un ba\u017eas, un m\u0113s jums pal\u012bdz\u0113sim ar vienu no \u0161iem jaut\u0101jumiem: k\u0101di <strong>b\u0113rnu trauki<\/strong> ir nepiecie\u0161ami? Little Eater<strong> silikona pielipo\u0161ais \u0161\u0137\u012bvis<\/strong> Light Blue &#8211; lieliska izv\u0113le b\u0113rna piebaro\u0161anai ar gabali\u0146iem (blw), biezeniem un citam \u0113dienam.<\/p>\n<p><strong>Silikona pielipoais \u0161\u0137\u012bvis<\/strong> lieliski piem\u0113rots da\u017e\u0101d\u0101m putr\u0101m, pank\u016bk\u0101m, saut\u0113jumiem un citiem \u0113dieniem. <strong>\u0160\u0137\u012bvis<\/strong> ir ar trim nodal\u012bjumiem, kas \u012bpa\u0161i noder\u0113s da\u017e\u0101du \u0113dienu atdal\u012b\u0161anai, kas var b\u016bt aktu\u0101li, iepaz\u012bstinot mazuli ar da\u017e\u0101d\u0101m gar\u0161\u0101m. Liel\u0101 nodal\u012bjuma ietilp\u012bba ir 300 ml, divi maz\u0101ki nodal\u012bjumi katrs ir 180 ml. Pie \u0161\u0137\u012bvja var pieska\u0146ot silikona priek\u0161auti\u0146u un b\u0113rnu kr\u016bz\u012bti.<\/p>\n<h2>Pielipo\u0161ie trauki b\u0113rniem<\/h2>\n<p><strong>Pielipo\u0161ie trauki b\u0113rniem<\/strong> ir lieliska izv\u0113le b\u0113rnam paaugot, kad par\u0101d\u0101s v\u0113lme \u0113st patst\u0101v\u012bgi. Stipra \u0161\u0137\u012bvja pielip\u0161ana garant\u0113s, ka \u0161\u0137\u012bvis nenon\u0101ks zem\u0113 un vec\u0101ki \u0161o visu m\u0113t\u0101\u0161anas posmu var\u0113s p\u0101rdz\u012bvot ar p\u0113c iesp\u0113jas maz\u0101kiem &#8220;zaud\u0113jumiem&#8221; \ud83d\ude42 Little Eater <strong>silikona pielipo\u0161ais \u0161\u0137\u012bvis<\/strong> Light Blue augs kop\u0101 ar b\u0113rnu un apmierin\u0101s da\u017e\u0101das vajadz\u012bbas, s\u0101kum\u0101 vec\u0101ki var pabarot b\u0113rnu no \u0161\u0137\u012bvja, v\u0113l\u0101k b\u0113rns var\u0113s \u0113st patst\u0101v\u012bgi. \u0160is \u0161\u0137\u012bvis ir lielisks risin\u0101jums, izv\u0113loties b\u0113rnu barot ar blw metodi.<\/p>\n<p><strong>L\u016bgums \u0146emt v\u0113r\u0101, ka pielipo\u0161ie trauki b\u0113rniem<\/strong> piel\u012bp tikai pie gludas, t\u012bras virsmas, pie koka virsmas var gr\u016bt\u0101k pielipt, pamatni var samitrin\u0101t, lai uzlabotu sa\u0137eri.<\/p>\n<p>\u012apa\u0161\u012bbas:<\/p>\n<ul>\n<li>Sast\u0101vs: 100% p\u0101rtikas kvalit\u0101tes silikons, atbilst Eiropas Savien\u012bbas standartam EN71, bez BPA, bez PVC, bez ftal\u0101tiem;<\/li>\n<li>Piem\u0113rots no 6 m\u0113ne\u0161iem;<\/li>\n<li>\u0160\u0137\u012bvja izm\u0113rs 20,5\u00d718,5x3cm, svars 315g, liel\u0101 nodal\u012bjuma tilpums 300 ml, maz\u0101ki nodal\u012bjumi 180 ml;<\/li>\n<li>Piem\u0113rota temperat\u016bra lieto\u0161anai no -40C l\u012bdz 240C, der dezinfekcijai verdo\u0161\u0101 \u016bden\u012b;<\/li>\n<li>Var mazg\u0101t trauku mazg\u0101jam\u0101 ma\u0161\u012bn\u0101, nelietot mazg\u0101\u0161anas \u0161\u0137idrumus ar sp\u0113c\u012bgu smaku, mazg\u0101t trauku mazg\u0101jam\u0101s ma\u0161\u012bnas aug\u0161\u0113j\u0101 plaukt\u0101;<\/li>\n<li>Var izmantot mikrovi\u013c\u0146u kr\u0101sn\u012b un cepe\u0161kr\u0101sn\u012b;<\/li>\n<\/ul>\n<p>Kop\u0161ana: <strong>Silikona trauki b\u0113rniem<\/strong>, izgatavoti no p\u0101rtikas silikona, nesatur BPA. \u0160\u0137\u012bvis piel\u012bp tikai pie gludas virsmas, var gr\u016bt\u0101k pielipt pie koka virsm\u0101m, samitriniet ar \u016bdeni, lai uzlabotu sa\u0137eri. Pirms \u0161\u0137\u012bvja lieto\u0161anas p\u0101rbaudiet, vai tas piel\u012bp pie kr\u0113sla vai galda. Pirms pirm\u0101s lieto\u0161anas labi nomazg\u0101jiet ar siltu ziepj\u016bdeni, noskalojiet. UZMAN\u012aBU! Lietojiet produktu tikai pieaugu\u0161o uzraudz\u012bb\u0101. P\u0101rbaudiet produktu pirms katras lieto\u0161anas reizes. Izmetiet, ja par\u0101d\u0101s pirm\u0101s boj\u0101juma vai nodiluma paz\u012bmes. Pirms pasnieg\u0161anas vienm\u0113r p\u0101rbaudiet \u0113diena temperat\u016bru. Piem\u0113rots mazg\u0101\u0161anai trauku mazg\u0101jamaj\u0101 ma\u0161\u012bn\u0101, bet iesak\u0101m mazg\u0101t ar rok\u0101m, neizmantot stipri smar\u017eojo\u0161us mazg\u0101\u0161anas l\u012bdzek\u013cus. Vienm\u0113r r\u016bp\u012bgi izskalojiet. Piem\u0113rots lieto\u0161anai mikrovi\u013c\u0146u kr\u0101sn\u012b.<\/p>\n","protected":false},"excerpt":{"rendered":"<p><strong>Pielipo\u0161ie trauki b\u0113rniem<\/strong> ir lieliska izv\u0113le b\u0113rnam paaugot, kad par\u0101d\u0101s v\u0113lme \u0113st patst\u0101v\u012bgi. Stipra \u0161\u0137\u012bvja pielip\u0161ana garant\u0113s, ka \u0161\u0137\u012bvis nenon\u0101ks zem\u0113 un vec\u0101ki \u0161o visu m\u0113t\u0101\u0161anas posmu var\u0113s p\u0101rdz\u012bvot ar p\u0113c iesp\u0113jas maz\u0101kiem &#8220;zaud\u0113jumiem&#8221; \ud83d\ude42<\/p>\n","protected":false},"featured_media":7986,"comment_status":"open","ping_status":"closed","template":"","meta":{"_acf_changed":false},"product_brand":[218],"product_cat":[194,34],"product_tag":[168],"class_list":{"0":"post-7863","1":"product","2":"type-product","3":"status-publish","4":"has-post-thumbnail","6":"product_brand-little-eater","7":"product_cat-davanu-idejas","8":"product_cat-silikona-trauki-berniem","9":"product_tag-promo","11":"first","12":"instock","13":"sale","14":"featured","15":"taxable","16":"shipping-taxable","17":"purchasable","18":"product-type-simple"},"acf":[],"yoast_head":"<!-- This site is optimized with the Yoast SEO plugin v27.4 - https:\/\/yoast.com\/product\/yoast-seo-wordpress\/ -->\n<title>Little eater: silikona trauki b\u0113niem | silikona pielipo\u0161ais \u0161\u0137\u012bvis<\/title>\n<meta name=\"description\" content=\"Silikona trauki b\u0113rniem - lieliska izv\u0113le piebaro\u0161anas s\u0101kumam. \u0160ie b\u0113rnu trauki ir dro\u0161i, iztur\u012bgi, viegli kopjami un praktiski.\" \/>\n<meta name=\"robots\" content=\"index, follow, max-snippet:-1, max-image-preview:large, max-video-preview:-1\" \/>\n<link rel=\"canonical\" href=\"https:\/\/littleeater.eu\/lv\/produkts\/little-eater-silikona-pieliposais-skivis-light-blue\/\" \/>\n<meta property=\"og:locale\" content=\"lv_LV\" \/>\n<meta property=\"og:type\" content=\"article\" \/>\n<meta property=\"og:title\" content=\"Little eater: silikona trauki b\u0113niem | silikona pielipo\u0161ais \u0161\u0137\u012bvis\" \/>\n<meta property=\"og:description\" content=\"Silikona trauki b\u0113rniem - lieliska izv\u0113le piebaro\u0161anas s\u0101kumam. \u0160ie b\u0113rnu trauki ir dro\u0161i, iztur\u012bgi, viegli kopjami un praktiski.\" \/>\n<meta property=\"og:url\" content=\"https:\/\/littleeater.eu\/lv\/produkts\/little-eater-silikona-pieliposais-skivis-light-blue\/\" \/>\n<meta property=\"og:site_name\" content=\"Little Eater (LV)\" \/>\n<meta property=\"article:modified_time\" content=\"2026-04-07T11:24:07+00:00\" \/>\n<meta property=\"og:image\" content=\"https:\/\/littleeater.eu\/lv\/wp-content\/uploads\/sites\/3\/2023\/11\/littleeater_silikoniniai_indai_vaikams_1-copy.png\" \/>\n\t<meta property=\"og:image:width\" content=\"407\" \/>\n\t<meta property=\"og:image:height\" content=\"350\" \/>\n\t<meta property=\"og:image:type\" content=\"image\/png\" \/>\n<meta name=\"twitter:card\" content=\"summary_large_image\" \/>\n<meta name=\"twitter:label1\" content=\"Est. reading time\" \/>\n\t<meta name=\"twitter:data1\" content=\"3 min\u016btes\" \/>\n<script type=\"application\/ld+json\" class=\"yoast-schema-graph\">{\"@context\":\"https:\\\/\\\/schema.org\",\"@graph\":[{\"@type\":\"WebPage\",\"@id\":\"https:\\\/\\\/littleeater.eu\\\/lv\\\/produkts\\\/little-eater-silikona-pieliposais-skivis-light-blue\\\/\",\"url\":\"https:\\\/\\\/littleeater.eu\\\/lv\\\/produkts\\\/little-eater-silikona-pieliposais-skivis-light-blue\\\/\",\"name\":\"Little eater: silikona trauki b\u0113niem | silikona pielipo\u0161ais \u0161\u0137\u012bvis\",\"isPartOf\":{\"@id\":\"https:\\\/\\\/littleeater.eu\\\/lv\\\/#website\"},\"primaryImageOfPage\":{\"@id\":\"https:\\\/\\\/littleeater.eu\\\/lv\\\/produkts\\\/little-eater-silikona-pieliposais-skivis-light-blue\\\/#primaryimage\"},\"image\":{\"@id\":\"https:\\\/\\\/littleeater.eu\\\/lv\\\/produkts\\\/little-eater-silikona-pieliposais-skivis-light-blue\\\/#primaryimage\"},\"thumbnailUrl\":\"https:\\\/\\\/littleeater.eu\\\/lv\\\/wp-content\\\/uploads\\\/sites\\\/3\\\/2023\\\/11\\\/littleeater_silikoniniai_indai_vaikams_1-copy.png\",\"datePublished\":\"2023-11-15T11:00:22+00:00\",\"dateModified\":\"2026-04-07T11:24:07+00:00\",\"description\":\"Silikona trauki b\u0113rniem - lieliska izv\u0113le piebaro\u0161anas s\u0101kumam. \u0160ie b\u0113rnu trauki ir dro\u0161i, iztur\u012bgi, viegli kopjami un praktiski.\",\"breadcrumb\":{\"@id\":\"https:\\\/\\\/littleeater.eu\\\/lv\\\/produkts\\\/little-eater-silikona-pieliposais-skivis-light-blue\\\/#breadcrumb\"},\"inLanguage\":\"lv-LV\",\"potentialAction\":[{\"@type\":\"ReadAction\",\"target\":[\"https:\\\/\\\/littleeater.eu\\\/lv\\\/produkts\\\/little-eater-silikona-pieliposais-skivis-light-blue\\\/\"]}]},{\"@type\":\"ImageObject\",\"inLanguage\":\"lv-LV\",\"@id\":\"https:\\\/\\\/littleeater.eu\\\/lv\\\/produkts\\\/little-eater-silikona-pieliposais-skivis-light-blue\\\/#primaryimage\",\"url\":\"https:\\\/\\\/littleeater.eu\\\/lv\\\/wp-content\\\/uploads\\\/sites\\\/3\\\/2023\\\/11\\\/littleeater_silikoniniai_indai_vaikams_1-copy.png\",\"contentUrl\":\"https:\\\/\\\/littleeater.eu\\\/lv\\\/wp-content\\\/uploads\\\/sites\\\/3\\\/2023\\\/11\\\/littleeater_silikoniniai_indai_vaikams_1-copy.png\",\"width\":407,\"height\":350,\"caption\":\"Little eater: silikona trauki b\u0113rniem | b\u0113rnu trauki | trauki b\u0113rniem | trauku komplekts b\u0113rniem\"},{\"@type\":\"BreadcrumbList\",\"@id\":\"https:\\\/\\\/littleeater.eu\\\/lv\\\/produkts\\\/little-eater-silikona-pieliposais-skivis-light-blue\\\/#breadcrumb\",\"itemListElement\":[{\"@type\":\"ListItem\",\"position\":1,\"name\":\"M\u0101jas\",\"item\":\"https:\\\/\\\/littleeater.eu\\\/lv\\\/\"},{\"@type\":\"ListItem\",\"position\":2,\"name\":\"Veikals\",\"item\":\"https:\\\/\\\/littleeater.eu\\\/lv\\\/veikals\\\/\"},{\"@type\":\"ListItem\",\"position\":3,\"name\":\"Little Eater Silikona pielipo\u0161ais \u0161\u0137\u012bvis Light Blue\"}]},{\"@type\":\"WebSite\",\"@id\":\"https:\\\/\\\/littleeater.eu\\\/lv\\\/#website\",\"url\":\"https:\\\/\\\/littleeater.eu\\\/lv\\\/\",\"name\":\"Little Eater (LV)\",\"description\":\"Little Eater\",\"publisher\":{\"@id\":\"https:\\\/\\\/littleeater.eu\\\/lv\\\/#organization\"},\"potentialAction\":[{\"@type\":\"SearchAction\",\"target\":{\"@type\":\"EntryPoint\",\"urlTemplate\":\"https:\\\/\\\/littleeater.eu\\\/lv\\\/?s={search_term_string}\"},\"query-input\":{\"@type\":\"PropertyValueSpecification\",\"valueRequired\":true,\"valueName\":\"search_term_string\"}}],\"inLanguage\":\"lv-LV\"},{\"@type\":\"Organization\",\"@id\":\"https:\\\/\\\/littleeater.eu\\\/lv\\\/#organization\",\"name\":\"Little Eater (LV)\",\"url\":\"https:\\\/\\\/littleeater.eu\\\/lv\\\/\",\"logo\":{\"@type\":\"ImageObject\",\"inLanguage\":\"lv-LV\",\"@id\":\"https:\\\/\\\/littleeater.eu\\\/lv\\\/#\\\/schema\\\/logo\\\/image\\\/\",\"url\":\"https:\\\/\\\/littleeater.eu\\\/lv\\\/wp-content\\\/uploads\\\/sites\\\/3\\\/2023\\\/05\\\/little-eater-logo.jpg\",\"contentUrl\":\"https:\\\/\\\/littleeater.eu\\\/lv\\\/wp-content\\\/uploads\\\/sites\\\/3\\\/2023\\\/05\\\/little-eater-logo.jpg\",\"width\":819,\"height\":810,\"caption\":\"Little Eater (LV)\"},\"image\":{\"@id\":\"https:\\\/\\\/littleeater.eu\\\/lv\\\/#\\\/schema\\\/logo\\\/image\\\/\"}}]}<\/script>\n<!-- \/ Yoast SEO plugin. -->","yoast_head_json":{"title":"Little eater: silikona trauki b\u0113niem | silikona pielipo\u0161ais \u0161\u0137\u012bvis","description":"Silikona trauki b\u0113rniem - lieliska izv\u0113le piebaro\u0161anas s\u0101kumam. \u0160ie b\u0113rnu trauki ir dro\u0161i, iztur\u012bgi, viegli kopjami un praktiski.","robots":{"index":"index","follow":"follow","max-snippet":"max-snippet:-1","max-image-preview":"max-image-preview:large","max-video-preview":"max-video-preview:-1"},"canonical":"https:\/\/littleeater.eu\/lv\/produkts\/little-eater-silikona-pieliposais-skivis-light-blue\/","og_locale":"lv_LV","og_type":"article","og_title":"Little eater: silikona trauki b\u0113niem | silikona pielipo\u0161ais \u0161\u0137\u012bvis","og_description":"Silikona trauki b\u0113rniem - lieliska izv\u0113le piebaro\u0161anas s\u0101kumam. \u0160ie b\u0113rnu trauki ir dro\u0161i, iztur\u012bgi, viegli kopjami un praktiski.","og_url":"https:\/\/littleeater.eu\/lv\/produkts\/little-eater-silikona-pieliposais-skivis-light-blue\/","og_site_name":"Little Eater (LV)","article_modified_time":"2026-04-07T11:24:07+00:00","og_image":[{"width":407,"height":350,"url":"https:\/\/littleeater.eu\/lv\/wp-content\/uploads\/sites\/3\/2023\/11\/littleeater_silikoniniai_indai_vaikams_1-copy.png","type":"image\/png"}],"twitter_card":"summary_large_image","twitter_misc":{"Est. reading time":"3 min\u016btes"},"schema":{"@context":"https:\/\/schema.org","@graph":[{"@type":"WebPage","@id":"https:\/\/littleeater.eu\/lv\/produkts\/little-eater-silikona-pieliposais-skivis-light-blue\/","url":"https:\/\/littleeater.eu\/lv\/produkts\/little-eater-silikona-pieliposais-skivis-light-blue\/","name":"Little eater: silikona trauki b\u0113niem | silikona pielipo\u0161ais \u0161\u0137\u012bvis","isPartOf":{"@id":"https:\/\/littleeater.eu\/lv\/#website"},"primaryImageOfPage":{"@id":"https:\/\/littleeater.eu\/lv\/produkts\/little-eater-silikona-pieliposais-skivis-light-blue\/#primaryimage"},"image":{"@id":"https:\/\/littleeater.eu\/lv\/produkts\/little-eater-silikona-pieliposais-skivis-light-blue\/#primaryimage"},"thumbnailUrl":"https:\/\/littleeater.eu\/lv\/wp-content\/uploads\/sites\/3\/2023\/11\/littleeater_silikoniniai_indai_vaikams_1-copy.png","datePublished":"2023-11-15T11:00:22+00:00","dateModified":"2026-04-07T11:24:07+00:00","description":"Silikona trauki b\u0113rniem - lieliska izv\u0113le piebaro\u0161anas s\u0101kumam. \u0160ie b\u0113rnu trauki ir dro\u0161i, iztur\u012bgi, viegli kopjami un praktiski.","breadcrumb":{"@id":"https:\/\/littleeater.eu\/lv\/produkts\/little-eater-silikona-pieliposais-skivis-light-blue\/#breadcrumb"},"inLanguage":"lv-LV","potentialAction":[{"@type":"ReadAction","target":["https:\/\/littleeater.eu\/lv\/produkts\/little-eater-silikona-pieliposais-skivis-light-blue\/"]}]},{"@type":"ImageObject","inLanguage":"lv-LV","@id":"https:\/\/littleeater.eu\/lv\/produkts\/little-eater-silikona-pieliposais-skivis-light-blue\/#primaryimage","url":"https:\/\/littleeater.eu\/lv\/wp-content\/uploads\/sites\/3\/2023\/11\/littleeater_silikoniniai_indai_vaikams_1-copy.png","contentUrl":"https:\/\/littleeater.eu\/lv\/wp-content\/uploads\/sites\/3\/2023\/11\/littleeater_silikoniniai_indai_vaikams_1-copy.png","width":407,"height":350,"caption":"Little eater: silikona trauki b\u0113rniem | b\u0113rnu trauki | trauki b\u0113rniem | trauku komplekts b\u0113rniem"},{"@type":"BreadcrumbList","@id":"https:\/\/littleeater.eu\/lv\/produkts\/little-eater-silikona-pieliposais-skivis-light-blue\/#breadcrumb","itemListElement":[{"@type":"ListItem","position":1,"name":"M\u0101jas","item":"https:\/\/littleeater.eu\/lv\/"},{"@type":"ListItem","position":2,"name":"Veikals","item":"https:\/\/littleeater.eu\/lv\/veikals\/"},{"@type":"ListItem","position":3,"name":"Little Eater Silikona pielipo\u0161ais \u0161\u0137\u012bvis Light Blue"}]},{"@type":"WebSite","@id":"https:\/\/littleeater.eu\/lv\/#website","url":"https:\/\/littleeater.eu\/lv\/","name":"Little Eater (LV)","description":"Little Eater","publisher":{"@id":"https:\/\/littleeater.eu\/lv\/#organization"},"potentialAction":[{"@type":"SearchAction","target":{"@type":"EntryPoint","urlTemplate":"https:\/\/littleeater.eu\/lv\/?s={search_term_string}"},"query-input":{"@type":"PropertyValueSpecification","valueRequired":true,"valueName":"search_term_string"}}],"inLanguage":"lv-LV"},{"@type":"Organization","@id":"https:\/\/littleeater.eu\/lv\/#organization","name":"Little Eater (LV)","url":"https:\/\/littleeater.eu\/lv\/","logo":{"@type":"ImageObject","inLanguage":"lv-LV","@id":"https:\/\/littleeater.eu\/lv\/#\/schema\/logo\/image\/","url":"https:\/\/littleeater.eu\/lv\/wp-content\/uploads\/sites\/3\/2023\/05\/little-eater-logo.jpg","contentUrl":"https:\/\/littleeater.eu\/lv\/wp-content\/uploads\/sites\/3\/2023\/05\/little-eater-logo.jpg","width":819,"height":810,"caption":"Little Eater (LV)"},"image":{"@id":"https:\/\/littleeater.eu\/lv\/#\/schema\/logo\/image\/"}}]}},"_links":{"self":[{"href":"https:\/\/littleeater.eu\/lv\/wp-json\/wp\/v2\/product\/7863","targetHints":{"allow":["GET"]}}],"collection":[{"href":"https:\/\/littleeater.eu\/lv\/wp-json\/wp\/v2\/product"}],"about":[{"href":"https:\/\/littleeater.eu\/lv\/wp-json\/wp\/v2\/types\/product"}],"replies":[{"embeddable":true,"href":"https:\/\/littleeater.eu\/lv\/wp-json\/wp\/v2\/comments?post=7863"}],"wp:featuredmedia":[{"embeddable":true,"href":"https:\/\/littleeater.eu\/lv\/wp-json\/wp\/v2\/media\/7986"}],"wp:attachment":[{"href":"https:\/\/littleeater.eu\/lv\/wp-json\/wp\/v2\/media?parent=7863"}],"wp:term":[{"taxonomy":"product_brand","embeddable":true,"href":"https:\/\/littleeater.eu\/lv\/wp-json\/wp\/v2\/product_brand?post=7863"},{"taxonomy":"product_cat","embeddable":true,"href":"https:\/\/littleeater.eu\/lv\/wp-json\/wp\/v2\/product_cat?post=7863"},{"taxonomy":"product_tag","embeddable":true,"href":"https:\/\/littleeater.eu\/lv\/wp-json\/wp\/v2\/product_tag?post=7863"}],"curies":[{"name":"wp","href":"https:\/\/api.w.org\/{rel}","templated":true}]}}