{"id":7104,"date":"2024-05-12T17:54:42","date_gmt":"2024-05-12T15:54:42","guid":{"rendered":"https:\/\/littleeater.eu\/lv\/?post_type=product&#038;p=7104"},"modified":"2026-05-02T19:34:46","modified_gmt":"2026-05-02T17:34:46","slug":"mushie-zobu-birste-zidainiem-soft-lilac-ivory-2-vnt","status":"publish","type":"product","link":"https:\/\/littleeater.eu\/lv\/produkts\/mushie-zobu-birste-zidainiem-soft-lilac-ivory-2-vnt\/","title":{"rendered":"Little Eater zobu birste z\u012bdai\u0146iem Pink\/Green 2 gab."},"content":{"rendered":"<h1>Little eater &#8211; zobu birste z\u012bdai\u0146iem<\/h1>\n<h2>Little eater zobu birste<\/h2>\n<p><strong>Zobu birste z\u012bdai\u0146iem<\/strong> &#8211; pal\u012bdz\u0113s not\u012br\u012bt mazu\u013ca pirmos zobus un veidot turpm\u0101kos zobu t\u012br\u012b\u0161anas paradumus. <strong>Little eater zobu birste<\/strong> \u00a0ir izgatavotas no 100% p\u0101rtikas kvalit\u0101tes silikona, bez BPA un \u0137\u012bmisk\u0101m viel\u0101m! <strong>Zobu birste z\u012bdai\u0146iem<\/strong> var izmantot zobu t\u012br\u012b\u0161anai, tam izmantot pusi ar gar\u0101kiem sariem un mas\u0113t smaganas pie zobu n\u0101k\u0161anas, tam izmantot otru pusi ar pumpi\u0146\u0101m.<\/p>\n<p>\u012apa\u0161\u012bbas:<\/p>\n<ul>\n<li>Izgatavots no 100% p\u0101rtikas kvalit\u0101tes silikona;<\/li>\n<li>bez BPA, BPS, PVC un ftal\u0101tiem;<\/li>\n<li>Birstes izm\u0113rs 3 x 3 x 5 cm;<\/li>\n<li>Kop\u0161ana: mazg\u0101t ar rok\u0101m ar siltu \u016bdeni;<\/li>\n<li>Komplekt\u0101 2gab.<\/li>\n<li>\u0160\u012b nav rota\u013clieta, izmantojiet k\u0101 paredz\u0113ts. Mainiet ik p\u0113c 2-3 m\u0113ne\u0161iem.<\/li>\n<\/ul>\n","protected":false},"excerpt":{"rendered":"<p><strong>Zobu birste z\u012bdai\u0146iem<\/strong> &#8211; pal\u012bdz\u0113s not\u012br\u012bt mazu\u013ca pirmos zobus un veidot turpm\u0101kos zobu t\u012br\u012b\u0161anas paradumus. <strong>Mushie zobu birste<\/strong> \u00a0ir izgatavotas no 100% p\u0101rtikas kvalit\u0101tes silikona, bez BPA un \u0137\u012bmisk\u0101m viel\u0101m! <strong>Zobu birste z\u012bdai\u0146iem<\/strong> var izmantot zobu t\u012br\u012b\u0161anai, tam izmantot pusi ar gar\u0101kiem sariem un mas\u0113t smaganas pie zobu n\u0101k\u0161anas, tam izmantot otru pusi ar pumpi\u0146\u0101m.<\/p>\n","protected":false},"featured_media":12361,"comment_status":"open","ping_status":"closed","template":"","meta":{"_acf_changed":false},"product_brand":[218],"product_cat":[132],"product_tag":[],"class_list":{"0":"post-7104","1":"product","2":"type-product","3":"status-publish","4":"has-post-thumbnail","6":"product_brand-little-eater","7":"product_cat-zobu-birstes-berniem","9":"first","10":"instock","11":"sale","12":"taxable","13":"shipping-taxable","14":"purchasable","15":"product-type-simple"},"acf":[],"yoast_head":"<!-- This site is optimized with the Yoast SEO plugin v27.4 - https:\/\/yoast.com\/product\/yoast-seo-wordpress\/ -->\n<title>Little eater: zobu birste z\u012bdainim | zobu birste<\/title>\n<meta name=\"description\" content=\"Zobu birste z\u012bdai\u0146iem - pal\u012bdz\u0113s not\u012br\u012bt mazu\u013ca pirmos zobus un veidot turpm\u0101kos zobu t\u012br\u012b\u0161anas paradumus. Izgatavotas no 100% p\u0101rtikas kvalit\u0101tes silikona\" \/>\n<meta name=\"robots\" content=\"index, follow, max-snippet:-1, max-image-preview:large, max-video-preview:-1\" \/>\n<link rel=\"canonical\" href=\"https:\/\/littleeater.eu\/lv\/produkts\/mushie-zobu-birste-zidainiem-soft-lilac-ivory-2-vnt\/\" \/>\n<meta property=\"og:locale\" content=\"lv_LV\" \/>\n<meta property=\"og:type\" content=\"article\" \/>\n<meta property=\"og:title\" content=\"Little eater: zobu birste z\u012bdainim | zobu birste\" \/>\n<meta property=\"og:description\" content=\"Zobu birste z\u012bdai\u0146iem - pal\u012bdz\u0113s not\u012br\u012bt mazu\u013ca pirmos zobus un veidot turpm\u0101kos zobu t\u012br\u012b\u0161anas paradumus. Izgatavotas no 100% p\u0101rtikas kvalit\u0101tes silikona\" \/>\n<meta property=\"og:url\" content=\"https:\/\/littleeater.eu\/lv\/produkts\/mushie-zobu-birste-zidainiem-soft-lilac-ivory-2-vnt\/\" \/>\n<meta property=\"og:site_name\" content=\"Little Eater (LV)\" \/>\n<meta property=\"article:modified_time\" content=\"2026-05-02T17:34:46+00:00\" \/>\n<meta property=\"og:image\" content=\"https:\/\/littleeater.eu\/lv\/wp-content\/uploads\/sites\/3\/2023\/10\/littleeater_dantu_sepetelis_kudikiams.png\" \/>\n\t<meta property=\"og:image:width\" content=\"1080\" \/>\n\t<meta property=\"og:image:height\" content=\"1080\" \/>\n\t<meta property=\"og:image:type\" content=\"image\/png\" \/>\n<meta name=\"twitter:card\" content=\"summary_large_image\" \/>\n<meta name=\"twitter:label1\" content=\"Est. reading time\" \/>\n\t<meta name=\"twitter:data1\" content=\"1 min\u016bte\" \/>\n<script type=\"application\/ld+json\" class=\"yoast-schema-graph\">{\"@context\":\"https:\\\/\\\/schema.org\",\"@graph\":[{\"@type\":\"WebPage\",\"@id\":\"https:\\\/\\\/littleeater.eu\\\/lv\\\/produkts\\\/mushie-zobu-birste-zidainiem-soft-lilac-ivory-2-vnt\\\/\",\"url\":\"https:\\\/\\\/littleeater.eu\\\/lv\\\/produkts\\\/mushie-zobu-birste-zidainiem-soft-lilac-ivory-2-vnt\\\/\",\"name\":\"Little eater: zobu birste z\u012bdainim | zobu birste\",\"isPartOf\":{\"@id\":\"https:\\\/\\\/littleeater.eu\\\/lv\\\/#website\"},\"primaryImageOfPage\":{\"@id\":\"https:\\\/\\\/littleeater.eu\\\/lv\\\/produkts\\\/mushie-zobu-birste-zidainiem-soft-lilac-ivory-2-vnt\\\/#primaryimage\"},\"image\":{\"@id\":\"https:\\\/\\\/littleeater.eu\\\/lv\\\/produkts\\\/mushie-zobu-birste-zidainiem-soft-lilac-ivory-2-vnt\\\/#primaryimage\"},\"thumbnailUrl\":\"https:\\\/\\\/littleeater.eu\\\/lv\\\/wp-content\\\/uploads\\\/sites\\\/3\\\/2023\\\/10\\\/littleeater_dantu_sepetelis_kudikiams.png\",\"datePublished\":\"2024-05-12T15:54:42+00:00\",\"dateModified\":\"2026-05-02T17:34:46+00:00\",\"description\":\"Zobu birste z\u012bdai\u0146iem - pal\u012bdz\u0113s not\u012br\u012bt mazu\u013ca pirmos zobus un veidot turpm\u0101kos zobu t\u012br\u012b\u0161anas paradumus. Izgatavotas no 100% p\u0101rtikas kvalit\u0101tes silikona\",\"breadcrumb\":{\"@id\":\"https:\\\/\\\/littleeater.eu\\\/lv\\\/produkts\\\/mushie-zobu-birste-zidainiem-soft-lilac-ivory-2-vnt\\\/#breadcrumb\"},\"inLanguage\":\"lv-LV\",\"potentialAction\":[{\"@type\":\"ReadAction\",\"target\":[\"https:\\\/\\\/littleeater.eu\\\/lv\\\/produkts\\\/mushie-zobu-birste-zidainiem-soft-lilac-ivory-2-vnt\\\/\"]}]},{\"@type\":\"ImageObject\",\"inLanguage\":\"lv-LV\",\"@id\":\"https:\\\/\\\/littleeater.eu\\\/lv\\\/produkts\\\/mushie-zobu-birste-zidainiem-soft-lilac-ivory-2-vnt\\\/#primaryimage\",\"url\":\"https:\\\/\\\/littleeater.eu\\\/lv\\\/wp-content\\\/uploads\\\/sites\\\/3\\\/2023\\\/10\\\/littleeater_dantu_sepetelis_kudikiams.png\",\"contentUrl\":\"https:\\\/\\\/littleeater.eu\\\/lv\\\/wp-content\\\/uploads\\\/sites\\\/3\\\/2023\\\/10\\\/littleeater_dantu_sepetelis_kudikiams.png\",\"width\":1080,\"height\":1080,\"caption\":\"Little eater: b\u0113rnu zobu birste | zobu birste z\u012bdainim | zobu birste b\u0113rniem | z\u012bdai\u0146u zobu birste | silikona zobu birste | mushie zobu birste| b\u0113rnu zobu birstes | zobu birstes b\u0113rniem\"},{\"@type\":\"BreadcrumbList\",\"@id\":\"https:\\\/\\\/littleeater.eu\\\/lv\\\/produkts\\\/mushie-zobu-birste-zidainiem-soft-lilac-ivory-2-vnt\\\/#breadcrumb\",\"itemListElement\":[{\"@type\":\"ListItem\",\"position\":1,\"name\":\"M\u0101jas\",\"item\":\"https:\\\/\\\/littleeater.eu\\\/lv\\\/\"},{\"@type\":\"ListItem\",\"position\":2,\"name\":\"Veikals\",\"item\":\"https:\\\/\\\/littleeater.eu\\\/lv\\\/veikals\\\/\"},{\"@type\":\"ListItem\",\"position\":3,\"name\":\"Little Eater zobu birste z\u012bdai\u0146iem Pink\\\/Green 2 gab.\"}]},{\"@type\":\"WebSite\",\"@id\":\"https:\\\/\\\/littleeater.eu\\\/lv\\\/#website\",\"url\":\"https:\\\/\\\/littleeater.eu\\\/lv\\\/\",\"name\":\"Little Eater (LV)\",\"description\":\"Little Eater\",\"publisher\":{\"@id\":\"https:\\\/\\\/littleeater.eu\\\/lv\\\/#organization\"},\"potentialAction\":[{\"@type\":\"SearchAction\",\"target\":{\"@type\":\"EntryPoint\",\"urlTemplate\":\"https:\\\/\\\/littleeater.eu\\\/lv\\\/?s={search_term_string}\"},\"query-input\":{\"@type\":\"PropertyValueSpecification\",\"valueRequired\":true,\"valueName\":\"search_term_string\"}}],\"inLanguage\":\"lv-LV\"},{\"@type\":\"Organization\",\"@id\":\"https:\\\/\\\/littleeater.eu\\\/lv\\\/#organization\",\"name\":\"Little Eater (LV)\",\"url\":\"https:\\\/\\\/littleeater.eu\\\/lv\\\/\",\"logo\":{\"@type\":\"ImageObject\",\"inLanguage\":\"lv-LV\",\"@id\":\"https:\\\/\\\/littleeater.eu\\\/lv\\\/#\\\/schema\\\/logo\\\/image\\\/\",\"url\":\"https:\\\/\\\/littleeater.eu\\\/lv\\\/wp-content\\\/uploads\\\/sites\\\/3\\\/2023\\\/05\\\/little-eater-logo.jpg\",\"contentUrl\":\"https:\\\/\\\/littleeater.eu\\\/lv\\\/wp-content\\\/uploads\\\/sites\\\/3\\\/2023\\\/05\\\/little-eater-logo.jpg\",\"width\":819,\"height\":810,\"caption\":\"Little Eater (LV)\"},\"image\":{\"@id\":\"https:\\\/\\\/littleeater.eu\\\/lv\\\/#\\\/schema\\\/logo\\\/image\\\/\"}}]}<\/script>\n<!-- \/ Yoast SEO plugin. -->","yoast_head_json":{"title":"Little eater: zobu birste z\u012bdainim | zobu birste","description":"Zobu birste z\u012bdai\u0146iem - pal\u012bdz\u0113s not\u012br\u012bt mazu\u013ca pirmos zobus un veidot turpm\u0101kos zobu t\u012br\u012b\u0161anas paradumus. Izgatavotas no 100% p\u0101rtikas kvalit\u0101tes silikona","robots":{"index":"index","follow":"follow","max-snippet":"max-snippet:-1","max-image-preview":"max-image-preview:large","max-video-preview":"max-video-preview:-1"},"canonical":"https:\/\/littleeater.eu\/lv\/produkts\/mushie-zobu-birste-zidainiem-soft-lilac-ivory-2-vnt\/","og_locale":"lv_LV","og_type":"article","og_title":"Little eater: zobu birste z\u012bdainim | zobu birste","og_description":"Zobu birste z\u012bdai\u0146iem - pal\u012bdz\u0113s not\u012br\u012bt mazu\u013ca pirmos zobus un veidot turpm\u0101kos zobu t\u012br\u012b\u0161anas paradumus. Izgatavotas no 100% p\u0101rtikas kvalit\u0101tes silikona","og_url":"https:\/\/littleeater.eu\/lv\/produkts\/mushie-zobu-birste-zidainiem-soft-lilac-ivory-2-vnt\/","og_site_name":"Little Eater (LV)","article_modified_time":"2026-05-02T17:34:46+00:00","og_image":[{"width":1080,"height":1080,"url":"https:\/\/littleeater.eu\/lv\/wp-content\/uploads\/sites\/3\/2023\/10\/littleeater_dantu_sepetelis_kudikiams.png","type":"image\/png"}],"twitter_card":"summary_large_image","twitter_misc":{"Est. reading time":"1 min\u016bte"},"schema":{"@context":"https:\/\/schema.org","@graph":[{"@type":"WebPage","@id":"https:\/\/littleeater.eu\/lv\/produkts\/mushie-zobu-birste-zidainiem-soft-lilac-ivory-2-vnt\/","url":"https:\/\/littleeater.eu\/lv\/produkts\/mushie-zobu-birste-zidainiem-soft-lilac-ivory-2-vnt\/","name":"Little eater: zobu birste z\u012bdainim | zobu birste","isPartOf":{"@id":"https:\/\/littleeater.eu\/lv\/#website"},"primaryImageOfPage":{"@id":"https:\/\/littleeater.eu\/lv\/produkts\/mushie-zobu-birste-zidainiem-soft-lilac-ivory-2-vnt\/#primaryimage"},"image":{"@id":"https:\/\/littleeater.eu\/lv\/produkts\/mushie-zobu-birste-zidainiem-soft-lilac-ivory-2-vnt\/#primaryimage"},"thumbnailUrl":"https:\/\/littleeater.eu\/lv\/wp-content\/uploads\/sites\/3\/2023\/10\/littleeater_dantu_sepetelis_kudikiams.png","datePublished":"2024-05-12T15:54:42+00:00","dateModified":"2026-05-02T17:34:46+00:00","description":"Zobu birste z\u012bdai\u0146iem - pal\u012bdz\u0113s not\u012br\u012bt mazu\u013ca pirmos zobus un veidot turpm\u0101kos zobu t\u012br\u012b\u0161anas paradumus. Izgatavotas no 100% p\u0101rtikas kvalit\u0101tes silikona","breadcrumb":{"@id":"https:\/\/littleeater.eu\/lv\/produkts\/mushie-zobu-birste-zidainiem-soft-lilac-ivory-2-vnt\/#breadcrumb"},"inLanguage":"lv-LV","potentialAction":[{"@type":"ReadAction","target":["https:\/\/littleeater.eu\/lv\/produkts\/mushie-zobu-birste-zidainiem-soft-lilac-ivory-2-vnt\/"]}]},{"@type":"ImageObject","inLanguage":"lv-LV","@id":"https:\/\/littleeater.eu\/lv\/produkts\/mushie-zobu-birste-zidainiem-soft-lilac-ivory-2-vnt\/#primaryimage","url":"https:\/\/littleeater.eu\/lv\/wp-content\/uploads\/sites\/3\/2023\/10\/littleeater_dantu_sepetelis_kudikiams.png","contentUrl":"https:\/\/littleeater.eu\/lv\/wp-content\/uploads\/sites\/3\/2023\/10\/littleeater_dantu_sepetelis_kudikiams.png","width":1080,"height":1080,"caption":"Little eater: b\u0113rnu zobu birste | zobu birste z\u012bdainim | zobu birste b\u0113rniem | z\u012bdai\u0146u zobu birste | silikona zobu birste | mushie zobu birste| b\u0113rnu zobu birstes | zobu birstes b\u0113rniem"},{"@type":"BreadcrumbList","@id":"https:\/\/littleeater.eu\/lv\/produkts\/mushie-zobu-birste-zidainiem-soft-lilac-ivory-2-vnt\/#breadcrumb","itemListElement":[{"@type":"ListItem","position":1,"name":"M\u0101jas","item":"https:\/\/littleeater.eu\/lv\/"},{"@type":"ListItem","position":2,"name":"Veikals","item":"https:\/\/littleeater.eu\/lv\/veikals\/"},{"@type":"ListItem","position":3,"name":"Little Eater zobu birste z\u012bdai\u0146iem Pink\/Green 2 gab."}]},{"@type":"WebSite","@id":"https:\/\/littleeater.eu\/lv\/#website","url":"https:\/\/littleeater.eu\/lv\/","name":"Little Eater (LV)","description":"Little Eater","publisher":{"@id":"https:\/\/littleeater.eu\/lv\/#organization"},"potentialAction":[{"@type":"SearchAction","target":{"@type":"EntryPoint","urlTemplate":"https:\/\/littleeater.eu\/lv\/?s={search_term_string}"},"query-input":{"@type":"PropertyValueSpecification","valueRequired":true,"valueName":"search_term_string"}}],"inLanguage":"lv-LV"},{"@type":"Organization","@id":"https:\/\/littleeater.eu\/lv\/#organization","name":"Little Eater (LV)","url":"https:\/\/littleeater.eu\/lv\/","logo":{"@type":"ImageObject","inLanguage":"lv-LV","@id":"https:\/\/littleeater.eu\/lv\/#\/schema\/logo\/image\/","url":"https:\/\/littleeater.eu\/lv\/wp-content\/uploads\/sites\/3\/2023\/05\/little-eater-logo.jpg","contentUrl":"https:\/\/littleeater.eu\/lv\/wp-content\/uploads\/sites\/3\/2023\/05\/little-eater-logo.jpg","width":819,"height":810,"caption":"Little Eater (LV)"},"image":{"@id":"https:\/\/littleeater.eu\/lv\/#\/schema\/logo\/image\/"}}]}},"_links":{"self":[{"href":"https:\/\/littleeater.eu\/lv\/wp-json\/wp\/v2\/product\/7104","targetHints":{"allow":["GET"]}}],"collection":[{"href":"https:\/\/littleeater.eu\/lv\/wp-json\/wp\/v2\/product"}],"about":[{"href":"https:\/\/littleeater.eu\/lv\/wp-json\/wp\/v2\/types\/product"}],"replies":[{"embeddable":true,"href":"https:\/\/littleeater.eu\/lv\/wp-json\/wp\/v2\/comments?post=7104"}],"wp:featuredmedia":[{"embeddable":true,"href":"https:\/\/littleeater.eu\/lv\/wp-json\/wp\/v2\/media\/12361"}],"wp:attachment":[{"href":"https:\/\/littleeater.eu\/lv\/wp-json\/wp\/v2\/media?parent=7104"}],"wp:term":[{"taxonomy":"product_brand","embeddable":true,"href":"https:\/\/littleeater.eu\/lv\/wp-json\/wp\/v2\/product_brand?post=7104"},{"taxonomy":"product_cat","embeddable":true,"href":"https:\/\/littleeater.eu\/lv\/wp-json\/wp\/v2\/product_cat?post=7104"},{"taxonomy":"product_tag","embeddable":true,"href":"https:\/\/littleeater.eu\/lv\/wp-json\/wp\/v2\/product_tag?post=7104"}],"curies":[{"name":"wp","href":"https:\/\/api.w.org\/{rel}","templated":true}]}}