{"id":7100,"date":"2023-10-12T17:21:34","date_gmt":"2023-10-12T15:21:34","guid":{"rendered":"https:\/\/littleeater.eu\/lv\/?post_type=product&#038;p=7100"},"modified":"2026-01-28T14:38:28","modified_gmt":"2026-01-28T12:38:28","slug":"mushie-silikona-zobgrauznis-rainbow-mauve","status":"publish","type":"product","link":"https:\/\/littleeater.eu\/lv\/produkts\/mushie-silikona-zobgrauznis-rainbow-mauve\/","title":{"rendered":"Mushie silikona zobgrauznis Rainbow &#8211; Mauve"},"content":{"rendered":"<div class=\"__fb-light-mode x1n2onr6\" role=\"row\">\n<div class=\"\">\n<div class=\"x78zum5 xdt5ytf x1n2onr6\" tabindex=\"0\" role=\"gridcell\" data-release-focus-from=\"CLICK\" data-scope=\"messages_table\">\n<div class=\"x78zum5\" role=\"none\">\n<div class=\"x78zum5 x1iyjqo2 xs83m0k xeuugli\" role=\"none\">\n<div class=\"x1h91t0o xkh2ocl x78zum5 xdt5ytf x13a6bvl xcrg951 x1r145dm\" role=\"none\">\n<div class=\"x78zum5 xh8yej3\" role=\"none\">\n<div class=\"x1cy8zhl x78zum5 xdt5ytf x193iq5w x1n2onr6\">\n<div class=\"x78zum5 xh8yej3\" role=\"none\">\n<div class=\"x1tlxs6b x1g8br2z x1gn5b1j x230xth x14ctfv x1okitfd x6ikm8r x10wlt62 x1mzt3pk x1y1aw1k xn6708d xwib8y2 x1ye3gou x1n2onr6 x13faqbe x1vjfegm\" role=\"none\">\n<div class=\"x9f619 x1n2onr6 x1ja2u2z __fb-light-mode\" role=\"none\">\n<h1 class=\"x6prxxf x1fc57z9 x1yc453h x126k92a xzsf02u\" dir=\"auto\" role=\"none\">Little Eater &#8211; Silikona zobgrauznis<\/h1>\n<h2 class=\"x6prxxf x1fc57z9 x1yc453h x126k92a xzsf02u\" dir=\"auto\" role=\"none\">Zobgrau\u017e\u0146i z\u012bdai\u0146iem<\/h2>\n<div dir=\"auto\" role=\"none\"><\/div>\n<div class=\"x6prxxf x1fc57z9 x1yc453h x126k92a xzsf02u\" dir=\"auto\" role=\"none\"><strong>Silikona zobgrauznis<\/strong> pal\u012bdz\u0113s nomierin\u0101t mazu\u013ca kairin\u0101t\u0101s smaganas. Mushie <strong>zobgrau\u017e\u0146i<\/strong> <strong>z\u012bdai\u0146iem<\/strong> ir izgatavoti no 100% netoksiska, p\u0101rtikas kvalit\u0101tes silikona un ir dro\u0161i lieto\u0161anai mazu\u013ciem. Mushie <strong>silikona zobgrauznis<\/strong> Rainbow &#8211; varav\u012bksnes formas un gar\u0161\u012bgas kr\u0101sas.<\/div>\n<div class=\"x6prxxf x1fc57z9 x1yc453h x126k92a xzsf02u\" dir=\"auto\" role=\"none\"><strong>Zobgrau\u017e\u0146i<\/strong> ir iesai\u0146otai skaist\u0101 iepakojum\u0101 &#8211; lieliska d\u0101vana raudz\u012bb\u0101s vai &#8220;baby shower&#8221; sv\u0113tkos.<\/div>\n<div dir=\"auto\" role=\"none\"><\/div>\n<div class=\"x6prxxf x1fc57z9 x1yc453h x126k92a xzsf02u\" dir=\"auto\" role=\"none\">\u012apa\u0161\u012bbas:<\/div>\n<ul>\n<li class=\"x6prxxf x1fc57z9 x1yc453h x126k92a xzsf02u\" dir=\"auto\" role=\"none\">Izgatavots no 100% p\u0101rtikas kvalit\u0101tes silikona;<\/li>\n<li class=\"x6prxxf x1fc57z9 x1yc453h x126k92a xzsf02u\" dir=\"auto\" role=\"none\">Bez BPA, BPS, PVC un ftal\u0101tiem;<\/li>\n<li class=\"x6prxxf x1fc57z9 x1yc453h x126k92a xzsf02u\" dir=\"auto\" role=\"none\">Izm\u0113ri ir 6,85 x 8,55 x 0,6 cm;<\/li>\n<li class=\"x6prxxf x1fc57z9 x1yc453h x126k92a xzsf02u\" dir=\"auto\" role=\"none\">Ieteicams no 3 m\u0113ne\u0161u vecuma;<\/li>\n<li class=\"x6prxxf x1fc57z9 x1yc453h x126k92a xzsf02u\" dir=\"auto\" role=\"none\">Pal\u012bdz att\u012bst\u012bt smalk\u0101s motorikas un sensor\u0101s prasmes;<\/li>\n<li class=\"x6prxxf x1fc57z9 x1yc453h x126k92a xzsf02u\" dir=\"auto\" role=\"none\">Var mazg\u0101t trauku mazg\u0101jam\u0101 ma\u0161\u012bn\u0101;<\/li>\n<li class=\"x6prxxf x1fc57z9 x1yc453h x126k92a xzsf02u\" dir=\"auto\" role=\"none\">Kop\u0161ana: Lai not\u012br\u012btu, nomazg\u0101jiet ar siltu, ziepj\u016bdeni un \u013caujiet no\u017e\u016bt.<\/li>\n<\/ul>\n<\/div>\n<\/div>\n<div class=\"x1h91t0o xkh2ocl x78zum5 xdt5ytf x13a6bvl x193iq5w x1iyjqo2 xcrg951\" role=\"none\">\n<div class=\"x1r8uery x1iyjqo2\" role=\"none\"><\/div>\n<\/div>\n<\/div>\n<\/div>\n<div class=\"x1h91t0o xkh2ocl x78zum5 xdt5ytf x13a6bvl x193iq5w x1iyjqo2 xcrg951\" role=\"none\">\n<div class=\"x1r8uery x1iyjqo2\" role=\"none\"><\/div>\n<\/div>\n<\/div>\n<\/div>\n<\/div>\n<\/div>\n<\/div>\n<\/div>\n<\/div>\n","protected":false},"excerpt":{"rendered":"<p><strong>Silikona zobgrauznis<\/strong> pal\u012bdz\u0113s nomierin\u0101t mazu\u013ca kairin\u0101t\u0101s smaganas. Mushie <strong>zobgrau\u017e\u0146i<\/strong> <strong>z\u012bdai\u0146iem<\/strong> ir izgatavoti no 100% netoksiska, p\u0101rtikas kvalit\u0101tes silikona un ir dro\u0161i lieto\u0161anai mazu\u013ciem. Mushie <strong>silikona zobgrauznis<\/strong> Rainbow &#8211; varav\u012bksnes formas un gar\u0161\u012bgas kr\u0101sas.<\/p>\n","protected":false},"featured_media":6936,"comment_status":"open","ping_status":"closed","template":"","meta":{"_acf_changed":false},"product_brand":[221],"product_cat":[131,194],"product_tag":[],"class_list":{"0":"post-7100","1":"product","2":"type-product","3":"status-publish","4":"has-post-thumbnail","6":"product_brand-mushie","7":"product_cat-bernu-rotallietas","8":"product_cat-davanu-idejas","10":"first","11":"instock","12":"sale","13":"taxable","14":"shipping-taxable","15":"purchasable","16":"product-type-simple"},"acf":[],"yoast_head":"<!-- This site is optimized with the Yoast SEO plugin v27.4 - https:\/\/yoast.com\/product\/yoast-seo-wordpress\/ -->\n<title>Little eater: silikona zobgrauznis | zobgrau\u017e\u0146i z\u012bdai\u0146iem<\/title>\n<meta name=\"description\" content=\"Silikona zobgrauznis pal\u012bdz\u0113s nomierin\u0101t mazu\u013ca kairin\u0101t\u0101s smaganas. Mushie zobgrau\u017e\u0146i z\u012bdai\u0146iem ir izgatavoti no 100% netoksiska silikona.\" \/>\n<meta name=\"robots\" content=\"index, follow, max-snippet:-1, max-image-preview:large, max-video-preview:-1\" \/>\n<link rel=\"canonical\" href=\"https:\/\/littleeater.eu\/lv\/produkts\/mushie-silikona-zobgrauznis-rainbow-mauve\/\" \/>\n<meta property=\"og:locale\" content=\"lv_LV\" \/>\n<meta property=\"og:type\" content=\"article\" \/>\n<meta property=\"og:title\" content=\"Little eater: silikona zobgrauznis | zobgrau\u017e\u0146i z\u012bdai\u0146iem\" \/>\n<meta property=\"og:description\" content=\"Silikona zobgrauznis pal\u012bdz\u0113s nomierin\u0101t mazu\u013ca kairin\u0101t\u0101s smaganas. Mushie zobgrau\u017e\u0146i z\u012bdai\u0146iem ir izgatavoti no 100% netoksiska silikona.\" \/>\n<meta property=\"og:url\" content=\"https:\/\/littleeater.eu\/lv\/produkts\/mushie-silikona-zobgrauznis-rainbow-mauve\/\" \/>\n<meta property=\"og:site_name\" content=\"Little Eater (LV)\" \/>\n<meta property=\"article:modified_time\" content=\"2026-01-28T12:38:28+00:00\" \/>\n<meta property=\"og:image\" content=\"https:\/\/littleeater.eu\/lv\/wp-content\/uploads\/sites\/3\/2023\/10\/littleeater_kramtukai_kudikiams_8.jpg\" \/>\n\t<meta property=\"og:image:width\" content=\"1128\" \/>\n\t<meta property=\"og:image:height\" content=\"1128\" \/>\n\t<meta property=\"og:image:type\" content=\"image\/jpeg\" \/>\n<meta name=\"twitter:card\" content=\"summary_large_image\" \/>\n<meta name=\"twitter:label1\" content=\"Est. reading time\" \/>\n\t<meta name=\"twitter:data1\" content=\"1 min\u016bte\" \/>\n<script type=\"application\/ld+json\" class=\"yoast-schema-graph\">{\"@context\":\"https:\\\/\\\/schema.org\",\"@graph\":[{\"@type\":\"WebPage\",\"@id\":\"https:\\\/\\\/littleeater.eu\\\/lv\\\/produkts\\\/mushie-silikona-zobgrauznis-rainbow-mauve\\\/\",\"url\":\"https:\\\/\\\/littleeater.eu\\\/lv\\\/produkts\\\/mushie-silikona-zobgrauznis-rainbow-mauve\\\/\",\"name\":\"Little eater: silikona zobgrauznis | zobgrau\u017e\u0146i z\u012bdai\u0146iem\",\"isPartOf\":{\"@id\":\"https:\\\/\\\/littleeater.eu\\\/lv\\\/#website\"},\"primaryImageOfPage\":{\"@id\":\"https:\\\/\\\/littleeater.eu\\\/lv\\\/produkts\\\/mushie-silikona-zobgrauznis-rainbow-mauve\\\/#primaryimage\"},\"image\":{\"@id\":\"https:\\\/\\\/littleeater.eu\\\/lv\\\/produkts\\\/mushie-silikona-zobgrauznis-rainbow-mauve\\\/#primaryimage\"},\"thumbnailUrl\":\"https:\\\/\\\/littleeater.eu\\\/lv\\\/wp-content\\\/uploads\\\/sites\\\/3\\\/2023\\\/10\\\/littleeater_kramtukai_kudikiams_8.jpg\",\"datePublished\":\"2023-10-12T15:21:34+00:00\",\"dateModified\":\"2026-01-28T12:38:28+00:00\",\"description\":\"Silikona zobgrauznis pal\u012bdz\u0113s nomierin\u0101t mazu\u013ca kairin\u0101t\u0101s smaganas. Mushie zobgrau\u017e\u0146i z\u012bdai\u0146iem ir izgatavoti no 100% netoksiska silikona.\",\"breadcrumb\":{\"@id\":\"https:\\\/\\\/littleeater.eu\\\/lv\\\/produkts\\\/mushie-silikona-zobgrauznis-rainbow-mauve\\\/#breadcrumb\"},\"inLanguage\":\"lv-LV\",\"potentialAction\":[{\"@type\":\"ReadAction\",\"target\":[\"https:\\\/\\\/littleeater.eu\\\/lv\\\/produkts\\\/mushie-silikona-zobgrauznis-rainbow-mauve\\\/\"]}]},{\"@type\":\"ImageObject\",\"inLanguage\":\"lv-LV\",\"@id\":\"https:\\\/\\\/littleeater.eu\\\/lv\\\/produkts\\\/mushie-silikona-zobgrauznis-rainbow-mauve\\\/#primaryimage\",\"url\":\"https:\\\/\\\/littleeater.eu\\\/lv\\\/wp-content\\\/uploads\\\/sites\\\/3\\\/2023\\\/10\\\/littleeater_kramtukai_kudikiams_8.jpg\",\"contentUrl\":\"https:\\\/\\\/littleeater.eu\\\/lv\\\/wp-content\\\/uploads\\\/sites\\\/3\\\/2023\\\/10\\\/littleeater_kramtukai_kudikiams_8.jpg\",\"width\":1128,\"height\":1128,\"caption\":\"Little eater: silikona zobgrauznis | zobgrau\u017e\u0146i z\u012bdai\u0146iem | Zobgrau\u017e\u0146i | grau\u017eam\u0101s rota\u013clietas | zobgrauznis\"},{\"@type\":\"BreadcrumbList\",\"@id\":\"https:\\\/\\\/littleeater.eu\\\/lv\\\/produkts\\\/mushie-silikona-zobgrauznis-rainbow-mauve\\\/#breadcrumb\",\"itemListElement\":[{\"@type\":\"ListItem\",\"position\":1,\"name\":\"M\u0101jas\",\"item\":\"https:\\\/\\\/littleeater.eu\\\/lv\\\/\"},{\"@type\":\"ListItem\",\"position\":2,\"name\":\"Veikals\",\"item\":\"https:\\\/\\\/littleeater.eu\\\/lv\\\/veikals\\\/\"},{\"@type\":\"ListItem\",\"position\":3,\"name\":\"Mushie silikona zobgrauznis Rainbow &#8211; Mauve\"}]},{\"@type\":\"WebSite\",\"@id\":\"https:\\\/\\\/littleeater.eu\\\/lv\\\/#website\",\"url\":\"https:\\\/\\\/littleeater.eu\\\/lv\\\/\",\"name\":\"Little Eater (LV)\",\"description\":\"Little Eater\",\"publisher\":{\"@id\":\"https:\\\/\\\/littleeater.eu\\\/lv\\\/#organization\"},\"potentialAction\":[{\"@type\":\"SearchAction\",\"target\":{\"@type\":\"EntryPoint\",\"urlTemplate\":\"https:\\\/\\\/littleeater.eu\\\/lv\\\/?s={search_term_string}\"},\"query-input\":{\"@type\":\"PropertyValueSpecification\",\"valueRequired\":true,\"valueName\":\"search_term_string\"}}],\"inLanguage\":\"lv-LV\"},{\"@type\":\"Organization\",\"@id\":\"https:\\\/\\\/littleeater.eu\\\/lv\\\/#organization\",\"name\":\"Little Eater (LV)\",\"url\":\"https:\\\/\\\/littleeater.eu\\\/lv\\\/\",\"logo\":{\"@type\":\"ImageObject\",\"inLanguage\":\"lv-LV\",\"@id\":\"https:\\\/\\\/littleeater.eu\\\/lv\\\/#\\\/schema\\\/logo\\\/image\\\/\",\"url\":\"https:\\\/\\\/littleeater.eu\\\/lv\\\/wp-content\\\/uploads\\\/sites\\\/3\\\/2023\\\/05\\\/little-eater-logo.jpg\",\"contentUrl\":\"https:\\\/\\\/littleeater.eu\\\/lv\\\/wp-content\\\/uploads\\\/sites\\\/3\\\/2023\\\/05\\\/little-eater-logo.jpg\",\"width\":819,\"height\":810,\"caption\":\"Little Eater (LV)\"},\"image\":{\"@id\":\"https:\\\/\\\/littleeater.eu\\\/lv\\\/#\\\/schema\\\/logo\\\/image\\\/\"}}]}<\/script>\n<!-- \/ Yoast SEO plugin. -->","yoast_head_json":{"title":"Little eater: silikona zobgrauznis | zobgrau\u017e\u0146i z\u012bdai\u0146iem","description":"Silikona zobgrauznis pal\u012bdz\u0113s nomierin\u0101t mazu\u013ca kairin\u0101t\u0101s smaganas. Mushie zobgrau\u017e\u0146i z\u012bdai\u0146iem ir izgatavoti no 100% netoksiska silikona.","robots":{"index":"index","follow":"follow","max-snippet":"max-snippet:-1","max-image-preview":"max-image-preview:large","max-video-preview":"max-video-preview:-1"},"canonical":"https:\/\/littleeater.eu\/lv\/produkts\/mushie-silikona-zobgrauznis-rainbow-mauve\/","og_locale":"lv_LV","og_type":"article","og_title":"Little eater: silikona zobgrauznis | zobgrau\u017e\u0146i z\u012bdai\u0146iem","og_description":"Silikona zobgrauznis pal\u012bdz\u0113s nomierin\u0101t mazu\u013ca kairin\u0101t\u0101s smaganas. Mushie zobgrau\u017e\u0146i z\u012bdai\u0146iem ir izgatavoti no 100% netoksiska silikona.","og_url":"https:\/\/littleeater.eu\/lv\/produkts\/mushie-silikona-zobgrauznis-rainbow-mauve\/","og_site_name":"Little Eater (LV)","article_modified_time":"2026-01-28T12:38:28+00:00","og_image":[{"width":1128,"height":1128,"url":"https:\/\/littleeater.eu\/lv\/wp-content\/uploads\/sites\/3\/2023\/10\/littleeater_kramtukai_kudikiams_8.jpg","type":"image\/jpeg"}],"twitter_card":"summary_large_image","twitter_misc":{"Est. reading time":"1 min\u016bte"},"schema":{"@context":"https:\/\/schema.org","@graph":[{"@type":"WebPage","@id":"https:\/\/littleeater.eu\/lv\/produkts\/mushie-silikona-zobgrauznis-rainbow-mauve\/","url":"https:\/\/littleeater.eu\/lv\/produkts\/mushie-silikona-zobgrauznis-rainbow-mauve\/","name":"Little eater: silikona zobgrauznis | zobgrau\u017e\u0146i z\u012bdai\u0146iem","isPartOf":{"@id":"https:\/\/littleeater.eu\/lv\/#website"},"primaryImageOfPage":{"@id":"https:\/\/littleeater.eu\/lv\/produkts\/mushie-silikona-zobgrauznis-rainbow-mauve\/#primaryimage"},"image":{"@id":"https:\/\/littleeater.eu\/lv\/produkts\/mushie-silikona-zobgrauznis-rainbow-mauve\/#primaryimage"},"thumbnailUrl":"https:\/\/littleeater.eu\/lv\/wp-content\/uploads\/sites\/3\/2023\/10\/littleeater_kramtukai_kudikiams_8.jpg","datePublished":"2023-10-12T15:21:34+00:00","dateModified":"2026-01-28T12:38:28+00:00","description":"Silikona zobgrauznis pal\u012bdz\u0113s nomierin\u0101t mazu\u013ca kairin\u0101t\u0101s smaganas. Mushie zobgrau\u017e\u0146i z\u012bdai\u0146iem ir izgatavoti no 100% netoksiska silikona.","breadcrumb":{"@id":"https:\/\/littleeater.eu\/lv\/produkts\/mushie-silikona-zobgrauznis-rainbow-mauve\/#breadcrumb"},"inLanguage":"lv-LV","potentialAction":[{"@type":"ReadAction","target":["https:\/\/littleeater.eu\/lv\/produkts\/mushie-silikona-zobgrauznis-rainbow-mauve\/"]}]},{"@type":"ImageObject","inLanguage":"lv-LV","@id":"https:\/\/littleeater.eu\/lv\/produkts\/mushie-silikona-zobgrauznis-rainbow-mauve\/#primaryimage","url":"https:\/\/littleeater.eu\/lv\/wp-content\/uploads\/sites\/3\/2023\/10\/littleeater_kramtukai_kudikiams_8.jpg","contentUrl":"https:\/\/littleeater.eu\/lv\/wp-content\/uploads\/sites\/3\/2023\/10\/littleeater_kramtukai_kudikiams_8.jpg","width":1128,"height":1128,"caption":"Little eater: silikona zobgrauznis | zobgrau\u017e\u0146i z\u012bdai\u0146iem | Zobgrau\u017e\u0146i | grau\u017eam\u0101s rota\u013clietas | zobgrauznis"},{"@type":"BreadcrumbList","@id":"https:\/\/littleeater.eu\/lv\/produkts\/mushie-silikona-zobgrauznis-rainbow-mauve\/#breadcrumb","itemListElement":[{"@type":"ListItem","position":1,"name":"M\u0101jas","item":"https:\/\/littleeater.eu\/lv\/"},{"@type":"ListItem","position":2,"name":"Veikals","item":"https:\/\/littleeater.eu\/lv\/veikals\/"},{"@type":"ListItem","position":3,"name":"Mushie silikona zobgrauznis Rainbow &#8211; Mauve"}]},{"@type":"WebSite","@id":"https:\/\/littleeater.eu\/lv\/#website","url":"https:\/\/littleeater.eu\/lv\/","name":"Little Eater (LV)","description":"Little Eater","publisher":{"@id":"https:\/\/littleeater.eu\/lv\/#organization"},"potentialAction":[{"@type":"SearchAction","target":{"@type":"EntryPoint","urlTemplate":"https:\/\/littleeater.eu\/lv\/?s={search_term_string}"},"query-input":{"@type":"PropertyValueSpecification","valueRequired":true,"valueName":"search_term_string"}}],"inLanguage":"lv-LV"},{"@type":"Organization","@id":"https:\/\/littleeater.eu\/lv\/#organization","name":"Little Eater (LV)","url":"https:\/\/littleeater.eu\/lv\/","logo":{"@type":"ImageObject","inLanguage":"lv-LV","@id":"https:\/\/littleeater.eu\/lv\/#\/schema\/logo\/image\/","url":"https:\/\/littleeater.eu\/lv\/wp-content\/uploads\/sites\/3\/2023\/05\/little-eater-logo.jpg","contentUrl":"https:\/\/littleeater.eu\/lv\/wp-content\/uploads\/sites\/3\/2023\/05\/little-eater-logo.jpg","width":819,"height":810,"caption":"Little Eater (LV)"},"image":{"@id":"https:\/\/littleeater.eu\/lv\/#\/schema\/logo\/image\/"}}]}},"_links":{"self":[{"href":"https:\/\/littleeater.eu\/lv\/wp-json\/wp\/v2\/product\/7100","targetHints":{"allow":["GET"]}}],"collection":[{"href":"https:\/\/littleeater.eu\/lv\/wp-json\/wp\/v2\/product"}],"about":[{"href":"https:\/\/littleeater.eu\/lv\/wp-json\/wp\/v2\/types\/product"}],"replies":[{"embeddable":true,"href":"https:\/\/littleeater.eu\/lv\/wp-json\/wp\/v2\/comments?post=7100"}],"wp:featuredmedia":[{"embeddable":true,"href":"https:\/\/littleeater.eu\/lv\/wp-json\/wp\/v2\/media\/6936"}],"wp:attachment":[{"href":"https:\/\/littleeater.eu\/lv\/wp-json\/wp\/v2\/media?parent=7100"}],"wp:term":[{"taxonomy":"product_brand","embeddable":true,"href":"https:\/\/littleeater.eu\/lv\/wp-json\/wp\/v2\/product_brand?post=7100"},{"taxonomy":"product_cat","embeddable":true,"href":"https:\/\/littleeater.eu\/lv\/wp-json\/wp\/v2\/product_cat?post=7100"},{"taxonomy":"product_tag","embeddable":true,"href":"https:\/\/littleeater.eu\/lv\/wp-json\/wp\/v2\/product_tag?post=7100"}],"curies":[{"name":"wp","href":"https:\/\/api.w.org\/{rel}","templated":true}]}}