{"id":7086,"date":"2023-10-11T20:29:24","date_gmt":"2023-10-11T18:29:24","guid":{"rendered":"https:\/\/littleeater.eu\/lv\/?post_type=product&#038;p=7086"},"modified":"2026-03-06T11:29:54","modified_gmt":"2026-03-06T09:29:54","slug":"nuuroo-bernu-trauku-komplekts-koala","status":"publish","type":"product","link":"https:\/\/littleeater.eu\/lv\/produkts\/nuuroo-bernu-trauku-komplekts-koala\/","title":{"rendered":"Nuuroo b\u0113rnu trauku komplekts Koala"},"content":{"rendered":"<h1>LITTLE EATER \u2013 B\u0113rnu trauku komplekts<\/h1>\n<h2>Silikona trauki b\u0113rniem<\/h2>\n<p>&nbsp;<\/p>\n<p class=\"tw-data-text tw-text-large tw-ta\" dir=\"ltr\" data-placeholder=\"Vertimas\">Nuuroo <strong>b\u0113rnu trauku komplekts<\/strong>\u00a0sast\u0101v no 3 da\u013c\u0101m: silikona \u0161\u0137\u012bvja, b\u013codas un kr\u016bz\u012btes &#8211; visas dekor\u0113tas ar m\u012b\u013ciem koalas mot\u012bviem. Viss <strong>b\u0113rnu trauku komplekts<\/strong> ir izgatavots no LFGB sertific\u0113ta silikona bez kait\u012bg\u0101m \u0137\u012bmisk\u0101m viel\u0101m. <strong>Silikona trauki b\u0113rniem<\/strong> ir m\u012bksti un praktiski, var mazgttrauku mazg\u0101jam\u0101 ma\u0161\u012bn\u0101 un nepl\u012bst, nokr\u012btot uz gr\u012bdas.<\/p>\n<p class=\"tw-data-text tw-text-large tw-ta\" dir=\"ltr\" data-placeholder=\"Vertimas\"><strong>B\u0113rnu trauku komplekts<\/strong> ir iepakots skaist\u0101 kast\u012bt\u0113, t\u0101 ir lieliska praktiska un noder\u012bga d\u0101vana raudz\u012bb\u0101s, krist\u012bb\u0101s, pirmaj\u0101 dzim\u0161anas dien\u0101 vai Ziemassv\u0113tkos.<\/p>\n<p class=\"tw-data-text tw-text-large tw-ta\" dir=\"ltr\" data-placeholder=\"Vertimas\">\u012apa\u0161\u012bbas:<\/p>\n<ul>\n<li class=\"tw-data-text tw-text-large tw-ta\" dir=\"ltr\" data-placeholder=\"Vertimas\">3 da\u013cu trauku komplekts;<\/li>\n<li class=\"tw-data-text tw-text-large tw-ta\" dir=\"ltr\" data-placeholder=\"Vertimas\">Materi\u0101ls: p\u0101rtikas silikons (LFGB); \u0160\u0137\u012bvis 17\u00d74 cm, b\u013coda 11,5\u00d74,5 cm, kr\u016bze 145 ml.<\/li>\n<li class=\"tw-data-text tw-text-large tw-ta\" dir=\"ltr\" data-placeholder=\"Vertimas\">Var mazg\u0101t trauku mazg\u0101jam\u0101 ma\u0161\u012bn\u0101, izmantot mazg\u0101\u0161anas l\u012bdzek\u013cus bez smar\u017eas vai v\u0101ji smar\u017eojo\u0161us;<\/li>\n<li class=\"tw-data-text tw-text-large tw-ta\" dir=\"ltr\" data-placeholder=\"Vertimas\">Var izmantot cepe\u0161kr\u0101sn\u012b, mikrovi\u013c\u0146u kr\u0101sn\u012b vai ledusskap\u012b;<\/li>\n<li class=\"tw-data-text tw-text-large tw-ta\" dir=\"ltr\" data-placeholder=\"Vertimas\">Br\u012bdin\u0101jums: lietojot produktus vai \u0161\u0137idrumus ar sp\u0113c\u012bg\u0101m kr\u0101sviel\u0101m, t\u0101s var ies\u016bkties traukos;<\/li>\n<li class=\"tw-data-text tw-text-large tw-ta\" dir=\"ltr\" data-placeholder=\"Vertimas\">Neizmantojiet asus priek\u0161metus uz trauku virsmas;<\/li>\n<li class=\"tw-data-text tw-text-large tw-ta\" dir=\"ltr\" data-placeholder=\"Vertimas\">Pirms pirm\u0101s lieto\u0161anas nomazg\u0101jiet ar siltu ziepj\u016bdeni un \u013caujiet no\u017e\u016bt, t\u0101l\u0101k ieverojiet to pa\u0161u kop\u0161anu.<\/li>\n<\/ul>\n","protected":false},"excerpt":{"rendered":"<p>Nuuroo <strong>b\u0113rnu trauku komplekts<\/strong>\u00a0sast\u0101v no 3 da\u013c\u0101m: silikona \u0161\u0137\u012bvja, b\u013codas un kr\u016bz\u012btes &#8211; visas dekor\u0113tas ar m\u012b\u013ciem koalas mot\u012bviem. Viss <strong>b\u0113rnu trauku komplekts<\/strong> ir izgatavots no LFGB sertific\u0113ta silikona bez kait\u012bg\u0101m \u0137\u012bmisk\u0101m viel\u0101m. <strong>Silikona trauki b\u0113rniem<\/strong> ir m\u012bksti un praktiski, var mazgttrauku mazg\u0101jam\u0101 ma\u0161\u012bn\u0101 un nepl\u012bst, nokr\u012btot uz gr\u012bdas.<\/p>\n","protected":false},"featured_media":7088,"comment_status":"open","ping_status":"closed","template":"","meta":{"_acf_changed":false},"product_brand":[222],"product_cat":[194,34],"product_tag":[],"class_list":{"0":"post-7086","1":"product","2":"type-product","3":"status-publish","4":"has-post-thumbnail","6":"product_brand-nuuroo","7":"product_cat-davanu-idejas","8":"product_cat-silikona-trauki-berniem","10":"first","11":"instock","12":"sale","13":"taxable","14":"shipping-taxable","15":"purchasable","16":"product-type-simple"},"acf":[],"yoast_head":"<!-- This site is optimized with the Yoast SEO plugin v27.4 - https:\/\/yoast.com\/product\/yoast-seo-wordpress\/ -->\n<title>Little eater: b\u0113rnu trauku komplekts | silikona trauki b\u0113rniem<\/title>\n<meta name=\"description\" content=\"Nuuroo b\u0113rnu trauku komplekts\u00a0sast\u0101v no 3 da\u013c\u0101m: silikona \u0161\u0137\u012bvja, b\u013codas un kr\u016bz\u012btes - visas dekor\u0113tas ar m\u012b\u013ciem koalas mot\u012bviem.\" \/>\n<meta name=\"robots\" content=\"index, follow, max-snippet:-1, max-image-preview:large, max-video-preview:-1\" \/>\n<link rel=\"canonical\" href=\"https:\/\/littleeater.eu\/lv\/produkts\/nuuroo-bernu-trauku-komplekts-koala\/\" \/>\n<meta property=\"og:locale\" content=\"lv_LV\" \/>\n<meta property=\"og:type\" content=\"article\" \/>\n<meta property=\"og:title\" content=\"Little eater: b\u0113rnu trauku komplekts | silikona trauki b\u0113rniem\" \/>\n<meta property=\"og:description\" content=\"Nuuroo b\u0113rnu trauku komplekts\u00a0sast\u0101v no 3 da\u013c\u0101m: silikona \u0161\u0137\u012bvja, b\u013codas un kr\u016bz\u012btes - visas dekor\u0113tas ar m\u012b\u013ciem koalas mot\u012bviem.\" \/>\n<meta property=\"og:url\" content=\"https:\/\/littleeater.eu\/lv\/produkts\/nuuroo-bernu-trauku-komplekts-koala\/\" \/>\n<meta property=\"og:site_name\" content=\"Little Eater (LV)\" \/>\n<meta property=\"article:modified_time\" content=\"2026-03-06T09:29:54+00:00\" \/>\n<meta property=\"og:image\" content=\"https:\/\/littleeater.eu\/lv\/wp-content\/uploads\/sites\/3\/2023\/10\/littleeater_indai_vaikams_2.jpg\" \/>\n\t<meta property=\"og:image:width\" content=\"1024\" \/>\n\t<meta property=\"og:image:height\" content=\"1024\" \/>\n\t<meta property=\"og:image:type\" content=\"image\/jpeg\" \/>\n<meta name=\"twitter:card\" content=\"summary_large_image\" \/>\n<meta name=\"twitter:label1\" content=\"Est. reading time\" \/>\n\t<meta name=\"twitter:data1\" content=\"1 min\u016bte\" \/>\n<script type=\"application\/ld+json\" class=\"yoast-schema-graph\">{\"@context\":\"https:\\\/\\\/schema.org\",\"@graph\":[{\"@type\":\"WebPage\",\"@id\":\"https:\\\/\\\/littleeater.eu\\\/lv\\\/produkts\\\/nuuroo-bernu-trauku-komplekts-koala\\\/\",\"url\":\"https:\\\/\\\/littleeater.eu\\\/lv\\\/produkts\\\/nuuroo-bernu-trauku-komplekts-koala\\\/\",\"name\":\"Little eater: b\u0113rnu trauku komplekts | silikona trauki b\u0113rniem\",\"isPartOf\":{\"@id\":\"https:\\\/\\\/littleeater.eu\\\/lv\\\/#website\"},\"primaryImageOfPage\":{\"@id\":\"https:\\\/\\\/littleeater.eu\\\/lv\\\/produkts\\\/nuuroo-bernu-trauku-komplekts-koala\\\/#primaryimage\"},\"image\":{\"@id\":\"https:\\\/\\\/littleeater.eu\\\/lv\\\/produkts\\\/nuuroo-bernu-trauku-komplekts-koala\\\/#primaryimage\"},\"thumbnailUrl\":\"https:\\\/\\\/littleeater.eu\\\/lv\\\/wp-content\\\/uploads\\\/sites\\\/3\\\/2023\\\/10\\\/littleeater_indai_vaikams_2.jpg\",\"datePublished\":\"2023-10-11T18:29:24+00:00\",\"dateModified\":\"2026-03-06T09:29:54+00:00\",\"description\":\"Nuuroo b\u0113rnu trauku komplekts\u00a0sast\u0101v no 3 da\u013c\u0101m: silikona \u0161\u0137\u012bvja, b\u013codas un kr\u016bz\u012btes - visas dekor\u0113tas ar m\u012b\u013ciem koalas mot\u012bviem.\",\"breadcrumb\":{\"@id\":\"https:\\\/\\\/littleeater.eu\\\/lv\\\/produkts\\\/nuuroo-bernu-trauku-komplekts-koala\\\/#breadcrumb\"},\"inLanguage\":\"lv-LV\",\"potentialAction\":[{\"@type\":\"ReadAction\",\"target\":[\"https:\\\/\\\/littleeater.eu\\\/lv\\\/produkts\\\/nuuroo-bernu-trauku-komplekts-koala\\\/\"]}]},{\"@type\":\"ImageObject\",\"inLanguage\":\"lv-LV\",\"@id\":\"https:\\\/\\\/littleeater.eu\\\/lv\\\/produkts\\\/nuuroo-bernu-trauku-komplekts-koala\\\/#primaryimage\",\"url\":\"https:\\\/\\\/littleeater.eu\\\/lv\\\/wp-content\\\/uploads\\\/sites\\\/3\\\/2023\\\/10\\\/littleeater_indai_vaikams_2.jpg\",\"contentUrl\":\"https:\\\/\\\/littleeater.eu\\\/lv\\\/wp-content\\\/uploads\\\/sites\\\/3\\\/2023\\\/10\\\/littleeater_indai_vaikams_2.jpg\",\"width\":1024,\"height\":1024,\"caption\":\"Little eater: silikona trauki b\u0113rniem | b\u0113rnu trauki | trauki b\u0113rniem | trauku komplekts b\u0113rniem\"},{\"@type\":\"BreadcrumbList\",\"@id\":\"https:\\\/\\\/littleeater.eu\\\/lv\\\/produkts\\\/nuuroo-bernu-trauku-komplekts-koala\\\/#breadcrumb\",\"itemListElement\":[{\"@type\":\"ListItem\",\"position\":1,\"name\":\"M\u0101jas\",\"item\":\"https:\\\/\\\/littleeater.eu\\\/lv\\\/\"},{\"@type\":\"ListItem\",\"position\":2,\"name\":\"Veikals\",\"item\":\"https:\\\/\\\/littleeater.eu\\\/lv\\\/veikals\\\/\"},{\"@type\":\"ListItem\",\"position\":3,\"name\":\"Nuuroo b\u0113rnu trauku komplekts Koala\"}]},{\"@type\":\"WebSite\",\"@id\":\"https:\\\/\\\/littleeater.eu\\\/lv\\\/#website\",\"url\":\"https:\\\/\\\/littleeater.eu\\\/lv\\\/\",\"name\":\"Little Eater (LV)\",\"description\":\"Little Eater\",\"publisher\":{\"@id\":\"https:\\\/\\\/littleeater.eu\\\/lv\\\/#organization\"},\"potentialAction\":[{\"@type\":\"SearchAction\",\"target\":{\"@type\":\"EntryPoint\",\"urlTemplate\":\"https:\\\/\\\/littleeater.eu\\\/lv\\\/?s={search_term_string}\"},\"query-input\":{\"@type\":\"PropertyValueSpecification\",\"valueRequired\":true,\"valueName\":\"search_term_string\"}}],\"inLanguage\":\"lv-LV\"},{\"@type\":\"Organization\",\"@id\":\"https:\\\/\\\/littleeater.eu\\\/lv\\\/#organization\",\"name\":\"Little Eater (LV)\",\"url\":\"https:\\\/\\\/littleeater.eu\\\/lv\\\/\",\"logo\":{\"@type\":\"ImageObject\",\"inLanguage\":\"lv-LV\",\"@id\":\"https:\\\/\\\/littleeater.eu\\\/lv\\\/#\\\/schema\\\/logo\\\/image\\\/\",\"url\":\"https:\\\/\\\/littleeater.eu\\\/lv\\\/wp-content\\\/uploads\\\/sites\\\/3\\\/2023\\\/05\\\/little-eater-logo.jpg\",\"contentUrl\":\"https:\\\/\\\/littleeater.eu\\\/lv\\\/wp-content\\\/uploads\\\/sites\\\/3\\\/2023\\\/05\\\/little-eater-logo.jpg\",\"width\":819,\"height\":810,\"caption\":\"Little Eater (LV)\"},\"image\":{\"@id\":\"https:\\\/\\\/littleeater.eu\\\/lv\\\/#\\\/schema\\\/logo\\\/image\\\/\"}}]}<\/script>\n<!-- \/ Yoast SEO plugin. -->","yoast_head_json":{"title":"Little eater: b\u0113rnu trauku komplekts | silikona trauki b\u0113rniem","description":"Nuuroo b\u0113rnu trauku komplekts\u00a0sast\u0101v no 3 da\u013c\u0101m: silikona \u0161\u0137\u012bvja, b\u013codas un kr\u016bz\u012btes - visas dekor\u0113tas ar m\u012b\u013ciem koalas mot\u012bviem.","robots":{"index":"index","follow":"follow","max-snippet":"max-snippet:-1","max-image-preview":"max-image-preview:large","max-video-preview":"max-video-preview:-1"},"canonical":"https:\/\/littleeater.eu\/lv\/produkts\/nuuroo-bernu-trauku-komplekts-koala\/","og_locale":"lv_LV","og_type":"article","og_title":"Little eater: b\u0113rnu trauku komplekts | silikona trauki b\u0113rniem","og_description":"Nuuroo b\u0113rnu trauku komplekts\u00a0sast\u0101v no 3 da\u013c\u0101m: silikona \u0161\u0137\u012bvja, b\u013codas un kr\u016bz\u012btes - visas dekor\u0113tas ar m\u012b\u013ciem koalas mot\u012bviem.","og_url":"https:\/\/littleeater.eu\/lv\/produkts\/nuuroo-bernu-trauku-komplekts-koala\/","og_site_name":"Little Eater (LV)","article_modified_time":"2026-03-06T09:29:54+00:00","og_image":[{"width":1024,"height":1024,"url":"https:\/\/littleeater.eu\/lv\/wp-content\/uploads\/sites\/3\/2023\/10\/littleeater_indai_vaikams_2.jpg","type":"image\/jpeg"}],"twitter_card":"summary_large_image","twitter_misc":{"Est. reading time":"1 min\u016bte"},"schema":{"@context":"https:\/\/schema.org","@graph":[{"@type":"WebPage","@id":"https:\/\/littleeater.eu\/lv\/produkts\/nuuroo-bernu-trauku-komplekts-koala\/","url":"https:\/\/littleeater.eu\/lv\/produkts\/nuuroo-bernu-trauku-komplekts-koala\/","name":"Little eater: b\u0113rnu trauku komplekts | silikona trauki b\u0113rniem","isPartOf":{"@id":"https:\/\/littleeater.eu\/lv\/#website"},"primaryImageOfPage":{"@id":"https:\/\/littleeater.eu\/lv\/produkts\/nuuroo-bernu-trauku-komplekts-koala\/#primaryimage"},"image":{"@id":"https:\/\/littleeater.eu\/lv\/produkts\/nuuroo-bernu-trauku-komplekts-koala\/#primaryimage"},"thumbnailUrl":"https:\/\/littleeater.eu\/lv\/wp-content\/uploads\/sites\/3\/2023\/10\/littleeater_indai_vaikams_2.jpg","datePublished":"2023-10-11T18:29:24+00:00","dateModified":"2026-03-06T09:29:54+00:00","description":"Nuuroo b\u0113rnu trauku komplekts\u00a0sast\u0101v no 3 da\u013c\u0101m: silikona \u0161\u0137\u012bvja, b\u013codas un kr\u016bz\u012btes - visas dekor\u0113tas ar m\u012b\u013ciem koalas mot\u012bviem.","breadcrumb":{"@id":"https:\/\/littleeater.eu\/lv\/produkts\/nuuroo-bernu-trauku-komplekts-koala\/#breadcrumb"},"inLanguage":"lv-LV","potentialAction":[{"@type":"ReadAction","target":["https:\/\/littleeater.eu\/lv\/produkts\/nuuroo-bernu-trauku-komplekts-koala\/"]}]},{"@type":"ImageObject","inLanguage":"lv-LV","@id":"https:\/\/littleeater.eu\/lv\/produkts\/nuuroo-bernu-trauku-komplekts-koala\/#primaryimage","url":"https:\/\/littleeater.eu\/lv\/wp-content\/uploads\/sites\/3\/2023\/10\/littleeater_indai_vaikams_2.jpg","contentUrl":"https:\/\/littleeater.eu\/lv\/wp-content\/uploads\/sites\/3\/2023\/10\/littleeater_indai_vaikams_2.jpg","width":1024,"height":1024,"caption":"Little eater: silikona trauki b\u0113rniem | b\u0113rnu trauki | trauki b\u0113rniem | trauku komplekts b\u0113rniem"},{"@type":"BreadcrumbList","@id":"https:\/\/littleeater.eu\/lv\/produkts\/nuuroo-bernu-trauku-komplekts-koala\/#breadcrumb","itemListElement":[{"@type":"ListItem","position":1,"name":"M\u0101jas","item":"https:\/\/littleeater.eu\/lv\/"},{"@type":"ListItem","position":2,"name":"Veikals","item":"https:\/\/littleeater.eu\/lv\/veikals\/"},{"@type":"ListItem","position":3,"name":"Nuuroo b\u0113rnu trauku komplekts Koala"}]},{"@type":"WebSite","@id":"https:\/\/littleeater.eu\/lv\/#website","url":"https:\/\/littleeater.eu\/lv\/","name":"Little Eater (LV)","description":"Little Eater","publisher":{"@id":"https:\/\/littleeater.eu\/lv\/#organization"},"potentialAction":[{"@type":"SearchAction","target":{"@type":"EntryPoint","urlTemplate":"https:\/\/littleeater.eu\/lv\/?s={search_term_string}"},"query-input":{"@type":"PropertyValueSpecification","valueRequired":true,"valueName":"search_term_string"}}],"inLanguage":"lv-LV"},{"@type":"Organization","@id":"https:\/\/littleeater.eu\/lv\/#organization","name":"Little Eater (LV)","url":"https:\/\/littleeater.eu\/lv\/","logo":{"@type":"ImageObject","inLanguage":"lv-LV","@id":"https:\/\/littleeater.eu\/lv\/#\/schema\/logo\/image\/","url":"https:\/\/littleeater.eu\/lv\/wp-content\/uploads\/sites\/3\/2023\/05\/little-eater-logo.jpg","contentUrl":"https:\/\/littleeater.eu\/lv\/wp-content\/uploads\/sites\/3\/2023\/05\/little-eater-logo.jpg","width":819,"height":810,"caption":"Little Eater (LV)"},"image":{"@id":"https:\/\/littleeater.eu\/lv\/#\/schema\/logo\/image\/"}}]}},"_links":{"self":[{"href":"https:\/\/littleeater.eu\/lv\/wp-json\/wp\/v2\/product\/7086","targetHints":{"allow":["GET"]}}],"collection":[{"href":"https:\/\/littleeater.eu\/lv\/wp-json\/wp\/v2\/product"}],"about":[{"href":"https:\/\/littleeater.eu\/lv\/wp-json\/wp\/v2\/types\/product"}],"replies":[{"embeddable":true,"href":"https:\/\/littleeater.eu\/lv\/wp-json\/wp\/v2\/comments?post=7086"}],"wp:featuredmedia":[{"embeddable":true,"href":"https:\/\/littleeater.eu\/lv\/wp-json\/wp\/v2\/media\/7088"}],"wp:attachment":[{"href":"https:\/\/littleeater.eu\/lv\/wp-json\/wp\/v2\/media?parent=7086"}],"wp:term":[{"taxonomy":"product_brand","embeddable":true,"href":"https:\/\/littleeater.eu\/lv\/wp-json\/wp\/v2\/product_brand?post=7086"},{"taxonomy":"product_cat","embeddable":true,"href":"https:\/\/littleeater.eu\/lv\/wp-json\/wp\/v2\/product_cat?post=7086"},{"taxonomy":"product_tag","embeddable":true,"href":"https:\/\/littleeater.eu\/lv\/wp-json\/wp\/v2\/product_tag?post=7086"}],"curies":[{"name":"wp","href":"https:\/\/api.w.org\/{rel}","templated":true}]}}