{"id":7008,"date":"2023-10-04T20:56:19","date_gmt":"2023-10-04T18:56:19","guid":{"rendered":"https:\/\/littleeater.eu\/lv\/?post_type=product&#038;p=7008"},"modified":"2025-12-18T19:33:19","modified_gmt":"2025-12-18T17:33:19","slug":"mushie-silikona-lacite-sunshine","status":"publish","type":"product","link":"https:\/\/littleeater.eu\/lv\/produkts\/mushie-silikona-lacite-sunshine\/","title":{"rendered":"Mushie silikona lac\u012bte Sunshine"},"content":{"rendered":"<div class=\"__fb-light-mode x1n2onr6\" role=\"row\">\n<div class=\"\">\n<div class=\"x78zum5 xdt5ytf x1n2onr6\" tabindex=\"0\" role=\"gridcell\" data-release-focus-from=\"CLICK\" data-scope=\"messages_table\">\n<div class=\"x78zum5\" role=\"none\">\n<div class=\"x78zum5 x1iyjqo2 xs83m0k xeuugli\" role=\"none\">\n<div class=\"x1h91t0o xkh2ocl x78zum5 xdt5ytf x13a6bvl xcrg951 x1r145dm\" role=\"none\">\n<div class=\"x78zum5 xh8yej3\" role=\"none\">\n<div class=\"x1cy8zhl x78zum5 xdt5ytf x193iq5w x1n2onr6\">\n<div class=\"x78zum5 xh8yej3\" role=\"none\">\n<div class=\"x1tlxs6b x1g8br2z x1gn5b1j x230xth x14ctfv x1okitfd x6ikm8r x10wlt62 x1mzt3pk x1y1aw1k xn6708d xwib8y2 x1ye3gou x1n2onr6 x13faqbe x1vjfegm\" role=\"none\">\n<div class=\"x9f619 x1n2onr6 x1ja2u2z __fb-light-mode\" role=\"none\">\n<h1 class=\"x6prxxf x1fc57z9 x1yc453h x126k92a xzsf02u\" dir=\"auto\" role=\"none\">LITTLE EATER &#8211; SILIKONA LAC\u012aTE<\/h1>\n<h2 class=\"x6prxxf x1fc57z9 x1yc453h x126k92a xzsf02u\" dir=\"auto\" role=\"none\">Lac\u012btes<\/h2>\n<div class=\"x6prxxf x1fc57z9 x1yc453h x126k92a xzsf02u\" dir=\"auto\" role=\"none\">Mushie <strong>silikona lac\u012bte<\/strong> ir izstr\u0101d\u0101ta t\u0101, lai malt\u012btes laik\u0101 neb\u016btu nek\u0101rt\u012bbas! <strong>Silikona lac\u012bte<\/strong> uztur\u0113s j\u016bsu mazuli un apk\u0101rt\u0113jo vidi t\u012bru: dzi\u013ca kabata uztvers pazaud\u0113to p\u0101rtiku un nov\u0113rs\u012bs net\u012brumu atra\u0161anos uz gr\u012bdas un mazu\u013ca dr\u0113b\u0113m. <strong>Priek\u0161auti\u0146i<\/strong> \u013cauj piel\u0101got izm\u0113ru \u0113rtai lieto\u0161anai.<\/div>\n<div class=\"x6prxxf x1fc57z9 x1yc453h x126k92a xzsf02u\" dir=\"auto\" role=\"none\">\u012apa\u0161\u012bbas:<\/div>\n<ul>\n<li class=\"x6prxxf x1fc57z9 x1yc453h x126k92a xzsf02u\" dir=\"auto\" role=\"none\">Izgatavots no 100% netoksiska, p\u0101rtikas kvalit\u0101tes silikona;<\/li>\n<li class=\"x6prxxf x1fc57z9 x1yc453h x126k92a xzsf02u\" dir=\"auto\" role=\"none\">Bez BPA, BPS, PVC un ftal\u0101tiem;<\/li>\n<li class=\"x6prxxf x1fc57z9 x1yc453h x126k92a xzsf02u\" dir=\"auto\" role=\"none\">Lielums 28 x 24 cm;<\/li>\n<li class=\"x6prxxf x1fc57z9 x1yc453h x126k92a xzsf02u\" dir=\"auto\" role=\"none\">Regul\u0113jams izm\u0113rs;<\/li>\n<li class=\"x6prxxf x1fc57z9 x1yc453h x126k92a xzsf02u\" dir=\"auto\" role=\"none\">Dzi\u013c\u0101 priek\u0161\u0113j\u0101 kabata ir lieliski piem\u0113rota \u0113diena uztver\u0161anai, mazu\u013ca un apk\u0101rtnes t\u012br\u012bbas uztur\u0113\u0161anai;<\/li>\n<li class=\"x6prxxf x1fc57z9 x1yc453h x126k92a xzsf02u\" dir=\"auto\" role=\"none\">Kop\u0161ana: viegli t\u012br\u0101ma, nomazg\u0101t ar siltu ziepj\u016bdeni un \u013caut no\u017e\u016bt;<\/li>\n<li class=\"x6prxxf x1fc57z9 x1yc453h x126k92a xzsf02u\" dir=\"auto\" role=\"none\">Lietojiet produktu tikai pieaugu\u0161o uzraudz\u012bb\u0101. P\u0101rbaudiet produktu pirms katras lieto\u0161anas reizes. Izmetiet, kad par\u0101d\u0101s pirm\u0101s boj\u0101juma vai nodiluma paz\u012bmes.<\/li>\n<\/ul>\n<\/div>\n<\/div>\n<div class=\"x1h91t0o xkh2ocl x78zum5 xdt5ytf x13a6bvl x193iq5w x1iyjqo2 xcrg951\" role=\"none\">\n<div class=\"x1r8uery x1iyjqo2\" role=\"none\"><\/div>\n<\/div>\n<\/div>\n<\/div>\n<\/div>\n<\/div>\n<\/div>\n<\/div>\n<\/div>\n<\/div>\n<\/div>\n<div class=\"__fb-light-mode x1n2onr6\" role=\"row\">\n<div class=\"\">\n<div class=\"x78zum5 xdt5ytf x1n2onr6\" tabindex=\"-1\" role=\"gridcell\" data-release-focus-from=\"CLICK\" data-scope=\"messages_table\">\n<div class=\"x78zum5\" role=\"none\">\n<div class=\"x78zum5 x1iyjqo2 xs83m0k xeuugli\" role=\"none\">\n<div class=\"x1h91t0o xkh2ocl x78zum5 xdt5ytf x13a6bvl xcrg951 x1r145dm\" role=\"none\">\n<div class=\"x78zum5 xh8yej3\" role=\"none\">\n<div class=\"x1cy8zhl x78zum5 xdt5ytf x193iq5w x1n2onr6\">\n<div class=\"x78zum5 xh8yej3\" role=\"none\">\n<div class=\"x1tlxs6b x1g8br2z x1gn5b1j x230xth x14ctfv x1okitfd x6ikm8r x10wlt62 x1mzt3pk x1y1aw1k xn6708d xwib8y2 x1ye3gou x1n2onr6 x13faqbe x1vjfegm\" role=\"none\">\n<div class=\"x9f619 x1n2onr6 x1ja2u2z __fb-light-mode\" role=\"none\"><\/div>\n<\/div>\n<\/div>\n<\/div>\n<\/div>\n<\/div>\n<\/div>\n<\/div>\n<\/div>\n<\/div>\n<\/div>\n","protected":false},"excerpt":{"rendered":"<p>Mushie <strong>silikona lac\u012bte<\/strong> ir izstr\u0101d\u0101ta t\u0101, lai malt\u012btes laik\u0101 neb\u016btu nek\u0101rt\u012bbas! <strong>Silikona lac\u012bte<\/strong> uztur\u0113s j\u016bsu mazuli un apk\u0101rt\u0113jo vidi t\u012bru: dzi\u013ca kabata uztvers pazaud\u0113to p\u0101rtiku un nov\u0113rs\u012bs net\u012brumu atra\u0161anos uz gr\u012bdas un mazu\u013ca dr\u0113b\u0113m. <strong>Priek\u0161auti\u0146i<\/strong> \u013cauj piel\u0101got izm\u0113ru \u0113rtai lieto\u0161anai.<\/p>\n","protected":false},"featured_media":6977,"comment_status":"open","ping_status":"closed","template":"","meta":{"_acf_changed":false},"product_brand":[221],"product_cat":[194,27],"product_tag":[],"class_list":{"0":"post-7008","1":"product","2":"type-product","3":"status-publish","4":"has-post-thumbnail","6":"product_brand-mushie","7":"product_cat-davanu-idejas","8":"product_cat-prieksautini","10":"first","11":"instock","12":"sale","13":"taxable","14":"shipping-taxable","15":"purchasable","16":"product-type-simple"},"acf":[],"yoast_head":"<!-- This site is optimized with the Yoast SEO plugin v27.4 - https:\/\/yoast.com\/product\/yoast-seo-wordpress\/ -->\n<title>Little eater: silikona lac\u012bte | lac\u012bte | lac\u012btes | lac\u012btes b\u0113rniem<\/title>\n<meta name=\"description\" content=\"Priek\u0161auti\u0146i ir veidoti t\u0101, lai b\u016btu maksim\u0101li \u0113rti b\u0113rniem: izgatavots no \u012bpa\u0161i m\u012bksta p\u0101rtikas silikona.Priek\u0161auti\u0146\u0161 ir piem\u0113rots lieto\u0161anai no 6 m\u0113ne\u0161iem\" \/>\n<meta name=\"robots\" content=\"index, follow, max-snippet:-1, max-image-preview:large, max-video-preview:-1\" \/>\n<link rel=\"canonical\" href=\"https:\/\/littleeater.eu\/lv\/produkts\/mushie-silikona-lacite-sunshine\/\" \/>\n<meta property=\"og:locale\" content=\"lv_LV\" \/>\n<meta property=\"og:type\" content=\"article\" \/>\n<meta property=\"og:title\" content=\"Little eater: silikona lac\u012bte | lac\u012bte | lac\u012btes | lac\u012btes b\u0113rniem\" \/>\n<meta property=\"og:description\" content=\"Priek\u0161auti\u0146i ir veidoti t\u0101, lai b\u016btu maksim\u0101li \u0113rti b\u0113rniem: izgatavots no \u012bpa\u0161i m\u012bksta p\u0101rtikas silikona.Priek\u0161auti\u0146\u0161 ir piem\u0113rots lieto\u0161anai no 6 m\u0113ne\u0161iem\" \/>\n<meta property=\"og:url\" content=\"https:\/\/littleeater.eu\/lv\/produkts\/mushie-silikona-lacite-sunshine\/\" \/>\n<meta property=\"og:site_name\" content=\"Little Eater (LV)\" \/>\n<meta property=\"article:modified_time\" content=\"2025-12-18T17:33:19+00:00\" \/>\n<meta property=\"og:image\" content=\"https:\/\/littleeater.eu\/lv\/wp-content\/uploads\/sites\/3\/2023\/10\/littleeater_silikoninis_seilinukas_2.jpg\" \/>\n\t<meta property=\"og:image:width\" content=\"1128\" \/>\n\t<meta property=\"og:image:height\" content=\"1128\" \/>\n\t<meta property=\"og:image:type\" content=\"image\/jpeg\" \/>\n<meta name=\"twitter:card\" content=\"summary_large_image\" \/>\n<meta name=\"twitter:label1\" content=\"Est. reading time\" \/>\n\t<meta name=\"twitter:data1\" content=\"1 min\u016bte\" \/>\n<script type=\"application\/ld+json\" class=\"yoast-schema-graph\">{\"@context\":\"https:\\\/\\\/schema.org\",\"@graph\":[{\"@type\":\"WebPage\",\"@id\":\"https:\\\/\\\/littleeater.eu\\\/lv\\\/produkts\\\/mushie-silikona-lacite-sunshine\\\/\",\"url\":\"https:\\\/\\\/littleeater.eu\\\/lv\\\/produkts\\\/mushie-silikona-lacite-sunshine\\\/\",\"name\":\"Little eater: silikona lac\u012bte | lac\u012bte | lac\u012btes | lac\u012btes b\u0113rniem\",\"isPartOf\":{\"@id\":\"https:\\\/\\\/littleeater.eu\\\/lv\\\/#website\"},\"primaryImageOfPage\":{\"@id\":\"https:\\\/\\\/littleeater.eu\\\/lv\\\/produkts\\\/mushie-silikona-lacite-sunshine\\\/#primaryimage\"},\"image\":{\"@id\":\"https:\\\/\\\/littleeater.eu\\\/lv\\\/produkts\\\/mushie-silikona-lacite-sunshine\\\/#primaryimage\"},\"thumbnailUrl\":\"https:\\\/\\\/littleeater.eu\\\/lv\\\/wp-content\\\/uploads\\\/sites\\\/3\\\/2023\\\/10\\\/littleeater_silikoninis_seilinukas_2.jpg\",\"datePublished\":\"2023-10-04T18:56:19+00:00\",\"dateModified\":\"2025-12-18T17:33:19+00:00\",\"description\":\"Priek\u0161auti\u0146i ir veidoti t\u0101, lai b\u016btu maksim\u0101li \u0113rti b\u0113rniem: izgatavots no \u012bpa\u0161i m\u012bksta p\u0101rtikas silikona.Priek\u0161auti\u0146\u0161 ir piem\u0113rots lieto\u0161anai no 6 m\u0113ne\u0161iem\",\"breadcrumb\":{\"@id\":\"https:\\\/\\\/littleeater.eu\\\/lv\\\/produkts\\\/mushie-silikona-lacite-sunshine\\\/#breadcrumb\"},\"inLanguage\":\"lv-LV\",\"potentialAction\":[{\"@type\":\"ReadAction\",\"target\":[\"https:\\\/\\\/littleeater.eu\\\/lv\\\/produkts\\\/mushie-silikona-lacite-sunshine\\\/\"]}]},{\"@type\":\"ImageObject\",\"inLanguage\":\"lv-LV\",\"@id\":\"https:\\\/\\\/littleeater.eu\\\/lv\\\/produkts\\\/mushie-silikona-lacite-sunshine\\\/#primaryimage\",\"url\":\"https:\\\/\\\/littleeater.eu\\\/lv\\\/wp-content\\\/uploads\\\/sites\\\/3\\\/2023\\\/10\\\/littleeater_silikoninis_seilinukas_2.jpg\",\"contentUrl\":\"https:\\\/\\\/littleeater.eu\\\/lv\\\/wp-content\\\/uploads\\\/sites\\\/3\\\/2023\\\/10\\\/littleeater_silikoninis_seilinukas_2.jpg\",\"width\":1128,\"height\":1128,\"caption\":\"Little eater: b\u0113rnu priek\u0161auti\u0146i | lac\u012bte | lac\u012btes | lac\u012btes b\u0113rniem\"},{\"@type\":\"BreadcrumbList\",\"@id\":\"https:\\\/\\\/littleeater.eu\\\/lv\\\/produkts\\\/mushie-silikona-lacite-sunshine\\\/#breadcrumb\",\"itemListElement\":[{\"@type\":\"ListItem\",\"position\":1,\"name\":\"M\u0101jas\",\"item\":\"https:\\\/\\\/littleeater.eu\\\/lv\\\/\"},{\"@type\":\"ListItem\",\"position\":2,\"name\":\"Veikals\",\"item\":\"https:\\\/\\\/littleeater.eu\\\/lv\\\/veikals\\\/\"},{\"@type\":\"ListItem\",\"position\":3,\"name\":\"Mushie silikona lac\u012bte Sunshine\"}]},{\"@type\":\"WebSite\",\"@id\":\"https:\\\/\\\/littleeater.eu\\\/lv\\\/#website\",\"url\":\"https:\\\/\\\/littleeater.eu\\\/lv\\\/\",\"name\":\"Little Eater (LV)\",\"description\":\"Little Eater\",\"publisher\":{\"@id\":\"https:\\\/\\\/littleeater.eu\\\/lv\\\/#organization\"},\"potentialAction\":[{\"@type\":\"SearchAction\",\"target\":{\"@type\":\"EntryPoint\",\"urlTemplate\":\"https:\\\/\\\/littleeater.eu\\\/lv\\\/?s={search_term_string}\"},\"query-input\":{\"@type\":\"PropertyValueSpecification\",\"valueRequired\":true,\"valueName\":\"search_term_string\"}}],\"inLanguage\":\"lv-LV\"},{\"@type\":\"Organization\",\"@id\":\"https:\\\/\\\/littleeater.eu\\\/lv\\\/#organization\",\"name\":\"Little Eater (LV)\",\"url\":\"https:\\\/\\\/littleeater.eu\\\/lv\\\/\",\"logo\":{\"@type\":\"ImageObject\",\"inLanguage\":\"lv-LV\",\"@id\":\"https:\\\/\\\/littleeater.eu\\\/lv\\\/#\\\/schema\\\/logo\\\/image\\\/\",\"url\":\"https:\\\/\\\/littleeater.eu\\\/lv\\\/wp-content\\\/uploads\\\/sites\\\/3\\\/2023\\\/05\\\/little-eater-logo.jpg\",\"contentUrl\":\"https:\\\/\\\/littleeater.eu\\\/lv\\\/wp-content\\\/uploads\\\/sites\\\/3\\\/2023\\\/05\\\/little-eater-logo.jpg\",\"width\":819,\"height\":810,\"caption\":\"Little Eater (LV)\"},\"image\":{\"@id\":\"https:\\\/\\\/littleeater.eu\\\/lv\\\/#\\\/schema\\\/logo\\\/image\\\/\"}}]}<\/script>\n<!-- \/ Yoast SEO plugin. -->","yoast_head_json":{"title":"Little eater: silikona lac\u012bte | lac\u012bte | lac\u012btes | lac\u012btes b\u0113rniem","description":"Priek\u0161auti\u0146i ir veidoti t\u0101, lai b\u016btu maksim\u0101li \u0113rti b\u0113rniem: izgatavots no \u012bpa\u0161i m\u012bksta p\u0101rtikas silikona.Priek\u0161auti\u0146\u0161 ir piem\u0113rots lieto\u0161anai no 6 m\u0113ne\u0161iem","robots":{"index":"index","follow":"follow","max-snippet":"max-snippet:-1","max-image-preview":"max-image-preview:large","max-video-preview":"max-video-preview:-1"},"canonical":"https:\/\/littleeater.eu\/lv\/produkts\/mushie-silikona-lacite-sunshine\/","og_locale":"lv_LV","og_type":"article","og_title":"Little eater: silikona lac\u012bte | lac\u012bte | lac\u012btes | lac\u012btes b\u0113rniem","og_description":"Priek\u0161auti\u0146i ir veidoti t\u0101, lai b\u016btu maksim\u0101li \u0113rti b\u0113rniem: izgatavots no \u012bpa\u0161i m\u012bksta p\u0101rtikas silikona.Priek\u0161auti\u0146\u0161 ir piem\u0113rots lieto\u0161anai no 6 m\u0113ne\u0161iem","og_url":"https:\/\/littleeater.eu\/lv\/produkts\/mushie-silikona-lacite-sunshine\/","og_site_name":"Little Eater (LV)","article_modified_time":"2025-12-18T17:33:19+00:00","og_image":[{"width":1128,"height":1128,"url":"https:\/\/littleeater.eu\/lv\/wp-content\/uploads\/sites\/3\/2023\/10\/littleeater_silikoninis_seilinukas_2.jpg","type":"image\/jpeg"}],"twitter_card":"summary_large_image","twitter_misc":{"Est. reading time":"1 min\u016bte"},"schema":{"@context":"https:\/\/schema.org","@graph":[{"@type":"WebPage","@id":"https:\/\/littleeater.eu\/lv\/produkts\/mushie-silikona-lacite-sunshine\/","url":"https:\/\/littleeater.eu\/lv\/produkts\/mushie-silikona-lacite-sunshine\/","name":"Little eater: silikona lac\u012bte | lac\u012bte | lac\u012btes | lac\u012btes b\u0113rniem","isPartOf":{"@id":"https:\/\/littleeater.eu\/lv\/#website"},"primaryImageOfPage":{"@id":"https:\/\/littleeater.eu\/lv\/produkts\/mushie-silikona-lacite-sunshine\/#primaryimage"},"image":{"@id":"https:\/\/littleeater.eu\/lv\/produkts\/mushie-silikona-lacite-sunshine\/#primaryimage"},"thumbnailUrl":"https:\/\/littleeater.eu\/lv\/wp-content\/uploads\/sites\/3\/2023\/10\/littleeater_silikoninis_seilinukas_2.jpg","datePublished":"2023-10-04T18:56:19+00:00","dateModified":"2025-12-18T17:33:19+00:00","description":"Priek\u0161auti\u0146i ir veidoti t\u0101, lai b\u016btu maksim\u0101li \u0113rti b\u0113rniem: izgatavots no \u012bpa\u0161i m\u012bksta p\u0101rtikas silikona.Priek\u0161auti\u0146\u0161 ir piem\u0113rots lieto\u0161anai no 6 m\u0113ne\u0161iem","breadcrumb":{"@id":"https:\/\/littleeater.eu\/lv\/produkts\/mushie-silikona-lacite-sunshine\/#breadcrumb"},"inLanguage":"lv-LV","potentialAction":[{"@type":"ReadAction","target":["https:\/\/littleeater.eu\/lv\/produkts\/mushie-silikona-lacite-sunshine\/"]}]},{"@type":"ImageObject","inLanguage":"lv-LV","@id":"https:\/\/littleeater.eu\/lv\/produkts\/mushie-silikona-lacite-sunshine\/#primaryimage","url":"https:\/\/littleeater.eu\/lv\/wp-content\/uploads\/sites\/3\/2023\/10\/littleeater_silikoninis_seilinukas_2.jpg","contentUrl":"https:\/\/littleeater.eu\/lv\/wp-content\/uploads\/sites\/3\/2023\/10\/littleeater_silikoninis_seilinukas_2.jpg","width":1128,"height":1128,"caption":"Little eater: b\u0113rnu priek\u0161auti\u0146i | lac\u012bte | lac\u012btes | lac\u012btes b\u0113rniem"},{"@type":"BreadcrumbList","@id":"https:\/\/littleeater.eu\/lv\/produkts\/mushie-silikona-lacite-sunshine\/#breadcrumb","itemListElement":[{"@type":"ListItem","position":1,"name":"M\u0101jas","item":"https:\/\/littleeater.eu\/lv\/"},{"@type":"ListItem","position":2,"name":"Veikals","item":"https:\/\/littleeater.eu\/lv\/veikals\/"},{"@type":"ListItem","position":3,"name":"Mushie silikona lac\u012bte Sunshine"}]},{"@type":"WebSite","@id":"https:\/\/littleeater.eu\/lv\/#website","url":"https:\/\/littleeater.eu\/lv\/","name":"Little Eater (LV)","description":"Little Eater","publisher":{"@id":"https:\/\/littleeater.eu\/lv\/#organization"},"potentialAction":[{"@type":"SearchAction","target":{"@type":"EntryPoint","urlTemplate":"https:\/\/littleeater.eu\/lv\/?s={search_term_string}"},"query-input":{"@type":"PropertyValueSpecification","valueRequired":true,"valueName":"search_term_string"}}],"inLanguage":"lv-LV"},{"@type":"Organization","@id":"https:\/\/littleeater.eu\/lv\/#organization","name":"Little Eater (LV)","url":"https:\/\/littleeater.eu\/lv\/","logo":{"@type":"ImageObject","inLanguage":"lv-LV","@id":"https:\/\/littleeater.eu\/lv\/#\/schema\/logo\/image\/","url":"https:\/\/littleeater.eu\/lv\/wp-content\/uploads\/sites\/3\/2023\/05\/little-eater-logo.jpg","contentUrl":"https:\/\/littleeater.eu\/lv\/wp-content\/uploads\/sites\/3\/2023\/05\/little-eater-logo.jpg","width":819,"height":810,"caption":"Little Eater (LV)"},"image":{"@id":"https:\/\/littleeater.eu\/lv\/#\/schema\/logo\/image\/"}}]}},"_links":{"self":[{"href":"https:\/\/littleeater.eu\/lv\/wp-json\/wp\/v2\/product\/7008","targetHints":{"allow":["GET"]}}],"collection":[{"href":"https:\/\/littleeater.eu\/lv\/wp-json\/wp\/v2\/product"}],"about":[{"href":"https:\/\/littleeater.eu\/lv\/wp-json\/wp\/v2\/types\/product"}],"replies":[{"embeddable":true,"href":"https:\/\/littleeater.eu\/lv\/wp-json\/wp\/v2\/comments?post=7008"}],"wp:featuredmedia":[{"embeddable":true,"href":"https:\/\/littleeater.eu\/lv\/wp-json\/wp\/v2\/media\/6977"}],"wp:attachment":[{"href":"https:\/\/littleeater.eu\/lv\/wp-json\/wp\/v2\/media?parent=7008"}],"wp:term":[{"taxonomy":"product_brand","embeddable":true,"href":"https:\/\/littleeater.eu\/lv\/wp-json\/wp\/v2\/product_brand?post=7008"},{"taxonomy":"product_cat","embeddable":true,"href":"https:\/\/littleeater.eu\/lv\/wp-json\/wp\/v2\/product_cat?post=7008"},{"taxonomy":"product_tag","embeddable":true,"href":"https:\/\/littleeater.eu\/lv\/wp-json\/wp\/v2\/product_tag?post=7008"}],"curies":[{"name":"wp","href":"https:\/\/api.w.org\/{rel}","templated":true}]}}