{"id":6706,"date":"2023-09-16T15:37:50","date_gmt":"2023-09-16T13:37:50","guid":{"rendered":"https:\/\/littleeater.eu\/lv\/?post_type=product&#038;p=6706"},"modified":"2025-12-06T12:03:15","modified_gmt":"2025-12-06T10:03:15","slug":"we-might-be-tiny-silikona-forma-bear-dusty-rose","status":"publish","type":"product","link":"https:\/\/littleeater.eu\/lv\/produkts\/we-might-be-tiny-silikona-forma-bear-dusty-rose\/","title":{"rendered":"We Might be Tiny silikona forma Bear Dusty rose"},"content":{"rendered":"<h1>LITTLE EATER &#8211; SILIKONA FORMA<\/h1>\n<h2>Silikona formi\u0146as<\/h2>\n<div class=\"__fb-light-mode x1n2onr6\" role=\"row\">\n<div class=\"\">\n<div class=\"x78zum5 xdt5ytf x1n2onr6\" tabindex=\"0\" role=\"gridcell\" data-release-focus-from=\"CLICK\" data-scope=\"messages_table\">\n<div class=\"x78zum5\" role=\"none\">\n<div class=\"x78zum5 x1iyjqo2 xs83m0k xeuugli\" role=\"none\">\n<div class=\"x1h91t0o xkh2ocl x78zum5 xdt5ytf x13a6bvl xcrg951 x1r145dm\" role=\"none\">\n<div class=\"x78zum5 xh8yej3\" role=\"none\">\n<div class=\"x1cy8zhl x78zum5 xdt5ytf x193iq5w x1n2onr6\">\n<div class=\"x78zum5 xh8yej3\" role=\"none\">\n<div class=\"x1tlxs6b x1g8br2z x1gn5b1j x230xth x14ctfv x1okitfd x6ikm8r x10wlt62 x1mzt3pk x1y1aw1k xn6708d xwib8y2 x1ye3gou x1n2onr6 x13faqbe x1vjfegm\" role=\"none\">\n<div class=\"x9f619 x1n2onr6 x1ja2u2z __fb-light-mode\" role=\"none\"><\/div>\n<\/div>\n<\/div>\n<\/div>\n<\/div>\n<\/div>\n<\/div>\n<\/div>\n<\/div>\n<\/div>\n<\/div>\n<div class=\"__fb-light-mode x1n2onr6\" role=\"row\">\n<div class=\"\">\n<div class=\"x78zum5 xdt5ytf x1n2onr6\" tabindex=\"-1\" role=\"gridcell\" data-release-focus-from=\"CLICK\" data-scope=\"messages_table\">\n<div class=\"x78zum5\" role=\"none\">\n<div class=\"x78zum5 x1iyjqo2 xs83m0k xeuugli x15zctf7\" role=\"none\">\n<div class=\"x1h91t0o xkh2ocl x78zum5 xdt5ytf x13a6bvl x1r145dm\" role=\"none\">\n<div class=\"x78zum5 xh8yej3\" role=\"none\">\n<div class=\"x78zum5 xdt5ytf x193iq5w x1n2onr6 xuk3077\">\n<div class=\"x78zum5 xh8yej3\" role=\"none\">\n<div class=\"x1tlxs6b x1g8br2z x1gn5b1j x230xth x14ctfv x1okitfd x6ikm8r x10wlt62 x1mzt3pk x1y1aw1k xn6708d xwib8y2 x1ye3gou x1n2onr6 x13faqbe x1vjfegm\" role=\"none\">\n<div class=\"x9f619 x1n2onr6 x1ja2u2z __fb-light-mode\" role=\"none\">\n<div class=\"x6prxxf x1fc57z9 x1yc453h x126k92a x14ctfv\" dir=\"auto\" role=\"none\"><strong>Silikona formi\u0146as<\/strong> pal\u012bdz\u0113s ikvienai m\u0101mi\u0146ai vai t\u0113tim izveidot \u012bpa\u0161as malt\u012btes, kuras b\u016bs l\u0101c\u012b\u0161a formas ar burv\u012bg\u0101m acti\u0146\u0101m. We might be tiny <strong>silikona forma<\/strong> ir lieliski piem\u0113rota k\u016bku, p\u012br\u0101gu, da\u017e\u0101du konditorejas izstr\u0101d\u0101jumu, vesel\u012bgu uzkodu pagatavo\u0161anai. Formi\u0146a var b\u016bt izmantota ar\u012b sald\u0113\u0161anai, piem\u0113ram, sald\u0113juma k\u016bkas pagatavo\u0161anai.<\/div>\n<div class=\"x6prxxf x1fc57z9 x1yc453h x126k92a x14ctfv\" dir=\"auto\" role=\"none\"><strong>Silikona formi\u0146\u0101s<\/strong> ir viegli kopjamas, un t\u0101s var mazg\u0101t trauku mazg\u0101jam\u0101 ma\u0161\u012bn\u0101. <strong>Silikona forma<\/strong> ir piem\u0113rota lieto\u0161anai mikrovi\u013c\u0146u kr\u0101sn\u012b, cepe\u0161kr\u0101sn\u012b un sald\u0113tav\u0101 (no -40\u00b0C l\u012bdz 230\u00b0C). V\u0113l vair\u0101k improviz\u0101cijas un gardumu!<\/div>\n<div class=\"x6prxxf x1fc57z9 x1yc453h x126k92a x14ctfv\" dir=\"auto\" role=\"none\">\u012apa\u0161\u012bbas:<\/div>\n<ul>\n<li class=\"x6prxxf x1fc57z9 x1yc453h x126k92a x14ctfv\" dir=\"auto\" role=\"none\">Var mazg\u0101t trauku mazg\u0101jam\u0101 ma\u0161\u012bn\u0101;<\/li>\n<li class=\"x6prxxf x1fc57z9 x1yc453h x126k92a x14ctfv\" dir=\"auto\" role=\"none\">Elast\u012bgs un iztur\u012bgs;<\/li>\n<li class=\"x6prxxf x1fc57z9 x1yc453h x126k92a x14ctfv\" dir=\"auto\" role=\"none\">Jauka l\u0101\u010da forma ar acu iespiedumiem;<\/li>\n<li class=\"x6prxxf x1fc57z9 x1yc453h x126k92a x14ctfv\" dir=\"auto\" role=\"none\">Izgatavots no p\u0101rtikas kvalit\u0101tes silikona, kas ir neatkar\u012bgi sertific\u0113ts atbilsto\u0161i augst\u0101kajiem Eiropas standartiem FDA un LFGB;<\/li>\n<li class=\"x6prxxf x1fc57z9 x1yc453h x126k92a x14ctfv\" dir=\"auto\" role=\"none\">Bez BPA; Izm\u0113ri: 21,2 cm x 22 cm x 5,15 cm;<\/li>\n<li class=\"x6prxxf x1fc57z9 x1yc453h x126k92a x14ctfv\" dir=\"auto\" role=\"none\">Tilpums: 1500 ml<\/li>\n<\/ul>\n<\/div>\n<\/div>\n<\/div>\n<\/div>\n<\/div>\n<\/div>\n<\/div>\n<\/div>\n<\/div>\n<\/div>\n<\/div>\n","protected":false},"excerpt":{"rendered":"<p><strong>Silikona formi\u0146as<\/strong> pal\u012bdz\u0113s ikvienai m\u0101mi\u0146ai vai t\u0113tim izveidot \u012bpa\u0161as malt\u012btes, kuras b\u016bs l\u0101c\u012b\u0161a formas ar burv\u012bg\u0101m acti\u0146\u0101m. We might be tiny <strong>silikona forma<\/strong> ir lieliski piem\u0113rota k\u016bku, p\u012br\u0101gu, da\u017e\u0101du konditorejas izstr\u0101d\u0101jumu, vesel\u012bgu uzkodu pagatavo\u0161anai. Formi\u0146a var b\u016bt izmantota ar\u012b sald\u0113\u0161anai, piem\u0113ram, sald\u0113juma k\u016bkas pagatavo\u0161anai.<\/p>\n","protected":false},"featured_media":6699,"comment_status":"open","ping_status":"closed","template":"","meta":{"_acf_changed":false},"product_brand":[225],"product_cat":[194,123],"product_tag":[],"class_list":{"0":"post-6706","1":"product","2":"type-product","3":"status-publish","4":"has-post-thumbnail","6":"product_brand-we-might-be-tiny","7":"product_cat-davanu-idejas","8":"product_cat-silikona-formas","10":"first","11":"instock","12":"sale","13":"taxable","14":"shipping-taxable","15":"purchasable","16":"product-type-simple"},"acf":[],"yoast_head":"<!-- This site is optimized with the Yoast SEO plugin v27.4 - https:\/\/yoast.com\/product\/yoast-seo-wordpress\/ -->\n<title>Little eater: silikona forma | silikona formi\u0146as | k\u016bku formas<\/title>\n<meta name=\"description\" content=\"Silikona formi\u0146as - pal\u012bdz\u0113s J\u016bsu b\u0113rnam padar\u012bt \u0113dienu v\u0113l rota\u013c\u012bg\u0101ku un est\u0113tisk\u0101ku. Da\u017e\u0101du formu formi\u0146as no p\u0101rtikas silikona.\" \/>\n<meta name=\"robots\" content=\"index, follow, max-snippet:-1, max-image-preview:large, max-video-preview:-1\" \/>\n<link rel=\"canonical\" href=\"https:\/\/littleeater.eu\/lv\/produkts\/we-might-be-tiny-silikona-forma-bear-dusty-rose\/\" \/>\n<meta property=\"og:locale\" content=\"lv_LV\" \/>\n<meta property=\"og:type\" content=\"article\" \/>\n<meta property=\"og:title\" content=\"Little eater: silikona forma | silikona formi\u0146as | k\u016bku formas\" \/>\n<meta property=\"og:description\" content=\"Silikona formi\u0146as - pal\u012bdz\u0113s J\u016bsu b\u0113rnam padar\u012bt \u0113dienu v\u0113l rota\u013c\u012bg\u0101ku un est\u0113tisk\u0101ku. Da\u017e\u0101du formu formi\u0146as no p\u0101rtikas silikona.\" \/>\n<meta property=\"og:url\" content=\"https:\/\/littleeater.eu\/lv\/produkts\/we-might-be-tiny-silikona-forma-bear-dusty-rose\/\" \/>\n<meta property=\"og:site_name\" content=\"Little Eater (LV)\" \/>\n<meta property=\"article:modified_time\" content=\"2025-12-06T10:03:15+00:00\" \/>\n<meta property=\"og:image\" content=\"https:\/\/littleeater.eu\/lv\/wp-content\/uploads\/sites\/3\/2023\/09\/littleeater_kepimo_formeles_13.jpg\" \/>\n\t<meta property=\"og:image:width\" content=\"720\" \/>\n\t<meta property=\"og:image:height\" content=\"720\" \/>\n\t<meta property=\"og:image:type\" content=\"image\/jpeg\" \/>\n<meta name=\"twitter:card\" content=\"summary_large_image\" \/>\n<meta name=\"twitter:label1\" content=\"Est. reading time\" \/>\n\t<meta name=\"twitter:data1\" content=\"1 min\u016bte\" \/>\n<script type=\"application\/ld+json\" class=\"yoast-schema-graph\">{\"@context\":\"https:\\\/\\\/schema.org\",\"@graph\":[{\"@type\":\"WebPage\",\"@id\":\"https:\\\/\\\/littleeater.eu\\\/lv\\\/produkts\\\/we-might-be-tiny-silikona-forma-bear-dusty-rose\\\/\",\"url\":\"https:\\\/\\\/littleeater.eu\\\/lv\\\/produkts\\\/we-might-be-tiny-silikona-forma-bear-dusty-rose\\\/\",\"name\":\"Little eater: silikona forma | silikona formi\u0146as | k\u016bku formas\",\"isPartOf\":{\"@id\":\"https:\\\/\\\/littleeater.eu\\\/lv\\\/#website\"},\"primaryImageOfPage\":{\"@id\":\"https:\\\/\\\/littleeater.eu\\\/lv\\\/produkts\\\/we-might-be-tiny-silikona-forma-bear-dusty-rose\\\/#primaryimage\"},\"image\":{\"@id\":\"https:\\\/\\\/littleeater.eu\\\/lv\\\/produkts\\\/we-might-be-tiny-silikona-forma-bear-dusty-rose\\\/#primaryimage\"},\"thumbnailUrl\":\"https:\\\/\\\/littleeater.eu\\\/lv\\\/wp-content\\\/uploads\\\/sites\\\/3\\\/2023\\\/09\\\/littleeater_kepimo_formeles_13.jpg\",\"datePublished\":\"2023-09-16T13:37:50+00:00\",\"dateModified\":\"2025-12-06T10:03:15+00:00\",\"description\":\"Silikona formi\u0146as - pal\u012bdz\u0113s J\u016bsu b\u0113rnam padar\u012bt \u0113dienu v\u0113l rota\u013c\u012bg\u0101ku un est\u0113tisk\u0101ku. Da\u017e\u0101du formu formi\u0146as no p\u0101rtikas silikona.\",\"breadcrumb\":{\"@id\":\"https:\\\/\\\/littleeater.eu\\\/lv\\\/produkts\\\/we-might-be-tiny-silikona-forma-bear-dusty-rose\\\/#breadcrumb\"},\"inLanguage\":\"lv-LV\",\"potentialAction\":[{\"@type\":\"ReadAction\",\"target\":[\"https:\\\/\\\/littleeater.eu\\\/lv\\\/produkts\\\/we-might-be-tiny-silikona-forma-bear-dusty-rose\\\/\"]}]},{\"@type\":\"ImageObject\",\"inLanguage\":\"lv-LV\",\"@id\":\"https:\\\/\\\/littleeater.eu\\\/lv\\\/produkts\\\/we-might-be-tiny-silikona-forma-bear-dusty-rose\\\/#primaryimage\",\"url\":\"https:\\\/\\\/littleeater.eu\\\/lv\\\/wp-content\\\/uploads\\\/sites\\\/3\\\/2023\\\/09\\\/littleeater_kepimo_formeles_13.jpg\",\"contentUrl\":\"https:\\\/\\\/littleeater.eu\\\/lv\\\/wp-content\\\/uploads\\\/sites\\\/3\\\/2023\\\/09\\\/littleeater_kepimo_formeles_13.jpg\",\"width\":720,\"height\":720,\"caption\":\"Little eater: silikona formas | silikona formi\u0146as | k\u016bku formas\"},{\"@type\":\"BreadcrumbList\",\"@id\":\"https:\\\/\\\/littleeater.eu\\\/lv\\\/produkts\\\/we-might-be-tiny-silikona-forma-bear-dusty-rose\\\/#breadcrumb\",\"itemListElement\":[{\"@type\":\"ListItem\",\"position\":1,\"name\":\"M\u0101jas\",\"item\":\"https:\\\/\\\/littleeater.eu\\\/lv\\\/\"},{\"@type\":\"ListItem\",\"position\":2,\"name\":\"Veikals\",\"item\":\"https:\\\/\\\/littleeater.eu\\\/lv\\\/veikals\\\/\"},{\"@type\":\"ListItem\",\"position\":3,\"name\":\"We Might be Tiny silikona forma Bear Dusty rose\"}]},{\"@type\":\"WebSite\",\"@id\":\"https:\\\/\\\/littleeater.eu\\\/lv\\\/#website\",\"url\":\"https:\\\/\\\/littleeater.eu\\\/lv\\\/\",\"name\":\"Little Eater (LV)\",\"description\":\"Little Eater\",\"publisher\":{\"@id\":\"https:\\\/\\\/littleeater.eu\\\/lv\\\/#organization\"},\"potentialAction\":[{\"@type\":\"SearchAction\",\"target\":{\"@type\":\"EntryPoint\",\"urlTemplate\":\"https:\\\/\\\/littleeater.eu\\\/lv\\\/?s={search_term_string}\"},\"query-input\":{\"@type\":\"PropertyValueSpecification\",\"valueRequired\":true,\"valueName\":\"search_term_string\"}}],\"inLanguage\":\"lv-LV\"},{\"@type\":\"Organization\",\"@id\":\"https:\\\/\\\/littleeater.eu\\\/lv\\\/#organization\",\"name\":\"Little Eater (LV)\",\"url\":\"https:\\\/\\\/littleeater.eu\\\/lv\\\/\",\"logo\":{\"@type\":\"ImageObject\",\"inLanguage\":\"lv-LV\",\"@id\":\"https:\\\/\\\/littleeater.eu\\\/lv\\\/#\\\/schema\\\/logo\\\/image\\\/\",\"url\":\"https:\\\/\\\/littleeater.eu\\\/lv\\\/wp-content\\\/uploads\\\/sites\\\/3\\\/2023\\\/05\\\/little-eater-logo.jpg\",\"contentUrl\":\"https:\\\/\\\/littleeater.eu\\\/lv\\\/wp-content\\\/uploads\\\/sites\\\/3\\\/2023\\\/05\\\/little-eater-logo.jpg\",\"width\":819,\"height\":810,\"caption\":\"Little Eater (LV)\"},\"image\":{\"@id\":\"https:\\\/\\\/littleeater.eu\\\/lv\\\/#\\\/schema\\\/logo\\\/image\\\/\"}}]}<\/script>\n<!-- \/ Yoast SEO plugin. -->","yoast_head_json":{"title":"Little eater: silikona forma | silikona formi\u0146as | k\u016bku formas","description":"Silikona formi\u0146as - pal\u012bdz\u0113s J\u016bsu b\u0113rnam padar\u012bt \u0113dienu v\u0113l rota\u013c\u012bg\u0101ku un est\u0113tisk\u0101ku. Da\u017e\u0101du formu formi\u0146as no p\u0101rtikas silikona.","robots":{"index":"index","follow":"follow","max-snippet":"max-snippet:-1","max-image-preview":"max-image-preview:large","max-video-preview":"max-video-preview:-1"},"canonical":"https:\/\/littleeater.eu\/lv\/produkts\/we-might-be-tiny-silikona-forma-bear-dusty-rose\/","og_locale":"lv_LV","og_type":"article","og_title":"Little eater: silikona forma | silikona formi\u0146as | k\u016bku formas","og_description":"Silikona formi\u0146as - pal\u012bdz\u0113s J\u016bsu b\u0113rnam padar\u012bt \u0113dienu v\u0113l rota\u013c\u012bg\u0101ku un est\u0113tisk\u0101ku. Da\u017e\u0101du formu formi\u0146as no p\u0101rtikas silikona.","og_url":"https:\/\/littleeater.eu\/lv\/produkts\/we-might-be-tiny-silikona-forma-bear-dusty-rose\/","og_site_name":"Little Eater (LV)","article_modified_time":"2025-12-06T10:03:15+00:00","og_image":[{"width":720,"height":720,"url":"https:\/\/littleeater.eu\/lv\/wp-content\/uploads\/sites\/3\/2023\/09\/littleeater_kepimo_formeles_13.jpg","type":"image\/jpeg"}],"twitter_card":"summary_large_image","twitter_misc":{"Est. reading time":"1 min\u016bte"},"schema":{"@context":"https:\/\/schema.org","@graph":[{"@type":"WebPage","@id":"https:\/\/littleeater.eu\/lv\/produkts\/we-might-be-tiny-silikona-forma-bear-dusty-rose\/","url":"https:\/\/littleeater.eu\/lv\/produkts\/we-might-be-tiny-silikona-forma-bear-dusty-rose\/","name":"Little eater: silikona forma | silikona formi\u0146as | k\u016bku formas","isPartOf":{"@id":"https:\/\/littleeater.eu\/lv\/#website"},"primaryImageOfPage":{"@id":"https:\/\/littleeater.eu\/lv\/produkts\/we-might-be-tiny-silikona-forma-bear-dusty-rose\/#primaryimage"},"image":{"@id":"https:\/\/littleeater.eu\/lv\/produkts\/we-might-be-tiny-silikona-forma-bear-dusty-rose\/#primaryimage"},"thumbnailUrl":"https:\/\/littleeater.eu\/lv\/wp-content\/uploads\/sites\/3\/2023\/09\/littleeater_kepimo_formeles_13.jpg","datePublished":"2023-09-16T13:37:50+00:00","dateModified":"2025-12-06T10:03:15+00:00","description":"Silikona formi\u0146as - pal\u012bdz\u0113s J\u016bsu b\u0113rnam padar\u012bt \u0113dienu v\u0113l rota\u013c\u012bg\u0101ku un est\u0113tisk\u0101ku. Da\u017e\u0101du formu formi\u0146as no p\u0101rtikas silikona.","breadcrumb":{"@id":"https:\/\/littleeater.eu\/lv\/produkts\/we-might-be-tiny-silikona-forma-bear-dusty-rose\/#breadcrumb"},"inLanguage":"lv-LV","potentialAction":[{"@type":"ReadAction","target":["https:\/\/littleeater.eu\/lv\/produkts\/we-might-be-tiny-silikona-forma-bear-dusty-rose\/"]}]},{"@type":"ImageObject","inLanguage":"lv-LV","@id":"https:\/\/littleeater.eu\/lv\/produkts\/we-might-be-tiny-silikona-forma-bear-dusty-rose\/#primaryimage","url":"https:\/\/littleeater.eu\/lv\/wp-content\/uploads\/sites\/3\/2023\/09\/littleeater_kepimo_formeles_13.jpg","contentUrl":"https:\/\/littleeater.eu\/lv\/wp-content\/uploads\/sites\/3\/2023\/09\/littleeater_kepimo_formeles_13.jpg","width":720,"height":720,"caption":"Little eater: silikona formas | silikona formi\u0146as | k\u016bku formas"},{"@type":"BreadcrumbList","@id":"https:\/\/littleeater.eu\/lv\/produkts\/we-might-be-tiny-silikona-forma-bear-dusty-rose\/#breadcrumb","itemListElement":[{"@type":"ListItem","position":1,"name":"M\u0101jas","item":"https:\/\/littleeater.eu\/lv\/"},{"@type":"ListItem","position":2,"name":"Veikals","item":"https:\/\/littleeater.eu\/lv\/veikals\/"},{"@type":"ListItem","position":3,"name":"We Might be Tiny silikona forma Bear Dusty rose"}]},{"@type":"WebSite","@id":"https:\/\/littleeater.eu\/lv\/#website","url":"https:\/\/littleeater.eu\/lv\/","name":"Little Eater (LV)","description":"Little Eater","publisher":{"@id":"https:\/\/littleeater.eu\/lv\/#organization"},"potentialAction":[{"@type":"SearchAction","target":{"@type":"EntryPoint","urlTemplate":"https:\/\/littleeater.eu\/lv\/?s={search_term_string}"},"query-input":{"@type":"PropertyValueSpecification","valueRequired":true,"valueName":"search_term_string"}}],"inLanguage":"lv-LV"},{"@type":"Organization","@id":"https:\/\/littleeater.eu\/lv\/#organization","name":"Little Eater (LV)","url":"https:\/\/littleeater.eu\/lv\/","logo":{"@type":"ImageObject","inLanguage":"lv-LV","@id":"https:\/\/littleeater.eu\/lv\/#\/schema\/logo\/image\/","url":"https:\/\/littleeater.eu\/lv\/wp-content\/uploads\/sites\/3\/2023\/05\/little-eater-logo.jpg","contentUrl":"https:\/\/littleeater.eu\/lv\/wp-content\/uploads\/sites\/3\/2023\/05\/little-eater-logo.jpg","width":819,"height":810,"caption":"Little Eater (LV)"},"image":{"@id":"https:\/\/littleeater.eu\/lv\/#\/schema\/logo\/image\/"}}]}},"_links":{"self":[{"href":"https:\/\/littleeater.eu\/lv\/wp-json\/wp\/v2\/product\/6706","targetHints":{"allow":["GET"]}}],"collection":[{"href":"https:\/\/littleeater.eu\/lv\/wp-json\/wp\/v2\/product"}],"about":[{"href":"https:\/\/littleeater.eu\/lv\/wp-json\/wp\/v2\/types\/product"}],"replies":[{"embeddable":true,"href":"https:\/\/littleeater.eu\/lv\/wp-json\/wp\/v2\/comments?post=6706"}],"wp:featuredmedia":[{"embeddable":true,"href":"https:\/\/littleeater.eu\/lv\/wp-json\/wp\/v2\/media\/6699"}],"wp:attachment":[{"href":"https:\/\/littleeater.eu\/lv\/wp-json\/wp\/v2\/media?parent=6706"}],"wp:term":[{"taxonomy":"product_brand","embeddable":true,"href":"https:\/\/littleeater.eu\/lv\/wp-json\/wp\/v2\/product_brand?post=6706"},{"taxonomy":"product_cat","embeddable":true,"href":"https:\/\/littleeater.eu\/lv\/wp-json\/wp\/v2\/product_cat?post=6706"},{"taxonomy":"product_tag","embeddable":true,"href":"https:\/\/littleeater.eu\/lv\/wp-json\/wp\/v2\/product_tag?post=6706"}],"curies":[{"name":"wp","href":"https:\/\/api.w.org\/{rel}","templated":true}]}}