{"id":6452,"date":"2023-08-26T20:53:50","date_gmt":"2023-08-26T18:53:50","guid":{"rendered":"https:\/\/littleeater.eu\/lv\/?post_type=product&#038;p=6452"},"modified":"2025-12-23T14:20:56","modified_gmt":"2025-12-23T12:20:56","slug":"a-little-lovely-company-bernu-mugursoma-little-crocodiles","status":"publish","type":"product","link":"https:\/\/littleeater.eu\/lv\/produkts\/a-little-lovely-company-bernu-mugursoma-little-crocodiles\/","title":{"rendered":"A little lovely company B\u0113rnu mugursoma Little Crocodiles"},"content":{"rendered":"<h1>Little eater &#8211; B\u0113rnu mugursoma<\/h1>\n<h2>B\u0113rnu mugursomas b\u0113rnud\u0101rzam<\/h2>\n<p>&nbsp;<\/p>\n<p>Kompakta <strong>b\u0113rnu mugursoma<\/strong>. Pla\u0161s galvenais nodal\u012bjums ar vietu pusdienu kast\u012btei, dz\u0113rienu pudelei un pen\u0101lim. Priek\u0161\u0113j\u0101 kabata pied\u0101v\u0101 papildu vietu maziem priek\u0161metiem. Poliester\u0113tas plecu siksnas, ar kr\u016b\u0161u siksnu optim\u0101lam komfortam.<\/p>\n<p><strong>B\u0113rnu mugursoma <\/strong>specifik\u0101cija:<\/p>\n<p>Izm\u0113ri: 23,5 x 30 x 10 cm<\/p>\n<p>Materi\u0101ls: viegls poliesters<\/p>\n<p>Tilpums: 7 litri<\/p>\n","protected":false},"excerpt":{"rendered":"<p>Kompakta <strong>b\u0113rnu mugursoma<\/strong>. Pla\u0161s galvenais nodal\u012bjums ar vietu <em>pusdienu kast\u012btei, dz\u0113rienu pudelei un pen\u0101lim<\/em>. Priek\u0161\u0113j\u0101 kabata pied\u0101v\u0101 papildu vietu maziem priek\u0161metiem. Poliester\u0113tas plecu siksnas, ar kr\u016b\u0161u siksnu optim\u0101lam komfortam.<\/p>\n","protected":false},"featured_media":6457,"comment_status":"open","ping_status":"closed","template":"","meta":{"_acf_changed":false},"product_brand":[212],"product_cat":[54],"product_tag":[],"class_list":{"0":"post-6452","1":"product","2":"type-product","3":"status-publish","4":"has-post-thumbnail","6":"product_brand-a-little-lovely-company","7":"product_cat-bernu-mugursomas","9":"first","10":"instock","11":"sale","12":"taxable","13":"shipping-taxable","14":"purchasable","15":"product-type-simple"},"acf":[],"yoast_head":"<!-- This site is optimized with the Yoast SEO plugin v27.4 - https:\/\/yoast.com\/product\/yoast-seo-wordpress\/ -->\n<title>Little eater: b\u0113rnu mugursoma | b\u0113rnu mugursomas b\u0113rnud\u0101rzam<\/title>\n<meta name=\"description\" content=\"B\u0113rnu mugursomas - lieliski der\u0113s b\u0113rnu d\u0101rzam, izbraucieniem un atva\u013cin\u0101jumiem. Mugursom\u0101 ietilps ne tikai b\u0113rnu \u016bdens pudele, bet ar\u012b rota\u013clieta\" \/>\n<meta name=\"robots\" content=\"index, follow, max-snippet:-1, max-image-preview:large, max-video-preview:-1\" \/>\n<link rel=\"canonical\" href=\"https:\/\/littleeater.eu\/lv\/produkts\/a-little-lovely-company-bernu-mugursoma-little-crocodiles\/\" \/>\n<meta property=\"og:locale\" content=\"lv_LV\" \/>\n<meta property=\"og:type\" content=\"article\" \/>\n<meta property=\"og:title\" content=\"Little eater: b\u0113rnu mugursoma | b\u0113rnu mugursomas b\u0113rnud\u0101rzam\" \/>\n<meta property=\"og:description\" content=\"B\u0113rnu mugursomas - lieliski der\u0113s b\u0113rnu d\u0101rzam, izbraucieniem un atva\u013cin\u0101jumiem. Mugursom\u0101 ietilps ne tikai b\u0113rnu \u016bdens pudele, bet ar\u012b rota\u013clieta\" \/>\n<meta property=\"og:url\" content=\"https:\/\/littleeater.eu\/lv\/produkts\/a-little-lovely-company-bernu-mugursoma-little-crocodiles\/\" \/>\n<meta property=\"og:site_name\" content=\"Little Eater (LV)\" \/>\n<meta property=\"article:modified_time\" content=\"2025-12-23T12:20:56+00:00\" \/>\n<meta property=\"og:image\" content=\"https:\/\/littleeater.eu\/lv\/wp-content\/uploads\/sites\/3\/2023\/08\/littleeater_kuprines_vaikams-1.jpg\" \/>\n\t<meta property=\"og:image:width\" content=\"1142\" \/>\n\t<meta property=\"og:image:height\" content=\"1200\" \/>\n\t<meta property=\"og:image:type\" content=\"image\/jpeg\" \/>\n<meta name=\"twitter:card\" content=\"summary_large_image\" \/>\n<meta name=\"twitter:label1\" content=\"Est. reading time\" \/>\n\t<meta name=\"twitter:data1\" content=\"1 min\u016bte\" \/>\n<script type=\"application\/ld+json\" class=\"yoast-schema-graph\">{\"@context\":\"https:\\\/\\\/schema.org\",\"@graph\":[{\"@type\":\"WebPage\",\"@id\":\"https:\\\/\\\/littleeater.eu\\\/lv\\\/produkts\\\/a-little-lovely-company-bernu-mugursoma-little-crocodiles\\\/\",\"url\":\"https:\\\/\\\/littleeater.eu\\\/lv\\\/produkts\\\/a-little-lovely-company-bernu-mugursoma-little-crocodiles\\\/\",\"name\":\"Little eater: b\u0113rnu mugursoma | b\u0113rnu mugursomas b\u0113rnud\u0101rzam\",\"isPartOf\":{\"@id\":\"https:\\\/\\\/littleeater.eu\\\/lv\\\/#website\"},\"primaryImageOfPage\":{\"@id\":\"https:\\\/\\\/littleeater.eu\\\/lv\\\/produkts\\\/a-little-lovely-company-bernu-mugursoma-little-crocodiles\\\/#primaryimage\"},\"image\":{\"@id\":\"https:\\\/\\\/littleeater.eu\\\/lv\\\/produkts\\\/a-little-lovely-company-bernu-mugursoma-little-crocodiles\\\/#primaryimage\"},\"thumbnailUrl\":\"https:\\\/\\\/littleeater.eu\\\/lv\\\/wp-content\\\/uploads\\\/sites\\\/3\\\/2023\\\/08\\\/littleeater_kuprines_vaikams-1.jpg\",\"datePublished\":\"2023-08-26T18:53:50+00:00\",\"dateModified\":\"2025-12-23T12:20:56+00:00\",\"description\":\"B\u0113rnu mugursomas - lieliski der\u0113s b\u0113rnu d\u0101rzam, izbraucieniem un atva\u013cin\u0101jumiem. Mugursom\u0101 ietilps ne tikai b\u0113rnu \u016bdens pudele, bet ar\u012b rota\u013clieta\",\"breadcrumb\":{\"@id\":\"https:\\\/\\\/littleeater.eu\\\/lv\\\/produkts\\\/a-little-lovely-company-bernu-mugursoma-little-crocodiles\\\/#breadcrumb\"},\"inLanguage\":\"lv-LV\",\"potentialAction\":[{\"@type\":\"ReadAction\",\"target\":[\"https:\\\/\\\/littleeater.eu\\\/lv\\\/produkts\\\/a-little-lovely-company-bernu-mugursoma-little-crocodiles\\\/\"]}]},{\"@type\":\"ImageObject\",\"inLanguage\":\"lv-LV\",\"@id\":\"https:\\\/\\\/littleeater.eu\\\/lv\\\/produkts\\\/a-little-lovely-company-bernu-mugursoma-little-crocodiles\\\/#primaryimage\",\"url\":\"https:\\\/\\\/littleeater.eu\\\/lv\\\/wp-content\\\/uploads\\\/sites\\\/3\\\/2023\\\/08\\\/littleeater_kuprines_vaikams-1.jpg\",\"contentUrl\":\"https:\\\/\\\/littleeater.eu\\\/lv\\\/wp-content\\\/uploads\\\/sites\\\/3\\\/2023\\\/08\\\/littleeater_kuprines_vaikams-1.jpg\",\"width\":1142,\"height\":1200,\"caption\":\"Little eater: b\u0113rnu mugursoma | b\u0113rnu mugursomas b\u0113rnud\u0101rzam | mugursoma b\u0113rniem | mugursoma, mugursomas | b\u0113rnu mugursomas | mugursomas b\u0113rniem | b\u0113rnu mugursomas b\u0113rnud\u0101rzam | mazas b\u0113rnu mugursomas | b\u0113rnu somas\"},{\"@type\":\"BreadcrumbList\",\"@id\":\"https:\\\/\\\/littleeater.eu\\\/lv\\\/produkts\\\/a-little-lovely-company-bernu-mugursoma-little-crocodiles\\\/#breadcrumb\",\"itemListElement\":[{\"@type\":\"ListItem\",\"position\":1,\"name\":\"M\u0101jas\",\"item\":\"https:\\\/\\\/littleeater.eu\\\/lv\\\/\"},{\"@type\":\"ListItem\",\"position\":2,\"name\":\"Veikals\",\"item\":\"https:\\\/\\\/littleeater.eu\\\/lv\\\/veikals\\\/\"},{\"@type\":\"ListItem\",\"position\":3,\"name\":\"A little lovely company B\u0113rnu mugursoma Little Crocodiles\"}]},{\"@type\":\"WebSite\",\"@id\":\"https:\\\/\\\/littleeater.eu\\\/lv\\\/#website\",\"url\":\"https:\\\/\\\/littleeater.eu\\\/lv\\\/\",\"name\":\"Little Eater (LV)\",\"description\":\"Little Eater\",\"publisher\":{\"@id\":\"https:\\\/\\\/littleeater.eu\\\/lv\\\/#organization\"},\"potentialAction\":[{\"@type\":\"SearchAction\",\"target\":{\"@type\":\"EntryPoint\",\"urlTemplate\":\"https:\\\/\\\/littleeater.eu\\\/lv\\\/?s={search_term_string}\"},\"query-input\":{\"@type\":\"PropertyValueSpecification\",\"valueRequired\":true,\"valueName\":\"search_term_string\"}}],\"inLanguage\":\"lv-LV\"},{\"@type\":\"Organization\",\"@id\":\"https:\\\/\\\/littleeater.eu\\\/lv\\\/#organization\",\"name\":\"Little Eater (LV)\",\"url\":\"https:\\\/\\\/littleeater.eu\\\/lv\\\/\",\"logo\":{\"@type\":\"ImageObject\",\"inLanguage\":\"lv-LV\",\"@id\":\"https:\\\/\\\/littleeater.eu\\\/lv\\\/#\\\/schema\\\/logo\\\/image\\\/\",\"url\":\"https:\\\/\\\/littleeater.eu\\\/lv\\\/wp-content\\\/uploads\\\/sites\\\/3\\\/2023\\\/05\\\/little-eater-logo.jpg\",\"contentUrl\":\"https:\\\/\\\/littleeater.eu\\\/lv\\\/wp-content\\\/uploads\\\/sites\\\/3\\\/2023\\\/05\\\/little-eater-logo.jpg\",\"width\":819,\"height\":810,\"caption\":\"Little Eater (LV)\"},\"image\":{\"@id\":\"https:\\\/\\\/littleeater.eu\\\/lv\\\/#\\\/schema\\\/logo\\\/image\\\/\"}}]}<\/script>\n<!-- \/ Yoast SEO plugin. -->","yoast_head_json":{"title":"Little eater: b\u0113rnu mugursoma | b\u0113rnu mugursomas b\u0113rnud\u0101rzam","description":"B\u0113rnu mugursomas - lieliski der\u0113s b\u0113rnu d\u0101rzam, izbraucieniem un atva\u013cin\u0101jumiem. Mugursom\u0101 ietilps ne tikai b\u0113rnu \u016bdens pudele, bet ar\u012b rota\u013clieta","robots":{"index":"index","follow":"follow","max-snippet":"max-snippet:-1","max-image-preview":"max-image-preview:large","max-video-preview":"max-video-preview:-1"},"canonical":"https:\/\/littleeater.eu\/lv\/produkts\/a-little-lovely-company-bernu-mugursoma-little-crocodiles\/","og_locale":"lv_LV","og_type":"article","og_title":"Little eater: b\u0113rnu mugursoma | b\u0113rnu mugursomas b\u0113rnud\u0101rzam","og_description":"B\u0113rnu mugursomas - lieliski der\u0113s b\u0113rnu d\u0101rzam, izbraucieniem un atva\u013cin\u0101jumiem. Mugursom\u0101 ietilps ne tikai b\u0113rnu \u016bdens pudele, bet ar\u012b rota\u013clieta","og_url":"https:\/\/littleeater.eu\/lv\/produkts\/a-little-lovely-company-bernu-mugursoma-little-crocodiles\/","og_site_name":"Little Eater (LV)","article_modified_time":"2025-12-23T12:20:56+00:00","og_image":[{"width":1142,"height":1200,"url":"https:\/\/littleeater.eu\/lv\/wp-content\/uploads\/sites\/3\/2023\/08\/littleeater_kuprines_vaikams-1.jpg","type":"image\/jpeg"}],"twitter_card":"summary_large_image","twitter_misc":{"Est. reading time":"1 min\u016bte"},"schema":{"@context":"https:\/\/schema.org","@graph":[{"@type":"WebPage","@id":"https:\/\/littleeater.eu\/lv\/produkts\/a-little-lovely-company-bernu-mugursoma-little-crocodiles\/","url":"https:\/\/littleeater.eu\/lv\/produkts\/a-little-lovely-company-bernu-mugursoma-little-crocodiles\/","name":"Little eater: b\u0113rnu mugursoma | b\u0113rnu mugursomas b\u0113rnud\u0101rzam","isPartOf":{"@id":"https:\/\/littleeater.eu\/lv\/#website"},"primaryImageOfPage":{"@id":"https:\/\/littleeater.eu\/lv\/produkts\/a-little-lovely-company-bernu-mugursoma-little-crocodiles\/#primaryimage"},"image":{"@id":"https:\/\/littleeater.eu\/lv\/produkts\/a-little-lovely-company-bernu-mugursoma-little-crocodiles\/#primaryimage"},"thumbnailUrl":"https:\/\/littleeater.eu\/lv\/wp-content\/uploads\/sites\/3\/2023\/08\/littleeater_kuprines_vaikams-1.jpg","datePublished":"2023-08-26T18:53:50+00:00","dateModified":"2025-12-23T12:20:56+00:00","description":"B\u0113rnu mugursomas - lieliski der\u0113s b\u0113rnu d\u0101rzam, izbraucieniem un atva\u013cin\u0101jumiem. Mugursom\u0101 ietilps ne tikai b\u0113rnu \u016bdens pudele, bet ar\u012b rota\u013clieta","breadcrumb":{"@id":"https:\/\/littleeater.eu\/lv\/produkts\/a-little-lovely-company-bernu-mugursoma-little-crocodiles\/#breadcrumb"},"inLanguage":"lv-LV","potentialAction":[{"@type":"ReadAction","target":["https:\/\/littleeater.eu\/lv\/produkts\/a-little-lovely-company-bernu-mugursoma-little-crocodiles\/"]}]},{"@type":"ImageObject","inLanguage":"lv-LV","@id":"https:\/\/littleeater.eu\/lv\/produkts\/a-little-lovely-company-bernu-mugursoma-little-crocodiles\/#primaryimage","url":"https:\/\/littleeater.eu\/lv\/wp-content\/uploads\/sites\/3\/2023\/08\/littleeater_kuprines_vaikams-1.jpg","contentUrl":"https:\/\/littleeater.eu\/lv\/wp-content\/uploads\/sites\/3\/2023\/08\/littleeater_kuprines_vaikams-1.jpg","width":1142,"height":1200,"caption":"Little eater: b\u0113rnu mugursoma | b\u0113rnu mugursomas b\u0113rnud\u0101rzam | mugursoma b\u0113rniem | mugursoma, mugursomas | b\u0113rnu mugursomas | mugursomas b\u0113rniem | b\u0113rnu mugursomas b\u0113rnud\u0101rzam | mazas b\u0113rnu mugursomas | b\u0113rnu somas"},{"@type":"BreadcrumbList","@id":"https:\/\/littleeater.eu\/lv\/produkts\/a-little-lovely-company-bernu-mugursoma-little-crocodiles\/#breadcrumb","itemListElement":[{"@type":"ListItem","position":1,"name":"M\u0101jas","item":"https:\/\/littleeater.eu\/lv\/"},{"@type":"ListItem","position":2,"name":"Veikals","item":"https:\/\/littleeater.eu\/lv\/veikals\/"},{"@type":"ListItem","position":3,"name":"A little lovely company B\u0113rnu mugursoma Little Crocodiles"}]},{"@type":"WebSite","@id":"https:\/\/littleeater.eu\/lv\/#website","url":"https:\/\/littleeater.eu\/lv\/","name":"Little Eater (LV)","description":"Little Eater","publisher":{"@id":"https:\/\/littleeater.eu\/lv\/#organization"},"potentialAction":[{"@type":"SearchAction","target":{"@type":"EntryPoint","urlTemplate":"https:\/\/littleeater.eu\/lv\/?s={search_term_string}"},"query-input":{"@type":"PropertyValueSpecification","valueRequired":true,"valueName":"search_term_string"}}],"inLanguage":"lv-LV"},{"@type":"Organization","@id":"https:\/\/littleeater.eu\/lv\/#organization","name":"Little Eater (LV)","url":"https:\/\/littleeater.eu\/lv\/","logo":{"@type":"ImageObject","inLanguage":"lv-LV","@id":"https:\/\/littleeater.eu\/lv\/#\/schema\/logo\/image\/","url":"https:\/\/littleeater.eu\/lv\/wp-content\/uploads\/sites\/3\/2023\/05\/little-eater-logo.jpg","contentUrl":"https:\/\/littleeater.eu\/lv\/wp-content\/uploads\/sites\/3\/2023\/05\/little-eater-logo.jpg","width":819,"height":810,"caption":"Little Eater (LV)"},"image":{"@id":"https:\/\/littleeater.eu\/lv\/#\/schema\/logo\/image\/"}}]}},"_links":{"self":[{"href":"https:\/\/littleeater.eu\/lv\/wp-json\/wp\/v2\/product\/6452","targetHints":{"allow":["GET"]}}],"collection":[{"href":"https:\/\/littleeater.eu\/lv\/wp-json\/wp\/v2\/product"}],"about":[{"href":"https:\/\/littleeater.eu\/lv\/wp-json\/wp\/v2\/types\/product"}],"replies":[{"embeddable":true,"href":"https:\/\/littleeater.eu\/lv\/wp-json\/wp\/v2\/comments?post=6452"}],"wp:featuredmedia":[{"embeddable":true,"href":"https:\/\/littleeater.eu\/lv\/wp-json\/wp\/v2\/media\/6457"}],"wp:attachment":[{"href":"https:\/\/littleeater.eu\/lv\/wp-json\/wp\/v2\/media?parent=6452"}],"wp:term":[{"taxonomy":"product_brand","embeddable":true,"href":"https:\/\/littleeater.eu\/lv\/wp-json\/wp\/v2\/product_brand?post=6452"},{"taxonomy":"product_cat","embeddable":true,"href":"https:\/\/littleeater.eu\/lv\/wp-json\/wp\/v2\/product_cat?post=6452"},{"taxonomy":"product_tag","embeddable":true,"href":"https:\/\/littleeater.eu\/lv\/wp-json\/wp\/v2\/product_tag?post=6452"}],"curies":[{"name":"wp","href":"https:\/\/api.w.org\/{rel}","templated":true}]}}