{"id":60,"date":"2024-05-15T12:59:44","date_gmt":"2024-05-15T10:59:44","guid":{"rendered":"https:\/\/littleeater.eu\/lv\/?post_type=product&#038;p=60"},"modified":"2026-04-07T13:24:07","modified_gmt":"2026-04-07T11:24:07","slug":"little-eater-silikona-trauki-berniem-beige","status":"publish","type":"product","link":"https:\/\/littleeater.eu\/lv\/produkts\/little-eater-silikona-trauki-berniem-beige\/","title":{"rendered":"Little Eater Silikona pielpo\u0161\u0101 b\u013coda Peach"},"content":{"rendered":"<h1>Silikona trauki b\u0113rniem<\/h1>\n<h2>B\u0113rnu trauki<\/h2>\n<p>Kad ir pien\u0101cis laiks s\u0101kt piebarot savu mazuli, vec\u0101kiem rodas daudz jaut\u0101jumu: ar k\u0101du produktu s\u0101kt piebaro\u0161anu, k\u0101dus daudzumus iedot pirmaj\u0101s reiz\u0113s un visbeidzot, k\u0101di <strong>b\u0113rnu trauki<\/strong> ir nepiecie\u0161ami?<\/p>\n<p>M\u0113s saprotam jauna posma s\u0101k\u0161anas nenoteikt\u012bbu un saj\u016bsmu, un m\u0113s jums pal\u012bdz\u0113sim ar vienu no \u0161iem jaut\u0101jumiem: k\u0101di <strong>b\u0113rnu trauki<\/strong> ir nepiecie\u0161ami? Little Eater <strong>silikona pielipo\u0161\u0101 b\u013coda <\/strong>Peach &#8211; lieliska izv\u0113le, ja gatavojaties piebarot savu b\u0113rnu ar biezen\u012b\u0161iem.<\/p>\n<p>B\u013coda lieliski piem\u0113rota da\u017e\u0101d\u0101m putr\u0101m, zup\u0101m, sm\u016btijiem. B\u013codu ir \u0113rti tur\u0113t rok\u0101 un pabarot mazuli. Ar b\u013codu kop\u0101 der <a style=\"background: #bcb3a2; color: black; text-decoration: underline;\" title=\"Silikona priek\u0161auti\u0146\u0161\" href=\"https:\/\/littleeater.eu\/lv\/produkts\/little-eater-silikona-prieksautins-beige-2\/\" target=\"_blank\" rel=\"noopener\">silikona priek\u0161auti\u0146\u0161.<\/a><\/p>\n<h2>Pielipo\u0161ie trauki b\u0113rniem<\/h2>\n<p><strong>Pielipo\u0161ie trauki b\u0113rniem &#8211;<\/strong>lieliska izv\u0113le, kad b\u0113rns paaug un r\u0101das v\u0113lme \u0113st patst\u0101v\u012bgi. B\u013codas sp\u0113c\u012bg\u0101 pielip\u0161ana garant\u0113s, ka b\u013coda nenon\u0101ks uz zemes un vec\u0101ki \u0161o visu m\u0113t\u0101\u0161anas posmu var\u0113s p\u0101rdz\u012bvot ar p\u0113c iesp\u0113jas maz\u0101kiem &#8220;zaud\u0113jumiem&#8221; \ud83d\ude42 Little Eater <strong>silikona trauki b\u0113rniem<\/strong>\u00a0augs kop\u0101 ar b\u0113rnu: s\u0101kum\u0101 der\u0113s vec\u0101kiem pa\u0161iem mazul\u012bti pabarot, v\u0113l\u0101k, pateicoties sp\u0113c\u012bgajai pielip\u0161anasi, pal\u012bdz\u0113s b\u0113rnam iem\u0101c\u012bties \u0113st patst\u0101v\u012bgi.<\/p>\n<p><strong>Piev\u0113rsiet uzman\u012bbu, ka b\u0113rnu pielipo\u0161ie trauki<\/strong> piel\u012bp tikai pie gludas, t\u012bras virsmas, pie koka virsmas var gr\u016bt\u0101k pielipt, varat samitrin\u0101t pielip\u0161anas pamatni, lai uzlabotu sa\u0137eri.<\/p>\n<p>\u012ap\u0161\u012bbas:<\/p>\n<p>Komplekt\u0101 ietilpst: pielipo\u0161\u0101 b\u013coda, galda piederumi b\u0113rniem (karote un dak\u0161i\u0146a), v\u0101kci\u0146\u0161 b\u013codai.<\/p>\n<p>Sast\u0101vs: 100% p\u0101rtikas silikons, atbilst Eiropas Savien\u012bbas standartam EN71, bez BPA, bez PVC bez ftal\u0101tiem.<\/p>\n<p>Der no 6 m\u0113n.<\/p>\n<p>B\u013codi\u0146as lielums 120*120*55mm, svars 117g, tilpums 300 ml;<\/p>\n<p>Piem\u0113rota temperat\u016bra lieto\u0161anai no -40C l\u012bdz 240C, piem\u0113rots dezinfekcijai verdo\u0161\u0101 \u016bden\u012b.<\/p>\n<p>Piem\u0113rota lieto\u0161anai mikrovi\u013c\u0146u kr\u0101sn\u012b, sald\u0113tav\u0101 vai cepe\u0161kr\u0101sn\u012b.<\/p>\n<p><strong>Komplekts ir lieliska d\u0101vana jaundzimu\u0161a raudz\u012bb\u0101s.<\/strong><\/p>\n<p>Kop\u0161ana: <strong>Silikona trauki b\u0113rniem<\/strong>,izgatavoti no p\u0101rtikas silikona, nesatur BPA. Piel\u012bp tikai pie gludas virsmas, pie koka virsmas var gr\u016bt\u0101k pielipt, lai uzlabotu sa\u0137eri, varat samitrin\u0101t pielip\u0161anas pamatni. Pirms b\u013codas lieto\u0161anas p\u0101rbaudiet, vai t\u0101 piel\u012bp pie baro\u0161anas kr\u0113sla vai galda. Pirms pirm\u0101s lieto\u0161anas labi nomazg\u0101jiet ar siltu ziepj\u016bdeni, noskalojiet.<\/p>\n<p>UZMAN\u012aBU! Lietojiet produktu tikai pieaugu\u0161o uzraudz\u012bb\u0101. P\u0101rbaudiet produktu pirms katras lieto\u0161anas reizes. Ja par\u0101d\u0101s pirm\u0101s boj\u0101juma vai nodiluma paz\u012bmes &#8211; izmetiet. Pirms pasnieg\u0161anas vienm\u0113r p\u0101rbaudiet \u0113diena temperat\u016bru. Piem\u0113rots mazg\u0101\u0161anai trauku mazg\u0101jamaj\u0101 ma\u0161\u012bn\u0101, bet iesak\u0101m mazg\u0101t ar rok\u0101m, neizmantot stipri smar\u017eojo\u0161us mazg\u0101\u0161anas l\u012bdzek\u013cus. Vienm\u0113r r\u016bp\u012bgi izskalojiet. Piem\u0113rots lieto\u0161anai mikrovi\u013c\u0146u kr\u0101sn\u012b.<\/p>\n<p>&nbsp;<\/p>\n","protected":false},"excerpt":{"rendered":"<p><strong>Pielipo\u0161ie trauki b\u0113rniem<\/strong> ir lieliska izv\u0113le, kad b\u0113rns paaug un r\u0101da v\u0113lmi \u0113st patst\u0101v\u012bgi. B\u013codas sp\u0113c\u012bg\u0101 pielip\u0161ana garant\u0113s, ka <em>b\u013coda<\/em> nenon\u0101ks uz zemes un vec\u0101ki \u0161o visu m\u0113t\u0101\u0161anas posmu var\u0113s p\u0101rdz\u012bvot ar p\u0113c iesp\u0113jas maz\u0101kiem &#8220;zaud\u0113jumiem&#8221; \ud83d\ude42 Little Eater <strong>silikona trauki b\u0113rniem<\/strong> Beige augs kop\u0101 ar b\u0113rnu: s\u0101kum\u0101 der\u0113s vec\u0101kiem pa\u0161iem mazul\u012bti pabarot, v\u0113l\u0101k, pateicoties sp\u0113c\u012bgajai pielip\u0161anasi, pal\u012bdz\u0113s b\u0113rnam iem\u0101c\u012bties \u0113st patst\u0101v\u012bgi.<\/p>\n","protected":false},"featured_media":12351,"comment_status":"open","ping_status":"closed","template":"","meta":{"_acf_changed":false},"product_brand":[218],"product_cat":[34],"product_tag":[53,47,50,51,52,48,49],"class_list":{"0":"post-60","1":"product","2":"type-product","3":"status-publish","4":"has-post-thumbnail","6":"product_brand-little-eater","7":"product_cat-silikona-trauki-berniem","8":"product_tag-bernu-trauki","9":"product_tag-bloda","10":"product_tag-pieliposais-skivis","11":"product_tag-pieliposie-trauki-berniem","12":"product_tag-silikona-trauki-berniem","13":"product_tag-trauki-berniem","14":"product_tag-zidainu-trauki","16":"first","17":"instock","18":"sale","19":"taxable","20":"shipping-taxable","21":"purchasable","22":"product-type-simple"},"acf":[],"yoast_head":"<!-- This site is optimized with the Yoast SEO plugin v27.4 - https:\/\/yoast.com\/product\/yoast-seo-wordpress\/ -->\n<title>Little Eater Silikona pielpo\u0161\u0101 b\u013coda Peach - Little Eater (LV)<\/title>\n<meta name=\"description\" content=\"Little eater silikona trauki b\u0113rniem - lieliska izv\u0113le piebaro\u0161anas s\u0101kumam. \u0160ie b\u0113rnu trauku ir dro\u0161i, viegli kopjami un praktiski.\" \/>\n<meta name=\"robots\" content=\"index, follow, max-snippet:-1, max-image-preview:large, max-video-preview:-1\" \/>\n<link rel=\"canonical\" href=\"https:\/\/littleeater.eu\/lv\/produkts\/little-eater-silikona-trauki-berniem-beige\/\" \/>\n<meta property=\"og:locale\" content=\"lv_LV\" \/>\n<meta property=\"og:type\" content=\"article\" \/>\n<meta property=\"og:title\" content=\"Little Eater Silikona pielpo\u0161\u0101 b\u013coda Peach - Little Eater (LV)\" \/>\n<meta property=\"og:description\" content=\"Little eater silikona trauki b\u0113rniem - lieliska izv\u0113le piebaro\u0161anas s\u0101kumam. \u0160ie b\u0113rnu trauku ir dro\u0161i, viegli kopjami un praktiski.\" \/>\n<meta property=\"og:url\" content=\"https:\/\/littleeater.eu\/lv\/produkts\/little-eater-silikona-trauki-berniem-beige\/\" \/>\n<meta property=\"og:site_name\" content=\"Little Eater (LV)\" \/>\n<meta property=\"article:modified_time\" content=\"2026-04-07T11:24:07+00:00\" \/>\n<meta property=\"og:image\" content=\"https:\/\/littleeater.eu\/lv\/wp-content\/uploads\/sites\/3\/2024\/03\/littleeater_dubenelis_1.jpg\" \/>\n\t<meta property=\"og:image:width\" content=\"800\" \/>\n\t<meta property=\"og:image:height\" content=\"800\" \/>\n\t<meta property=\"og:image:type\" content=\"image\/jpeg\" \/>\n<meta name=\"twitter:card\" content=\"summary_large_image\" \/>\n<meta name=\"twitter:label1\" content=\"Est. reading time\" \/>\n\t<meta name=\"twitter:data1\" content=\"3 min\u016btes\" \/>\n<script type=\"application\/ld+json\" class=\"yoast-schema-graph\">{\"@context\":\"https:\\\/\\\/schema.org\",\"@graph\":[{\"@type\":\"WebPage\",\"@id\":\"https:\\\/\\\/littleeater.eu\\\/lv\\\/produkts\\\/little-eater-silikona-trauki-berniem-beige\\\/\",\"url\":\"https:\\\/\\\/littleeater.eu\\\/lv\\\/produkts\\\/little-eater-silikona-trauki-berniem-beige\\\/\",\"name\":\"Little Eater Silikona pielpo\u0161\u0101 b\u013coda Peach - Little Eater (LV)\",\"isPartOf\":{\"@id\":\"https:\\\/\\\/littleeater.eu\\\/lv\\\/#website\"},\"primaryImageOfPage\":{\"@id\":\"https:\\\/\\\/littleeater.eu\\\/lv\\\/produkts\\\/little-eater-silikona-trauki-berniem-beige\\\/#primaryimage\"},\"image\":{\"@id\":\"https:\\\/\\\/littleeater.eu\\\/lv\\\/produkts\\\/little-eater-silikona-trauki-berniem-beige\\\/#primaryimage\"},\"thumbnailUrl\":\"https:\\\/\\\/littleeater.eu\\\/lv\\\/wp-content\\\/uploads\\\/sites\\\/3\\\/2024\\\/03\\\/littleeater_dubenelis_1.jpg\",\"datePublished\":\"2024-05-15T10:59:44+00:00\",\"dateModified\":\"2026-04-07T11:24:07+00:00\",\"description\":\"Little eater silikona trauki b\u0113rniem - lieliska izv\u0113le piebaro\u0161anas s\u0101kumam. \u0160ie b\u0113rnu trauku ir dro\u0161i, viegli kopjami un praktiski.\",\"breadcrumb\":{\"@id\":\"https:\\\/\\\/littleeater.eu\\\/lv\\\/produkts\\\/little-eater-silikona-trauki-berniem-beige\\\/#breadcrumb\"},\"inLanguage\":\"lv-LV\",\"potentialAction\":[{\"@type\":\"ReadAction\",\"target\":[\"https:\\\/\\\/littleeater.eu\\\/lv\\\/produkts\\\/little-eater-silikona-trauki-berniem-beige\\\/\"]}]},{\"@type\":\"ImageObject\",\"inLanguage\":\"lv-LV\",\"@id\":\"https:\\\/\\\/littleeater.eu\\\/lv\\\/produkts\\\/little-eater-silikona-trauki-berniem-beige\\\/#primaryimage\",\"url\":\"https:\\\/\\\/littleeater.eu\\\/lv\\\/wp-content\\\/uploads\\\/sites\\\/3\\\/2024\\\/03\\\/littleeater_dubenelis_1.jpg\",\"contentUrl\":\"https:\\\/\\\/littleeater.eu\\\/lv\\\/wp-content\\\/uploads\\\/sites\\\/3\\\/2024\\\/03\\\/littleeater_dubenelis_1.jpg\",\"width\":800,\"height\":800,\"caption\":\"Little eater: silikona trauki b\u0113rniem | b\u0113rnu trauki | trauki b\u0113rniem | trauku komplekts b\u0113rniem\"},{\"@type\":\"BreadcrumbList\",\"@id\":\"https:\\\/\\\/littleeater.eu\\\/lv\\\/produkts\\\/little-eater-silikona-trauki-berniem-beige\\\/#breadcrumb\",\"itemListElement\":[{\"@type\":\"ListItem\",\"position\":1,\"name\":\"M\u0101jas\",\"item\":\"https:\\\/\\\/littleeater.eu\\\/lv\\\/\"},{\"@type\":\"ListItem\",\"position\":2,\"name\":\"Veikals\",\"item\":\"https:\\\/\\\/littleeater.eu\\\/lv\\\/veikals\\\/\"},{\"@type\":\"ListItem\",\"position\":3,\"name\":\"Little Eater Silikona pielpo\u0161\u0101 b\u013coda Peach\"}]},{\"@type\":\"WebSite\",\"@id\":\"https:\\\/\\\/littleeater.eu\\\/lv\\\/#website\",\"url\":\"https:\\\/\\\/littleeater.eu\\\/lv\\\/\",\"name\":\"Little Eater (LV)\",\"description\":\"Little Eater\",\"publisher\":{\"@id\":\"https:\\\/\\\/littleeater.eu\\\/lv\\\/#organization\"},\"potentialAction\":[{\"@type\":\"SearchAction\",\"target\":{\"@type\":\"EntryPoint\",\"urlTemplate\":\"https:\\\/\\\/littleeater.eu\\\/lv\\\/?s={search_term_string}\"},\"query-input\":{\"@type\":\"PropertyValueSpecification\",\"valueRequired\":true,\"valueName\":\"search_term_string\"}}],\"inLanguage\":\"lv-LV\"},{\"@type\":\"Organization\",\"@id\":\"https:\\\/\\\/littleeater.eu\\\/lv\\\/#organization\",\"name\":\"Little Eater (LV)\",\"url\":\"https:\\\/\\\/littleeater.eu\\\/lv\\\/\",\"logo\":{\"@type\":\"ImageObject\",\"inLanguage\":\"lv-LV\",\"@id\":\"https:\\\/\\\/littleeater.eu\\\/lv\\\/#\\\/schema\\\/logo\\\/image\\\/\",\"url\":\"https:\\\/\\\/littleeater.eu\\\/lv\\\/wp-content\\\/uploads\\\/sites\\\/3\\\/2023\\\/05\\\/little-eater-logo.jpg\",\"contentUrl\":\"https:\\\/\\\/littleeater.eu\\\/lv\\\/wp-content\\\/uploads\\\/sites\\\/3\\\/2023\\\/05\\\/little-eater-logo.jpg\",\"width\":819,\"height\":810,\"caption\":\"Little Eater (LV)\"},\"image\":{\"@id\":\"https:\\\/\\\/littleeater.eu\\\/lv\\\/#\\\/schema\\\/logo\\\/image\\\/\"}}]}<\/script>\n<!-- \/ Yoast SEO plugin. -->","yoast_head_json":{"title":"Little Eater Silikona pielpo\u0161\u0101 b\u013coda Peach - Little Eater (LV)","description":"Little eater silikona trauki b\u0113rniem - lieliska izv\u0113le piebaro\u0161anas s\u0101kumam. \u0160ie b\u0113rnu trauku ir dro\u0161i, viegli kopjami un praktiski.","robots":{"index":"index","follow":"follow","max-snippet":"max-snippet:-1","max-image-preview":"max-image-preview:large","max-video-preview":"max-video-preview:-1"},"canonical":"https:\/\/littleeater.eu\/lv\/produkts\/little-eater-silikona-trauki-berniem-beige\/","og_locale":"lv_LV","og_type":"article","og_title":"Little Eater Silikona pielpo\u0161\u0101 b\u013coda Peach - Little Eater (LV)","og_description":"Little eater silikona trauki b\u0113rniem - lieliska izv\u0113le piebaro\u0161anas s\u0101kumam. \u0160ie b\u0113rnu trauku ir dro\u0161i, viegli kopjami un praktiski.","og_url":"https:\/\/littleeater.eu\/lv\/produkts\/little-eater-silikona-trauki-berniem-beige\/","og_site_name":"Little Eater (LV)","article_modified_time":"2026-04-07T11:24:07+00:00","og_image":[{"width":800,"height":800,"url":"https:\/\/littleeater.eu\/lv\/wp-content\/uploads\/sites\/3\/2024\/03\/littleeater_dubenelis_1.jpg","type":"image\/jpeg"}],"twitter_card":"summary_large_image","twitter_misc":{"Est. reading time":"3 min\u016btes"},"schema":{"@context":"https:\/\/schema.org","@graph":[{"@type":"WebPage","@id":"https:\/\/littleeater.eu\/lv\/produkts\/little-eater-silikona-trauki-berniem-beige\/","url":"https:\/\/littleeater.eu\/lv\/produkts\/little-eater-silikona-trauki-berniem-beige\/","name":"Little Eater Silikona pielpo\u0161\u0101 b\u013coda Peach - Little Eater (LV)","isPartOf":{"@id":"https:\/\/littleeater.eu\/lv\/#website"},"primaryImageOfPage":{"@id":"https:\/\/littleeater.eu\/lv\/produkts\/little-eater-silikona-trauki-berniem-beige\/#primaryimage"},"image":{"@id":"https:\/\/littleeater.eu\/lv\/produkts\/little-eater-silikona-trauki-berniem-beige\/#primaryimage"},"thumbnailUrl":"https:\/\/littleeater.eu\/lv\/wp-content\/uploads\/sites\/3\/2024\/03\/littleeater_dubenelis_1.jpg","datePublished":"2024-05-15T10:59:44+00:00","dateModified":"2026-04-07T11:24:07+00:00","description":"Little eater silikona trauki b\u0113rniem - lieliska izv\u0113le piebaro\u0161anas s\u0101kumam. \u0160ie b\u0113rnu trauku ir dro\u0161i, viegli kopjami un praktiski.","breadcrumb":{"@id":"https:\/\/littleeater.eu\/lv\/produkts\/little-eater-silikona-trauki-berniem-beige\/#breadcrumb"},"inLanguage":"lv-LV","potentialAction":[{"@type":"ReadAction","target":["https:\/\/littleeater.eu\/lv\/produkts\/little-eater-silikona-trauki-berniem-beige\/"]}]},{"@type":"ImageObject","inLanguage":"lv-LV","@id":"https:\/\/littleeater.eu\/lv\/produkts\/little-eater-silikona-trauki-berniem-beige\/#primaryimage","url":"https:\/\/littleeater.eu\/lv\/wp-content\/uploads\/sites\/3\/2024\/03\/littleeater_dubenelis_1.jpg","contentUrl":"https:\/\/littleeater.eu\/lv\/wp-content\/uploads\/sites\/3\/2024\/03\/littleeater_dubenelis_1.jpg","width":800,"height":800,"caption":"Little eater: silikona trauki b\u0113rniem | b\u0113rnu trauki | trauki b\u0113rniem | trauku komplekts b\u0113rniem"},{"@type":"BreadcrumbList","@id":"https:\/\/littleeater.eu\/lv\/produkts\/little-eater-silikona-trauki-berniem-beige\/#breadcrumb","itemListElement":[{"@type":"ListItem","position":1,"name":"M\u0101jas","item":"https:\/\/littleeater.eu\/lv\/"},{"@type":"ListItem","position":2,"name":"Veikals","item":"https:\/\/littleeater.eu\/lv\/veikals\/"},{"@type":"ListItem","position":3,"name":"Little Eater Silikona pielpo\u0161\u0101 b\u013coda Peach"}]},{"@type":"WebSite","@id":"https:\/\/littleeater.eu\/lv\/#website","url":"https:\/\/littleeater.eu\/lv\/","name":"Little Eater (LV)","description":"Little Eater","publisher":{"@id":"https:\/\/littleeater.eu\/lv\/#organization"},"potentialAction":[{"@type":"SearchAction","target":{"@type":"EntryPoint","urlTemplate":"https:\/\/littleeater.eu\/lv\/?s={search_term_string}"},"query-input":{"@type":"PropertyValueSpecification","valueRequired":true,"valueName":"search_term_string"}}],"inLanguage":"lv-LV"},{"@type":"Organization","@id":"https:\/\/littleeater.eu\/lv\/#organization","name":"Little Eater (LV)","url":"https:\/\/littleeater.eu\/lv\/","logo":{"@type":"ImageObject","inLanguage":"lv-LV","@id":"https:\/\/littleeater.eu\/lv\/#\/schema\/logo\/image\/","url":"https:\/\/littleeater.eu\/lv\/wp-content\/uploads\/sites\/3\/2023\/05\/little-eater-logo.jpg","contentUrl":"https:\/\/littleeater.eu\/lv\/wp-content\/uploads\/sites\/3\/2023\/05\/little-eater-logo.jpg","width":819,"height":810,"caption":"Little Eater (LV)"},"image":{"@id":"https:\/\/littleeater.eu\/lv\/#\/schema\/logo\/image\/"}}]}},"_links":{"self":[{"href":"https:\/\/littleeater.eu\/lv\/wp-json\/wp\/v2\/product\/60","targetHints":{"allow":["GET"]}}],"collection":[{"href":"https:\/\/littleeater.eu\/lv\/wp-json\/wp\/v2\/product"}],"about":[{"href":"https:\/\/littleeater.eu\/lv\/wp-json\/wp\/v2\/types\/product"}],"replies":[{"embeddable":true,"href":"https:\/\/littleeater.eu\/lv\/wp-json\/wp\/v2\/comments?post=60"}],"wp:featuredmedia":[{"embeddable":true,"href":"https:\/\/littleeater.eu\/lv\/wp-json\/wp\/v2\/media\/12351"}],"wp:attachment":[{"href":"https:\/\/littleeater.eu\/lv\/wp-json\/wp\/v2\/media?parent=60"}],"wp:term":[{"taxonomy":"product_brand","embeddable":true,"href":"https:\/\/littleeater.eu\/lv\/wp-json\/wp\/v2\/product_brand?post=60"},{"taxonomy":"product_cat","embeddable":true,"href":"https:\/\/littleeater.eu\/lv\/wp-json\/wp\/v2\/product_cat?post=60"},{"taxonomy":"product_tag","embeddable":true,"href":"https:\/\/littleeater.eu\/lv\/wp-json\/wp\/v2\/product_tag?post=60"}],"curies":[{"name":"wp","href":"https:\/\/api.w.org\/{rel}","templated":true}]}}