{"id":50,"date":"2023-06-17T12:59:43","date_gmt":"2023-06-17T10:59:43","guid":{"rendered":"https:\/\/littleeater.eu\/lv\/?post_type=product&#038;p=50"},"modified":"2026-05-08T15:48:54","modified_gmt":"2026-05-08T13:48:54","slug":"i-can-karotites-olive-green-princess-pink","status":"publish","type":"product","link":"https:\/\/littleeater.eu\/lv\/produkts\/i-can-karotites-olive-green-princess-pink\/","title":{"rendered":"I CAN karot\u012btes Olive Green\/Princess Pink"},"content":{"rendered":"<h1 dir=\"ltr\" data-placeholder=\"Vertimas\">I CAN Karot\u012btes<\/h1>\n<p>i can karot\u012btes, galda piederumi b\u0113rniem, b\u0113rnu galda piederumi, i can karot\u012bte<\/p>\n<h2 dir=\"ltr\" data-placeholder=\"Vertimas\">galda piederumi<\/h2>\n<p id=\"tw-target-text\" class=\"tw-data-text tw-text-large tw-ta\" dir=\"ltr\" data-placeholder=\"Vertimas\"><span class=\"Y2IQFc\" lang=\"lt\"><strong>Es varu pats<\/strong>! Vai tas izklaus\u0101s paz\u012bstami? Sp\u0113ja izp\u0113t\u012bt un izaicin\u0101t sevi ir svar\u012bga b\u0113rnu sp\u0113ju att\u012bst\u012bbas sast\u0101vda\u013ca. I Can karotes ra\u017eot\u0101js to uztver nopietni! I CAN karotes ir b\u016btiskas, lai visi b\u0113rni iem\u0101c\u012btos \u0113st patst\u0101v\u012bgi.<\/span><\/p>\n<div id=\"tw-target-text-container\" class=\"tw-ta-container F0azHf tw-nfl\" tabindex=\"0\">\n<p id=\"tw-target-text\" class=\"tw-data-text tw-text-large tw-ta\" dir=\"ltr\" data-placeholder=\"Vertimas\"><span class=\"Y2IQFc\" lang=\"lt\"><strong>I CAN karot\u012btes<\/strong> ir labi p\u0101rbaud\u012bts 2013. gad\u0101 rad\u012bts zviedru izgudrojums, kas pal\u012bdz b\u0113rnam viegl\u0101k s\u0101kt \u0113st patst\u0101v\u012bgi &#8211; piel\u0101gots mazaj\u0101m roci\u0146\u0101m. Pateicoties vieglajam svaram un daudzfunkcion\u0101l\u0101 roktura funkcijai, mazulis var tur\u0113t karoti t\u0101, k\u0101 v\u0113las. I CAN karotes no citiem b\u0113rnu galda piederumiem at\u0161\u0137iras ar rokturi, kas \u013cauj b\u0113rnam tur\u0113t karoti sev \u0113rt\u0101 veid\u0101. B\u0113rns tren\u0113 nevis roku, bet gan pirkstus, un intuit\u012bvi p\u0101riet no \u0113\u0161anas ar rok\u0101m. Caurums karot\u0113 nodro\u0161ina savienojumu starp \u012bk\u0161\u0137i un r\u0101d\u012bt\u0101jpirkstu, lai palielin\u0101tu stabilit\u0101ti un, ja b\u0113rns to izv\u0113las, vi\u0146\u0161 var ievietot \u012bk\u0161\u0137i vai r\u0101d\u012bt\u0101jpirkstu, lai nodro\u0161in\u0101tu stingru satv\u0113rienu.<\/span><\/p>\n<p class=\"tw-data-text tw-text-large tw-ta\" dir=\"ltr\" data-placeholder=\"Vertimas\">Speci\u0101listi uzsver, ka ir \u013coti svar\u012bgi, lai \u0113\u0161anas process jau no pa\u0161a s\u0101kuma rad\u012btu pozit\u012bvu pieredzi. Daudzi b\u0113rni v\u0113las uzs\u0101kt \u0113st patst\u0101v\u012bgi. Ar\u012b \u0113\u0161ana pati par sevi ir lielisks veids, k\u0101 att\u012bst\u012bt s\u012bko motoriku, \u0113diens ir laba motiv\u0101cija.<\/p>\n<p dir=\"ltr\" data-placeholder=\"Vertimas\"><strong>I CAN karot\u012btes<\/strong> aug kop\u0101 ar b\u0113rnu:<\/p>\n<ul>\n<li dir=\"ltr\" data-placeholder=\"Vertimas\">6 m\u0113n. b\u0113rns \u0113d ar rok\u0101m;<\/li>\n<li dir=\"ltr\" data-placeholder=\"Vertimas\">9 m\u0113n. b\u0113rns s\u0101k izmantot pincetes satv\u0113rienu (ar \u012bk\u0161\u0137i un r\u0101d\u012bt\u0101jpirkstu). Baro\u0161anas laik\u0101 b\u0113rnam jau var rasties v\u0113l\u0113\u0161an\u0101s pa\u0161am tur\u0113t karoti, iedro\u0161iniet b\u0113rnu, \u013caujiet to dar\u012bt patst\u0101v\u012bgi. I CAN karote ir lieliski piem\u0113rota \u0161im posmam, b\u0113rns var tur\u0113t karoti ar pincetes satv\u0113rienu.<\/li>\n<li dir=\"ltr\" data-placeholder=\"Vertimas\">12 m\u0113n. motorikas prasmes tiek att\u012bst\u012btas v\u0113l lab\u0101k, b\u0113rns var \u0113st izmantojot v\u0113l vair\u0101k da\u017e\u0101du karotes tur\u0113\u0161anas veidu.<\/li>\n<li dir=\"ltr\" data-placeholder=\"Vertimas\">18 m\u0113n. b\u0113rns \u0113d patst\u0101v\u012bgi, turot karoti da\u017e\u0101dos pa\u0146\u0113mienos.<\/li>\n<\/ul>\n<p>Visi b\u0113rni att\u012bst\u0101s \u013coti at\u0161\u0137ir\u012bgi! Vienk\u0101r\u0161i mudiniet b\u0113rnu \u0113st patst\u0101v\u012bgi! Atcerieties, ka \u0113\u0161anas process un prasmju att\u012bst\u012b\u0161ana notiek vienlaikus, t\u0101p\u0113c nek\u0101rt\u012bba ir neizb\u0113gama! P\u0113c m\u016bsu klientu atsauksm\u0113m, jaun\u0101kajam b\u0113rnam, kur\u0161 s\u0101ka patst\u0101v\u012bgi \u0113st ar I CAN karot\u012bti, bija 8,5 m\u0113ne\u0161i, bet vec\u0101kajam b\u0113rnam, kur\u0161 m\u0101c\u012bj\u0101s \u0113st ar karot\u0113m, bija 2 gadi.<\/p>\n<h2>Galda piederumi b\u0113rniem<\/h2>\n<\/div>\n<p><strong>I CAN karot\u012btes<\/strong> Latvij\u0101 priec\u0113 Latvijas un Baltijas b\u0113rnus un vi\u0146u vec\u0101kus kop\u0161 2017. gada, un \u0161aj\u0101 laik\u0101 \u0161\u012bs karot\u012btes ir izm\u0113\u0123in\u0101ju\u0161i vair\u0101k nek\u0101 20 000 b\u0113rnu. Karot\u012btes atbilst Eiropas savein\u012bbas standartiem EN 14372 un 10\/2011. Esam oficialie I CAN karot\u012b\u0161u p\u0101rst\u0101vji Baltijas valst\u012bs.<\/p>\n<p><strong>Kop\u0161ana:\u00a0<\/strong><\/p>\n<p>Pirms pirm\u0101s lieto\u0161anas izmazg\u0101jiet karot\u012btes. Dr\u012bkst mazg\u0101t trauku mazg\u0101jam\u0101 ma\u0161\u012bn\u0101 (max 50\u00b0C). Izmantojiet maigu mazg\u0101\u0161anas l\u012bdzekli. Neizmantot mikrovi\u013c\u0146u kr\u0101sn\u012b, nev\u0101r\u012bt, neatst\u0101t uz saules stariem.<\/p>\n<p>Br\u012bdin\u0101jums! J\u016bsu b\u0113rna dro\u0161\u012bbai un vesel\u012bbai: karoti vienm\u0113r lietojiet pieaugu\u0161o uzraudz\u012bb\u0101. P\u0101rbaudiet produktu pirms katras lieto\u0161anas reizes. Izmetiet, kad par\u0101d\u0101s pirm\u0101s boj\u0101juma vai v\u0101juma paz\u012bmes. Pirms baro\u0161anas vienm\u0113r p\u0101rbaudiet \u0113diena temperat\u016bru.<\/p>\n<p><strong>Sast\u0101vs: <\/strong><\/p>\n<p>PP &#8211; polipropil\u0113ns. Bez ftal\u0101tiem. Bez BPA. Bez PVC.<\/p>\n","protected":false},"excerpt":{"rendered":"<p><span class=\"Y2IQFc\" lang=\"lt\"><strong>I CAN karot\u012btes<\/strong> ir labi p\u0101rbaud\u012bts 2013. gad\u0101 rad\u012bts zviedru izgudrojums, kas pal\u012bdz b\u0113rnam viegl\u0101k s\u0101kt \u0113st patst\u0101v\u012bgi &#8211; piel\u0101gots mazaj\u0101m roci\u0146\u0101m. Pateicoties vieglajam svaram un daudzfunkcion\u0101l\u0101 roktura funkcijai, mazulis var tur\u0113t karoti t\u0101, k\u0101 v\u0113las. <strong>I CAN karot\u012btes<\/strong> no citiem <em>b\u0113rnu galda piederumiem<\/em> at\u0161\u0137iras ar rokturi, kas \u013cauj b\u0113rnam tur\u0113t karoti sev \u0113rt\u0101 veid\u0101.<\/span><\/p>\n","protected":false},"featured_media":5710,"comment_status":"open","ping_status":"closed","template":"","meta":{"_acf_changed":false},"product_brand":[216],"product_cat":[194,21],"product_tag":[46,44,43,42,45],"class_list":{"0":"post-50","1":"product","2":"type-product","3":"status-publish","4":"has-post-thumbnail","6":"product_brand-i-can","7":"product_cat-davanu-idejas","8":"product_cat-little-eater-i-can","9":"product_tag-esanas-piederumi-berniem","10":"product_tag-galda-piederumi-berniem","11":"product_tag-i-can-karotite","12":"product_tag-i-can-karotites","13":"product_tag-pirmie-galda-piederumi-berniem","15":"first","16":"instock","17":"sale","18":"featured","19":"taxable","20":"shipping-taxable","21":"purchasable","22":"product-type-simple"},"acf":[],"yoast_head":"<!-- This site is optimized with the Yoast SEO plugin v27.4 - https:\/\/yoast.com\/product\/yoast-seo-wordpress\/ -->\n<title>Little eater: i can karot\u012btes | galda piederumi b\u0113rniem<\/title>\n<meta name=\"description\" content=\"I CAN karot\u012btes Latvij\u0101 priec\u0113 Latvijas un Baltijas b\u0113rnus un vi\u0146u vec\u0101kus kop\u0161 2017. gada, un \u0161aj\u0101 laik\u0101 ir izm\u0113\u0123in\u0101ju\u0161i vair\u0101k nek\u0101 20 000 b\u0113rnu.\" \/>\n<meta name=\"robots\" content=\"index, follow, max-snippet:-1, max-image-preview:large, max-video-preview:-1\" \/>\n<link rel=\"canonical\" href=\"https:\/\/littleeater.eu\/lv\/produkts\/i-can-karotites-olive-green-princess-pink\/\" \/>\n<meta property=\"og:locale\" content=\"lv_LV\" \/>\n<meta property=\"og:type\" content=\"article\" \/>\n<meta property=\"og:title\" content=\"Little eater: i can karot\u012btes | galda piederumi b\u0113rniem\" \/>\n<meta property=\"og:description\" content=\"I CAN karot\u012btes Latvij\u0101 priec\u0113 Latvijas un Baltijas b\u0113rnus un vi\u0146u vec\u0101kus kop\u0161 2017. gada, un \u0161aj\u0101 laik\u0101 ir izm\u0113\u0123in\u0101ju\u0161i vair\u0101k nek\u0101 20 000 b\u0113rnu.\" \/>\n<meta property=\"og:url\" content=\"https:\/\/littleeater.eu\/lv\/produkts\/i-can-karotites-olive-green-princess-pink\/\" \/>\n<meta property=\"og:site_name\" content=\"Little Eater (LV)\" \/>\n<meta property=\"article:modified_time\" content=\"2026-05-08T13:48:54+00:00\" \/>\n<meta property=\"og:image\" content=\"https:\/\/littleeater.eu\/lv\/wp-content\/uploads\/sites\/3\/2023\/07\/littleeater_i_can_sauksteliai_1.jpg\" \/>\n\t<meta property=\"og:image:width\" content=\"2460\" \/>\n\t<meta property=\"og:image:height\" content=\"2460\" \/>\n\t<meta property=\"og:image:type\" content=\"image\/jpeg\" \/>\n<meta name=\"twitter:card\" content=\"summary_large_image\" \/>\n<meta name=\"twitter:label1\" content=\"Est. reading time\" \/>\n\t<meta name=\"twitter:data1\" content=\"3 min\u016btes\" \/>\n<script type=\"application\/ld+json\" class=\"yoast-schema-graph\">{\"@context\":\"https:\\\/\\\/schema.org\",\"@graph\":[{\"@type\":\"WebPage\",\"@id\":\"https:\\\/\\\/littleeater.eu\\\/lv\\\/produkts\\\/i-can-karotites-olive-green-princess-pink\\\/\",\"url\":\"https:\\\/\\\/littleeater.eu\\\/lv\\\/produkts\\\/i-can-karotites-olive-green-princess-pink\\\/\",\"name\":\"Little eater: i can karot\u012btes | galda piederumi b\u0113rniem\",\"isPartOf\":{\"@id\":\"https:\\\/\\\/littleeater.eu\\\/lv\\\/#website\"},\"primaryImageOfPage\":{\"@id\":\"https:\\\/\\\/littleeater.eu\\\/lv\\\/produkts\\\/i-can-karotites-olive-green-princess-pink\\\/#primaryimage\"},\"image\":{\"@id\":\"https:\\\/\\\/littleeater.eu\\\/lv\\\/produkts\\\/i-can-karotites-olive-green-princess-pink\\\/#primaryimage\"},\"thumbnailUrl\":\"https:\\\/\\\/littleeater.eu\\\/lv\\\/wp-content\\\/uploads\\\/sites\\\/3\\\/2023\\\/07\\\/littleeater_i_can_sauksteliai_1.jpg\",\"datePublished\":\"2023-06-17T10:59:43+00:00\",\"dateModified\":\"2026-05-08T13:48:54+00:00\",\"description\":\"I CAN karot\u012btes Latvij\u0101 priec\u0113 Latvijas un Baltijas b\u0113rnus un vi\u0146u vec\u0101kus kop\u0161 2017. gada, un \u0161aj\u0101 laik\u0101 ir izm\u0113\u0123in\u0101ju\u0161i vair\u0101k nek\u0101 20 000 b\u0113rnu.\",\"breadcrumb\":{\"@id\":\"https:\\\/\\\/littleeater.eu\\\/lv\\\/produkts\\\/i-can-karotites-olive-green-princess-pink\\\/#breadcrumb\"},\"inLanguage\":\"lv-LV\",\"potentialAction\":[{\"@type\":\"ReadAction\",\"target\":[\"https:\\\/\\\/littleeater.eu\\\/lv\\\/produkts\\\/i-can-karotites-olive-green-princess-pink\\\/\"]}]},{\"@type\":\"ImageObject\",\"inLanguage\":\"lv-LV\",\"@id\":\"https:\\\/\\\/littleeater.eu\\\/lv\\\/produkts\\\/i-can-karotites-olive-green-princess-pink\\\/#primaryimage\",\"url\":\"https:\\\/\\\/littleeater.eu\\\/lv\\\/wp-content\\\/uploads\\\/sites\\\/3\\\/2023\\\/07\\\/littleeater_i_can_sauksteliai_1.jpg\",\"contentUrl\":\"https:\\\/\\\/littleeater.eu\\\/lv\\\/wp-content\\\/uploads\\\/sites\\\/3\\\/2023\\\/07\\\/littleeater_i_can_sauksteliai_1.jpg\",\"width\":2460,\"height\":2460,\"caption\":\"Liitle eater: i can karot\u012btes | galda piederumi b\u0113rniem\"},{\"@type\":\"BreadcrumbList\",\"@id\":\"https:\\\/\\\/littleeater.eu\\\/lv\\\/produkts\\\/i-can-karotites-olive-green-princess-pink\\\/#breadcrumb\",\"itemListElement\":[{\"@type\":\"ListItem\",\"position\":1,\"name\":\"M\u0101jas\",\"item\":\"https:\\\/\\\/littleeater.eu\\\/lv\\\/\"},{\"@type\":\"ListItem\",\"position\":2,\"name\":\"Veikals\",\"item\":\"https:\\\/\\\/littleeater.eu\\\/lv\\\/veikals\\\/\"},{\"@type\":\"ListItem\",\"position\":3,\"name\":\"I CAN karot\u012btes Olive Green\\\/Princess Pink\"}]},{\"@type\":\"WebSite\",\"@id\":\"https:\\\/\\\/littleeater.eu\\\/lv\\\/#website\",\"url\":\"https:\\\/\\\/littleeater.eu\\\/lv\\\/\",\"name\":\"Little Eater (LV)\",\"description\":\"Little Eater\",\"publisher\":{\"@id\":\"https:\\\/\\\/littleeater.eu\\\/lv\\\/#organization\"},\"potentialAction\":[{\"@type\":\"SearchAction\",\"target\":{\"@type\":\"EntryPoint\",\"urlTemplate\":\"https:\\\/\\\/littleeater.eu\\\/lv\\\/?s={search_term_string}\"},\"query-input\":{\"@type\":\"PropertyValueSpecification\",\"valueRequired\":true,\"valueName\":\"search_term_string\"}}],\"inLanguage\":\"lv-LV\"},{\"@type\":\"Organization\",\"@id\":\"https:\\\/\\\/littleeater.eu\\\/lv\\\/#organization\",\"name\":\"Little Eater (LV)\",\"url\":\"https:\\\/\\\/littleeater.eu\\\/lv\\\/\",\"logo\":{\"@type\":\"ImageObject\",\"inLanguage\":\"lv-LV\",\"@id\":\"https:\\\/\\\/littleeater.eu\\\/lv\\\/#\\\/schema\\\/logo\\\/image\\\/\",\"url\":\"https:\\\/\\\/littleeater.eu\\\/lv\\\/wp-content\\\/uploads\\\/sites\\\/3\\\/2023\\\/05\\\/little-eater-logo.jpg\",\"contentUrl\":\"https:\\\/\\\/littleeater.eu\\\/lv\\\/wp-content\\\/uploads\\\/sites\\\/3\\\/2023\\\/05\\\/little-eater-logo.jpg\",\"width\":819,\"height\":810,\"caption\":\"Little Eater (LV)\"},\"image\":{\"@id\":\"https:\\\/\\\/littleeater.eu\\\/lv\\\/#\\\/schema\\\/logo\\\/image\\\/\"}}]}<\/script>\n<!-- \/ Yoast SEO plugin. -->","yoast_head_json":{"title":"Little eater: i can karot\u012btes | galda piederumi b\u0113rniem","description":"I CAN karot\u012btes Latvij\u0101 priec\u0113 Latvijas un Baltijas b\u0113rnus un vi\u0146u vec\u0101kus kop\u0161 2017. gada, un \u0161aj\u0101 laik\u0101 ir izm\u0113\u0123in\u0101ju\u0161i vair\u0101k nek\u0101 20 000 b\u0113rnu.","robots":{"index":"index","follow":"follow","max-snippet":"max-snippet:-1","max-image-preview":"max-image-preview:large","max-video-preview":"max-video-preview:-1"},"canonical":"https:\/\/littleeater.eu\/lv\/produkts\/i-can-karotites-olive-green-princess-pink\/","og_locale":"lv_LV","og_type":"article","og_title":"Little eater: i can karot\u012btes | galda piederumi b\u0113rniem","og_description":"I CAN karot\u012btes Latvij\u0101 priec\u0113 Latvijas un Baltijas b\u0113rnus un vi\u0146u vec\u0101kus kop\u0161 2017. gada, un \u0161aj\u0101 laik\u0101 ir izm\u0113\u0123in\u0101ju\u0161i vair\u0101k nek\u0101 20 000 b\u0113rnu.","og_url":"https:\/\/littleeater.eu\/lv\/produkts\/i-can-karotites-olive-green-princess-pink\/","og_site_name":"Little Eater (LV)","article_modified_time":"2026-05-08T13:48:54+00:00","og_image":[{"width":2460,"height":2460,"url":"https:\/\/littleeater.eu\/lv\/wp-content\/uploads\/sites\/3\/2023\/07\/littleeater_i_can_sauksteliai_1.jpg","type":"image\/jpeg"}],"twitter_card":"summary_large_image","twitter_misc":{"Est. reading time":"3 min\u016btes"},"schema":{"@context":"https:\/\/schema.org","@graph":[{"@type":"WebPage","@id":"https:\/\/littleeater.eu\/lv\/produkts\/i-can-karotites-olive-green-princess-pink\/","url":"https:\/\/littleeater.eu\/lv\/produkts\/i-can-karotites-olive-green-princess-pink\/","name":"Little eater: i can karot\u012btes | galda piederumi b\u0113rniem","isPartOf":{"@id":"https:\/\/littleeater.eu\/lv\/#website"},"primaryImageOfPage":{"@id":"https:\/\/littleeater.eu\/lv\/produkts\/i-can-karotites-olive-green-princess-pink\/#primaryimage"},"image":{"@id":"https:\/\/littleeater.eu\/lv\/produkts\/i-can-karotites-olive-green-princess-pink\/#primaryimage"},"thumbnailUrl":"https:\/\/littleeater.eu\/lv\/wp-content\/uploads\/sites\/3\/2023\/07\/littleeater_i_can_sauksteliai_1.jpg","datePublished":"2023-06-17T10:59:43+00:00","dateModified":"2026-05-08T13:48:54+00:00","description":"I CAN karot\u012btes Latvij\u0101 priec\u0113 Latvijas un Baltijas b\u0113rnus un vi\u0146u vec\u0101kus kop\u0161 2017. gada, un \u0161aj\u0101 laik\u0101 ir izm\u0113\u0123in\u0101ju\u0161i vair\u0101k nek\u0101 20 000 b\u0113rnu.","breadcrumb":{"@id":"https:\/\/littleeater.eu\/lv\/produkts\/i-can-karotites-olive-green-princess-pink\/#breadcrumb"},"inLanguage":"lv-LV","potentialAction":[{"@type":"ReadAction","target":["https:\/\/littleeater.eu\/lv\/produkts\/i-can-karotites-olive-green-princess-pink\/"]}]},{"@type":"ImageObject","inLanguage":"lv-LV","@id":"https:\/\/littleeater.eu\/lv\/produkts\/i-can-karotites-olive-green-princess-pink\/#primaryimage","url":"https:\/\/littleeater.eu\/lv\/wp-content\/uploads\/sites\/3\/2023\/07\/littleeater_i_can_sauksteliai_1.jpg","contentUrl":"https:\/\/littleeater.eu\/lv\/wp-content\/uploads\/sites\/3\/2023\/07\/littleeater_i_can_sauksteliai_1.jpg","width":2460,"height":2460,"caption":"Liitle eater: i can karot\u012btes | galda piederumi b\u0113rniem"},{"@type":"BreadcrumbList","@id":"https:\/\/littleeater.eu\/lv\/produkts\/i-can-karotites-olive-green-princess-pink\/#breadcrumb","itemListElement":[{"@type":"ListItem","position":1,"name":"M\u0101jas","item":"https:\/\/littleeater.eu\/lv\/"},{"@type":"ListItem","position":2,"name":"Veikals","item":"https:\/\/littleeater.eu\/lv\/veikals\/"},{"@type":"ListItem","position":3,"name":"I CAN karot\u012btes Olive Green\/Princess Pink"}]},{"@type":"WebSite","@id":"https:\/\/littleeater.eu\/lv\/#website","url":"https:\/\/littleeater.eu\/lv\/","name":"Little Eater (LV)","description":"Little Eater","publisher":{"@id":"https:\/\/littleeater.eu\/lv\/#organization"},"potentialAction":[{"@type":"SearchAction","target":{"@type":"EntryPoint","urlTemplate":"https:\/\/littleeater.eu\/lv\/?s={search_term_string}"},"query-input":{"@type":"PropertyValueSpecification","valueRequired":true,"valueName":"search_term_string"}}],"inLanguage":"lv-LV"},{"@type":"Organization","@id":"https:\/\/littleeater.eu\/lv\/#organization","name":"Little Eater (LV)","url":"https:\/\/littleeater.eu\/lv\/","logo":{"@type":"ImageObject","inLanguage":"lv-LV","@id":"https:\/\/littleeater.eu\/lv\/#\/schema\/logo\/image\/","url":"https:\/\/littleeater.eu\/lv\/wp-content\/uploads\/sites\/3\/2023\/05\/little-eater-logo.jpg","contentUrl":"https:\/\/littleeater.eu\/lv\/wp-content\/uploads\/sites\/3\/2023\/05\/little-eater-logo.jpg","width":819,"height":810,"caption":"Little Eater (LV)"},"image":{"@id":"https:\/\/littleeater.eu\/lv\/#\/schema\/logo\/image\/"}}]}},"_links":{"self":[{"href":"https:\/\/littleeater.eu\/lv\/wp-json\/wp\/v2\/product\/50","targetHints":{"allow":["GET"]}}],"collection":[{"href":"https:\/\/littleeater.eu\/lv\/wp-json\/wp\/v2\/product"}],"about":[{"href":"https:\/\/littleeater.eu\/lv\/wp-json\/wp\/v2\/types\/product"}],"replies":[{"embeddable":true,"href":"https:\/\/littleeater.eu\/lv\/wp-json\/wp\/v2\/comments?post=50"}],"wp:featuredmedia":[{"embeddable":true,"href":"https:\/\/littleeater.eu\/lv\/wp-json\/wp\/v2\/media\/5710"}],"wp:attachment":[{"href":"https:\/\/littleeater.eu\/lv\/wp-json\/wp\/v2\/media?parent=50"}],"wp:term":[{"taxonomy":"product_brand","embeddable":true,"href":"https:\/\/littleeater.eu\/lv\/wp-json\/wp\/v2\/product_brand?post=50"},{"taxonomy":"product_cat","embeddable":true,"href":"https:\/\/littleeater.eu\/lv\/wp-json\/wp\/v2\/product_cat?post=50"},{"taxonomy":"product_tag","embeddable":true,"href":"https:\/\/littleeater.eu\/lv\/wp-json\/wp\/v2\/product_tag?post=50"}],"curies":[{"name":"wp","href":"https:\/\/api.w.org\/{rel}","templated":true}]}}