{"id":23366,"date":"2025-06-17T12:25:25","date_gmt":"2025-06-17T10:25:25","guid":{"rendered":"https:\/\/littleeater.eu\/lv\/?post_type=product&#038;p=23366"},"modified":"2026-03-06T11:25:50","modified_gmt":"2026-03-06T09:25:50","slug":"follow-the-duck-saulesbrilles-berniem-flower-white","status":"publish","type":"product","link":"https:\/\/littleeater.eu\/lv\/produkts\/follow-the-duck-saulesbrilles-berniem-flower-white\/","title":{"rendered":"Follow the duck saulesbrilles b\u0113rniem Flower White"},"content":{"rendered":"<h1>Little Eater &#8211; SAULESBRILLES B\u0112RNIEM<\/h1>\n<h2>B\u0113rnu saulesbrilles<span class=\"Apple-converted-space\">\u00a0<\/span><\/h2>\n<p>&nbsp;<\/p>\n<p data-start=\"36\" data-end=\"236\"><strong data-start=\"36\" data-end=\"132\">Stil\u012bgas saulesbrilles b\u0113rniem \u2013 nodro\u0161ina augstu aizsardz\u012bbas l\u012bmeni, UV400 aizsardz\u012bba.<\/strong><br data-start=\"132\" data-end=\"135\" \/>B\u0113rnu saulesbrilles b\u016bs noder\u012bgas ikvienam b\u0113rnam gan k\u0101 aizsardz\u012bba, gan k\u0101 stil\u012bgs ap\u0123\u0113rba akcents.<\/p>\n<p data-start=\"238\" data-end=\"394\">Saulesbrilles b\u0113rniem ir univers\u0101la izm\u0113ra un piem\u0113rotas b\u0113rniem no 1,5 l\u012bdz 7 gadu vecumam. T\u0101s der\u0113s gan ikdienai, gan atva\u013cin\u0101juma vai izbraucienu laik\u0101.<\/p>\n<p data-start=\"396\" data-end=\"599\">B\u0113rnu saulesbrilles ir ievietotas skaist\u0101, ar rok\u0101m darin\u0101t\u0101 filca maci\u0146\u0101, kur\u0101 ir ar\u012b audums brill\u0113m t\u012br\u012bt. Maci\u0146\u0161 un salvet\u012bte pal\u012bdz\u0113s b\u0113rnam pareizi kopt saulesbrilles, t\u0101p\u0113c t\u0101s neb\u016bs bie\u017ei j\u0101maina.<\/p>\n<p data-start=\"601\" data-end=\"614\"><strong data-start=\"601\" data-end=\"614\">\u012apa\u0161\u012bbas:<\/strong><\/p>\n<ul data-start=\"615\" data-end=\"798\">\n<li data-start=\"615\" data-end=\"623\">\n<p data-start=\"617\" data-end=\"623\">UV400;<\/p>\n<\/li>\n<li data-start=\"624\" data-end=\"641\">\n<p data-start=\"626\" data-end=\"641\">CE sertifik\u0101ts;<\/p>\n<\/li>\n<li data-start=\"642\" data-end=\"697\">\n<p data-start=\"644\" data-end=\"697\">Komplekt\u0101 filca maci\u0146\u0161 un salvet\u012bte bri\u013c\u013cu t\u012br\u012b\u0161anai;<\/p>\n<\/li>\n<li data-start=\"698\" data-end=\"736\">\n<p data-start=\"700\" data-end=\"736\">Vecums no 18 m\u0113ne\u0161iem l\u012bdz 7 gadiem;<\/p>\n<\/li>\n<li data-start=\"737\" data-end=\"798\">\n<p data-start=\"739\" data-end=\"798\">R\u0101mja platums 12.8 cm, r\u0101mja augstums 5 cm, garums 12.6 cm.<\/p>\n<\/li>\n<\/ul>\n<p>&nbsp;<\/p>\n","protected":false},"excerpt":{"rendered":"<p data-start=\"36\" data-end=\"236\"><strong data-start=\"36\" data-end=\"132\">Stil\u012bgas saulesbrilles b\u0113rniem \u2013 nodro\u0161ina augstu aizsardz\u012bbas l\u012bmeni, UV400 aizsardz\u012bba.<\/strong><br data-start=\"132\" data-end=\"135\" \/>B\u0113rnu saulesbrilles b\u016bs noder\u012bgas ikvienam b\u0113rnam gan k\u0101 aizsardz\u012bba, gan k\u0101 stil\u012bgs ap\u0123\u0113rba akcents.<\/p>\n","protected":false},"featured_media":23367,"comment_status":"open","ping_status":"closed","template":"","meta":{"_acf_changed":false},"product_brand":[214],"product_cat":[182,177],"product_tag":[],"class_list":{"0":"post-23366","1":"product","2":"type-product","3":"status-publish","4":"has-post-thumbnail","6":"product_brand-follow-the-duck","7":"product_cat-aksesuari","8":"product_cat-bernu-saulesbrilles","10":"first","11":"instock","12":"sale","13":"taxable","14":"shipping-taxable","15":"purchasable","16":"product-type-simple"},"acf":[],"yoast_head":"<!-- This site is optimized with the Yoast SEO plugin v27.4 - https:\/\/yoast.com\/product\/yoast-seo-wordpress\/ -->\n<title>Follow the duck saulesbrilles b\u0113rniem Flower White - Little Eater (LV)<\/title>\n<meta name=\"robots\" content=\"index, follow, max-snippet:-1, max-image-preview:large, max-video-preview:-1\" \/>\n<link rel=\"canonical\" href=\"https:\/\/littleeater.eu\/lv\/produkts\/follow-the-duck-saulesbrilles-berniem-flower-white\/\" \/>\n<meta property=\"og:locale\" content=\"lv_LV\" \/>\n<meta property=\"og:type\" content=\"article\" \/>\n<meta property=\"og:title\" content=\"Follow the duck saulesbrilles b\u0113rniem Flower White - Little Eater (LV)\" \/>\n<meta property=\"og:description\" content=\"Stil\u012bgas saulesbrilles b\u0113rniem \u2013 nodro\u0161ina augstu aizsardz\u012bbas l\u012bmeni, UV400 aizsardz\u012bba.B\u0113rnu saulesbrilles b\u016bs noder\u012bgas ikvienam b\u0113rnam gan k\u0101 aizsardz\u012bba, gan k\u0101 stil\u012bgs ap\u0123\u0113rba akcents.\" \/>\n<meta property=\"og:url\" content=\"https:\/\/littleeater.eu\/lv\/produkts\/follow-the-duck-saulesbrilles-berniem-flower-white\/\" \/>\n<meta property=\"og:site_name\" content=\"Little Eater (LV)\" \/>\n<meta property=\"article:modified_time\" content=\"2026-03-06T09:25:50+00:00\" \/>\n<meta property=\"og:image\" content=\"https:\/\/littleeater.eu\/lv\/wp-content\/uploads\/sites\/3\/2025\/06\/akiniai_nuo_saules_vaikams_34.jpg\" \/>\n\t<meta property=\"og:image:width\" content=\"464\" \/>\n\t<meta property=\"og:image:height\" content=\"464\" \/>\n\t<meta property=\"og:image:type\" content=\"image\/jpeg\" \/>\n<meta name=\"twitter:card\" content=\"summary_large_image\" \/>\n<meta name=\"twitter:label1\" content=\"Est. reading time\" \/>\n\t<meta name=\"twitter:data1\" content=\"1 min\u016bte\" \/>\n<script type=\"application\/ld+json\" class=\"yoast-schema-graph\">{\"@context\":\"https:\\\/\\\/schema.org\",\"@graph\":[{\"@type\":\"WebPage\",\"@id\":\"https:\\\/\\\/littleeater.eu\\\/lv\\\/produkts\\\/follow-the-duck-saulesbrilles-berniem-flower-white\\\/\",\"url\":\"https:\\\/\\\/littleeater.eu\\\/lv\\\/produkts\\\/follow-the-duck-saulesbrilles-berniem-flower-white\\\/\",\"name\":\"Follow the duck saulesbrilles b\u0113rniem Flower White - Little Eater (LV)\",\"isPartOf\":{\"@id\":\"https:\\\/\\\/littleeater.eu\\\/lv\\\/#website\"},\"primaryImageOfPage\":{\"@id\":\"https:\\\/\\\/littleeater.eu\\\/lv\\\/produkts\\\/follow-the-duck-saulesbrilles-berniem-flower-white\\\/#primaryimage\"},\"image\":{\"@id\":\"https:\\\/\\\/littleeater.eu\\\/lv\\\/produkts\\\/follow-the-duck-saulesbrilles-berniem-flower-white\\\/#primaryimage\"},\"thumbnailUrl\":\"https:\\\/\\\/littleeater.eu\\\/lv\\\/wp-content\\\/uploads\\\/sites\\\/3\\\/2025\\\/06\\\/akiniai_nuo_saules_vaikams_34.jpg\",\"datePublished\":\"2025-06-17T10:25:25+00:00\",\"dateModified\":\"2026-03-06T09:25:50+00:00\",\"breadcrumb\":{\"@id\":\"https:\\\/\\\/littleeater.eu\\\/lv\\\/produkts\\\/follow-the-duck-saulesbrilles-berniem-flower-white\\\/#breadcrumb\"},\"inLanguage\":\"lv-LV\",\"potentialAction\":[{\"@type\":\"ReadAction\",\"target\":[\"https:\\\/\\\/littleeater.eu\\\/lv\\\/produkts\\\/follow-the-duck-saulesbrilles-berniem-flower-white\\\/\"]}]},{\"@type\":\"ImageObject\",\"inLanguage\":\"lv-LV\",\"@id\":\"https:\\\/\\\/littleeater.eu\\\/lv\\\/produkts\\\/follow-the-duck-saulesbrilles-berniem-flower-white\\\/#primaryimage\",\"url\":\"https:\\\/\\\/littleeater.eu\\\/lv\\\/wp-content\\\/uploads\\\/sites\\\/3\\\/2025\\\/06\\\/akiniai_nuo_saules_vaikams_34.jpg\",\"contentUrl\":\"https:\\\/\\\/littleeater.eu\\\/lv\\\/wp-content\\\/uploads\\\/sites\\\/3\\\/2025\\\/06\\\/akiniai_nuo_saules_vaikams_34.jpg\",\"width\":464,\"height\":464},{\"@type\":\"BreadcrumbList\",\"@id\":\"https:\\\/\\\/littleeater.eu\\\/lv\\\/produkts\\\/follow-the-duck-saulesbrilles-berniem-flower-white\\\/#breadcrumb\",\"itemListElement\":[{\"@type\":\"ListItem\",\"position\":1,\"name\":\"M\u0101jas\",\"item\":\"https:\\\/\\\/littleeater.eu\\\/lv\\\/\"},{\"@type\":\"ListItem\",\"position\":2,\"name\":\"Veikals\",\"item\":\"https:\\\/\\\/littleeater.eu\\\/lv\\\/veikals\\\/\"},{\"@type\":\"ListItem\",\"position\":3,\"name\":\"Follow the duck saulesbrilles b\u0113rniem Flower White\"}]},{\"@type\":\"WebSite\",\"@id\":\"https:\\\/\\\/littleeater.eu\\\/lv\\\/#website\",\"url\":\"https:\\\/\\\/littleeater.eu\\\/lv\\\/\",\"name\":\"Little Eater (LV)\",\"description\":\"Little Eater\",\"publisher\":{\"@id\":\"https:\\\/\\\/littleeater.eu\\\/lv\\\/#organization\"},\"potentialAction\":[{\"@type\":\"SearchAction\",\"target\":{\"@type\":\"EntryPoint\",\"urlTemplate\":\"https:\\\/\\\/littleeater.eu\\\/lv\\\/?s={search_term_string}\"},\"query-input\":{\"@type\":\"PropertyValueSpecification\",\"valueRequired\":true,\"valueName\":\"search_term_string\"}}],\"inLanguage\":\"lv-LV\"},{\"@type\":\"Organization\",\"@id\":\"https:\\\/\\\/littleeater.eu\\\/lv\\\/#organization\",\"name\":\"Little Eater (LV)\",\"url\":\"https:\\\/\\\/littleeater.eu\\\/lv\\\/\",\"logo\":{\"@type\":\"ImageObject\",\"inLanguage\":\"lv-LV\",\"@id\":\"https:\\\/\\\/littleeater.eu\\\/lv\\\/#\\\/schema\\\/logo\\\/image\\\/\",\"url\":\"https:\\\/\\\/littleeater.eu\\\/lv\\\/wp-content\\\/uploads\\\/sites\\\/3\\\/2023\\\/05\\\/little-eater-logo.jpg\",\"contentUrl\":\"https:\\\/\\\/littleeater.eu\\\/lv\\\/wp-content\\\/uploads\\\/sites\\\/3\\\/2023\\\/05\\\/little-eater-logo.jpg\",\"width\":819,\"height\":810,\"caption\":\"Little Eater (LV)\"},\"image\":{\"@id\":\"https:\\\/\\\/littleeater.eu\\\/lv\\\/#\\\/schema\\\/logo\\\/image\\\/\"}}]}<\/script>\n<!-- \/ Yoast SEO plugin. -->","yoast_head_json":{"title":"Follow the duck saulesbrilles b\u0113rniem Flower White - Little Eater (LV)","robots":{"index":"index","follow":"follow","max-snippet":"max-snippet:-1","max-image-preview":"max-image-preview:large","max-video-preview":"max-video-preview:-1"},"canonical":"https:\/\/littleeater.eu\/lv\/produkts\/follow-the-duck-saulesbrilles-berniem-flower-white\/","og_locale":"lv_LV","og_type":"article","og_title":"Follow the duck saulesbrilles b\u0113rniem Flower White - Little Eater (LV)","og_description":"Stil\u012bgas saulesbrilles b\u0113rniem \u2013 nodro\u0161ina augstu aizsardz\u012bbas l\u012bmeni, UV400 aizsardz\u012bba.B\u0113rnu saulesbrilles b\u016bs noder\u012bgas ikvienam b\u0113rnam gan k\u0101 aizsardz\u012bba, gan k\u0101 stil\u012bgs ap\u0123\u0113rba akcents.","og_url":"https:\/\/littleeater.eu\/lv\/produkts\/follow-the-duck-saulesbrilles-berniem-flower-white\/","og_site_name":"Little Eater (LV)","article_modified_time":"2026-03-06T09:25:50+00:00","og_image":[{"width":464,"height":464,"url":"https:\/\/littleeater.eu\/lv\/wp-content\/uploads\/sites\/3\/2025\/06\/akiniai_nuo_saules_vaikams_34.jpg","type":"image\/jpeg"}],"twitter_card":"summary_large_image","twitter_misc":{"Est. reading time":"1 min\u016bte"},"schema":{"@context":"https:\/\/schema.org","@graph":[{"@type":"WebPage","@id":"https:\/\/littleeater.eu\/lv\/produkts\/follow-the-duck-saulesbrilles-berniem-flower-white\/","url":"https:\/\/littleeater.eu\/lv\/produkts\/follow-the-duck-saulesbrilles-berniem-flower-white\/","name":"Follow the duck saulesbrilles b\u0113rniem Flower White - Little Eater (LV)","isPartOf":{"@id":"https:\/\/littleeater.eu\/lv\/#website"},"primaryImageOfPage":{"@id":"https:\/\/littleeater.eu\/lv\/produkts\/follow-the-duck-saulesbrilles-berniem-flower-white\/#primaryimage"},"image":{"@id":"https:\/\/littleeater.eu\/lv\/produkts\/follow-the-duck-saulesbrilles-berniem-flower-white\/#primaryimage"},"thumbnailUrl":"https:\/\/littleeater.eu\/lv\/wp-content\/uploads\/sites\/3\/2025\/06\/akiniai_nuo_saules_vaikams_34.jpg","datePublished":"2025-06-17T10:25:25+00:00","dateModified":"2026-03-06T09:25:50+00:00","breadcrumb":{"@id":"https:\/\/littleeater.eu\/lv\/produkts\/follow-the-duck-saulesbrilles-berniem-flower-white\/#breadcrumb"},"inLanguage":"lv-LV","potentialAction":[{"@type":"ReadAction","target":["https:\/\/littleeater.eu\/lv\/produkts\/follow-the-duck-saulesbrilles-berniem-flower-white\/"]}]},{"@type":"ImageObject","inLanguage":"lv-LV","@id":"https:\/\/littleeater.eu\/lv\/produkts\/follow-the-duck-saulesbrilles-berniem-flower-white\/#primaryimage","url":"https:\/\/littleeater.eu\/lv\/wp-content\/uploads\/sites\/3\/2025\/06\/akiniai_nuo_saules_vaikams_34.jpg","contentUrl":"https:\/\/littleeater.eu\/lv\/wp-content\/uploads\/sites\/3\/2025\/06\/akiniai_nuo_saules_vaikams_34.jpg","width":464,"height":464},{"@type":"BreadcrumbList","@id":"https:\/\/littleeater.eu\/lv\/produkts\/follow-the-duck-saulesbrilles-berniem-flower-white\/#breadcrumb","itemListElement":[{"@type":"ListItem","position":1,"name":"M\u0101jas","item":"https:\/\/littleeater.eu\/lv\/"},{"@type":"ListItem","position":2,"name":"Veikals","item":"https:\/\/littleeater.eu\/lv\/veikals\/"},{"@type":"ListItem","position":3,"name":"Follow the duck saulesbrilles b\u0113rniem Flower White"}]},{"@type":"WebSite","@id":"https:\/\/littleeater.eu\/lv\/#website","url":"https:\/\/littleeater.eu\/lv\/","name":"Little Eater (LV)","description":"Little Eater","publisher":{"@id":"https:\/\/littleeater.eu\/lv\/#organization"},"potentialAction":[{"@type":"SearchAction","target":{"@type":"EntryPoint","urlTemplate":"https:\/\/littleeater.eu\/lv\/?s={search_term_string}"},"query-input":{"@type":"PropertyValueSpecification","valueRequired":true,"valueName":"search_term_string"}}],"inLanguage":"lv-LV"},{"@type":"Organization","@id":"https:\/\/littleeater.eu\/lv\/#organization","name":"Little Eater (LV)","url":"https:\/\/littleeater.eu\/lv\/","logo":{"@type":"ImageObject","inLanguage":"lv-LV","@id":"https:\/\/littleeater.eu\/lv\/#\/schema\/logo\/image\/","url":"https:\/\/littleeater.eu\/lv\/wp-content\/uploads\/sites\/3\/2023\/05\/little-eater-logo.jpg","contentUrl":"https:\/\/littleeater.eu\/lv\/wp-content\/uploads\/sites\/3\/2023\/05\/little-eater-logo.jpg","width":819,"height":810,"caption":"Little Eater (LV)"},"image":{"@id":"https:\/\/littleeater.eu\/lv\/#\/schema\/logo\/image\/"}}]}},"_links":{"self":[{"href":"https:\/\/littleeater.eu\/lv\/wp-json\/wp\/v2\/product\/23366","targetHints":{"allow":["GET"]}}],"collection":[{"href":"https:\/\/littleeater.eu\/lv\/wp-json\/wp\/v2\/product"}],"about":[{"href":"https:\/\/littleeater.eu\/lv\/wp-json\/wp\/v2\/types\/product"}],"replies":[{"embeddable":true,"href":"https:\/\/littleeater.eu\/lv\/wp-json\/wp\/v2\/comments?post=23366"}],"wp:featuredmedia":[{"embeddable":true,"href":"https:\/\/littleeater.eu\/lv\/wp-json\/wp\/v2\/media\/23367"}],"wp:attachment":[{"href":"https:\/\/littleeater.eu\/lv\/wp-json\/wp\/v2\/media?parent=23366"}],"wp:term":[{"taxonomy":"product_brand","embeddable":true,"href":"https:\/\/littleeater.eu\/lv\/wp-json\/wp\/v2\/product_brand?post=23366"},{"taxonomy":"product_cat","embeddable":true,"href":"https:\/\/littleeater.eu\/lv\/wp-json\/wp\/v2\/product_cat?post=23366"},{"taxonomy":"product_tag","embeddable":true,"href":"https:\/\/littleeater.eu\/lv\/wp-json\/wp\/v2\/product_tag?post=23366"}],"curies":[{"name":"wp","href":"https:\/\/api.w.org\/{rel}","templated":true}]}}