{"id":13759,"date":"2024-08-09T13:48:45","date_gmt":"2024-08-09T11:48:45","guid":{"rendered":"https:\/\/littleeater.eu\/lv\/?post_type=product&#038;p=13759"},"modified":"2025-11-26T21:15:19","modified_gmt":"2025-11-26T19:15:19","slug":"a-little-lovely-company-udens-pudele-berniem-galaxy","status":"publish","type":"product","link":"https:\/\/littleeater.eu\/lv\/produkts\/a-little-lovely-company-udens-pudele-berniem-galaxy\/","title":{"rendered":"A little lovely company \u016adens pudele b\u0113rniem Galaxy"},"content":{"rendered":"<h1>\u016adens pudele b\u0113rniem<\/h1>\n<h2>B\u0113rnu \u016bdens pudele<\/h2>\n<p>Termoss ar ner\u016bs\u0113jo\u0161\u0101 t\u0113rauda dubultsienu, <strong>\u016bdens pudele\u00a0b\u0113rniem<\/strong>\u00a0siltiem un aukstiem dz\u0113rieniem. V\u0101ku ar salmi\u0146u dr\u012bkst lietot tikai ar aukstiem dz\u0113rieniem. Siltiem dz\u0113rieniem m\u0113s iesak\u0101m ner\u016bs\u0113jo\u0161\u0101 t\u0113rauda dz\u0113rienu pudeles v\u0101ku (nop\u0113rkams atsevi\u0161\u0137i).<\/p>\n<p><strong>\u016adens pudele\u00a0b\u0113rniem<\/strong> specifik\u0101cijas:<\/p>\n<p>Materi\u0101ls: ner\u016bs\u0113jo\u0161ais t\u0113rauds;<\/p>\n<p>Izm\u0113ri: 7,3 x 20 x 7,3 cm;<\/p>\n<p>Tilpums: 350 ml;<\/p>\n<p>Apkope: p\u0113c lieto\u0161anas noskalot un nosusin\u0101t.<\/p>\n<p>Nav piem\u0113rots lieto\u0161anai trauku mazg\u0101jam\u0101 ma\u0161\u012bn\u0101, mikrovi\u013c\u0146u kr\u0101sn\u012b vai cepe\u0161kr\u0101sn\u012b<\/p>\n<p>Siltajiem \u0161\u0137idrumiem tiek p\u0101rdots atsevi\u0161\u0137s v\u0101ks<\/p>\n","protected":false},"excerpt":{"rendered":"<p>Termoss ar ner\u016bs\u0113jo\u0161\u0101 t\u0113rauda dubultsienu, <strong>\u016bdens pudele\u00a0b\u0113rniem<\/strong>\u00a0siltiem un aukstiem dz\u0113rieniem. V\u0101ku ar salmi\u0146u dr\u012bkst lietot tikai ar aukstiem dz\u0113rieniem.<\/p>\n","protected":false},"featured_media":13761,"comment_status":"open","ping_status":"closed","template":"","meta":{"_acf_changed":false},"product_brand":[212],"product_cat":[179,194,118],"product_tag":[],"class_list":{"0":"post-13759","1":"product","2":"type-product","3":"status-publish","4":"has-post-thumbnail","6":"product_brand-a-little-lovely-company","7":"product_cat-back-to-school","8":"product_cat-davanu-idejas","9":"product_cat-udens-pudeles-berniem","11":"first","12":"outofstock","13":"sale","14":"taxable","15":"shipping-taxable","16":"purchasable","17":"product-type-simple"},"acf":[],"yoast_head":"<!-- This site is optimized with the Yoast SEO plugin v27.3 - https:\/\/yoast.com\/product\/yoast-seo-wordpress\/ -->\n<title>Littele eater: \u016bdens pudele b\u0113rniem | b\u0113rnu \u016bdens pudele<\/title>\n<meta name=\"description\" content=\"\u016adens pudeles b\u0113rniem - katrai dienai, lai b\u0113rns nekad neaizmirstu padzerties. \u016adens pudele saglab\u0101 siltumu un aukstumu.\" \/>\n<meta name=\"robots\" content=\"index, follow, max-snippet:-1, max-image-preview:large, max-video-preview:-1\" \/>\n<link rel=\"canonical\" href=\"https:\/\/littleeater.eu\/lv\/produkts\/a-little-lovely-company-udens-pudele-berniem-galaxy\/\" \/>\n<meta property=\"og:locale\" content=\"lv_LV\" \/>\n<meta property=\"og:type\" content=\"article\" \/>\n<meta property=\"og:title\" content=\"Littele eater: \u016bdens pudele b\u0113rniem | b\u0113rnu \u016bdens pudele\" \/>\n<meta property=\"og:description\" content=\"\u016adens pudeles b\u0113rniem - katrai dienai, lai b\u0113rns nekad neaizmirstu padzerties. \u016adens pudele saglab\u0101 siltumu un aukstumu.\" \/>\n<meta property=\"og:url\" content=\"https:\/\/littleeater.eu\/lv\/produkts\/a-little-lovely-company-udens-pudele-berniem-galaxy\/\" \/>\n<meta property=\"og:site_name\" content=\"Little Eater (LV)\" \/>\n<meta property=\"article:modified_time\" content=\"2025-11-26T19:15:19+00:00\" \/>\n<meta property=\"og:image\" content=\"https:\/\/littleeater.eu\/lv\/wp-content\/uploads\/sites\/3\/2024\/08\/littleeater_vaikiska_gertuve_10.jpg\" \/>\n\t<meta property=\"og:image:width\" content=\"666\" \/>\n\t<meta property=\"og:image:height\" content=\"700\" \/>\n\t<meta property=\"og:image:type\" content=\"image\/jpeg\" \/>\n<meta name=\"twitter:card\" content=\"summary_large_image\" \/>\n<meta name=\"twitter:label1\" content=\"Est. reading time\" \/>\n\t<meta name=\"twitter:data1\" content=\"1 min\u016bte\" \/>\n<script type=\"application\/ld+json\" class=\"yoast-schema-graph\">{\"@context\":\"https:\\\/\\\/schema.org\",\"@graph\":[{\"@type\":\"WebPage\",\"@id\":\"https:\\\/\\\/littleeater.eu\\\/lv\\\/produkts\\\/a-little-lovely-company-udens-pudele-berniem-galaxy\\\/\",\"url\":\"https:\\\/\\\/littleeater.eu\\\/lv\\\/produkts\\\/a-little-lovely-company-udens-pudele-berniem-galaxy\\\/\",\"name\":\"Littele eater: \u016bdens pudele b\u0113rniem | b\u0113rnu \u016bdens pudele\",\"isPartOf\":{\"@id\":\"https:\\\/\\\/littleeater.eu\\\/lv\\\/#website\"},\"primaryImageOfPage\":{\"@id\":\"https:\\\/\\\/littleeater.eu\\\/lv\\\/produkts\\\/a-little-lovely-company-udens-pudele-berniem-galaxy\\\/#primaryimage\"},\"image\":{\"@id\":\"https:\\\/\\\/littleeater.eu\\\/lv\\\/produkts\\\/a-little-lovely-company-udens-pudele-berniem-galaxy\\\/#primaryimage\"},\"thumbnailUrl\":\"https:\\\/\\\/littleeater.eu\\\/lv\\\/wp-content\\\/uploads\\\/sites\\\/3\\\/2024\\\/08\\\/littleeater_vaikiska_gertuve_10.jpg\",\"datePublished\":\"2024-08-09T11:48:45+00:00\",\"dateModified\":\"2025-11-26T19:15:19+00:00\",\"description\":\"\u016adens pudeles b\u0113rniem - katrai dienai, lai b\u0113rns nekad neaizmirstu padzerties. \u016adens pudele saglab\u0101 siltumu un aukstumu.\",\"breadcrumb\":{\"@id\":\"https:\\\/\\\/littleeater.eu\\\/lv\\\/produkts\\\/a-little-lovely-company-udens-pudele-berniem-galaxy\\\/#breadcrumb\"},\"inLanguage\":\"lv-LV\",\"potentialAction\":[{\"@type\":\"ReadAction\",\"target\":[\"https:\\\/\\\/littleeater.eu\\\/lv\\\/produkts\\\/a-little-lovely-company-udens-pudele-berniem-galaxy\\\/\"]}]},{\"@type\":\"ImageObject\",\"inLanguage\":\"lv-LV\",\"@id\":\"https:\\\/\\\/littleeater.eu\\\/lv\\\/produkts\\\/a-little-lovely-company-udens-pudele-berniem-galaxy\\\/#primaryimage\",\"url\":\"https:\\\/\\\/littleeater.eu\\\/lv\\\/wp-content\\\/uploads\\\/sites\\\/3\\\/2024\\\/08\\\/littleeater_vaikiska_gertuve_10.jpg\",\"contentUrl\":\"https:\\\/\\\/littleeater.eu\\\/lv\\\/wp-content\\\/uploads\\\/sites\\\/3\\\/2024\\\/08\\\/littleeater_vaikiska_gertuve_10.jpg\",\"width\":666,\"height\":700,\"caption\":\"Littele eater: \u016bdens pudele b\u0113rniem | b\u0113rnu \u016bdens pudele | \u016bdens pudeles b\u0113rniem | termopudele b\u0113rniem | termopudele | termopudele b\u0113rniem | termopudeles | b\u0113rnu \u016bdens pudeles | b\u0113rnu \u016bdens pudele | \u016bdens pudele | \u016bdens pudeles\"},{\"@type\":\"BreadcrumbList\",\"@id\":\"https:\\\/\\\/littleeater.eu\\\/lv\\\/produkts\\\/a-little-lovely-company-udens-pudele-berniem-galaxy\\\/#breadcrumb\",\"itemListElement\":[{\"@type\":\"ListItem\",\"position\":1,\"name\":\"M\u0101jas\",\"item\":\"https:\\\/\\\/littleeater.eu\\\/lv\\\/\"},{\"@type\":\"ListItem\",\"position\":2,\"name\":\"Veikals\",\"item\":\"https:\\\/\\\/littleeater.eu\\\/lv\\\/veikals\\\/\"},{\"@type\":\"ListItem\",\"position\":3,\"name\":\"A little lovely company \u016adens pudele b\u0113rniem Galaxy\"}]},{\"@type\":\"WebSite\",\"@id\":\"https:\\\/\\\/littleeater.eu\\\/lv\\\/#website\",\"url\":\"https:\\\/\\\/littleeater.eu\\\/lv\\\/\",\"name\":\"Little Eater (LV)\",\"description\":\"Little Eater\",\"publisher\":{\"@id\":\"https:\\\/\\\/littleeater.eu\\\/lv\\\/#organization\"},\"potentialAction\":[{\"@type\":\"SearchAction\",\"target\":{\"@type\":\"EntryPoint\",\"urlTemplate\":\"https:\\\/\\\/littleeater.eu\\\/lv\\\/?s={search_term_string}\"},\"query-input\":{\"@type\":\"PropertyValueSpecification\",\"valueRequired\":true,\"valueName\":\"search_term_string\"}}],\"inLanguage\":\"lv-LV\"},{\"@type\":\"Organization\",\"@id\":\"https:\\\/\\\/littleeater.eu\\\/lv\\\/#organization\",\"name\":\"Little Eater (LV)\",\"url\":\"https:\\\/\\\/littleeater.eu\\\/lv\\\/\",\"logo\":{\"@type\":\"ImageObject\",\"inLanguage\":\"lv-LV\",\"@id\":\"https:\\\/\\\/littleeater.eu\\\/lv\\\/#\\\/schema\\\/logo\\\/image\\\/\",\"url\":\"https:\\\/\\\/littleeater.eu\\\/lv\\\/wp-content\\\/uploads\\\/sites\\\/3\\\/2023\\\/05\\\/little-eater-logo.jpg\",\"contentUrl\":\"https:\\\/\\\/littleeater.eu\\\/lv\\\/wp-content\\\/uploads\\\/sites\\\/3\\\/2023\\\/05\\\/little-eater-logo.jpg\",\"width\":819,\"height\":810,\"caption\":\"Little Eater (LV)\"},\"image\":{\"@id\":\"https:\\\/\\\/littleeater.eu\\\/lv\\\/#\\\/schema\\\/logo\\\/image\\\/\"}}]}<\/script>\n<!-- \/ Yoast SEO plugin. -->","yoast_head_json":{"title":"Littele eater: \u016bdens pudele b\u0113rniem | b\u0113rnu \u016bdens pudele","description":"\u016adens pudeles b\u0113rniem - katrai dienai, lai b\u0113rns nekad neaizmirstu padzerties. \u016adens pudele saglab\u0101 siltumu un aukstumu.","robots":{"index":"index","follow":"follow","max-snippet":"max-snippet:-1","max-image-preview":"max-image-preview:large","max-video-preview":"max-video-preview:-1"},"canonical":"https:\/\/littleeater.eu\/lv\/produkts\/a-little-lovely-company-udens-pudele-berniem-galaxy\/","og_locale":"lv_LV","og_type":"article","og_title":"Littele eater: \u016bdens pudele b\u0113rniem | b\u0113rnu \u016bdens pudele","og_description":"\u016adens pudeles b\u0113rniem - katrai dienai, lai b\u0113rns nekad neaizmirstu padzerties. \u016adens pudele saglab\u0101 siltumu un aukstumu.","og_url":"https:\/\/littleeater.eu\/lv\/produkts\/a-little-lovely-company-udens-pudele-berniem-galaxy\/","og_site_name":"Little Eater (LV)","article_modified_time":"2025-11-26T19:15:19+00:00","og_image":[{"width":666,"height":700,"url":"https:\/\/littleeater.eu\/lv\/wp-content\/uploads\/sites\/3\/2024\/08\/littleeater_vaikiska_gertuve_10.jpg","type":"image\/jpeg"}],"twitter_card":"summary_large_image","twitter_misc":{"Est. reading time":"1 min\u016bte"},"schema":{"@context":"https:\/\/schema.org","@graph":[{"@type":"WebPage","@id":"https:\/\/littleeater.eu\/lv\/produkts\/a-little-lovely-company-udens-pudele-berniem-galaxy\/","url":"https:\/\/littleeater.eu\/lv\/produkts\/a-little-lovely-company-udens-pudele-berniem-galaxy\/","name":"Littele eater: \u016bdens pudele b\u0113rniem | b\u0113rnu \u016bdens pudele","isPartOf":{"@id":"https:\/\/littleeater.eu\/lv\/#website"},"primaryImageOfPage":{"@id":"https:\/\/littleeater.eu\/lv\/produkts\/a-little-lovely-company-udens-pudele-berniem-galaxy\/#primaryimage"},"image":{"@id":"https:\/\/littleeater.eu\/lv\/produkts\/a-little-lovely-company-udens-pudele-berniem-galaxy\/#primaryimage"},"thumbnailUrl":"https:\/\/littleeater.eu\/lv\/wp-content\/uploads\/sites\/3\/2024\/08\/littleeater_vaikiska_gertuve_10.jpg","datePublished":"2024-08-09T11:48:45+00:00","dateModified":"2025-11-26T19:15:19+00:00","description":"\u016adens pudeles b\u0113rniem - katrai dienai, lai b\u0113rns nekad neaizmirstu padzerties. \u016adens pudele saglab\u0101 siltumu un aukstumu.","breadcrumb":{"@id":"https:\/\/littleeater.eu\/lv\/produkts\/a-little-lovely-company-udens-pudele-berniem-galaxy\/#breadcrumb"},"inLanguage":"lv-LV","potentialAction":[{"@type":"ReadAction","target":["https:\/\/littleeater.eu\/lv\/produkts\/a-little-lovely-company-udens-pudele-berniem-galaxy\/"]}]},{"@type":"ImageObject","inLanguage":"lv-LV","@id":"https:\/\/littleeater.eu\/lv\/produkts\/a-little-lovely-company-udens-pudele-berniem-galaxy\/#primaryimage","url":"https:\/\/littleeater.eu\/lv\/wp-content\/uploads\/sites\/3\/2024\/08\/littleeater_vaikiska_gertuve_10.jpg","contentUrl":"https:\/\/littleeater.eu\/lv\/wp-content\/uploads\/sites\/3\/2024\/08\/littleeater_vaikiska_gertuve_10.jpg","width":666,"height":700,"caption":"Littele eater: \u016bdens pudele b\u0113rniem | b\u0113rnu \u016bdens pudele | \u016bdens pudeles b\u0113rniem | termopudele b\u0113rniem | termopudele | termopudele b\u0113rniem | termopudeles | b\u0113rnu \u016bdens pudeles | b\u0113rnu \u016bdens pudele | \u016bdens pudele | \u016bdens pudeles"},{"@type":"BreadcrumbList","@id":"https:\/\/littleeater.eu\/lv\/produkts\/a-little-lovely-company-udens-pudele-berniem-galaxy\/#breadcrumb","itemListElement":[{"@type":"ListItem","position":1,"name":"M\u0101jas","item":"https:\/\/littleeater.eu\/lv\/"},{"@type":"ListItem","position":2,"name":"Veikals","item":"https:\/\/littleeater.eu\/lv\/veikals\/"},{"@type":"ListItem","position":3,"name":"A little lovely company \u016adens pudele b\u0113rniem Galaxy"}]},{"@type":"WebSite","@id":"https:\/\/littleeater.eu\/lv\/#website","url":"https:\/\/littleeater.eu\/lv\/","name":"Little Eater (LV)","description":"Little Eater","publisher":{"@id":"https:\/\/littleeater.eu\/lv\/#organization"},"potentialAction":[{"@type":"SearchAction","target":{"@type":"EntryPoint","urlTemplate":"https:\/\/littleeater.eu\/lv\/?s={search_term_string}"},"query-input":{"@type":"PropertyValueSpecification","valueRequired":true,"valueName":"search_term_string"}}],"inLanguage":"lv-LV"},{"@type":"Organization","@id":"https:\/\/littleeater.eu\/lv\/#organization","name":"Little Eater (LV)","url":"https:\/\/littleeater.eu\/lv\/","logo":{"@type":"ImageObject","inLanguage":"lv-LV","@id":"https:\/\/littleeater.eu\/lv\/#\/schema\/logo\/image\/","url":"https:\/\/littleeater.eu\/lv\/wp-content\/uploads\/sites\/3\/2023\/05\/little-eater-logo.jpg","contentUrl":"https:\/\/littleeater.eu\/lv\/wp-content\/uploads\/sites\/3\/2023\/05\/little-eater-logo.jpg","width":819,"height":810,"caption":"Little Eater (LV)"},"image":{"@id":"https:\/\/littleeater.eu\/lv\/#\/schema\/logo\/image\/"}}]}},"_links":{"self":[{"href":"https:\/\/littleeater.eu\/lv\/wp-json\/wp\/v2\/product\/13759","targetHints":{"allow":["GET"]}}],"collection":[{"href":"https:\/\/littleeater.eu\/lv\/wp-json\/wp\/v2\/product"}],"about":[{"href":"https:\/\/littleeater.eu\/lv\/wp-json\/wp\/v2\/types\/product"}],"replies":[{"embeddable":true,"href":"https:\/\/littleeater.eu\/lv\/wp-json\/wp\/v2\/comments?post=13759"}],"wp:featuredmedia":[{"embeddable":true,"href":"https:\/\/littleeater.eu\/lv\/wp-json\/wp\/v2\/media\/13761"}],"wp:attachment":[{"href":"https:\/\/littleeater.eu\/lv\/wp-json\/wp\/v2\/media?parent=13759"}],"wp:term":[{"taxonomy":"product_brand","embeddable":true,"href":"https:\/\/littleeater.eu\/lv\/wp-json\/wp\/v2\/product_brand?post=13759"},{"taxonomy":"product_cat","embeddable":true,"href":"https:\/\/littleeater.eu\/lv\/wp-json\/wp\/v2\/product_cat?post=13759"},{"taxonomy":"product_tag","embeddable":true,"href":"https:\/\/littleeater.eu\/lv\/wp-json\/wp\/v2\/product_tag?post=13759"}],"curies":[{"name":"wp","href":"https:\/\/api.w.org\/{rel}","templated":true}]}}