{"id":11184,"date":"2024-03-06T07:07:47","date_gmt":"2024-03-06T05:07:47","guid":{"rendered":"https:\/\/littleeater.eu\/lv\/?post_type=product&#038;p=11184"},"modified":"2026-04-07T13:30:02","modified_gmt":"2026-04-07T11:30:02","slug":"little-eater-pirmais-trauku-komplekts-berniem-l","status":"publish","type":"product","link":"https:\/\/littleeater.eu\/lv\/produkts\/little-eater-pirmais-trauku-komplekts-berniem-l\/","title":{"rendered":"LIttle Eater pirmais trauku komplekts b\u0113rniem &#8211; L"},"content":{"rendered":"<h1>Little Eater &#8211; Trauku komplekts b\u0113rniem<\/h1>\n<h2>Silikona trauki b\u0113rniem<\/h2>\n<p>Vai mekl\u0113jat savam b\u0113rnam ide\u0101lu d\u0101vanu, kas ne tikai mudina \u0113st patst\u0101v\u012bgi, bet ir ar\u012b praktiska un noder\u012bga? Vai v\u0113laties ieg\u0101d\u0101ties p\u0101rbaud\u012btus traukus savam b\u0113rnam &#8211; pirmais <strong>trauku komplekts b\u0113rniem<\/strong> L ir izveidots, \u0146emot v\u0113r\u0101 b\u0113rna vajadz\u012bbas, vi\u0146a sp\u0113jas da\u017e\u0101dos vecuma posmos.<\/p>\n<p><strong>Unik\u0101ls dizains un funkcionalit\u0101te<\/strong>: katrs komplekta elements ir izstr\u0101d\u0101ts, \u0146emot v\u0113r\u0101 b\u0113rnu vajadz\u012bbas un dro\u0161\u012bbu. Silikona <strong>pielipo\u0161ais \u0161\u0137\u012bvis <\/strong>pal\u012bdz nov\u0113rst net\u012brumus<strong>. M\u0101c\u012bbu kr\u016bz\u012bte un I CAN karot\u012btes<\/strong> ne tikai iedro\u0161ina, bet ar\u012b att\u012bsta b\u0113rnu \u0113\u0161anas prasmes.<\/p>\n<p><strong>Higi\u0113niska un vienk\u0101r\u0161a apkope<\/strong>: visus komplekta elementus ir viegli t\u012br\u012bt, un apkopes process ir \u0101rk\u0101rt\u012bgi vienk\u0101r\u0161s. Priek\u0161auti\u0146\u0161, \u0161\u0137\u012bvis un kr\u016bze &#8211; izgatavoti no 100% p\u0101rtikas silikona, kas ir dro\u0161s b\u0113rniem un ilgm\u016b\u017e\u012bgs. Silikona traukus b\u0113rniem var mazg\u0101t trauku mazg\u0101jamaj\u0101 ma\u0161\u012bn\u0101, lietot cepe\u0161kr\u0101sn\u012b vai mikrovi\u013c\u0146u kr\u0101sn\u012b.<\/p>\n<p>\u012apa\u0161\u012bbas:<\/p>\n<p><strong>Komplekt\u0101 ietilpst:<\/strong> silikona pielipo\u0161ais \u0161\u0137\u012bvis, m\u0101c\u012bbu kr\u016bz\u012bte, I Can karot\u012btes;<br \/>\n\u0160\u0137\u012bvis un kr\u016bze var b\u016bt \u0161\u0101d\u0101s kr\u0101s\u0101s: roz\u0101, pel\u0113ka, beige, gai\u0161i zila; i can karotes (2 gab.) &#8211; dzeltena\/balta, maigi roz\u0101\/ol\u012bvu, balta\/gai\u0161i zila, tum\u0161i pel\u0113ka\/gai\u0161i pel\u0113ka .<br \/>\n\u0160\u0137\u012bvja izm\u0113rs ir 20,5&#215;18,5&#215;3 cm, ietilp\u012bba: ir divi nodal\u012bjumi pa 180 ml katr\u0101, viens &#8211; 300 ml. Piem\u0113rots no 6 m\u0113ne\u0161iem.<br \/>\nSilikona kr\u016bz\u012btes izm\u0113rs 5,9&#215;6,7&#215;7 cm, tilpums 180 ml;<\/p>\n","protected":false},"excerpt":{"rendered":"<p>Vai mekl\u0113jat savam b\u0113rnam ide\u0101lu d\u0101vanu, kas ne tikai mudina \u0113st patst\u0101v\u012bgi, bet ir ar\u012b praktiska un noder\u012bga? Vai v\u0113laties ieg\u0101d\u0101ties p\u0101rbaud\u012btus traukus savam b\u0113rnam &#8211; pirmais <strong>trauku komplekts b\u0113rniem<\/strong> L ir izveidots, \u0146emot v\u0113r\u0101 b\u0113rna vajadz\u012bbas, vi\u0146a sp\u0113jas da\u017e\u0101dos vecuma posmos.<\/p>\n","protected":false},"featured_media":11177,"comment_status":"open","ping_status":"closed","template":"","meta":{"_acf_changed":false},"product_brand":[218],"product_cat":[194,180,34],"product_tag":[187,168],"class_list":{"0":"post-11184","1":"product","2":"type-product","3":"status-publish","4":"has-post-thumbnail","6":"product_brand-little-eater","7":"product_cat-davanu-idejas","8":"product_cat-komplekti","9":"product_cat-silikona-trauki-berniem","10":"product_tag-komplektsl","11":"product_tag-promo","13":"first","14":"instock","15":"sale","16":"featured","17":"taxable","18":"shipping-taxable","19":"purchasable","20":"product-type-variable"},"acf":[],"yoast_head":"<!-- This site is optimized with the Yoast SEO plugin v27.4 - https:\/\/yoast.com\/product\/yoast-seo-wordpress\/ -->\n<title>Little Eater: trauku komplekts b\u0113rniem | silikona traki b\u0113rniem<\/title>\n<meta name=\"description\" content=\"Pirmais trauku komplekts b\u0113rniem L ir izveidots \u0146emot v\u0113r\u0101 da\u017e\u0101da vecuma b\u0113rnu vajadz\u012bbas un sp\u0113jas. Lieliska d\u0101vana pirmaj\u0101 dzim\u0161anas dien\u0101.\" \/>\n<meta name=\"robots\" content=\"index, follow, max-snippet:-1, max-image-preview:large, max-video-preview:-1\" \/>\n<link rel=\"canonical\" href=\"https:\/\/littleeater.eu\/lv\/produkts\/little-eater-pirmais-trauku-komplekts-berniem-l\/\" \/>\n<meta property=\"og:locale\" content=\"lv_LV\" \/>\n<meta property=\"og:type\" content=\"article\" \/>\n<meta property=\"og:title\" content=\"Little Eater: trauku komplekts b\u0113rniem | silikona traki b\u0113rniem\" \/>\n<meta property=\"og:description\" content=\"Pirmais trauku komplekts b\u0113rniem L ir izveidots \u0146emot v\u0113r\u0101 da\u017e\u0101da vecuma b\u0113rnu vajadz\u012bbas un sp\u0113jas. Lieliska d\u0101vana pirmaj\u0101 dzim\u0161anas dien\u0101.\" \/>\n<meta property=\"og:url\" content=\"https:\/\/littleeater.eu\/lv\/produkts\/little-eater-pirmais-trauku-komplekts-berniem-l\/\" \/>\n<meta property=\"og:site_name\" content=\"Little Eater (LV)\" \/>\n<meta property=\"article:modified_time\" content=\"2026-04-07T11:30:02+00:00\" \/>\n<meta property=\"og:image\" content=\"https:\/\/littleeater.eu\/lv\/wp-content\/uploads\/sites\/3\/2024\/03\/rinkinys_L_lv.png\" \/>\n\t<meta property=\"og:image:width\" content=\"1080\" \/>\n\t<meta property=\"og:image:height\" content=\"1080\" \/>\n\t<meta property=\"og:image:type\" content=\"image\/png\" \/>\n<meta name=\"twitter:card\" content=\"summary_large_image\" \/>\n<meta name=\"twitter:label1\" content=\"Est. reading time\" \/>\n\t<meta name=\"twitter:data1\" content=\"2 min\u016btes\" \/>\n<script type=\"application\/ld+json\" class=\"yoast-schema-graph\">{\"@context\":\"https:\\\/\\\/schema.org\",\"@graph\":[{\"@type\":\"WebPage\",\"@id\":\"https:\\\/\\\/littleeater.eu\\\/lv\\\/produkts\\\/little-eater-pirmais-trauku-komplekts-berniem-l\\\/\",\"url\":\"https:\\\/\\\/littleeater.eu\\\/lv\\\/produkts\\\/little-eater-pirmais-trauku-komplekts-berniem-l\\\/\",\"name\":\"Little Eater: trauku komplekts b\u0113rniem | silikona traki b\u0113rniem\",\"isPartOf\":{\"@id\":\"https:\\\/\\\/littleeater.eu\\\/lv\\\/#website\"},\"primaryImageOfPage\":{\"@id\":\"https:\\\/\\\/littleeater.eu\\\/lv\\\/produkts\\\/little-eater-pirmais-trauku-komplekts-berniem-l\\\/#primaryimage\"},\"image\":{\"@id\":\"https:\\\/\\\/littleeater.eu\\\/lv\\\/produkts\\\/little-eater-pirmais-trauku-komplekts-berniem-l\\\/#primaryimage\"},\"thumbnailUrl\":\"https:\\\/\\\/littleeater.eu\\\/lv\\\/wp-content\\\/uploads\\\/sites\\\/3\\\/2024\\\/03\\\/rinkinys_L_lv.png\",\"datePublished\":\"2024-03-06T05:07:47+00:00\",\"dateModified\":\"2026-04-07T11:30:02+00:00\",\"description\":\"Pirmais trauku komplekts b\u0113rniem L ir izveidots \u0146emot v\u0113r\u0101 da\u017e\u0101da vecuma b\u0113rnu vajadz\u012bbas un sp\u0113jas. Lieliska d\u0101vana pirmaj\u0101 dzim\u0161anas dien\u0101.\",\"breadcrumb\":{\"@id\":\"https:\\\/\\\/littleeater.eu\\\/lv\\\/produkts\\\/little-eater-pirmais-trauku-komplekts-berniem-l\\\/#breadcrumb\"},\"inLanguage\":\"lv-LV\",\"potentialAction\":[{\"@type\":\"ReadAction\",\"target\":[\"https:\\\/\\\/littleeater.eu\\\/lv\\\/produkts\\\/little-eater-pirmais-trauku-komplekts-berniem-l\\\/\"]}]},{\"@type\":\"ImageObject\",\"inLanguage\":\"lv-LV\",\"@id\":\"https:\\\/\\\/littleeater.eu\\\/lv\\\/produkts\\\/little-eater-pirmais-trauku-komplekts-berniem-l\\\/#primaryimage\",\"url\":\"https:\\\/\\\/littleeater.eu\\\/lv\\\/wp-content\\\/uploads\\\/sites\\\/3\\\/2024\\\/03\\\/rinkinys_L_lv.png\",\"contentUrl\":\"https:\\\/\\\/littleeater.eu\\\/lv\\\/wp-content\\\/uploads\\\/sites\\\/3\\\/2024\\\/03\\\/rinkinys_L_lv.png\",\"width\":1080,\"height\":1080},{\"@type\":\"BreadcrumbList\",\"@id\":\"https:\\\/\\\/littleeater.eu\\\/lv\\\/produkts\\\/little-eater-pirmais-trauku-komplekts-berniem-l\\\/#breadcrumb\",\"itemListElement\":[{\"@type\":\"ListItem\",\"position\":1,\"name\":\"M\u0101jas\",\"item\":\"https:\\\/\\\/littleeater.eu\\\/lv\\\/\"},{\"@type\":\"ListItem\",\"position\":2,\"name\":\"Veikals\",\"item\":\"https:\\\/\\\/littleeater.eu\\\/lv\\\/veikals\\\/\"},{\"@type\":\"ListItem\",\"position\":3,\"name\":\"LIttle Eater pirmais trauku komplekts b\u0113rniem &#8211; L\"}]},{\"@type\":\"WebSite\",\"@id\":\"https:\\\/\\\/littleeater.eu\\\/lv\\\/#website\",\"url\":\"https:\\\/\\\/littleeater.eu\\\/lv\\\/\",\"name\":\"Little Eater (LV)\",\"description\":\"Little Eater\",\"publisher\":{\"@id\":\"https:\\\/\\\/littleeater.eu\\\/lv\\\/#organization\"},\"potentialAction\":[{\"@type\":\"SearchAction\",\"target\":{\"@type\":\"EntryPoint\",\"urlTemplate\":\"https:\\\/\\\/littleeater.eu\\\/lv\\\/?s={search_term_string}\"},\"query-input\":{\"@type\":\"PropertyValueSpecification\",\"valueRequired\":true,\"valueName\":\"search_term_string\"}}],\"inLanguage\":\"lv-LV\"},{\"@type\":\"Organization\",\"@id\":\"https:\\\/\\\/littleeater.eu\\\/lv\\\/#organization\",\"name\":\"Little Eater (LV)\",\"url\":\"https:\\\/\\\/littleeater.eu\\\/lv\\\/\",\"logo\":{\"@type\":\"ImageObject\",\"inLanguage\":\"lv-LV\",\"@id\":\"https:\\\/\\\/littleeater.eu\\\/lv\\\/#\\\/schema\\\/logo\\\/image\\\/\",\"url\":\"https:\\\/\\\/littleeater.eu\\\/lv\\\/wp-content\\\/uploads\\\/sites\\\/3\\\/2023\\\/05\\\/little-eater-logo.jpg\",\"contentUrl\":\"https:\\\/\\\/littleeater.eu\\\/lv\\\/wp-content\\\/uploads\\\/sites\\\/3\\\/2023\\\/05\\\/little-eater-logo.jpg\",\"width\":819,\"height\":810,\"caption\":\"Little Eater (LV)\"},\"image\":{\"@id\":\"https:\\\/\\\/littleeater.eu\\\/lv\\\/#\\\/schema\\\/logo\\\/image\\\/\"}}]}<\/script>\n<!-- \/ Yoast SEO plugin. -->","yoast_head_json":{"title":"Little Eater: trauku komplekts b\u0113rniem | silikona traki b\u0113rniem","description":"Pirmais trauku komplekts b\u0113rniem L ir izveidots \u0146emot v\u0113r\u0101 da\u017e\u0101da vecuma b\u0113rnu vajadz\u012bbas un sp\u0113jas. Lieliska d\u0101vana pirmaj\u0101 dzim\u0161anas dien\u0101.","robots":{"index":"index","follow":"follow","max-snippet":"max-snippet:-1","max-image-preview":"max-image-preview:large","max-video-preview":"max-video-preview:-1"},"canonical":"https:\/\/littleeater.eu\/lv\/produkts\/little-eater-pirmais-trauku-komplekts-berniem-l\/","og_locale":"lv_LV","og_type":"article","og_title":"Little Eater: trauku komplekts b\u0113rniem | silikona traki b\u0113rniem","og_description":"Pirmais trauku komplekts b\u0113rniem L ir izveidots \u0146emot v\u0113r\u0101 da\u017e\u0101da vecuma b\u0113rnu vajadz\u012bbas un sp\u0113jas. Lieliska d\u0101vana pirmaj\u0101 dzim\u0161anas dien\u0101.","og_url":"https:\/\/littleeater.eu\/lv\/produkts\/little-eater-pirmais-trauku-komplekts-berniem-l\/","og_site_name":"Little Eater (LV)","article_modified_time":"2026-04-07T11:30:02+00:00","og_image":[{"width":1080,"height":1080,"url":"https:\/\/littleeater.eu\/lv\/wp-content\/uploads\/sites\/3\/2024\/03\/rinkinys_L_lv.png","type":"image\/png"}],"twitter_card":"summary_large_image","twitter_misc":{"Est. reading time":"2 min\u016btes"},"schema":{"@context":"https:\/\/schema.org","@graph":[{"@type":"WebPage","@id":"https:\/\/littleeater.eu\/lv\/produkts\/little-eater-pirmais-trauku-komplekts-berniem-l\/","url":"https:\/\/littleeater.eu\/lv\/produkts\/little-eater-pirmais-trauku-komplekts-berniem-l\/","name":"Little Eater: trauku komplekts b\u0113rniem | silikona traki b\u0113rniem","isPartOf":{"@id":"https:\/\/littleeater.eu\/lv\/#website"},"primaryImageOfPage":{"@id":"https:\/\/littleeater.eu\/lv\/produkts\/little-eater-pirmais-trauku-komplekts-berniem-l\/#primaryimage"},"image":{"@id":"https:\/\/littleeater.eu\/lv\/produkts\/little-eater-pirmais-trauku-komplekts-berniem-l\/#primaryimage"},"thumbnailUrl":"https:\/\/littleeater.eu\/lv\/wp-content\/uploads\/sites\/3\/2024\/03\/rinkinys_L_lv.png","datePublished":"2024-03-06T05:07:47+00:00","dateModified":"2026-04-07T11:30:02+00:00","description":"Pirmais trauku komplekts b\u0113rniem L ir izveidots \u0146emot v\u0113r\u0101 da\u017e\u0101da vecuma b\u0113rnu vajadz\u012bbas un sp\u0113jas. Lieliska d\u0101vana pirmaj\u0101 dzim\u0161anas dien\u0101.","breadcrumb":{"@id":"https:\/\/littleeater.eu\/lv\/produkts\/little-eater-pirmais-trauku-komplekts-berniem-l\/#breadcrumb"},"inLanguage":"lv-LV","potentialAction":[{"@type":"ReadAction","target":["https:\/\/littleeater.eu\/lv\/produkts\/little-eater-pirmais-trauku-komplekts-berniem-l\/"]}]},{"@type":"ImageObject","inLanguage":"lv-LV","@id":"https:\/\/littleeater.eu\/lv\/produkts\/little-eater-pirmais-trauku-komplekts-berniem-l\/#primaryimage","url":"https:\/\/littleeater.eu\/lv\/wp-content\/uploads\/sites\/3\/2024\/03\/rinkinys_L_lv.png","contentUrl":"https:\/\/littleeater.eu\/lv\/wp-content\/uploads\/sites\/3\/2024\/03\/rinkinys_L_lv.png","width":1080,"height":1080},{"@type":"BreadcrumbList","@id":"https:\/\/littleeater.eu\/lv\/produkts\/little-eater-pirmais-trauku-komplekts-berniem-l\/#breadcrumb","itemListElement":[{"@type":"ListItem","position":1,"name":"M\u0101jas","item":"https:\/\/littleeater.eu\/lv\/"},{"@type":"ListItem","position":2,"name":"Veikals","item":"https:\/\/littleeater.eu\/lv\/veikals\/"},{"@type":"ListItem","position":3,"name":"LIttle Eater pirmais trauku komplekts b\u0113rniem &#8211; L"}]},{"@type":"WebSite","@id":"https:\/\/littleeater.eu\/lv\/#website","url":"https:\/\/littleeater.eu\/lv\/","name":"Little Eater (LV)","description":"Little Eater","publisher":{"@id":"https:\/\/littleeater.eu\/lv\/#organization"},"potentialAction":[{"@type":"SearchAction","target":{"@type":"EntryPoint","urlTemplate":"https:\/\/littleeater.eu\/lv\/?s={search_term_string}"},"query-input":{"@type":"PropertyValueSpecification","valueRequired":true,"valueName":"search_term_string"}}],"inLanguage":"lv-LV"},{"@type":"Organization","@id":"https:\/\/littleeater.eu\/lv\/#organization","name":"Little Eater (LV)","url":"https:\/\/littleeater.eu\/lv\/","logo":{"@type":"ImageObject","inLanguage":"lv-LV","@id":"https:\/\/littleeater.eu\/lv\/#\/schema\/logo\/image\/","url":"https:\/\/littleeater.eu\/lv\/wp-content\/uploads\/sites\/3\/2023\/05\/little-eater-logo.jpg","contentUrl":"https:\/\/littleeater.eu\/lv\/wp-content\/uploads\/sites\/3\/2023\/05\/little-eater-logo.jpg","width":819,"height":810,"caption":"Little Eater (LV)"},"image":{"@id":"https:\/\/littleeater.eu\/lv\/#\/schema\/logo\/image\/"}}]}},"_links":{"self":[{"href":"https:\/\/littleeater.eu\/lv\/wp-json\/wp\/v2\/product\/11184","targetHints":{"allow":["GET"]}}],"collection":[{"href":"https:\/\/littleeater.eu\/lv\/wp-json\/wp\/v2\/product"}],"about":[{"href":"https:\/\/littleeater.eu\/lv\/wp-json\/wp\/v2\/types\/product"}],"replies":[{"embeddable":true,"href":"https:\/\/littleeater.eu\/lv\/wp-json\/wp\/v2\/comments?post=11184"}],"wp:featuredmedia":[{"embeddable":true,"href":"https:\/\/littleeater.eu\/lv\/wp-json\/wp\/v2\/media\/11177"}],"wp:attachment":[{"href":"https:\/\/littleeater.eu\/lv\/wp-json\/wp\/v2\/media?parent=11184"}],"wp:term":[{"taxonomy":"product_brand","embeddable":true,"href":"https:\/\/littleeater.eu\/lv\/wp-json\/wp\/v2\/product_brand?post=11184"},{"taxonomy":"product_cat","embeddable":true,"href":"https:\/\/littleeater.eu\/lv\/wp-json\/wp\/v2\/product_cat?post=11184"},{"taxonomy":"product_tag","embeddable":true,"href":"https:\/\/littleeater.eu\/lv\/wp-json\/wp\/v2\/product_tag?post=11184"}],"curies":[{"name":"wp","href":"https:\/\/api.w.org\/{rel}","templated":true}]}}