{"id":10573,"date":"2024-02-13T11:48:12","date_gmt":"2024-02-13T09:48:12","guid":{"rendered":"https:\/\/littleeater.eu\/lv\/?post_type=product&#038;p=10573"},"modified":"2026-03-06T11:27:54","modified_gmt":"2026-03-06T09:27:54","slug":"elle-porte-bernu-saulesbrilles-teddy-bear","status":"publish","type":"product","link":"https:\/\/littleeater.eu\/lv\/produkts\/elle-porte-bernu-saulesbrilles-teddy-bear\/","title":{"rendered":"Elle porte b\u0113rnu saulesbrilles Teddy Bear"},"content":{"rendered":"<h1>Little Eater &#8211; b\u0113rnu saulesbrilles<\/h1>\n<h2>Saulesbrilles b\u0113rniem<\/h2>\n<p>Stil\u012bgas <strong>b\u0113rnu saulesbrilles<\/strong> &#8211; nodro\u0161in\u0101s augstu aizsardz\u012bbas l\u012bmeni, ar UV400 aizsardz\u012bbu. <strong>Saulesbrilles b\u0113rniem<\/strong> noder\u0113s ikvienam b\u0113rnam gan k\u0101 aizsardz\u012bba, gan k\u0101 stil\u012bga deta\u013ca.<\/p>\n<p><strong>Saulesbrilles b\u0113rniem<\/strong> ir univers\u0101la izm\u0113ra un piem\u0113rotas b\u0113rniem no 1,5-7 gadiem. Brilles ir piem\u0113rotas gan ikdienas lieto\u0161anai, gan atva\u013cin\u0101juma vai ce\u013cojuma laik\u0101.<\/p>\n<p>\u012apa\u0161\u012bbas:<\/p>\n<ul>\n<li>UV400;<\/li>\n<li>CE, FDA, DBT, BSCI;<\/li>\n<li>bez svina;<\/li>\n<li>Vecums: no 18 m\u0113ne\u0161iem l\u012bdz 7 gadiem;<\/li>\n<li>Platums 12.8 cm, augstums 5 cm, garums 12.8 cm<\/li>\n<\/ul>\n","protected":false},"excerpt":{"rendered":"<p>Stil\u012bgas <strong>b\u0113rnu saulesbrilles<\/strong> &#8211; nodro\u0161in\u0101s augstu aizsardz\u012bbas l\u012bmeni, ar UV400 aizsardz\u012bbu. <strong>Saulesbrilles b\u0113rniem<\/strong> noder\u0113s ikvienam b\u0113rnam gan k\u0101 aizsardz\u012bba, gan k\u0101 stil\u012bga deta\u013ca.<\/p>\n","protected":false},"featured_media":10565,"comment_status":"open","ping_status":"closed","template":"","meta":{"_acf_changed":false},"product_brand":[213],"product_cat":[177],"product_tag":[],"class_list":{"0":"post-10573","1":"product","2":"type-product","3":"status-publish","4":"has-post-thumbnail","6":"product_brand-elle-porte","7":"product_cat-bernu-saulesbrilles","9":"first","10":"instock","11":"sale","12":"taxable","13":"shipping-taxable","14":"purchasable","15":"product-type-simple"},"acf":[],"yoast_head":"<!-- This site is optimized with the Yoast SEO plugin v27.4 - https:\/\/yoast.com\/product\/yoast-seo-wordpress\/ -->\n<title>Little Eater: b\u0113rnu saulesbrilles | saulesbrilles b\u0113rniem<\/title>\n<meta name=\"description\" content=\"Saulesbrilles b\u0113rniem ar UV aizsardz\u012bbu pasarg\u0101s no saules stariem un rad\u012bs stil\u012bgu izskatu ikvienam b\u0113rnam. Da\u017e\u0101das formas un kr\u0101sas.\" \/>\n<meta name=\"robots\" content=\"index, follow, max-snippet:-1, max-image-preview:large, max-video-preview:-1\" \/>\n<link rel=\"canonical\" href=\"https:\/\/littleeater.eu\/lv\/produkts\/elle-porte-bernu-saulesbrilles-teddy-bear\/\" \/>\n<meta property=\"og:locale\" content=\"lv_LV\" \/>\n<meta property=\"og:type\" content=\"article\" \/>\n<meta property=\"og:title\" content=\"Little Eater: b\u0113rnu saulesbrilles | saulesbrilles b\u0113rniem\" \/>\n<meta property=\"og:description\" content=\"Saulesbrilles b\u0113rniem ar UV aizsardz\u012bbu pasarg\u0101s no saules stariem un rad\u012bs stil\u012bgu izskatu ikvienam b\u0113rnam. Da\u017e\u0101das formas un kr\u0101sas.\" \/>\n<meta property=\"og:url\" content=\"https:\/\/littleeater.eu\/lv\/produkts\/elle-porte-bernu-saulesbrilles-teddy-bear\/\" \/>\n<meta property=\"og:site_name\" content=\"Little Eater (LV)\" \/>\n<meta property=\"article:modified_time\" content=\"2026-03-06T09:27:54+00:00\" \/>\n<meta property=\"og:image\" content=\"https:\/\/littleeater.eu\/lv\/wp-content\/uploads\/sites\/3\/2024\/02\/littleeater_akiniai_nuo_saules_vaikams.jpg\" \/>\n\t<meta property=\"og:image:width\" content=\"444\" \/>\n\t<meta property=\"og:image:height\" content=\"226\" \/>\n\t<meta property=\"og:image:type\" content=\"image\/jpeg\" \/>\n<meta name=\"twitter:card\" content=\"summary_large_image\" \/>\n<meta name=\"twitter:label1\" content=\"Est. reading time\" \/>\n\t<meta name=\"twitter:data1\" content=\"1 min\u016bte\" \/>\n<script type=\"application\/ld+json\" class=\"yoast-schema-graph\">{\"@context\":\"https:\\\/\\\/schema.org\",\"@graph\":[{\"@type\":\"WebPage\",\"@id\":\"https:\\\/\\\/littleeater.eu\\\/lv\\\/produkts\\\/elle-porte-bernu-saulesbrilles-teddy-bear\\\/\",\"url\":\"https:\\\/\\\/littleeater.eu\\\/lv\\\/produkts\\\/elle-porte-bernu-saulesbrilles-teddy-bear\\\/\",\"name\":\"Little Eater: b\u0113rnu saulesbrilles | saulesbrilles b\u0113rniem\",\"isPartOf\":{\"@id\":\"https:\\\/\\\/littleeater.eu\\\/lv\\\/#website\"},\"primaryImageOfPage\":{\"@id\":\"https:\\\/\\\/littleeater.eu\\\/lv\\\/produkts\\\/elle-porte-bernu-saulesbrilles-teddy-bear\\\/#primaryimage\"},\"image\":{\"@id\":\"https:\\\/\\\/littleeater.eu\\\/lv\\\/produkts\\\/elle-porte-bernu-saulesbrilles-teddy-bear\\\/#primaryimage\"},\"thumbnailUrl\":\"https:\\\/\\\/littleeater.eu\\\/lv\\\/wp-content\\\/uploads\\\/sites\\\/3\\\/2024\\\/02\\\/littleeater_akiniai_nuo_saules_vaikams.jpg\",\"datePublished\":\"2024-02-13T09:48:12+00:00\",\"dateModified\":\"2026-03-06T09:27:54+00:00\",\"description\":\"Saulesbrilles b\u0113rniem ar UV aizsardz\u012bbu pasarg\u0101s no saules stariem un rad\u012bs stil\u012bgu izskatu ikvienam b\u0113rnam. Da\u017e\u0101das formas un kr\u0101sas.\",\"breadcrumb\":{\"@id\":\"https:\\\/\\\/littleeater.eu\\\/lv\\\/produkts\\\/elle-porte-bernu-saulesbrilles-teddy-bear\\\/#breadcrumb\"},\"inLanguage\":\"lv-LV\",\"potentialAction\":[{\"@type\":\"ReadAction\",\"target\":[\"https:\\\/\\\/littleeater.eu\\\/lv\\\/produkts\\\/elle-porte-bernu-saulesbrilles-teddy-bear\\\/\"]}]},{\"@type\":\"ImageObject\",\"inLanguage\":\"lv-LV\",\"@id\":\"https:\\\/\\\/littleeater.eu\\\/lv\\\/produkts\\\/elle-porte-bernu-saulesbrilles-teddy-bear\\\/#primaryimage\",\"url\":\"https:\\\/\\\/littleeater.eu\\\/lv\\\/wp-content\\\/uploads\\\/sites\\\/3\\\/2024\\\/02\\\/littleeater_akiniai_nuo_saules_vaikams.jpg\",\"contentUrl\":\"https:\\\/\\\/littleeater.eu\\\/lv\\\/wp-content\\\/uploads\\\/sites\\\/3\\\/2024\\\/02\\\/littleeater_akiniai_nuo_saules_vaikams.jpg\",\"width\":444,\"height\":226,\"caption\":\"Little eater - b\u0113rnu saulesbrilles | saulesbrilles b\u0113rniem | saules brilles b\u0113rniem | saulesbrilles z\u012bdai\u0146iem\"},{\"@type\":\"BreadcrumbList\",\"@id\":\"https:\\\/\\\/littleeater.eu\\\/lv\\\/produkts\\\/elle-porte-bernu-saulesbrilles-teddy-bear\\\/#breadcrumb\",\"itemListElement\":[{\"@type\":\"ListItem\",\"position\":1,\"name\":\"M\u0101jas\",\"item\":\"https:\\\/\\\/littleeater.eu\\\/lv\\\/\"},{\"@type\":\"ListItem\",\"position\":2,\"name\":\"Veikals\",\"item\":\"https:\\\/\\\/littleeater.eu\\\/lv\\\/veikals\\\/\"},{\"@type\":\"ListItem\",\"position\":3,\"name\":\"Elle porte b\u0113rnu saulesbrilles Teddy Bear\"}]},{\"@type\":\"WebSite\",\"@id\":\"https:\\\/\\\/littleeater.eu\\\/lv\\\/#website\",\"url\":\"https:\\\/\\\/littleeater.eu\\\/lv\\\/\",\"name\":\"Little Eater (LV)\",\"description\":\"Little Eater\",\"publisher\":{\"@id\":\"https:\\\/\\\/littleeater.eu\\\/lv\\\/#organization\"},\"potentialAction\":[{\"@type\":\"SearchAction\",\"target\":{\"@type\":\"EntryPoint\",\"urlTemplate\":\"https:\\\/\\\/littleeater.eu\\\/lv\\\/?s={search_term_string}\"},\"query-input\":{\"@type\":\"PropertyValueSpecification\",\"valueRequired\":true,\"valueName\":\"search_term_string\"}}],\"inLanguage\":\"lv-LV\"},{\"@type\":\"Organization\",\"@id\":\"https:\\\/\\\/littleeater.eu\\\/lv\\\/#organization\",\"name\":\"Little Eater (LV)\",\"url\":\"https:\\\/\\\/littleeater.eu\\\/lv\\\/\",\"logo\":{\"@type\":\"ImageObject\",\"inLanguage\":\"lv-LV\",\"@id\":\"https:\\\/\\\/littleeater.eu\\\/lv\\\/#\\\/schema\\\/logo\\\/image\\\/\",\"url\":\"https:\\\/\\\/littleeater.eu\\\/lv\\\/wp-content\\\/uploads\\\/sites\\\/3\\\/2023\\\/05\\\/little-eater-logo.jpg\",\"contentUrl\":\"https:\\\/\\\/littleeater.eu\\\/lv\\\/wp-content\\\/uploads\\\/sites\\\/3\\\/2023\\\/05\\\/little-eater-logo.jpg\",\"width\":819,\"height\":810,\"caption\":\"Little Eater (LV)\"},\"image\":{\"@id\":\"https:\\\/\\\/littleeater.eu\\\/lv\\\/#\\\/schema\\\/logo\\\/image\\\/\"}}]}<\/script>\n<!-- \/ Yoast SEO plugin. -->","yoast_head_json":{"title":"Little Eater: b\u0113rnu saulesbrilles | saulesbrilles b\u0113rniem","description":"Saulesbrilles b\u0113rniem ar UV aizsardz\u012bbu pasarg\u0101s no saules stariem un rad\u012bs stil\u012bgu izskatu ikvienam b\u0113rnam. Da\u017e\u0101das formas un kr\u0101sas.","robots":{"index":"index","follow":"follow","max-snippet":"max-snippet:-1","max-image-preview":"max-image-preview:large","max-video-preview":"max-video-preview:-1"},"canonical":"https:\/\/littleeater.eu\/lv\/produkts\/elle-porte-bernu-saulesbrilles-teddy-bear\/","og_locale":"lv_LV","og_type":"article","og_title":"Little Eater: b\u0113rnu saulesbrilles | saulesbrilles b\u0113rniem","og_description":"Saulesbrilles b\u0113rniem ar UV aizsardz\u012bbu pasarg\u0101s no saules stariem un rad\u012bs stil\u012bgu izskatu ikvienam b\u0113rnam. Da\u017e\u0101das formas un kr\u0101sas.","og_url":"https:\/\/littleeater.eu\/lv\/produkts\/elle-porte-bernu-saulesbrilles-teddy-bear\/","og_site_name":"Little Eater (LV)","article_modified_time":"2026-03-06T09:27:54+00:00","og_image":[{"width":444,"height":226,"url":"https:\/\/littleeater.eu\/lv\/wp-content\/uploads\/sites\/3\/2024\/02\/littleeater_akiniai_nuo_saules_vaikams.jpg","type":"image\/jpeg"}],"twitter_card":"summary_large_image","twitter_misc":{"Est. reading time":"1 min\u016bte"},"schema":{"@context":"https:\/\/schema.org","@graph":[{"@type":"WebPage","@id":"https:\/\/littleeater.eu\/lv\/produkts\/elle-porte-bernu-saulesbrilles-teddy-bear\/","url":"https:\/\/littleeater.eu\/lv\/produkts\/elle-porte-bernu-saulesbrilles-teddy-bear\/","name":"Little Eater: b\u0113rnu saulesbrilles | saulesbrilles b\u0113rniem","isPartOf":{"@id":"https:\/\/littleeater.eu\/lv\/#website"},"primaryImageOfPage":{"@id":"https:\/\/littleeater.eu\/lv\/produkts\/elle-porte-bernu-saulesbrilles-teddy-bear\/#primaryimage"},"image":{"@id":"https:\/\/littleeater.eu\/lv\/produkts\/elle-porte-bernu-saulesbrilles-teddy-bear\/#primaryimage"},"thumbnailUrl":"https:\/\/littleeater.eu\/lv\/wp-content\/uploads\/sites\/3\/2024\/02\/littleeater_akiniai_nuo_saules_vaikams.jpg","datePublished":"2024-02-13T09:48:12+00:00","dateModified":"2026-03-06T09:27:54+00:00","description":"Saulesbrilles b\u0113rniem ar UV aizsardz\u012bbu pasarg\u0101s no saules stariem un rad\u012bs stil\u012bgu izskatu ikvienam b\u0113rnam. Da\u017e\u0101das formas un kr\u0101sas.","breadcrumb":{"@id":"https:\/\/littleeater.eu\/lv\/produkts\/elle-porte-bernu-saulesbrilles-teddy-bear\/#breadcrumb"},"inLanguage":"lv-LV","potentialAction":[{"@type":"ReadAction","target":["https:\/\/littleeater.eu\/lv\/produkts\/elle-porte-bernu-saulesbrilles-teddy-bear\/"]}]},{"@type":"ImageObject","inLanguage":"lv-LV","@id":"https:\/\/littleeater.eu\/lv\/produkts\/elle-porte-bernu-saulesbrilles-teddy-bear\/#primaryimage","url":"https:\/\/littleeater.eu\/lv\/wp-content\/uploads\/sites\/3\/2024\/02\/littleeater_akiniai_nuo_saules_vaikams.jpg","contentUrl":"https:\/\/littleeater.eu\/lv\/wp-content\/uploads\/sites\/3\/2024\/02\/littleeater_akiniai_nuo_saules_vaikams.jpg","width":444,"height":226,"caption":"Little eater - b\u0113rnu saulesbrilles | saulesbrilles b\u0113rniem | saules brilles b\u0113rniem | saulesbrilles z\u012bdai\u0146iem"},{"@type":"BreadcrumbList","@id":"https:\/\/littleeater.eu\/lv\/produkts\/elle-porte-bernu-saulesbrilles-teddy-bear\/#breadcrumb","itemListElement":[{"@type":"ListItem","position":1,"name":"M\u0101jas","item":"https:\/\/littleeater.eu\/lv\/"},{"@type":"ListItem","position":2,"name":"Veikals","item":"https:\/\/littleeater.eu\/lv\/veikals\/"},{"@type":"ListItem","position":3,"name":"Elle porte b\u0113rnu saulesbrilles Teddy Bear"}]},{"@type":"WebSite","@id":"https:\/\/littleeater.eu\/lv\/#website","url":"https:\/\/littleeater.eu\/lv\/","name":"Little Eater (LV)","description":"Little Eater","publisher":{"@id":"https:\/\/littleeater.eu\/lv\/#organization"},"potentialAction":[{"@type":"SearchAction","target":{"@type":"EntryPoint","urlTemplate":"https:\/\/littleeater.eu\/lv\/?s={search_term_string}"},"query-input":{"@type":"PropertyValueSpecification","valueRequired":true,"valueName":"search_term_string"}}],"inLanguage":"lv-LV"},{"@type":"Organization","@id":"https:\/\/littleeater.eu\/lv\/#organization","name":"Little Eater (LV)","url":"https:\/\/littleeater.eu\/lv\/","logo":{"@type":"ImageObject","inLanguage":"lv-LV","@id":"https:\/\/littleeater.eu\/lv\/#\/schema\/logo\/image\/","url":"https:\/\/littleeater.eu\/lv\/wp-content\/uploads\/sites\/3\/2023\/05\/little-eater-logo.jpg","contentUrl":"https:\/\/littleeater.eu\/lv\/wp-content\/uploads\/sites\/3\/2023\/05\/little-eater-logo.jpg","width":819,"height":810,"caption":"Little Eater (LV)"},"image":{"@id":"https:\/\/littleeater.eu\/lv\/#\/schema\/logo\/image\/"}}]}},"_links":{"self":[{"href":"https:\/\/littleeater.eu\/lv\/wp-json\/wp\/v2\/product\/10573","targetHints":{"allow":["GET"]}}],"collection":[{"href":"https:\/\/littleeater.eu\/lv\/wp-json\/wp\/v2\/product"}],"about":[{"href":"https:\/\/littleeater.eu\/lv\/wp-json\/wp\/v2\/types\/product"}],"replies":[{"embeddable":true,"href":"https:\/\/littleeater.eu\/lv\/wp-json\/wp\/v2\/comments?post=10573"}],"wp:featuredmedia":[{"embeddable":true,"href":"https:\/\/littleeater.eu\/lv\/wp-json\/wp\/v2\/media\/10565"}],"wp:attachment":[{"href":"https:\/\/littleeater.eu\/lv\/wp-json\/wp\/v2\/media?parent=10573"}],"wp:term":[{"taxonomy":"product_brand","embeddable":true,"href":"https:\/\/littleeater.eu\/lv\/wp-json\/wp\/v2\/product_brand?post=10573"},{"taxonomy":"product_cat","embeddable":true,"href":"https:\/\/littleeater.eu\/lv\/wp-json\/wp\/v2\/product_cat?post=10573"},{"taxonomy":"product_tag","embeddable":true,"href":"https:\/\/littleeater.eu\/lv\/wp-json\/wp\/v2\/product_tag?post=10573"}],"curies":[{"name":"wp","href":"https:\/\/api.w.org\/{rel}","templated":true}]}}