{"id":8,"date":"2023-05-16T11:05:33","date_gmt":"2023-05-16T09:05:33","guid":{"rendered":"https:\/\/littleeater.eu\/lv\/?page_id=8"},"modified":"2023-06-17T19:28:25","modified_gmt":"2023-06-17T17:28:25","slug":"pirksanas-nosacijumi","status":"publish","type":"page","link":"https:\/\/littleeater.eu\/lv\/pirksanas-nosacijumi\/","title":{"rendered":"Pirk\u0161anas nosac\u012bjumi"},"content":{"rendered":"\n<ol class=\"wp-block-list\">\n<li>Visp\u0101r\u012bgie noteikumi:<\/li>\n<\/ol>\n\n\n\n<p>1.1. \u0160is l\u012bgums ir saisto\u0161s ab\u0101m pus\u0113m, kas reglament\u0113 pirc\u0113ja un p\u0101rdev\u0113ja ties\u012bbas, pien\u0101kumus, pre\u010du ieg\u0101di un maks\u0101jumu termi\u0146us, pieg\u0101des un pre\u010du atgrie\u0161anu, pu\u0161u atbild\u012bbas un citus noteikumus, kas attiecas uz pirk\u0161anu un p\u0101rdo\u0161anu, kas veiktas no I\u012e \u201cRomeksa\u201d (turpm\u0101k tekst\u0101 \u2013 P\u0101rdev\u0113js).<\/p>\n\n\n\n<p>1.2 Pirc\u0113js piekr\u012bt \u0161\u012b l\u012bguma noteikumiem, apliecinot to pie pas\u016bt\u012bjuma veik\u0161anas interneta veikal\u0101 vai pie re\u0123istr\u0101cijas interneta veikal\u0101.<\/p>\n\n\n\n<p>1.3 P\u0101rdev\u0113jam ir ties\u012bbas main\u012bt l\u012bguma noteikumus, \u0146emot v\u0113r\u0101 ties\u012bbu aktos noteikt\u0101s pras\u012bbas. Pirc\u0113js par \u0161o tiek inform\u0113ts izmantojot tie\u0161saites veikalu vai e-past\u0101.<\/p>\n\n\n\n<ol class=\"wp-block-list\" start=\"2\">\n<li>Pirk\u0161ana\/P\u0101rdo\u0161ana:<\/li>\n<\/ol>\n\n\n\n<p>2.1. Vieno\u0161an\u0101s par pirk\u0161anu\/p\u0101rdo\u0161anu tiek nosl\u0113gta br\u012bd\u012b, kad klients:<\/p>\n\n\n\n<p>2.1.1. Apstiprina pirkumu interneta veikal\u0101 (par ko Klients tiek inform\u0113ts pa e-pastu);<\/p>\n\n\n\n<ol class=\"wp-block-list\" start=\"3\">\n<li>Pirc\u0113ja ties\u012bbas un pien\u0101kumi:<\/li>\n<\/ol>\n\n\n\n<p>3.1. Pirc\u0113jam ir j\u0101samaks\u0101 par prec\u0113m, vadoties p\u0113c apmaksas noteikumiem.<\/p>\n\n\n\n<p>3.2. Pirc\u0113js ap\u0146emas iev\u0113rot \u0161os nosac\u012bjumus, kas ir aprakst\u012bti interneta veikal\u0101 un Lietuvas Republikas ties\u012bbu aktos.<\/p>\n\n\n\n<p>3.3. Ja pirc\u0113js nepilda savas saist\u012bbas, P\u0101rdev\u0113jam ir ties\u012bbas nekav\u0113joties un bez iepriek\u0161\u0113ja br\u012bdin\u0101juma, ierobe\u017eot vai p\u0101rtraukt sadarb\u012bbu ar Pirc\u0113ju.<\/p>\n\n\n\n<ol class=\"wp-block-list\" start=\"4\">\n<li>P\u0101rdev\u0113ja ties\u012bbas un pien\u0101kumi:<\/li>\n<\/ol>\n\n\n\n<p>4.1. P\u0101rdev\u0113jam ir ties\u012bbas atcelt Pirc\u0113ja pas\u016bt\u012bjumu, ja P\u0101rdev\u0113js nevar sakontakt\u0113ties ar Pirc\u0113ju 3 (tr\u012bs) darba dienu laik\u0101, p\u0113c Pirc\u0113ja nor\u0101d\u012btajiem kontaktiem.<\/p>\n\n\n\n<p>4.2. P\u0101rdev\u0113js ap\u0146em\u0101s iev\u0113rot Pirc\u0113ja ties\u012bbas uz datu priv\u0101tumu, kas ir saist\u012bb\u0101 ar Latvijas Republikas likumdo\u0161anu.<\/p>\n\n\n\n<p>4.3. Ja P\u0101rdev\u0113js nav sp\u0113j\u012bgs izpild\u012bt Pirc\u0113ja pas\u016bt\u012bjumu (pieg\u0101d\u0101t preci noteiktaj\u0101 laik\u0101 un\/vai pieg\u0101d\u0101t tie\u0161i to preci, kuru Pirc\u0113js ir pas\u016bt\u012bjis, tad Pirc\u0113jam ir ties\u012bbas atgriezt\/atteikties no \u0161\u012b pas\u016bt\u012bjuma un P\u0101rdev\u0113jam ir j\u0101atgrie\u017e pirc\u0113jam nauda 3 (tr\u012bs) darba dienu laik\u0101, ja Pirc\u0113js jau ir nor\u0113\u0137in\u0101jies ar P\u0101rdev\u0113ju. Iz\u0146\u0113mums ir tad, ja Pirc\u0113js un P\u0101rdev\u0113js ir vienoju\u0161ies sav\u0101 starp\u0101 par citu pieg\u0101des laiku vai preces apmai\u0146u pret citu.<\/p>\n\n\n\n<ol class=\"wp-block-list\" start=\"5\">\n<li>Preces atgrie\u0161ana:<\/li>\n<\/ol>\n\n\n\n<p>5.1. Klients ir ties\u012bgs atgriezt preci 14 (\u010detrpadsmit) dienu laik\u0101 \u0146emot v\u0113r\u0101 sekojo\u0161us noteikumus:<\/p>\n\n\n\n<p>5.1.1. Inform\u0113jot P\u0101rdev\u0113ju par \u0161o l\u0113mumu, iesniedzot P\u0101rdev\u0113jam rakstisku iesniegumu pa e-pastu: hello@littleeater.eu;<\/p>\n\n\n\n<p>5.1.2. Nog\u0101d\u0101jot preci ori\u0123in\u0101laj\u0101 iepakojum\u0101, t\u0101d\u0101 pa\u0161\u0101 st\u0101vokl\u012b k\u0101da t\u0101 tika ieg\u0101d\u0101ta.<\/p>\n\n\n\n<p>5.2. P\u0101rdev\u0113ja pien\u0101kumos ietilpst, atgriezt Pirc\u0113jam preces summu 100% apm\u0113r\u0101, p\u0101rskaitot to 30 (tr\u012bsdesmit) dienu laik\u0101 uz Pirc\u0113ja nor\u0101d\u012bto bankas kontu (iesniegum\u0101 par preces atgrie\u0161anu), atskaitot pre\u010du pieg\u0101des izdevumus, ja t\u0101di ir biju\u0161i. P\u0101rdev\u0113js ir ties\u012bgs atteikt pre\u010du atgrie\u0161anu, ja prece ir boj\u0101ta un\/vai t\u0101 ir izmantota.<\/p>\n\n\n\n<ol class=\"wp-block-list\" start=\"6\">\n<li>Pieg\u0101des un apmaksas nosac\u012bjumi<\/li>\n<\/ol>\n\n\n\n<p>6.1. Pas\u016bt\u012bjumu pieg\u0101de iesp\u0113jama pa pastu vai uz \u201cOmniva\u201d pakom\u0101tiem vai ar kurjeru vis\u0101 Latvij\u0101.<\/p>\n\n\n\n<p>6.2. P\u0113c pas\u016bt\u012bjuma veeik\u0161anas un apstiprin\u0101juma sa\u0146em\u0161anas uz nor\u0101d\u012bto e-pasta adresi, prece(s) tiek izs\u016bt\u012btas 1-2 darba dienu laik\u0101 no pas\u016bt\u012bjuma maks\u0101juma apstiprin\u0101juma sa\u0146em\u0161anas.<\/p>\n\n\n\n<p>6.3. Apmaksa par pas\u016bt\u012bjumu iesp\u0113jama ar bankas p\u0101rskait\u012bjumu vai autom\u0101tisku internetbankas maks\u0101jumu. \u0160o maks\u0101jumu nodro\u0161ina uz\u0146\u0113mums  \u201cMontonio\u201d.<\/p>\n\n\n\n<p>6.4. Pirc\u0113js preces pavadz\u012bmes ori\u0123in\u0101lu sa\u0146em uz nor\u0101d\u012btu e-pasta adresi.<\/p>\n\n\n\n<p>6.5. Visus str\u012bdus vai domstarp\u012bbas, ja t\u0101das rad\u012bsies p\u0113c \u0161\u012b l\u012bguma apstiprin\u0101\u0161anas, puses vienojas risin\u0101t sarunu ce\u013c\u0101. Ja rado\u0161os str\u012bdus nav iesp\u0113jams atrisin\u0101t sarunu ce\u013c\u0101, tie var b\u016bt nodoti izskat\u012b\u0161anai Lietuvas Respublikas ties\u0101s.<\/p>\n\n\n\n<ol class=\"wp-block-list\" start=\"7\">\n<li>Garantija<\/li>\n<\/ol>\n\n\n\n<p>7.1. Ja p\u0101rdom\u0101j\u0101t un nol\u0113m\u0101t atteikties no pirkuma, Latvijas Republikas Pat\u0113r\u0113t\u0101ju ties\u012bbu aizsardz\u012bbas likums (PTAL) un reglament\u0113jo\u0161ie Ministru Kabineta Noteikumi Nr.255 &#8220;Noteikumi par distances l\u012bgumu&#8221; (MK Noteikumi Nr. 255) nosaka, ka pirc\u0113jam ir ties\u012bbas atk\u0101pties no l\u012bguma 14 kalend\u0101ro dienu laik\u0101 un atdot interneta veikal\u0101 ieg\u0101d\u0101to preci atpaka\u013c p\u0101rdev\u0113jam. PTAL 12. panta 6. da\u013ca nosaka, ka atsakoties no pirkuma Distances l\u012bguma gad\u012bjum\u0101 &#8220;pat\u0113r\u0113t\u0101js ir atbild\u012bgs par preces kvalit\u0101tes un dro\u0161uma saglab\u0101\u0161anu atteikuma ties\u012bbu realiz\u0113\u0161anas termi\u0146\u0101&#8221;. Iesak\u0101m saglab\u0101t preces ori\u0123in\u0101lo iepakojumu, lai realiz\u0113jot atteikuma ties\u012bbas saska\u0146\u0101 ar Distances l\u012bguma noteikumiem, prece netiktu \u0101r\u0113ji meh\u0101niski boj\u0101ta. I\u012e \u201cRomeksa\u201d saglab\u0101 ties\u012bbas atteikties pie\u0146emt preci, kura ir boj\u0101ta, nav piln\u0101 komplekt\u0101cij\u0101. Lai vienotos par preces atdo\u0161anu atpaka\u013c, l\u016bdzam sazin\u0101ties ar mums pa e-pastu: hello@littleeater.eu nor\u0101dot pas\u016bt\u012bjuma numuru un datumu.<\/p>\n\n\n\n<p>7.2. Par preces kvalit\u0101ti sa\u0146emt\u0101s pretenzijas tiks risin\u0101tas saska\u0146\u0101 ar Latvijas Republikas Pat\u0113r\u0113t\u0101ju ties\u012bbu aizsardz\u012bbas likuma (PTAL) norm\u0101m, atbilsto\u0161i reglament\u0113jo\u0161ajiem Ministru kabineta noteikumiem nr.631. \u201eK\u0101rt\u012bba, k\u0101d\u0101 piesak\u0101ms un izskat\u0101ms pat\u0113r\u0113t\u0101ja pras\u012bjums par l\u012bguma noteikumiem neatbilsto\u0161u preci vai pakalpojumu\u201d pras\u012bb\u0101m (MK Noteikumi Nr.631).<\/p>\n\n\n\n<p>7.3. Atg\u0101din\u0101m, ka PTAL normas neattiecas uz gad\u012bjumiem, kad preci ieg\u0101d\u0101jas juridiskas personas.<\/p>\n","protected":false},"excerpt":{"rendered":"<p>1.1. \u0160is l\u012bgums ir saisto\u0161s ab\u0101m pus\u0113m, kas reglament\u0113 pirc\u0113ja un p\u0101rdev\u0113ja ties\u012bbas, pien\u0101kumus, pre\u010du ieg\u0101di un maks\u0101jumu termi\u0146us, pieg\u0101des un pre\u010du atgrie\u0161anu, pu\u0161u atbild\u012bbas un citus noteikumus, kas attiecas uz pirk\u0161anu un p\u0101rdo\u0161anu, kas veiktas no I\u012e \u201cRomeksa\u201d (turpm\u0101k tekst\u0101 \u2013 P\u0101rdev\u0113js). 1.2 Pirc\u0113js piekr\u012bt \u0161\u012b l\u012bguma noteikumiem, apliecinot to pie pas\u016bt\u012bjuma veik\u0161anas interneta [&hellip;]<\/p>\n","protected":false},"author":1,"featured_media":0,"parent":0,"menu_order":0,"comment_status":"closed","ping_status":"closed","template":"","meta":{"_acf_changed":false,"footnotes":""},"class_list":["post-8","page","type-page","status-publish","hentry"],"acf":[],"yoast_head":"<!-- This site is optimized with the Yoast SEO plugin v27.4 - https:\/\/yoast.com\/product\/yoast-seo-wordpress\/ -->\n<title>Pirk\u0161anas nosac\u012bjumi - Little Eater (LV)<\/title>\n<meta name=\"robots\" content=\"index, follow, max-snippet:-1, max-image-preview:large, max-video-preview:-1\" \/>\n<link rel=\"canonical\" href=\"https:\/\/littleeater.eu\/lv\/pirksanas-nosacijumi\/\" \/>\n<meta property=\"og:locale\" content=\"lv_LV\" \/>\n<meta property=\"og:type\" content=\"article\" \/>\n<meta property=\"og:title\" content=\"Pirk\u0161anas nosac\u012bjumi - Little Eater (LV)\" \/>\n<meta property=\"og:description\" content=\"1.1. \u0160is l\u012bgums ir saisto\u0161s ab\u0101m pus\u0113m, kas reglament\u0113 pirc\u0113ja un p\u0101rdev\u0113ja ties\u012bbas, pien\u0101kumus, pre\u010du ieg\u0101di un maks\u0101jumu termi\u0146us, pieg\u0101des un pre\u010du atgrie\u0161anu, pu\u0161u atbild\u012bbas un citus noteikumus, kas attiecas uz pirk\u0161anu un p\u0101rdo\u0161anu, kas veiktas no I\u012e \u201cRomeksa\u201d (turpm\u0101k tekst\u0101 \u2013 P\u0101rdev\u0113js). 1.2 Pirc\u0113js piekr\u012bt \u0161\u012b l\u012bguma noteikumiem, apliecinot to pie pas\u016bt\u012bjuma veik\u0161anas interneta [&hellip;]\" \/>\n<meta property=\"og:url\" content=\"https:\/\/littleeater.eu\/lv\/pirksanas-nosacijumi\/\" \/>\n<meta property=\"og:site_name\" content=\"Little Eater (LV)\" \/>\n<meta property=\"article:modified_time\" content=\"2023-06-17T17:28:25+00:00\" \/>\n<meta name=\"twitter:card\" content=\"summary_large_image\" \/>\n<meta name=\"twitter:label1\" content=\"Est. reading time\" \/>\n\t<meta name=\"twitter:data1\" content=\"4 min\u016btes\" \/>\n<script type=\"application\/ld+json\" class=\"yoast-schema-graph\">{\"@context\":\"https:\\\/\\\/schema.org\",\"@graph\":[{\"@type\":\"WebPage\",\"@id\":\"https:\\\/\\\/littleeater.eu\\\/lv\\\/pirksanas-nosacijumi\\\/\",\"url\":\"https:\\\/\\\/littleeater.eu\\\/lv\\\/pirksanas-nosacijumi\\\/\",\"name\":\"Pirk\u0161anas nosac\u012bjumi - Little Eater (LV)\",\"isPartOf\":{\"@id\":\"https:\\\/\\\/littleeater.eu\\\/lv\\\/#website\"},\"datePublished\":\"2023-05-16T09:05:33+00:00\",\"dateModified\":\"2023-06-17T17:28:25+00:00\",\"breadcrumb\":{\"@id\":\"https:\\\/\\\/littleeater.eu\\\/lv\\\/pirksanas-nosacijumi\\\/#breadcrumb\"},\"inLanguage\":\"lv-LV\",\"potentialAction\":[{\"@type\":\"ReadAction\",\"target\":[\"https:\\\/\\\/littleeater.eu\\\/lv\\\/pirksanas-nosacijumi\\\/\"]}]},{\"@type\":\"BreadcrumbList\",\"@id\":\"https:\\\/\\\/littleeater.eu\\\/lv\\\/pirksanas-nosacijumi\\\/#breadcrumb\",\"itemListElement\":[{\"@type\":\"ListItem\",\"position\":1,\"name\":\"M\u0101jas\",\"item\":\"https:\\\/\\\/littleeater.eu\\\/lv\\\/\"},{\"@type\":\"ListItem\",\"position\":2,\"name\":\"Pirk\u0161anas nosac\u012bjumi\"}]},{\"@type\":\"WebSite\",\"@id\":\"https:\\\/\\\/littleeater.eu\\\/lv\\\/#website\",\"url\":\"https:\\\/\\\/littleeater.eu\\\/lv\\\/\",\"name\":\"Little Eater (LV)\",\"description\":\"Little Eater\",\"publisher\":{\"@id\":\"https:\\\/\\\/littleeater.eu\\\/lv\\\/#organization\"},\"potentialAction\":[{\"@type\":\"SearchAction\",\"target\":{\"@type\":\"EntryPoint\",\"urlTemplate\":\"https:\\\/\\\/littleeater.eu\\\/lv\\\/?s={search_term_string}\"},\"query-input\":{\"@type\":\"PropertyValueSpecification\",\"valueRequired\":true,\"valueName\":\"search_term_string\"}}],\"inLanguage\":\"lv-LV\"},{\"@type\":\"Organization\",\"@id\":\"https:\\\/\\\/littleeater.eu\\\/lv\\\/#organization\",\"name\":\"Little Eater (LV)\",\"url\":\"https:\\\/\\\/littleeater.eu\\\/lv\\\/\",\"logo\":{\"@type\":\"ImageObject\",\"inLanguage\":\"lv-LV\",\"@id\":\"https:\\\/\\\/littleeater.eu\\\/lv\\\/#\\\/schema\\\/logo\\\/image\\\/\",\"url\":\"https:\\\/\\\/littleeater.eu\\\/lv\\\/wp-content\\\/uploads\\\/sites\\\/3\\\/2023\\\/05\\\/little-eater-logo.jpg\",\"contentUrl\":\"https:\\\/\\\/littleeater.eu\\\/lv\\\/wp-content\\\/uploads\\\/sites\\\/3\\\/2023\\\/05\\\/little-eater-logo.jpg\",\"width\":819,\"height\":810,\"caption\":\"Little Eater (LV)\"},\"image\":{\"@id\":\"https:\\\/\\\/littleeater.eu\\\/lv\\\/#\\\/schema\\\/logo\\\/image\\\/\"}}]}<\/script>\n<!-- \/ Yoast SEO plugin. -->","yoast_head_json":{"title":"Pirk\u0161anas nosac\u012bjumi - Little Eater (LV)","robots":{"index":"index","follow":"follow","max-snippet":"max-snippet:-1","max-image-preview":"max-image-preview:large","max-video-preview":"max-video-preview:-1"},"canonical":"https:\/\/littleeater.eu\/lv\/pirksanas-nosacijumi\/","og_locale":"lv_LV","og_type":"article","og_title":"Pirk\u0161anas nosac\u012bjumi - Little Eater (LV)","og_description":"1.1. \u0160is l\u012bgums ir saisto\u0161s ab\u0101m pus\u0113m, kas reglament\u0113 pirc\u0113ja un p\u0101rdev\u0113ja ties\u012bbas, pien\u0101kumus, pre\u010du ieg\u0101di un maks\u0101jumu termi\u0146us, pieg\u0101des un pre\u010du atgrie\u0161anu, pu\u0161u atbild\u012bbas un citus noteikumus, kas attiecas uz pirk\u0161anu un p\u0101rdo\u0161anu, kas veiktas no I\u012e \u201cRomeksa\u201d (turpm\u0101k tekst\u0101 \u2013 P\u0101rdev\u0113js). 1.2 Pirc\u0113js piekr\u012bt \u0161\u012b l\u012bguma noteikumiem, apliecinot to pie pas\u016bt\u012bjuma veik\u0161anas interneta [&hellip;]","og_url":"https:\/\/littleeater.eu\/lv\/pirksanas-nosacijumi\/","og_site_name":"Little Eater (LV)","article_modified_time":"2023-06-17T17:28:25+00:00","twitter_card":"summary_large_image","twitter_misc":{"Est. reading time":"4 min\u016btes"},"schema":{"@context":"https:\/\/schema.org","@graph":[{"@type":"WebPage","@id":"https:\/\/littleeater.eu\/lv\/pirksanas-nosacijumi\/","url":"https:\/\/littleeater.eu\/lv\/pirksanas-nosacijumi\/","name":"Pirk\u0161anas nosac\u012bjumi - Little Eater (LV)","isPartOf":{"@id":"https:\/\/littleeater.eu\/lv\/#website"},"datePublished":"2023-05-16T09:05:33+00:00","dateModified":"2023-06-17T17:28:25+00:00","breadcrumb":{"@id":"https:\/\/littleeater.eu\/lv\/pirksanas-nosacijumi\/#breadcrumb"},"inLanguage":"lv-LV","potentialAction":[{"@type":"ReadAction","target":["https:\/\/littleeater.eu\/lv\/pirksanas-nosacijumi\/"]}]},{"@type":"BreadcrumbList","@id":"https:\/\/littleeater.eu\/lv\/pirksanas-nosacijumi\/#breadcrumb","itemListElement":[{"@type":"ListItem","position":1,"name":"M\u0101jas","item":"https:\/\/littleeater.eu\/lv\/"},{"@type":"ListItem","position":2,"name":"Pirk\u0161anas nosac\u012bjumi"}]},{"@type":"WebSite","@id":"https:\/\/littleeater.eu\/lv\/#website","url":"https:\/\/littleeater.eu\/lv\/","name":"Little Eater (LV)","description":"Little Eater","publisher":{"@id":"https:\/\/littleeater.eu\/lv\/#organization"},"potentialAction":[{"@type":"SearchAction","target":{"@type":"EntryPoint","urlTemplate":"https:\/\/littleeater.eu\/lv\/?s={search_term_string}"},"query-input":{"@type":"PropertyValueSpecification","valueRequired":true,"valueName":"search_term_string"}}],"inLanguage":"lv-LV"},{"@type":"Organization","@id":"https:\/\/littleeater.eu\/lv\/#organization","name":"Little Eater (LV)","url":"https:\/\/littleeater.eu\/lv\/","logo":{"@type":"ImageObject","inLanguage":"lv-LV","@id":"https:\/\/littleeater.eu\/lv\/#\/schema\/logo\/image\/","url":"https:\/\/littleeater.eu\/lv\/wp-content\/uploads\/sites\/3\/2023\/05\/little-eater-logo.jpg","contentUrl":"https:\/\/littleeater.eu\/lv\/wp-content\/uploads\/sites\/3\/2023\/05\/little-eater-logo.jpg","width":819,"height":810,"caption":"Little Eater (LV)"},"image":{"@id":"https:\/\/littleeater.eu\/lv\/#\/schema\/logo\/image\/"}}]}},"_links":{"self":[{"href":"https:\/\/littleeater.eu\/lv\/wp-json\/wp\/v2\/pages\/8","targetHints":{"allow":["GET"]}}],"collection":[{"href":"https:\/\/littleeater.eu\/lv\/wp-json\/wp\/v2\/pages"}],"about":[{"href":"https:\/\/littleeater.eu\/lv\/wp-json\/wp\/v2\/types\/page"}],"author":[{"embeddable":true,"href":"https:\/\/littleeater.eu\/lv\/wp-json\/wp\/v2\/users\/1"}],"replies":[{"embeddable":true,"href":"https:\/\/littleeater.eu\/lv\/wp-json\/wp\/v2\/comments?post=8"}],"version-history":[{"count":2,"href":"https:\/\/littleeater.eu\/lv\/wp-json\/wp\/v2\/pages\/8\/revisions"}],"predecessor-version":[{"id":165,"href":"https:\/\/littleeater.eu\/lv\/wp-json\/wp\/v2\/pages\/8\/revisions\/165"}],"wp:attachment":[{"href":"https:\/\/littleeater.eu\/lv\/wp-json\/wp\/v2\/media?parent=8"}],"curies":[{"name":"wp","href":"https:\/\/api.w.org\/{rel}","templated":true}]}}