{"id":171,"date":"2023-06-17T19:57:25","date_gmt":"2023-06-17T17:57:25","guid":{"rendered":"https:\/\/littleeater.eu\/lv\/?page_id=171"},"modified":"2023-06-17T19:57:27","modified_gmt":"2023-06-17T17:57:27","slug":"apmaksas-informacija","status":"publish","type":"page","link":"https:\/\/littleeater.eu\/lv\/apmaksas-informacija\/","title":{"rendered":"Apmaksas inform\u0101cija"},"content":{"rendered":"\n<p>Apmaksu var veikt ar bankas p\u0101rskait\u012bjumu. <\/p>\n\n\n\n<p>Ar internetbanku caur \u201cMontonio\u201d apmaksas sist\u0113mu, nav jebk\u0101du papildmaks\u0101jumu.<\/p>\n\n\n\n<p>Preces ir rezerv\u0113jamas 1 darba dienai, ja nesa\u0146emsim samaksu par izv\u0113l\u0113t\u0101m prec\u0113m 1 darba dienas laik\u0101, pas\u016bt\u012bjums var b\u016bt anul\u0113ts.<\/p>\n","protected":false},"excerpt":{"rendered":"<p>Apmaksu var veikt ar bankas p\u0101rskait\u012bjumu. Ar internetbanku caur \u201cMontonio\u201d apmaksas sist\u0113mu, nav jebk\u0101du papildmaks\u0101jumu. Preces ir rezerv\u0113jamas 1 darba dienai, ja nesa\u0146emsim samaksu par izv\u0113l\u0113t\u0101m prec\u0113m 1 darba dienas laik\u0101, pas\u016bt\u012bjums var b\u016bt anul\u0113ts.<\/p>\n","protected":false},"author":1,"featured_media":0,"parent":0,"menu_order":0,"comment_status":"closed","ping_status":"closed","template":"","meta":{"_acf_changed":false,"footnotes":""},"class_list":["post-171","page","type-page","status-publish","hentry"],"acf":[],"yoast_head":"<!-- This site is optimized with the Yoast SEO plugin v27.4 - https:\/\/yoast.com\/product\/yoast-seo-wordpress\/ -->\n<title>Apmaksas inform\u0101cija - Little Eater (LV)<\/title>\n<meta name=\"robots\" content=\"index, follow, max-snippet:-1, max-image-preview:large, max-video-preview:-1\" \/>\n<link rel=\"canonical\" href=\"https:\/\/littleeater.eu\/lv\/apmaksas-informacija\/\" \/>\n<meta property=\"og:locale\" content=\"lv_LV\" \/>\n<meta property=\"og:type\" content=\"article\" \/>\n<meta property=\"og:title\" content=\"Apmaksas inform\u0101cija - Little Eater (LV)\" \/>\n<meta property=\"og:description\" content=\"Apmaksu var veikt ar bankas p\u0101rskait\u012bjumu. Ar internetbanku caur \u201cMontonio\u201d apmaksas sist\u0113mu, nav jebk\u0101du papildmaks\u0101jumu. Preces ir rezerv\u0113jamas 1 darba dienai, ja nesa\u0146emsim samaksu par izv\u0113l\u0113t\u0101m prec\u0113m 1 darba dienas laik\u0101, pas\u016bt\u012bjums var b\u016bt anul\u0113ts.\" \/>\n<meta property=\"og:url\" content=\"https:\/\/littleeater.eu\/lv\/apmaksas-informacija\/\" \/>\n<meta property=\"og:site_name\" content=\"Little Eater (LV)\" \/>\n<meta property=\"article:modified_time\" content=\"2023-06-17T17:57:27+00:00\" \/>\n<meta name=\"twitter:card\" content=\"summary_large_image\" \/>\n<meta name=\"twitter:label1\" content=\"Est. reading time\" \/>\n\t<meta name=\"twitter:data1\" content=\"1 min\u016bte\" \/>\n<script type=\"application\/ld+json\" class=\"yoast-schema-graph\">{\"@context\":\"https:\\\/\\\/schema.org\",\"@graph\":[{\"@type\":\"WebPage\",\"@id\":\"https:\\\/\\\/littleeater.eu\\\/lv\\\/apmaksas-informacija\\\/\",\"url\":\"https:\\\/\\\/littleeater.eu\\\/lv\\\/apmaksas-informacija\\\/\",\"name\":\"Apmaksas inform\u0101cija - Little Eater (LV)\",\"isPartOf\":{\"@id\":\"https:\\\/\\\/littleeater.eu\\\/lv\\\/#website\"},\"datePublished\":\"2023-06-17T17:57:25+00:00\",\"dateModified\":\"2023-06-17T17:57:27+00:00\",\"breadcrumb\":{\"@id\":\"https:\\\/\\\/littleeater.eu\\\/lv\\\/apmaksas-informacija\\\/#breadcrumb\"},\"inLanguage\":\"lv-LV\",\"potentialAction\":[{\"@type\":\"ReadAction\",\"target\":[\"https:\\\/\\\/littleeater.eu\\\/lv\\\/apmaksas-informacija\\\/\"]}]},{\"@type\":\"BreadcrumbList\",\"@id\":\"https:\\\/\\\/littleeater.eu\\\/lv\\\/apmaksas-informacija\\\/#breadcrumb\",\"itemListElement\":[{\"@type\":\"ListItem\",\"position\":1,\"name\":\"M\u0101jas\",\"item\":\"https:\\\/\\\/littleeater.eu\\\/lv\\\/\"},{\"@type\":\"ListItem\",\"position\":2,\"name\":\"Apmaksas inform\u0101cija\"}]},{\"@type\":\"WebSite\",\"@id\":\"https:\\\/\\\/littleeater.eu\\\/lv\\\/#website\",\"url\":\"https:\\\/\\\/littleeater.eu\\\/lv\\\/\",\"name\":\"Little Eater (LV)\",\"description\":\"Little Eater\",\"publisher\":{\"@id\":\"https:\\\/\\\/littleeater.eu\\\/lv\\\/#organization\"},\"potentialAction\":[{\"@type\":\"SearchAction\",\"target\":{\"@type\":\"EntryPoint\",\"urlTemplate\":\"https:\\\/\\\/littleeater.eu\\\/lv\\\/?s={search_term_string}\"},\"query-input\":{\"@type\":\"PropertyValueSpecification\",\"valueRequired\":true,\"valueName\":\"search_term_string\"}}],\"inLanguage\":\"lv-LV\"},{\"@type\":\"Organization\",\"@id\":\"https:\\\/\\\/littleeater.eu\\\/lv\\\/#organization\",\"name\":\"Little Eater (LV)\",\"url\":\"https:\\\/\\\/littleeater.eu\\\/lv\\\/\",\"logo\":{\"@type\":\"ImageObject\",\"inLanguage\":\"lv-LV\",\"@id\":\"https:\\\/\\\/littleeater.eu\\\/lv\\\/#\\\/schema\\\/logo\\\/image\\\/\",\"url\":\"https:\\\/\\\/littleeater.eu\\\/lv\\\/wp-content\\\/uploads\\\/sites\\\/3\\\/2023\\\/05\\\/little-eater-logo.jpg\",\"contentUrl\":\"https:\\\/\\\/littleeater.eu\\\/lv\\\/wp-content\\\/uploads\\\/sites\\\/3\\\/2023\\\/05\\\/little-eater-logo.jpg\",\"width\":819,\"height\":810,\"caption\":\"Little Eater (LV)\"},\"image\":{\"@id\":\"https:\\\/\\\/littleeater.eu\\\/lv\\\/#\\\/schema\\\/logo\\\/image\\\/\"}}]}<\/script>\n<!-- \/ Yoast SEO plugin. -->","yoast_head_json":{"title":"Apmaksas inform\u0101cija - Little Eater (LV)","robots":{"index":"index","follow":"follow","max-snippet":"max-snippet:-1","max-image-preview":"max-image-preview:large","max-video-preview":"max-video-preview:-1"},"canonical":"https:\/\/littleeater.eu\/lv\/apmaksas-informacija\/","og_locale":"lv_LV","og_type":"article","og_title":"Apmaksas inform\u0101cija - Little Eater (LV)","og_description":"Apmaksu var veikt ar bankas p\u0101rskait\u012bjumu. Ar internetbanku caur \u201cMontonio\u201d apmaksas sist\u0113mu, nav jebk\u0101du papildmaks\u0101jumu. Preces ir rezerv\u0113jamas 1 darba dienai, ja nesa\u0146emsim samaksu par izv\u0113l\u0113t\u0101m prec\u0113m 1 darba dienas laik\u0101, pas\u016bt\u012bjums var b\u016bt anul\u0113ts.","og_url":"https:\/\/littleeater.eu\/lv\/apmaksas-informacija\/","og_site_name":"Little Eater (LV)","article_modified_time":"2023-06-17T17:57:27+00:00","twitter_card":"summary_large_image","twitter_misc":{"Est. reading time":"1 min\u016bte"},"schema":{"@context":"https:\/\/schema.org","@graph":[{"@type":"WebPage","@id":"https:\/\/littleeater.eu\/lv\/apmaksas-informacija\/","url":"https:\/\/littleeater.eu\/lv\/apmaksas-informacija\/","name":"Apmaksas inform\u0101cija - Little Eater (LV)","isPartOf":{"@id":"https:\/\/littleeater.eu\/lv\/#website"},"datePublished":"2023-06-17T17:57:25+00:00","dateModified":"2023-06-17T17:57:27+00:00","breadcrumb":{"@id":"https:\/\/littleeater.eu\/lv\/apmaksas-informacija\/#breadcrumb"},"inLanguage":"lv-LV","potentialAction":[{"@type":"ReadAction","target":["https:\/\/littleeater.eu\/lv\/apmaksas-informacija\/"]}]},{"@type":"BreadcrumbList","@id":"https:\/\/littleeater.eu\/lv\/apmaksas-informacija\/#breadcrumb","itemListElement":[{"@type":"ListItem","position":1,"name":"M\u0101jas","item":"https:\/\/littleeater.eu\/lv\/"},{"@type":"ListItem","position":2,"name":"Apmaksas inform\u0101cija"}]},{"@type":"WebSite","@id":"https:\/\/littleeater.eu\/lv\/#website","url":"https:\/\/littleeater.eu\/lv\/","name":"Little Eater (LV)","description":"Little Eater","publisher":{"@id":"https:\/\/littleeater.eu\/lv\/#organization"},"potentialAction":[{"@type":"SearchAction","target":{"@type":"EntryPoint","urlTemplate":"https:\/\/littleeater.eu\/lv\/?s={search_term_string}"},"query-input":{"@type":"PropertyValueSpecification","valueRequired":true,"valueName":"search_term_string"}}],"inLanguage":"lv-LV"},{"@type":"Organization","@id":"https:\/\/littleeater.eu\/lv\/#organization","name":"Little Eater (LV)","url":"https:\/\/littleeater.eu\/lv\/","logo":{"@type":"ImageObject","inLanguage":"lv-LV","@id":"https:\/\/littleeater.eu\/lv\/#\/schema\/logo\/image\/","url":"https:\/\/littleeater.eu\/lv\/wp-content\/uploads\/sites\/3\/2023\/05\/little-eater-logo.jpg","contentUrl":"https:\/\/littleeater.eu\/lv\/wp-content\/uploads\/sites\/3\/2023\/05\/little-eater-logo.jpg","width":819,"height":810,"caption":"Little Eater (LV)"},"image":{"@id":"https:\/\/littleeater.eu\/lv\/#\/schema\/logo\/image\/"}}]}},"_links":{"self":[{"href":"https:\/\/littleeater.eu\/lv\/wp-json\/wp\/v2\/pages\/171","targetHints":{"allow":["GET"]}}],"collection":[{"href":"https:\/\/littleeater.eu\/lv\/wp-json\/wp\/v2\/pages"}],"about":[{"href":"https:\/\/littleeater.eu\/lv\/wp-json\/wp\/v2\/types\/page"}],"author":[{"embeddable":true,"href":"https:\/\/littleeater.eu\/lv\/wp-json\/wp\/v2\/users\/1"}],"replies":[{"embeddable":true,"href":"https:\/\/littleeater.eu\/lv\/wp-json\/wp\/v2\/comments?post=171"}],"version-history":[{"count":1,"href":"https:\/\/littleeater.eu\/lv\/wp-json\/wp\/v2\/pages\/171\/revisions"}],"predecessor-version":[{"id":172,"href":"https:\/\/littleeater.eu\/lv\/wp-json\/wp\/v2\/pages\/171\/revisions\/172"}],"wp:attachment":[{"href":"https:\/\/littleeater.eu\/lv\/wp-json\/wp\/v2\/media?parent=171"}],"curies":[{"name":"wp","href":"https:\/\/api.w.org\/{rel}","templated":true}]}}