{"id":169,"date":"2023-06-17T19:51:10","date_gmt":"2023-06-17T17:51:10","guid":{"rendered":"https:\/\/littleeater.eu\/lv\/?page_id=169"},"modified":"2023-09-02T21:46:26","modified_gmt":"2023-09-02T19:46:26","slug":"piegades-informacija","status":"publish","type":"page","link":"https:\/\/littleeater.eu\/lv\/piegades-informacija\/","title":{"rendered":"Pieg\u0101des inform\u0101cija"},"content":{"rendered":"\n<p>Pieg\u0101des cena ir no 3,09 eur. Pieg\u0101des cena ir atkar\u012bga no izv\u0113l\u0113ta pieg\u0101des veida, kuru varat izv\u0113l\u0113ties pas\u016btot preces.<\/p>\n\n\n\n<p>Preces varam pieg\u0101d\u0101t vis\u0101 Latvij\u0101.<\/p>\n\n\n\n<p>Iesp\u0113jamie pieg\u0101des veidi:<\/p>\n\n\n\n<p>Pre\u010du pieg\u0101de ar kurjeru uz pas\u016bt\u012bjuma laik\u0101 nor\u0101d\u012bto adresi vis\u0101 Latvij\u0101. Pieg\u0101des cena 8,00 eur, pieg\u0101des laiks 2-3 d.d., p\u0113c s\u016bt\u012bjuma nodo\u0161anas kurjerim.<br>Preces sa\u0146em\u0161ana SmartPost pakom\u0101tu termin\u0101los un sa\u0146em\u0161anas punktos. Pieg\u0101des cena 3,09 eur, pieg\u0101des laiks 2-3 d.d., p\u0113c samaksas sa\u0146em\u0161anas;<\/p>\n\n\n\n<p>Pas\u016bt\u012bjumi tiek sagatavoti un izs\u016bt\u012bti 1-3 darba dienu laik\u0101 no samaksas sa\u0146em\u0161anas.<\/p>\n\n\n\n<p>Little Eater neatbild par pieg\u0101des k\u0101v\u0113\u0161anos, kas ir atkar\u012bga no pieg\u0101des pakalpojumu sniedz\u0113ja.<\/p>\n","protected":false},"excerpt":{"rendered":"<p>Pieg\u0101des cena ir no 3,09 eur. Pieg\u0101des cena ir atkar\u012bga no izv\u0113l\u0113ta pieg\u0101des veida, kuru varat izv\u0113l\u0113ties pas\u016btot preces. Preces varam pieg\u0101d\u0101t vis\u0101 Latvij\u0101. Iesp\u0113jamie pieg\u0101des veidi: Pre\u010du pieg\u0101de ar kurjeru uz pas\u016bt\u012bjuma laik\u0101 nor\u0101d\u012bto adresi vis\u0101 Latvij\u0101. Pieg\u0101des cena 8,00 eur, pieg\u0101des laiks 2-3 d.d., p\u0113c s\u016bt\u012bjuma nodo\u0161anas kurjerim.Preces sa\u0146em\u0161ana SmartPost pakom\u0101tu termin\u0101los un [&hellip;]<\/p>\n","protected":false},"author":1,"featured_media":0,"parent":0,"menu_order":0,"comment_status":"closed","ping_status":"closed","template":"","meta":{"_acf_changed":false,"footnotes":""},"class_list":["post-169","page","type-page","status-publish","hentry"],"acf":[],"yoast_head":"<!-- This site is optimized with the Yoast SEO plugin v27.4 - https:\/\/yoast.com\/product\/yoast-seo-wordpress\/ -->\n<title>Pieg\u0101des inform\u0101cija - Little Eater (LV)<\/title>\n<meta name=\"robots\" content=\"index, follow, max-snippet:-1, max-image-preview:large, max-video-preview:-1\" \/>\n<link rel=\"canonical\" href=\"https:\/\/littleeater.eu\/lv\/piegades-informacija\/\" \/>\n<meta property=\"og:locale\" content=\"lv_LV\" \/>\n<meta property=\"og:type\" content=\"article\" \/>\n<meta property=\"og:title\" content=\"Pieg\u0101des inform\u0101cija - Little Eater (LV)\" \/>\n<meta property=\"og:description\" content=\"Pieg\u0101des cena ir no 3,09 eur. Pieg\u0101des cena ir atkar\u012bga no izv\u0113l\u0113ta pieg\u0101des veida, kuru varat izv\u0113l\u0113ties pas\u016btot preces. Preces varam pieg\u0101d\u0101t vis\u0101 Latvij\u0101. Iesp\u0113jamie pieg\u0101des veidi: Pre\u010du pieg\u0101de ar kurjeru uz pas\u016bt\u012bjuma laik\u0101 nor\u0101d\u012bto adresi vis\u0101 Latvij\u0101. Pieg\u0101des cena 8,00 eur, pieg\u0101des laiks 2-3 d.d., p\u0113c s\u016bt\u012bjuma nodo\u0161anas kurjerim.Preces sa\u0146em\u0161ana SmartPost pakom\u0101tu termin\u0101los un [&hellip;]\" \/>\n<meta property=\"og:url\" content=\"https:\/\/littleeater.eu\/lv\/piegades-informacija\/\" \/>\n<meta property=\"og:site_name\" content=\"Little Eater (LV)\" \/>\n<meta property=\"article:modified_time\" content=\"2023-09-02T19:46:26+00:00\" \/>\n<meta name=\"twitter:card\" content=\"summary_large_image\" \/>\n<meta name=\"twitter:label1\" content=\"Est. reading time\" \/>\n\t<meta name=\"twitter:data1\" content=\"1 min\u016bte\" \/>\n<script type=\"application\/ld+json\" class=\"yoast-schema-graph\">{\"@context\":\"https:\\\/\\\/schema.org\",\"@graph\":[{\"@type\":\"WebPage\",\"@id\":\"https:\\\/\\\/littleeater.eu\\\/lv\\\/piegades-informacija\\\/\",\"url\":\"https:\\\/\\\/littleeater.eu\\\/lv\\\/piegades-informacija\\\/\",\"name\":\"Pieg\u0101des inform\u0101cija - Little Eater (LV)\",\"isPartOf\":{\"@id\":\"https:\\\/\\\/littleeater.eu\\\/lv\\\/#website\"},\"datePublished\":\"2023-06-17T17:51:10+00:00\",\"dateModified\":\"2023-09-02T19:46:26+00:00\",\"breadcrumb\":{\"@id\":\"https:\\\/\\\/littleeater.eu\\\/lv\\\/piegades-informacija\\\/#breadcrumb\"},\"inLanguage\":\"lv-LV\",\"potentialAction\":[{\"@type\":\"ReadAction\",\"target\":[\"https:\\\/\\\/littleeater.eu\\\/lv\\\/piegades-informacija\\\/\"]}]},{\"@type\":\"BreadcrumbList\",\"@id\":\"https:\\\/\\\/littleeater.eu\\\/lv\\\/piegades-informacija\\\/#breadcrumb\",\"itemListElement\":[{\"@type\":\"ListItem\",\"position\":1,\"name\":\"M\u0101jas\",\"item\":\"https:\\\/\\\/littleeater.eu\\\/lv\\\/\"},{\"@type\":\"ListItem\",\"position\":2,\"name\":\"Pieg\u0101des inform\u0101cija\"}]},{\"@type\":\"WebSite\",\"@id\":\"https:\\\/\\\/littleeater.eu\\\/lv\\\/#website\",\"url\":\"https:\\\/\\\/littleeater.eu\\\/lv\\\/\",\"name\":\"Little Eater (LV)\",\"description\":\"Little Eater\",\"publisher\":{\"@id\":\"https:\\\/\\\/littleeater.eu\\\/lv\\\/#organization\"},\"potentialAction\":[{\"@type\":\"SearchAction\",\"target\":{\"@type\":\"EntryPoint\",\"urlTemplate\":\"https:\\\/\\\/littleeater.eu\\\/lv\\\/?s={search_term_string}\"},\"query-input\":{\"@type\":\"PropertyValueSpecification\",\"valueRequired\":true,\"valueName\":\"search_term_string\"}}],\"inLanguage\":\"lv-LV\"},{\"@type\":\"Organization\",\"@id\":\"https:\\\/\\\/littleeater.eu\\\/lv\\\/#organization\",\"name\":\"Little Eater (LV)\",\"url\":\"https:\\\/\\\/littleeater.eu\\\/lv\\\/\",\"logo\":{\"@type\":\"ImageObject\",\"inLanguage\":\"lv-LV\",\"@id\":\"https:\\\/\\\/littleeater.eu\\\/lv\\\/#\\\/schema\\\/logo\\\/image\\\/\",\"url\":\"https:\\\/\\\/littleeater.eu\\\/lv\\\/wp-content\\\/uploads\\\/sites\\\/3\\\/2023\\\/05\\\/little-eater-logo.jpg\",\"contentUrl\":\"https:\\\/\\\/littleeater.eu\\\/lv\\\/wp-content\\\/uploads\\\/sites\\\/3\\\/2023\\\/05\\\/little-eater-logo.jpg\",\"width\":819,\"height\":810,\"caption\":\"Little Eater (LV)\"},\"image\":{\"@id\":\"https:\\\/\\\/littleeater.eu\\\/lv\\\/#\\\/schema\\\/logo\\\/image\\\/\"}}]}<\/script>\n<!-- \/ Yoast SEO plugin. -->","yoast_head_json":{"title":"Pieg\u0101des inform\u0101cija - Little Eater (LV)","robots":{"index":"index","follow":"follow","max-snippet":"max-snippet:-1","max-image-preview":"max-image-preview:large","max-video-preview":"max-video-preview:-1"},"canonical":"https:\/\/littleeater.eu\/lv\/piegades-informacija\/","og_locale":"lv_LV","og_type":"article","og_title":"Pieg\u0101des inform\u0101cija - Little Eater (LV)","og_description":"Pieg\u0101des cena ir no 3,09 eur. Pieg\u0101des cena ir atkar\u012bga no izv\u0113l\u0113ta pieg\u0101des veida, kuru varat izv\u0113l\u0113ties pas\u016btot preces. Preces varam pieg\u0101d\u0101t vis\u0101 Latvij\u0101. Iesp\u0113jamie pieg\u0101des veidi: Pre\u010du pieg\u0101de ar kurjeru uz pas\u016bt\u012bjuma laik\u0101 nor\u0101d\u012bto adresi vis\u0101 Latvij\u0101. Pieg\u0101des cena 8,00 eur, pieg\u0101des laiks 2-3 d.d., p\u0113c s\u016bt\u012bjuma nodo\u0161anas kurjerim.Preces sa\u0146em\u0161ana SmartPost pakom\u0101tu termin\u0101los un [&hellip;]","og_url":"https:\/\/littleeater.eu\/lv\/piegades-informacija\/","og_site_name":"Little Eater (LV)","article_modified_time":"2023-09-02T19:46:26+00:00","twitter_card":"summary_large_image","twitter_misc":{"Est. reading time":"1 min\u016bte"},"schema":{"@context":"https:\/\/schema.org","@graph":[{"@type":"WebPage","@id":"https:\/\/littleeater.eu\/lv\/piegades-informacija\/","url":"https:\/\/littleeater.eu\/lv\/piegades-informacija\/","name":"Pieg\u0101des inform\u0101cija - Little Eater (LV)","isPartOf":{"@id":"https:\/\/littleeater.eu\/lv\/#website"},"datePublished":"2023-06-17T17:51:10+00:00","dateModified":"2023-09-02T19:46:26+00:00","breadcrumb":{"@id":"https:\/\/littleeater.eu\/lv\/piegades-informacija\/#breadcrumb"},"inLanguage":"lv-LV","potentialAction":[{"@type":"ReadAction","target":["https:\/\/littleeater.eu\/lv\/piegades-informacija\/"]}]},{"@type":"BreadcrumbList","@id":"https:\/\/littleeater.eu\/lv\/piegades-informacija\/#breadcrumb","itemListElement":[{"@type":"ListItem","position":1,"name":"M\u0101jas","item":"https:\/\/littleeater.eu\/lv\/"},{"@type":"ListItem","position":2,"name":"Pieg\u0101des inform\u0101cija"}]},{"@type":"WebSite","@id":"https:\/\/littleeater.eu\/lv\/#website","url":"https:\/\/littleeater.eu\/lv\/","name":"Little Eater (LV)","description":"Little Eater","publisher":{"@id":"https:\/\/littleeater.eu\/lv\/#organization"},"potentialAction":[{"@type":"SearchAction","target":{"@type":"EntryPoint","urlTemplate":"https:\/\/littleeater.eu\/lv\/?s={search_term_string}"},"query-input":{"@type":"PropertyValueSpecification","valueRequired":true,"valueName":"search_term_string"}}],"inLanguage":"lv-LV"},{"@type":"Organization","@id":"https:\/\/littleeater.eu\/lv\/#organization","name":"Little Eater (LV)","url":"https:\/\/littleeater.eu\/lv\/","logo":{"@type":"ImageObject","inLanguage":"lv-LV","@id":"https:\/\/littleeater.eu\/lv\/#\/schema\/logo\/image\/","url":"https:\/\/littleeater.eu\/lv\/wp-content\/uploads\/sites\/3\/2023\/05\/little-eater-logo.jpg","contentUrl":"https:\/\/littleeater.eu\/lv\/wp-content\/uploads\/sites\/3\/2023\/05\/little-eater-logo.jpg","width":819,"height":810,"caption":"Little Eater (LV)"},"image":{"@id":"https:\/\/littleeater.eu\/lv\/#\/schema\/logo\/image\/"}}]}},"_links":{"self":[{"href":"https:\/\/littleeater.eu\/lv\/wp-json\/wp\/v2\/pages\/169","targetHints":{"allow":["GET"]}}],"collection":[{"href":"https:\/\/littleeater.eu\/lv\/wp-json\/wp\/v2\/pages"}],"about":[{"href":"https:\/\/littleeater.eu\/lv\/wp-json\/wp\/v2\/types\/page"}],"author":[{"embeddable":true,"href":"https:\/\/littleeater.eu\/lv\/wp-json\/wp\/v2\/users\/1"}],"replies":[{"embeddable":true,"href":"https:\/\/littleeater.eu\/lv\/wp-json\/wp\/v2\/comments?post=169"}],"version-history":[{"count":2,"href":"https:\/\/littleeater.eu\/lv\/wp-json\/wp\/v2\/pages\/169\/revisions"}],"predecessor-version":[{"id":6603,"href":"https:\/\/littleeater.eu\/lv\/wp-json\/wp\/v2\/pages\/169\/revisions\/6603"}],"wp:attachment":[{"href":"https:\/\/littleeater.eu\/lv\/wp-json\/wp\/v2\/media?parent=169"}],"curies":[{"name":"wp","href":"https:\/\/api.w.org\/{rel}","templated":true}]}}