{"id":166,"date":"2023-06-17T19:35:42","date_gmt":"2023-06-17T17:35:42","guid":{"rendered":"https:\/\/littleeater.eu\/lv\/?page_id=166"},"modified":"2023-06-17T19:38:01","modified_gmt":"2023-06-17T17:38:01","slug":"privatuma-politika","status":"publish","type":"page","link":"https:\/\/littleeater.eu\/lv\/privatuma-politika\/","title":{"rendered":"Priv\u0101tuma politika"},"content":{"rendered":"\n<p>I\u012e \u201cRomeksa\u201d (Uz\u0146.re\u0123.nr.: 304257002; juridisk\u0101 adrese: Bitinink\u0173 g. 6B-31, LT-08417 Vilnius, Lietuva), (turpm\u0101k saukts par www.littleeater.eu), ir interneta veikala www.littleeater.eu datu p\u0101rvald\u012bt\u0101js. www.littleeater.eu apiesies ar j\u016bsu personas datiem dro\u0161\u0101 veid\u0101 un saska\u0146\u0101 ar piem\u0113rojamajiem likumiem.<\/p>\n\n\n\n<p>Konfidencialit\u0101tes Politika<\/p>\n\n\n\n<p>\u0160ajos Priv\u0101tuma Politikas noteikumos ir izskaidroti J\u016bsu personas datu apstr\u0101des noteikumi, J\u016bsu ties\u012bbas un m\u016bsu pien\u0101kumus, k\u0101 datu apstr\u0101d\u0101t\u0101jam.<\/p>\n\n\n\n<p>Datu p\u0101rvaldnieks:<\/p>\n\n\n\n<p>I\u012e \u201cRomeksa\u201d, uz\u0146.re\u0123.nr.: 304257002; juridisk\u0101 adrese: Bitinink\u0173 g. 6B-31, LT-08417 Vilnius, Lietuva.<\/p>\n\n\n\n<p>Datu apstr\u0101des m\u0113r\u0137is<\/p>\n\n\n\n<p>www.littleeater.eu apstr\u0101d\u0101 internetveikala lietot\u0101ju personas datus, lai pareizi izpild\u012btu l\u012bgumus, kas nosl\u0113gti tie\u0161saistes veikal\u0101, izmantojot www.littleeater.eu t\u012bmek\u013ca vietni (turpm\u0101k tekst\u0101 &#8211; &#8220;T\u012bmek\u013ca vietne&#8221;). Tas noz\u012bm\u0113, ka \u0161\u0101di dati ir nepiecie\u0161ami, jo \u012bpa\u0161i:<\/p>\n\n\n\n<ul class=\"wp-block-list\">\n<li>re\u0123istr\u0101cijai T\u012bmek\u013ca vietn\u0113;<\/li>\n\n\n\n<li>l\u012bguma nosl\u0113g\u0161anai;<\/li>\n\n\n\n<li>nor\u0113\u0137iniem;<\/li>\n\n\n\n<li>Lietot\u0101ja pas\u016bt\u012bto pre\u010du pieg\u0101dei;<\/li>\n\n\n\n<li>Lietot\u0101js var izmantot jebk\u0101das pat\u0113r\u0113t\u0101ja ties\u012bbas, (piem\u0113ram, l\u012bguma atcel\u0161ana).<\/li>\n<\/ul>\n\n\n\n<p>Ja esat piekritis sa\u0146emt inform\u0101ciju par jauniem produktiem un \u012bpa\u0161iem pied\u0101v\u0101jumiem, www.littleeater.eu apstr\u0101d\u0101 j\u016bsu datus, lai nos\u016bt\u012btu Jums savu komerci\u0101lo inform\u0101ciju par, piem\u0113ram, \u012bpa\u0161iem pied\u0101v\u0101jumiem.<\/p>\n\n\n\n<p>Datu veidi<\/p>\n\n\n\n<p>www.littleeater.eu apstr\u0101d\u0101 \u0161\u0101dus personas datus, kas Jums nepiecie\u0161ami, lai:<\/p>\n\n\n\n<ol class=\"wp-block-list\">\n<li>Piesl\u0113gtos T\u012bmek\u013ca vietn\u0113:<\/li>\n<\/ol>\n\n\n\n<ul class=\"wp-block-list\">\n<li>v\u0101rds un uzv\u0101rds<\/li>\n\n\n\n<li>e-pasta adrese<\/li>\n<\/ul>\n\n\n\n<ol class=\"wp-block-list\">\n<li>Iepirktos tie\u0161saistes vietn\u0113:<\/li>\n<\/ol>\n\n\n\n<ul class=\"wp-block-list\">\n<li>v\u0101rds un uzv\u0101rds<\/li>\n\n\n\n<li>pieg\u0101des adrese<\/li>\n\n\n\n<li>telefona numurs<\/li>\n\n\n\n<li>e-pasta adrese<\/li>\n<\/ul>\n\n\n\n<ol class=\"wp-block-list\">\n<li>Lietot\u0101ja sniegtie dati p\u0113c izv\u0113les:<\/li>\n<\/ol>\n\n\n\n<ul class=\"wp-block-list\">\n<li>Uz\u0146\u0113muma nosaukums, ja uz\u0146\u0113mums pieprasa r\u0113\u0137inu<\/li>\n<\/ul>\n\n\n\n<ol class=\"wp-block-list\">\n<li>Ja atce\u013cat savu l\u012bgumu vai m\u0113s apstiprinam J\u016bsu s\u016bdz\u012bbu, atmaksa tiks veikta uz J\u016bsu bankas kontu. T\u0101p\u0113c, l\u016bdzam, nos\u016btiet uz e-pastu hello@littleeater.eu kop\u0101 ar s\u016bdz\u012bbas inform\u0101ciju bankas konta numuru, lai m\u0113s var\u0113tu veikt naudas atgrie\u0161anu.<\/li>\n<\/ol>\n\n\n\n<p>Juridiskais datu apstr\u0101des pamatojums.<\/p>\n\n\n\n<p>Personas dati tiek apstr\u0101d\u0101ti saska\u0146\u0101 ar 2016. gada 27. apr\u012b\u013ca Eiropas Parlamenta un Padomes Regulu (ES) Nr. 2016\/679.<\/p>\n\n\n\n<p>M\u0113s apstr\u0101d\u0101jam J\u016bsu personas datus, pamatojoties uz J\u016bsu piekri\u0161anu, kas apstiprin\u0101ta, re\u0123istr\u0113joties t\u012bmek\u013ca vietn\u0113 un taj\u0101 br\u012bd\u012b, kad tiek apstiprin\u0101ts dar\u012bjums, kas veikts t\u012bmek\u013ca vietn\u0113.<\/p>\n\n\n\n<p>J\u016bsu piekri\u0161ana personas datu apstr\u0101dei ir piln\u012bgi br\u012bvpr\u0101t\u012bga.<\/p>\n\n\n\n<p>Saist\u012bb\u0101 ar personas datu apstr\u0101di Jums ir \u0161\u0101das ties\u012bbas:<\/p>\n\n\n\n<ol class=\"wp-block-list\">\n<li>J\u016bs varat atsaukt savu piekri\u0161anu jebkur\u0101 laik\u0101, nenor\u0101dot iemeslu. J\u016bsu v\u0113lme var b\u016bt tikai par komercinform\u0101cijas sa\u0146em\u0161anu vai ar\u012b uz visu J\u016bsu personas datu kopumu. Ja j\u016bs atsaucat piekri\u0161anu par visiem datu apstr\u0101des m\u0113r\u0137iem, J\u016bsu Lietot\u0101ja profils vietn\u0113 tiks dz\u0113sts un J\u016bsu dati vairs netiks apstr\u0101d\u0101ti. Piekri\u0161anas atsauk\u0161ana neietekm\u0113 nek\u0101das iepriek\u0161 veiktas darb\u012bbas.<\/li>\n\n\n\n<li>J\u016bs jebkur\u0101 br\u012bd\u012b varat pras\u012bt, lai m\u0113s dz\u0113stu J\u016bsu datus, nenor\u0101dot iemeslu. Piepras\u012bjums dz\u0113st datus neietekm\u0113s nek\u0101das iepriek\u0161 veiktas darb\u012bbas. Datu dz\u0113\u0161ana noz\u012bm\u0113, ka j\u016bsu Lietot\u0101ja konts vietn\u0113 tiks dz\u0113sts un m\u0113s vairs neapstr\u0101d\u0101sim J\u016bsu datus.<\/li>\n\n\n\n<li>J\u016bs varat jebkur\u0101 laik\u0101 izteikt iebildumus pret J\u016bsu personas datu apstr\u0101di neatkar\u012bgi no apstr\u0101d\u0101to datu veida. \u0160\u0101di iebildumi neietekm\u0113 nek\u0101das iepriek\u0161 veiktas darb\u012bbas. Iebildumu rezult\u0101t\u0101, J\u016bsu Lietot\u0101ja konts vietn\u0113 tiks dz\u0113sts un J\u016bsu dati vairs netiks apstr\u0101d\u0101ti.<\/li>\n\n\n\n<li>J\u016bs varat piepras\u012bt, lai m\u0113s ierobe\u017eotu J\u016bsu personas datu apstr\u0101di gan laika, gan darb\u012bbas jomas zi\u0146\u0101 &#8211; m\u0113s turpin\u0101sim p\u0113c J\u016bsu v\u0113lm\u0113m. \u0160\u0101ds l\u016bgums neietekm\u0113s nek\u0101das iepriek\u0161 veiktas darb\u012bbas.<\/li>\n\n\n\n<li>J\u016bs jebkur\u0101 laik\u0101 varat piepras\u012bt, lai m\u0113s labotu J\u016bsu personas datus. To ar\u012b var izdar\u012bt pats Lietot\u0101js, sav\u0101 internetveikala profil\u0101.<\/li>\n\n\n\n<li>J\u016bs varat piepras\u012bt, lai m\u0113s J\u016bsu nor\u0101d\u012btos datus p\u0101rs\u016bt\u012btu uz J\u016bsu noteiktu uz\u0146\u0113mumu. Lai to pan\u0101ktu, sazinieties ar mums, izmantojot e-pastu hello@littleeater.eu, nor\u0101dot t\u0101 uz\u0146\u0113muma nosaukumu un adresi, kurai mums j\u0101nos\u016bta J\u016bsu datus un datu apjomu, t.i., nor\u0101diet, kurus no saviem datiem mums ir j\u0101p\u0101rs\u016bta. P\u0101rs\u016bt\u012b\u0161ana notiks elektroniski, tikl\u012bdz b\u016bsiet apstiprin\u0101jis piepras\u012bjumu. Piepras\u012bjuma apstiprin\u0101jums ir nepiecie\u0161ams, lai m\u0113s var\u0113tu nodro\u0161in\u0101t J\u016bsu datu dro\u0161\u012bbu un p\u0101rliecin\u0101ties, ka piepras\u012bjums ir no pilnvarotas personas.<\/li>\n\n\n\n<li>J\u016bs jebkur\u0101 laik\u0101 varat l\u016bgt mums sniegt inform\u0101ciju par J\u016bsu personas datu apstr\u0101des apjomu.<\/li>\n<\/ol>\n\n\n\n<p>Mums ir pien\u0101kums inform\u0113t J\u016bs, ne v\u0113l\u0101k k\u0101 m\u0113ne\u0161a laik\u0101, p\u0113c katra J\u016bsu piepras\u012bjuma sa\u0146em\u0161anas par veiktajiem pas\u0101kumiem.<\/p>\n\n\n\n<p>Personas datu saglab\u0101\u0161anas periods<\/p>\n\n\n\n<p>M\u0113s saglab\u0101jam J\u016bsu datus, l\u012bdz br\u012bdim, kad vietnes lietot\u0101ja profils tiek dz\u0113sts. Lietot\u0101ja profilu var izdz\u0113st pats Lietot\u0101js, vai ar\u012b tas var tikt dz\u0113sts p\u0113c J\u016bsu piepras\u012bjuma, ja iebilstat pret J\u016bsu personas datu apstr\u0101di.<\/p>\n\n\n\n<p>M\u016bsu sist\u0113m\u0101s tiks saglab\u0101ta tikai t\u0101da arh\u012bvu inform\u0101cija, kas saist\u012bta ar J\u016bsu veiktajiem pas\u016bt\u012bjumiem, kas b\u016bs vajadz\u012bga, piem\u0113ram, uz jebk\u0101d\u0101m pretenzij\u0101m, kas Jums var rasties, piem\u0113ram, saska\u0146\u0101 ar likum\u0101 noteikto garantiju, vai saist\u012bb\u0101 ar mums saisto\u0161ajiem ties\u012bbu aktiem.<\/p>\n\n\n\n<p>Komunik\u0101cija, kas saist\u012bta ar personas datiem<\/p>\n\n\n\n<p>J\u016bs varat mums s\u016bt\u012bt visus pazi\u0146ojumus un piepras\u012bjumus, kas saist\u012bti ar J\u016bsu personas datiem:<\/p>\n\n\n\n<p>Uz e-pastu: hello@littleeater.eu<br>Zvan\u012bt uz tel.nr.: +370 64533227<\/p>\n\n\n\n<p>Datu apstr\u0101des nodo\u0161ana<\/p>\n\n\n\n<p>www.littleeater.eu var uztic\u0113t J\u016bsu personas datus, www.littleeater.eu dar\u012bjumu partneriem, cikt\u0101l tas vajadz\u012bgs, lai veiktu dar\u012bjumus, piem\u0113ram, lai sagatavotu pas\u016bt\u012bto preci un to nos\u016bt\u012btu pirc\u0113jam.<\/p>\n\n\n\n<p>Lietot\u0101ju personas dati nek\u0101d\u0101 veid\u0101 netiks dar\u012bti zin\u0101mi tre\u0161aj\u0101m pus\u0113m cit\u0101di, k\u0101 tikai \u0161aj\u0101 datu priv\u0101ruma politikas noteikumu noteiktajiem m\u0113r\u0137iem. Kas noz\u012bm\u0113, ka J\u016bsu dati netiks nodoti citiem uz\u0146\u0113mumiem, lai s\u016bt\u012btu m\u0101rketinga materi\u0101lus.<\/p>\n\n\n\n<p>Vietnes Lietot\u0101ju personas dati netiek p\u0101rs\u016bt\u012bti \u0101rpus Eiropas Savien\u012bbas.<\/p>\n\n\n\n<p>Komerci\u0101l\u0101 inform\u0101cija \u2013 jaunumu sa\u0146em\u0161ana uz e-pastu<\/p>\n\n\n\n<p>J\u016bs varat parakst\u012bties uz m\u016bsu jaunumu un aktualit\u0101\u0161u sa\u0146em\u0161anu, nor\u0101dot savu e-pasta adrese vai telefona numurs un piekr\u012btot J\u016bsu personas datu apstr\u0101dei, lai sa\u0146emtu \u012bpa\u0161o pied\u0101v\u0101jumu un m\u0101rketinga inform\u0101ciju. M\u0113s izmantojam \u0161o jaunumu sa\u0146em\u0161anas iesp\u0113ju, lai J\u016bs inform\u0113tu par jaun\u0101kajiem pied\u0101v\u0101jumiem (piem\u0113ram, jaunaj\u0101m prec\u0113m, \u012bpa\u0161iem pied\u0101v\u0101jumiem vai izp\u0101rdo\u0161anu). J\u016bs jebkur\u0101 laik\u0101 varat atteikties no inform\u0101cijas sa\u0146em\u0161anas, noklik\u0161\u0137inot uz saiti, kas iek\u013cauta katr\u0101 zi\u0146ojum\u0101, vai ar\u012b s\u016bt\u012btiet e-pastu uz adresi: info@vaveritesgiftshop.eu<\/p>\n\n\n\n<p>Pazi\u0146ojums par pre\u010du pieejam\u012bbu<\/p>\n\n\n\n<p>P\u0113c J\u016bsu piepras\u012bjuma www.littleeater.eu pazi\u0146os Jums par J\u016bsu izv\u0113l\u0113t\u0101s preces pieejam\u012bbu, izmantojot elektroniskos sazi\u0146as l\u012bdzek\u013cus. \u0160\u0101du pazi\u0146ojumu var nos\u016bt\u012bt tikai tad, ja esat piekritis sa\u0146emt komercinform\u0101ciju par tie\u0161saistes veikala prec\u0113m uz nor\u0101d\u012bto e-pasta adresi. J\u016bs sniedzat savus datus br\u012bvpr\u0101t\u012bgi, bet nesniedzot piekri\u0161anu personas datu apstr\u0101dei, mums nav iesp\u0113jams J\u016bs inform\u0113t par preces pieejam\u012bbu.<\/p>\n\n\n\n<p>S\u012bkdatnes<\/p>\n\n\n\n<p>Vietne izmanto s\u012bkdatnes failus. S\u012bkdati ir mazi faili, kas \u013cauj p\u0101rl\u016bkot internetvietni (piem\u0113ram, datoros, viedt\u0101lru\u0146os) izmantot\u0101j\u0101s ier\u012bc\u0113s. S\u012bkdatn\u0113s re\u0123istr\u0113t\u0101 inform\u0101cija tiek izmantota, piem\u0113ram, rekl\u0101m\u0101m un statistiskiem nol\u016bkiem, k\u0101 ar\u012b t\u012bmek\u013ca vietnes lab\u0101kai piel\u0101go\u0161anai Lietot\u0101ja individu\u0101l\u0101m vajadz\u012bb\u0101m. J\u016bs varat main\u012bt s\u012bkdat\u0146u iestat\u012bjumus t\u012bmek\u013ca p\u0101rl\u016bkprogramm\u0101. Ja J\u016bs atst\u0101jat nemain\u012btus \u0161os iestat\u012bjumus, tad s\u012bkdatnes tiks saglab\u0101tas t\u0101s ier\u012bces atmi\u0146\u0101, kuru J\u016bs lietojat. S\u012bkdat\u0146u iestat\u012bjumu izmai\u0146as var ierobe\u017eot vietnes funkcionalit\u0101ti.<\/p>\n\n\n\n<p><\/p>\n","protected":false},"excerpt":{"rendered":"<p>I\u012e \u201cRomeksa\u201d (Uz\u0146.re\u0123.nr.: 304257002; juridisk\u0101 adrese: Bitinink\u0173 g. 6B-31, LT-08417 Vilnius, Lietuva), (turpm\u0101k saukts par www.littleeater.eu), ir interneta veikala www.littleeater.eu datu p\u0101rvald\u012bt\u0101js. www.littleeater.eu apiesies ar j\u016bsu personas datiem dro\u0161\u0101 veid\u0101 un saska\u0146\u0101 ar piem\u0113rojamajiem likumiem. Konfidencialit\u0101tes Politika \u0160ajos Priv\u0101tuma Politikas noteikumos ir izskaidroti J\u016bsu personas datu apstr\u0101des noteikumi, J\u016bsu ties\u012bbas un m\u016bsu pien\u0101kumus, k\u0101 datu [&hellip;]<\/p>\n","protected":false},"author":1,"featured_media":0,"parent":0,"menu_order":0,"comment_status":"closed","ping_status":"closed","template":"","meta":{"_acf_changed":false,"footnotes":""},"class_list":["post-166","page","type-page","status-publish","hentry"],"acf":[],"yoast_head":"<!-- This site is optimized with the Yoast SEO plugin v27.4 - https:\/\/yoast.com\/product\/yoast-seo-wordpress\/ -->\n<title>Priv\u0101tuma politika - Little Eater (LV)<\/title>\n<meta name=\"robots\" content=\"index, follow, max-snippet:-1, max-image-preview:large, max-video-preview:-1\" \/>\n<link rel=\"canonical\" href=\"https:\/\/littleeater.eu\/lv\/privatuma-politika\/\" \/>\n<meta property=\"og:locale\" content=\"lv_LV\" \/>\n<meta property=\"og:type\" content=\"article\" \/>\n<meta property=\"og:title\" content=\"Priv\u0101tuma politika - Little Eater (LV)\" \/>\n<meta property=\"og:description\" content=\"I\u012e \u201cRomeksa\u201d (Uz\u0146.re\u0123.nr.: 304257002; juridisk\u0101 adrese: Bitinink\u0173 g. 6B-31, LT-08417 Vilnius, Lietuva), (turpm\u0101k saukts par www.littleeater.eu), ir interneta veikala www.littleeater.eu datu p\u0101rvald\u012bt\u0101js. www.littleeater.eu apiesies ar j\u016bsu personas datiem dro\u0161\u0101 veid\u0101 un saska\u0146\u0101 ar piem\u0113rojamajiem likumiem. Konfidencialit\u0101tes Politika \u0160ajos Priv\u0101tuma Politikas noteikumos ir izskaidroti J\u016bsu personas datu apstr\u0101des noteikumi, J\u016bsu ties\u012bbas un m\u016bsu pien\u0101kumus, k\u0101 datu [&hellip;]\" \/>\n<meta property=\"og:url\" content=\"https:\/\/littleeater.eu\/lv\/privatuma-politika\/\" \/>\n<meta property=\"og:site_name\" content=\"Little Eater (LV)\" \/>\n<meta property=\"article:modified_time\" content=\"2023-06-17T17:38:01+00:00\" \/>\n<meta name=\"twitter:card\" content=\"summary_large_image\" \/>\n<meta name=\"twitter:label1\" content=\"Est. reading time\" \/>\n\t<meta name=\"twitter:data1\" content=\"6 min\u016btes\" \/>\n<script type=\"application\/ld+json\" class=\"yoast-schema-graph\">{\"@context\":\"https:\\\/\\\/schema.org\",\"@graph\":[{\"@type\":\"WebPage\",\"@id\":\"https:\\\/\\\/littleeater.eu\\\/lv\\\/privatuma-politika\\\/\",\"url\":\"https:\\\/\\\/littleeater.eu\\\/lv\\\/privatuma-politika\\\/\",\"name\":\"Priv\u0101tuma politika - Little Eater (LV)\",\"isPartOf\":{\"@id\":\"https:\\\/\\\/littleeater.eu\\\/lv\\\/#website\"},\"datePublished\":\"2023-06-17T17:35:42+00:00\",\"dateModified\":\"2023-06-17T17:38:01+00:00\",\"breadcrumb\":{\"@id\":\"https:\\\/\\\/littleeater.eu\\\/lv\\\/privatuma-politika\\\/#breadcrumb\"},\"inLanguage\":\"lv-LV\",\"potentialAction\":[{\"@type\":\"ReadAction\",\"target\":[\"https:\\\/\\\/littleeater.eu\\\/lv\\\/privatuma-politika\\\/\"]}]},{\"@type\":\"BreadcrumbList\",\"@id\":\"https:\\\/\\\/littleeater.eu\\\/lv\\\/privatuma-politika\\\/#breadcrumb\",\"itemListElement\":[{\"@type\":\"ListItem\",\"position\":1,\"name\":\"M\u0101jas\",\"item\":\"https:\\\/\\\/littleeater.eu\\\/lv\\\/\"},{\"@type\":\"ListItem\",\"position\":2,\"name\":\"Priv\u0101tuma politika\"}]},{\"@type\":\"WebSite\",\"@id\":\"https:\\\/\\\/littleeater.eu\\\/lv\\\/#website\",\"url\":\"https:\\\/\\\/littleeater.eu\\\/lv\\\/\",\"name\":\"Little Eater (LV)\",\"description\":\"Little Eater\",\"publisher\":{\"@id\":\"https:\\\/\\\/littleeater.eu\\\/lv\\\/#organization\"},\"potentialAction\":[{\"@type\":\"SearchAction\",\"target\":{\"@type\":\"EntryPoint\",\"urlTemplate\":\"https:\\\/\\\/littleeater.eu\\\/lv\\\/?s={search_term_string}\"},\"query-input\":{\"@type\":\"PropertyValueSpecification\",\"valueRequired\":true,\"valueName\":\"search_term_string\"}}],\"inLanguage\":\"lv-LV\"},{\"@type\":\"Organization\",\"@id\":\"https:\\\/\\\/littleeater.eu\\\/lv\\\/#organization\",\"name\":\"Little Eater (LV)\",\"url\":\"https:\\\/\\\/littleeater.eu\\\/lv\\\/\",\"logo\":{\"@type\":\"ImageObject\",\"inLanguage\":\"lv-LV\",\"@id\":\"https:\\\/\\\/littleeater.eu\\\/lv\\\/#\\\/schema\\\/logo\\\/image\\\/\",\"url\":\"https:\\\/\\\/littleeater.eu\\\/lv\\\/wp-content\\\/uploads\\\/sites\\\/3\\\/2023\\\/05\\\/little-eater-logo.jpg\",\"contentUrl\":\"https:\\\/\\\/littleeater.eu\\\/lv\\\/wp-content\\\/uploads\\\/sites\\\/3\\\/2023\\\/05\\\/little-eater-logo.jpg\",\"width\":819,\"height\":810,\"caption\":\"Little Eater (LV)\"},\"image\":{\"@id\":\"https:\\\/\\\/littleeater.eu\\\/lv\\\/#\\\/schema\\\/logo\\\/image\\\/\"}}]}<\/script>\n<!-- \/ Yoast SEO plugin. -->","yoast_head_json":{"title":"Priv\u0101tuma politika - Little Eater (LV)","robots":{"index":"index","follow":"follow","max-snippet":"max-snippet:-1","max-image-preview":"max-image-preview:large","max-video-preview":"max-video-preview:-1"},"canonical":"https:\/\/littleeater.eu\/lv\/privatuma-politika\/","og_locale":"lv_LV","og_type":"article","og_title":"Priv\u0101tuma politika - Little Eater (LV)","og_description":"I\u012e \u201cRomeksa\u201d (Uz\u0146.re\u0123.nr.: 304257002; juridisk\u0101 adrese: Bitinink\u0173 g. 6B-31, LT-08417 Vilnius, Lietuva), (turpm\u0101k saukts par www.littleeater.eu), ir interneta veikala www.littleeater.eu datu p\u0101rvald\u012bt\u0101js. www.littleeater.eu apiesies ar j\u016bsu personas datiem dro\u0161\u0101 veid\u0101 un saska\u0146\u0101 ar piem\u0113rojamajiem likumiem. Konfidencialit\u0101tes Politika \u0160ajos Priv\u0101tuma Politikas noteikumos ir izskaidroti J\u016bsu personas datu apstr\u0101des noteikumi, J\u016bsu ties\u012bbas un m\u016bsu pien\u0101kumus, k\u0101 datu [&hellip;]","og_url":"https:\/\/littleeater.eu\/lv\/privatuma-politika\/","og_site_name":"Little Eater (LV)","article_modified_time":"2023-06-17T17:38:01+00:00","twitter_card":"summary_large_image","twitter_misc":{"Est. reading time":"6 min\u016btes"},"schema":{"@context":"https:\/\/schema.org","@graph":[{"@type":"WebPage","@id":"https:\/\/littleeater.eu\/lv\/privatuma-politika\/","url":"https:\/\/littleeater.eu\/lv\/privatuma-politika\/","name":"Priv\u0101tuma politika - Little Eater (LV)","isPartOf":{"@id":"https:\/\/littleeater.eu\/lv\/#website"},"datePublished":"2023-06-17T17:35:42+00:00","dateModified":"2023-06-17T17:38:01+00:00","breadcrumb":{"@id":"https:\/\/littleeater.eu\/lv\/privatuma-politika\/#breadcrumb"},"inLanguage":"lv-LV","potentialAction":[{"@type":"ReadAction","target":["https:\/\/littleeater.eu\/lv\/privatuma-politika\/"]}]},{"@type":"BreadcrumbList","@id":"https:\/\/littleeater.eu\/lv\/privatuma-politika\/#breadcrumb","itemListElement":[{"@type":"ListItem","position":1,"name":"M\u0101jas","item":"https:\/\/littleeater.eu\/lv\/"},{"@type":"ListItem","position":2,"name":"Priv\u0101tuma politika"}]},{"@type":"WebSite","@id":"https:\/\/littleeater.eu\/lv\/#website","url":"https:\/\/littleeater.eu\/lv\/","name":"Little Eater (LV)","description":"Little Eater","publisher":{"@id":"https:\/\/littleeater.eu\/lv\/#organization"},"potentialAction":[{"@type":"SearchAction","target":{"@type":"EntryPoint","urlTemplate":"https:\/\/littleeater.eu\/lv\/?s={search_term_string}"},"query-input":{"@type":"PropertyValueSpecification","valueRequired":true,"valueName":"search_term_string"}}],"inLanguage":"lv-LV"},{"@type":"Organization","@id":"https:\/\/littleeater.eu\/lv\/#organization","name":"Little Eater (LV)","url":"https:\/\/littleeater.eu\/lv\/","logo":{"@type":"ImageObject","inLanguage":"lv-LV","@id":"https:\/\/littleeater.eu\/lv\/#\/schema\/logo\/image\/","url":"https:\/\/littleeater.eu\/lv\/wp-content\/uploads\/sites\/3\/2023\/05\/little-eater-logo.jpg","contentUrl":"https:\/\/littleeater.eu\/lv\/wp-content\/uploads\/sites\/3\/2023\/05\/little-eater-logo.jpg","width":819,"height":810,"caption":"Little Eater (LV)"},"image":{"@id":"https:\/\/littleeater.eu\/lv\/#\/schema\/logo\/image\/"}}]}},"_links":{"self":[{"href":"https:\/\/littleeater.eu\/lv\/wp-json\/wp\/v2\/pages\/166","targetHints":{"allow":["GET"]}}],"collection":[{"href":"https:\/\/littleeater.eu\/lv\/wp-json\/wp\/v2\/pages"}],"about":[{"href":"https:\/\/littleeater.eu\/lv\/wp-json\/wp\/v2\/types\/page"}],"author":[{"embeddable":true,"href":"https:\/\/littleeater.eu\/lv\/wp-json\/wp\/v2\/users\/1"}],"replies":[{"embeddable":true,"href":"https:\/\/littleeater.eu\/lv\/wp-json\/wp\/v2\/comments?post=166"}],"version-history":[{"count":2,"href":"https:\/\/littleeater.eu\/lv\/wp-json\/wp\/v2\/pages\/166\/revisions"}],"predecessor-version":[{"id":168,"href":"https:\/\/littleeater.eu\/lv\/wp-json\/wp\/v2\/pages\/166\/revisions\/168"}],"wp:attachment":[{"href":"https:\/\/littleeater.eu\/lv\/wp-json\/wp\/v2\/media?parent=166"}],"curies":[{"name":"wp","href":"https:\/\/api.w.org\/{rel}","templated":true}]}}