{"id":10864,"date":"2024-02-22T20:30:55","date_gmt":"2024-02-22T18:30:55","guid":{"rendered":"https:\/\/littleeater.eu\/lv\/?page_id=10864"},"modified":"2024-02-22T20:36:56","modified_gmt":"2024-02-22T18:36:56","slug":"par-mums","status":"publish","type":"page","link":"https:\/\/littleeater.eu\/lv\/par-mums\/","title":{"rendered":"Par mums"},"content":{"rendered":"\t\t<div data-elementor-type=\"wp-page\" data-elementor-id=\"10864\" class=\"elementor elementor-10864\" data-elementor-post-type=\"page\">\n\t\t\t\t<div class=\"elementor-element elementor-element-433c07f e-flex e-con-boxed e-con e-parent\" data-id=\"433c07f\" data-element_type=\"container\">\n\t\t\t\t\t<div class=\"e-con-inner\">\n\t\t<div class=\"elementor-element elementor-element-c83a52c e-con-full e-flex e-con e-child\" data-id=\"c83a52c\" data-element_type=\"container\">\n\t\t\t\t<div class=\"elementor-element elementor-element-1f3ebf2 elementor-widget elementor-widget-heading\" data-id=\"1f3ebf2\" data-element_type=\"widget\" data-widget_type=\"heading.default\">\n\t\t\t\t<div class=\"elementor-widget-container\">\n\t\t\t\t\t<h2 class=\"elementor-heading-title elementor-size-default\">M\u016aSU CE\u013bOJUMA ST\u0100STS<\/h2>\t\t\t\t<\/div>\n\t\t\t\t<\/div>\n\t\t\t\t<div class=\"elementor-element elementor-element-10376d8 elementor-widget elementor-widget-text-editor\" data-id=\"10376d8\" data-element_type=\"widget\" data-widget_type=\"text-editor.default\">\n\t\t\t\t<div class=\"elementor-widget-container\">\n\t\t\t\t\t\t\t\t\t<p>Mani sauc Sonata, v\u0113los padal\u012bties ar savu st\u0101stu par savu ce\u013cojumu uz mammas lomu un no t\u0101 izrieto\u0161o biznesu. Pirms asto\u0146iem gadiem k\u013cuvu par m\u0101ti br\u012bni\u0161\u0137\u012bgai meitenei, p\u0113c gada piedzima d\u0113ls. Es negrib\u0113ju atgriezties sav\u0101 vecaj\u0101 darb\u0101, es grib\u0113ju p\u0113c iesp\u0113jas vair\u0101k laika pavad\u012bt ar saviem b\u0113rniem, r\u016bp\u0113ties par vi\u0146iem, b\u0113rnud\u0101rzs taj\u0101 laik\u0101 nebija pievilc\u012bgs, biju noklaus\u012bjies daudz st\u0101stu par slim\u012bb\u0101m.<\/p><p>Esot ar pirmo b\u0113rni\u0146u un gaidot d\u0113li\u0146u, bija j\u0101mekl\u0113 da\u017e\u0101das lietas, rota\u013clietas, l\u012bdzek\u013ci mazajiem, tad lik\u0101s, ka ir tik daudz ne \u012bpa\u0161i kvalitat\u012bvu lietu, plastmasas, grib\u0113j\u0101s vair\u0101k minim\u0101lisma un kvalit\u0101tes. T\u0101 rad\u0101s ideja \u2013 izveidot b\u0113rnu pre\u010du elektronisko veikalu. plastmas\u0117s, nor\u0117josi daugiau minimalizmo ir kokyb\u0117s. Taip u\u017egim\u0117 ideja &#8211; sukurti vaiki\u0161k\u0173 preki\u0173 elektronin\u0119 parduotuv\u0119.<\/p>\t\t\t\t\t\t\t\t<\/div>\n\t\t\t\t<\/div>\n\t\t\t\t<\/div>\n\t\t<div class=\"elementor-element elementor-element-b82b756 e-con-full e-flex e-con e-child\" data-id=\"b82b756\" data-element_type=\"container\" data-settings=\"{&quot;background_background&quot;:&quot;slideshow&quot;,&quot;background_slideshow_gallery&quot;:[{&quot;id&quot;:10866,&quot;url&quot;:&quot;https:\\\/\\\/littleeater.eu\\\/lv\\\/wp-content\\\/uploads\\\/sites\\\/3\\\/2024\\\/02\\\/photo_2024-02-22_19-08-30.jpg&quot;}],&quot;background_slideshow_loop&quot;:&quot;yes&quot;,&quot;background_slideshow_slide_duration&quot;:5000,&quot;background_slideshow_slide_transition&quot;:&quot;fade&quot;,&quot;background_slideshow_transition_duration&quot;:500}\">\n\t\t\t\t<\/div>\n\t\t\t\t\t<\/div>\n\t\t\t\t<\/div>\n\t\t<div class=\"elementor-element elementor-element-d8b7055 e-flex e-con-boxed e-con e-parent\" data-id=\"d8b7055\" data-element_type=\"container\">\n\t\t\t\t\t<div class=\"e-con-inner\">\n\t\t\t\t<div class=\"elementor-element elementor-element-d3f38b9 elementor-widget elementor-widget-text-editor\" data-id=\"d3f38b9\" data-element_type=\"widget\" data-widget_type=\"text-editor.default\">\n\t\t\t\t<div class=\"elementor-widget-container\">\n\t\t\t\t\t\t\t\t\t<p>L\u012bdz tam man nebija nek\u0101da sakara ar biznesu un e-komerciju. Kop\u0101 ar v\u012bru ieniram pavisam nepaz\u012bstam\u0101, bet taj\u0101 pa\u0161\u0101 laik\u0101 \u013coti aktu\u0101l\u0101 un interesant\u0101 nozar\u0113. Jaunumus var\u0113ju un varu mekl\u0113t stund\u0101m ilgi, man pat\u012bkam\u0101k\u0101 da\u013ca ir atkl\u0101t kaut ko jaunu, kaut ko sav\u0101d\u0101ku, kaut ko interesantu un atnest to pie mums, lai pied\u0101v\u0101tu saviem klientiem.<\/p><p>B\u0113rni auga, m\u0113s k\u0101 vec\u0101ki aug\u0101m kop\u0101 ar b\u0113rniem, un main\u012bj\u0101s ar\u012b m\u016bsu bizness. Sagad\u012bj\u0101s t\u0101, ka uz gadu \u0161o darb\u012bbu piln\u012bb\u0101 p\u0101rtrauc\u0101m. Tom\u0113r zin\u0101\u0161anas, pieg\u0101d\u0101t\u0101ji un pieredze palika un p\u0113c gada viss san\u0101ca t\u0101, ka \u0161\u012b darb\u012bba atdzima ar jaunu nosaukumu, jaunu elektronisko veikalu un jaunu v\u012bziju \u2013 rad\u012bt telpu, kur\u0101 m\u016bsu klienti, \u012bpa\u0161i tie, kas k\u013c\u016bst par vec\u0101kiem pirmo reizi var\u0113tu atkl\u0101t kvalitat\u012bvus, p\u0101rbaud\u012btus un ar lab\u0101k\u0101m atsauksm\u0113m produktus paredz\u0113tus b\u0113rnu piebaro\u0161anas, baro\u0161anai un izgl\u012bto\u0161anai.<\/p><p>Bizness pal\u012bdz\u0113ja gan man k\u0101 mammai, gan visp\u0101r k\u0101 \u0123imenei \u2013 \u012bstenot sapni p\u0113c iesp\u0113jas vair\u0101k laika pavad\u012bt kop\u0101 ar \u0123imeni. Tagad m\u016bsu sapnis ir turpin\u0101t un papla\u0161in\u0101t to, ko uzs\u0101k\u0101m no jauna, ar jaunu v\u012bziju un jaunu saj\u016btu, m\u0113s ceram, ka m\u016bsu klienti ar\u012b to j\u016bt.<\/p>\t\t\t\t\t\t\t\t<\/div>\n\t\t\t\t<\/div>\n\t\t\t\t\t<\/div>\n\t\t\t\t<\/div>\n\t\t\t\t<\/div>\n\t\t","protected":false},"excerpt":{"rendered":"<p>M\u016aSU CE\u013bOJUMA ST\u0100STS Mani sauc Sonata, v\u0113los padal\u012bties ar savu st\u0101stu par savu ce\u013cojumu uz mammas lomu un no t\u0101 izrieto\u0161o biznesu. Pirms asto\u0146iem gadiem k\u013cuvu par m\u0101ti br\u012bni\u0161\u0137\u012bgai meitenei, p\u0113c gada piedzima d\u0113ls. Es negrib\u0113ju atgriezties sav\u0101 vecaj\u0101 darb\u0101, es grib\u0113ju p\u0113c iesp\u0113jas vair\u0101k laika pavad\u012bt ar saviem b\u0113rniem, r\u016bp\u0113ties par vi\u0146iem, b\u0113rnud\u0101rzs taj\u0101 [&hellip;]<\/p>\n","protected":false},"author":1,"featured_media":0,"parent":0,"menu_order":0,"comment_status":"closed","ping_status":"closed","template":"","meta":{"_acf_changed":false,"footnotes":""},"class_list":["post-10864","page","type-page","status-publish","hentry"],"acf":[],"yoast_head":"<!-- This site is optimized with the Yoast SEO plugin v27.4 - https:\/\/yoast.com\/product\/yoast-seo-wordpress\/ -->\n<title>Par mums - Little Eater (LV)<\/title>\n<meta name=\"robots\" content=\"index, follow, max-snippet:-1, max-image-preview:large, max-video-preview:-1\" \/>\n<link rel=\"canonical\" href=\"https:\/\/littleeater.eu\/lv\/par-mums\/\" \/>\n<meta property=\"og:locale\" content=\"lv_LV\" \/>\n<meta property=\"og:type\" content=\"article\" \/>\n<meta property=\"og:title\" content=\"Par mums - Little Eater (LV)\" \/>\n<meta property=\"og:description\" content=\"M\u016aSU CE\u013bOJUMA ST\u0100STS Mani sauc Sonata, v\u0113los padal\u012bties ar savu st\u0101stu par savu ce\u013cojumu uz mammas lomu un no t\u0101 izrieto\u0161o biznesu. Pirms asto\u0146iem gadiem k\u013cuvu par m\u0101ti br\u012bni\u0161\u0137\u012bgai meitenei, p\u0113c gada piedzima d\u0113ls. Es negrib\u0113ju atgriezties sav\u0101 vecaj\u0101 darb\u0101, es grib\u0113ju p\u0113c iesp\u0113jas vair\u0101k laika pavad\u012bt ar saviem b\u0113rniem, r\u016bp\u0113ties par vi\u0146iem, b\u0113rnud\u0101rzs taj\u0101 [&hellip;]\" \/>\n<meta property=\"og:url\" content=\"https:\/\/littleeater.eu\/lv\/par-mums\/\" \/>\n<meta property=\"og:site_name\" content=\"Little Eater (LV)\" \/>\n<meta property=\"article:modified_time\" content=\"2024-02-22T18:36:56+00:00\" \/>\n<meta name=\"twitter:card\" content=\"summary_large_image\" \/>\n<meta name=\"twitter:label1\" content=\"Est. reading time\" \/>\n\t<meta name=\"twitter:data1\" content=\"2 min\u016btes\" \/>\n<script type=\"application\/ld+json\" class=\"yoast-schema-graph\">{\"@context\":\"https:\\\/\\\/schema.org\",\"@graph\":[{\"@type\":\"WebPage\",\"@id\":\"https:\\\/\\\/littleeater.eu\\\/lv\\\/par-mums\\\/\",\"url\":\"https:\\\/\\\/littleeater.eu\\\/lv\\\/par-mums\\\/\",\"name\":\"Par mums - Little Eater (LV)\",\"isPartOf\":{\"@id\":\"https:\\\/\\\/littleeater.eu\\\/lv\\\/#website\"},\"datePublished\":\"2024-02-22T18:30:55+00:00\",\"dateModified\":\"2024-02-22T18:36:56+00:00\",\"breadcrumb\":{\"@id\":\"https:\\\/\\\/littleeater.eu\\\/lv\\\/par-mums\\\/#breadcrumb\"},\"inLanguage\":\"lv-LV\",\"potentialAction\":[{\"@type\":\"ReadAction\",\"target\":[\"https:\\\/\\\/littleeater.eu\\\/lv\\\/par-mums\\\/\"]}]},{\"@type\":\"BreadcrumbList\",\"@id\":\"https:\\\/\\\/littleeater.eu\\\/lv\\\/par-mums\\\/#breadcrumb\",\"itemListElement\":[{\"@type\":\"ListItem\",\"position\":1,\"name\":\"M\u0101jas\",\"item\":\"https:\\\/\\\/littleeater.eu\\\/lv\\\/\"},{\"@type\":\"ListItem\",\"position\":2,\"name\":\"Par mums\"}]},{\"@type\":\"WebSite\",\"@id\":\"https:\\\/\\\/littleeater.eu\\\/lv\\\/#website\",\"url\":\"https:\\\/\\\/littleeater.eu\\\/lv\\\/\",\"name\":\"Little Eater (LV)\",\"description\":\"Little Eater\",\"publisher\":{\"@id\":\"https:\\\/\\\/littleeater.eu\\\/lv\\\/#organization\"},\"potentialAction\":[{\"@type\":\"SearchAction\",\"target\":{\"@type\":\"EntryPoint\",\"urlTemplate\":\"https:\\\/\\\/littleeater.eu\\\/lv\\\/?s={search_term_string}\"},\"query-input\":{\"@type\":\"PropertyValueSpecification\",\"valueRequired\":true,\"valueName\":\"search_term_string\"}}],\"inLanguage\":\"lv-LV\"},{\"@type\":\"Organization\",\"@id\":\"https:\\\/\\\/littleeater.eu\\\/lv\\\/#organization\",\"name\":\"Little Eater (LV)\",\"url\":\"https:\\\/\\\/littleeater.eu\\\/lv\\\/\",\"logo\":{\"@type\":\"ImageObject\",\"inLanguage\":\"lv-LV\",\"@id\":\"https:\\\/\\\/littleeater.eu\\\/lv\\\/#\\\/schema\\\/logo\\\/image\\\/\",\"url\":\"https:\\\/\\\/littleeater.eu\\\/lv\\\/wp-content\\\/uploads\\\/sites\\\/3\\\/2023\\\/05\\\/little-eater-logo.jpg\",\"contentUrl\":\"https:\\\/\\\/littleeater.eu\\\/lv\\\/wp-content\\\/uploads\\\/sites\\\/3\\\/2023\\\/05\\\/little-eater-logo.jpg\",\"width\":819,\"height\":810,\"caption\":\"Little Eater (LV)\"},\"image\":{\"@id\":\"https:\\\/\\\/littleeater.eu\\\/lv\\\/#\\\/schema\\\/logo\\\/image\\\/\"}}]}<\/script>\n<!-- \/ Yoast SEO plugin. -->","yoast_head_json":{"title":"Par mums - Little Eater (LV)","robots":{"index":"index","follow":"follow","max-snippet":"max-snippet:-1","max-image-preview":"max-image-preview:large","max-video-preview":"max-video-preview:-1"},"canonical":"https:\/\/littleeater.eu\/lv\/par-mums\/","og_locale":"lv_LV","og_type":"article","og_title":"Par mums - Little Eater (LV)","og_description":"M\u016aSU CE\u013bOJUMA ST\u0100STS Mani sauc Sonata, v\u0113los padal\u012bties ar savu st\u0101stu par savu ce\u013cojumu uz mammas lomu un no t\u0101 izrieto\u0161o biznesu. Pirms asto\u0146iem gadiem k\u013cuvu par m\u0101ti br\u012bni\u0161\u0137\u012bgai meitenei, p\u0113c gada piedzima d\u0113ls. Es negrib\u0113ju atgriezties sav\u0101 vecaj\u0101 darb\u0101, es grib\u0113ju p\u0113c iesp\u0113jas vair\u0101k laika pavad\u012bt ar saviem b\u0113rniem, r\u016bp\u0113ties par vi\u0146iem, b\u0113rnud\u0101rzs taj\u0101 [&hellip;]","og_url":"https:\/\/littleeater.eu\/lv\/par-mums\/","og_site_name":"Little Eater (LV)","article_modified_time":"2024-02-22T18:36:56+00:00","twitter_card":"summary_large_image","twitter_misc":{"Est. reading time":"2 min\u016btes"},"schema":{"@context":"https:\/\/schema.org","@graph":[{"@type":"WebPage","@id":"https:\/\/littleeater.eu\/lv\/par-mums\/","url":"https:\/\/littleeater.eu\/lv\/par-mums\/","name":"Par mums - Little Eater (LV)","isPartOf":{"@id":"https:\/\/littleeater.eu\/lv\/#website"},"datePublished":"2024-02-22T18:30:55+00:00","dateModified":"2024-02-22T18:36:56+00:00","breadcrumb":{"@id":"https:\/\/littleeater.eu\/lv\/par-mums\/#breadcrumb"},"inLanguage":"lv-LV","potentialAction":[{"@type":"ReadAction","target":["https:\/\/littleeater.eu\/lv\/par-mums\/"]}]},{"@type":"BreadcrumbList","@id":"https:\/\/littleeater.eu\/lv\/par-mums\/#breadcrumb","itemListElement":[{"@type":"ListItem","position":1,"name":"M\u0101jas","item":"https:\/\/littleeater.eu\/lv\/"},{"@type":"ListItem","position":2,"name":"Par mums"}]},{"@type":"WebSite","@id":"https:\/\/littleeater.eu\/lv\/#website","url":"https:\/\/littleeater.eu\/lv\/","name":"Little Eater (LV)","description":"Little Eater","publisher":{"@id":"https:\/\/littleeater.eu\/lv\/#organization"},"potentialAction":[{"@type":"SearchAction","target":{"@type":"EntryPoint","urlTemplate":"https:\/\/littleeater.eu\/lv\/?s={search_term_string}"},"query-input":{"@type":"PropertyValueSpecification","valueRequired":true,"valueName":"search_term_string"}}],"inLanguage":"lv-LV"},{"@type":"Organization","@id":"https:\/\/littleeater.eu\/lv\/#organization","name":"Little Eater (LV)","url":"https:\/\/littleeater.eu\/lv\/","logo":{"@type":"ImageObject","inLanguage":"lv-LV","@id":"https:\/\/littleeater.eu\/lv\/#\/schema\/logo\/image\/","url":"https:\/\/littleeater.eu\/lv\/wp-content\/uploads\/sites\/3\/2023\/05\/little-eater-logo.jpg","contentUrl":"https:\/\/littleeater.eu\/lv\/wp-content\/uploads\/sites\/3\/2023\/05\/little-eater-logo.jpg","width":819,"height":810,"caption":"Little Eater (LV)"},"image":{"@id":"https:\/\/littleeater.eu\/lv\/#\/schema\/logo\/image\/"}}]}},"_links":{"self":[{"href":"https:\/\/littleeater.eu\/lv\/wp-json\/wp\/v2\/pages\/10864","targetHints":{"allow":["GET"]}}],"collection":[{"href":"https:\/\/littleeater.eu\/lv\/wp-json\/wp\/v2\/pages"}],"about":[{"href":"https:\/\/littleeater.eu\/lv\/wp-json\/wp\/v2\/types\/page"}],"author":[{"embeddable":true,"href":"https:\/\/littleeater.eu\/lv\/wp-json\/wp\/v2\/users\/1"}],"replies":[{"embeddable":true,"href":"https:\/\/littleeater.eu\/lv\/wp-json\/wp\/v2\/comments?post=10864"}],"version-history":[{"count":8,"href":"https:\/\/littleeater.eu\/lv\/wp-json\/wp\/v2\/pages\/10864\/revisions"}],"predecessor-version":[{"id":10874,"href":"https:\/\/littleeater.eu\/lv\/wp-json\/wp\/v2\/pages\/10864\/revisions\/10874"}],"wp:attachment":[{"href":"https:\/\/littleeater.eu\/lv\/wp-json\/wp\/v2\/media?parent=10864"}],"curies":[{"name":"wp","href":"https:\/\/api.w.org\/{rel}","templated":true}]}}